{"id":115,"date":"2024-12-02T17:02:40","date_gmt":"2024-12-02T16:02:40","guid":{"rendered":"https:\/\/www.burg-halle.de\/click-and-visit\/?page_id=115"},"modified":"2025-09-15T14:27:23","modified_gmt":"2025-09-15T12:27:23","slug":"vorsorge-bildschirm-ap","status":"publish","type":"page","link":"https:\/\/www.burg-halle.de\/click-and-visit\/vorsorge-bildschirm-ap\/","title":{"rendered":"Vorsorge-Untersuchung"},"content":{"rendered":"\n<p>Bitte w\u00e4hlen Sie <strong>einen <\/strong>Termin zur arbeitsmedizinischen Vorsorgeuntersuchung Bildschirmarbeitsplatz.<\/p>\n\n\n\n<p class=\"has-white-background-color has-background\" style=\"font-size:13px\">Wir weisen darauf hin, dass<br>\u2026 mit der Durchf\u00fchrung der arbeitsmedizinischen Vorsorgeuntersuchung unsere Betriebs\u00e4rztin, Frau Dr. Lantzsch, betraut ist.<br>\u2026 gebuchte Termine bis 20.09.2025 storniert und ggf. neu gebucht werden k\u00f6nnen.<br>\u2026 die Auswahl auf die hinterlegten Termine begrenzt ist.<br>\u2026 keine Doppel\/Mehrfachbuchungen vorzunehmen sind.<br>\u2026 Verhinderungen mindestens 24 Stunden im Voraus an <a href=\"mailto:vorsorge@burg-halle.de\">vorsorge@burg-halle.de<\/a> zu melden sind. Im Fall einer krankheitsbedingten Abmeldung \u00fcber <a href=\"mailto:abwesenheit@burg-halle.de\">abwesenheit@burg-halle.de<\/a> ist zus\u00e4tzlich auf die gebuchte Vorsorgeuntersuchung hinzuweisen. Gleiches gilt f\u00fcr telefonische und pers\u00f6nliche Abmeldungen. Kosten welche aufgrund von Abmeldevers\u00e4umnissen entstehen, werden auf ihre R\u00fcckforderung gepr\u00fcft.<\/p>\n\n\n<iframe src=\"https:\/\/www.burg-halle.de\/click-and-visit\/wp-json\/ssa\/v1\/embed-inner?integration&type=vorsorge-bildschirm-ap&label&types=4&edit&view&payment_provider&ssa_locale=de_DE&ssa_is_rtl&sid=89e56d3110ce5ec677314ec2f79a8c47d8209142&availability_start_date&availability_end_date&suggest_first_available&suggest_first_available_within_minutes&flow&fallback_flow&time_view&date_view&appointment_types_view&version&accent_color&background&padding&font&booking_url=https%3A%2F%2Fwww.burg-halle.de%2Fclick-and-visit%2Fvorsorge-bildschirm-ap%2F&booking_post_id=115&booking_title=Vorsorge-Untersuchung&_wpnonce=0ee6112404&redirect_post_id&mepr_membership_id#\/\" height=\"400px\" width=\"100%\" name=\"ssa_booking\" loading=\"eager\" frameborder=\"0\" data-skip-lazy=\"1\" class=\"ssa_booking_iframe skip-lazy\" title=\"Buche eine Uhrzeit\"><\/iframe>\n\n\n\n<p><strong>Ansprechpartnerin f\u00fcr inhaltliche Fragen:<\/strong><br>Nadine Niesig <a href=\"mailto:niesig@burg-halle.de\">niesig@burg-halle.de<\/a><\/p>\n","protected":false},"excerpt":{"rendered":"<p>Bitte w\u00e4hlen Sie einen Termin zur arbeitsmedizinischen Vorsorgeuntersuchung Bildschirmarbeitsplatz. Wir weisen darauf hin, dass\u2026 mit der Durchf\u00fchrung der arbeitsmedizinischen Vorsorgeuntersuchung unsere Betriebs\u00e4rztin, Frau Dr. Lantzsch, betraut ist.\u2026 gebuchte Termine bis 20.09.2025 storniert und ggf. neu gebucht werden k\u00f6nnen.\u2026 die Auswahl auf die hinterlegten Termine begrenzt ist.\u2026 keine Doppel\/Mehrfachbuchungen vorzunehmen sind.\u2026 Verhinderungen mindestens 24 Stunden im&hellip; <a class=\"more-link\" href=\"https:\/\/www.burg-halle.de\/click-and-visit\/vorsorge-bildschirm-ap\/\"><span class=\"screen-reader-text\">Vorsorge-Untersuchung<\/span> weiterlesen<\/a><\/p>\n","protected":false},"author":1,"featured_media":0,"parent":0,"menu_order":0,"comment_status":"closed","ping_status":"closed","template":"","meta":{"footnotes":""},"class_list":["post-115","page","type-page","status-publish","hentry","entry"],"_links":{"self":[{"href":"https:\/\/www.burg-halle.de\/click-and-visit\/wp-json\/wp\/v2\/pages\/115","targetHints":{"allow":["GET"]}}],"collection":[{"href":"https:\/\/www.burg-halle.de\/click-and-visit\/wp-json\/wp\/v2\/pages"}],"about":[{"href":"https:\/\/www.burg-halle.de\/click-and-visit\/wp-json\/wp\/v2\/types\/page"}],"author":[{"embeddable":true,"href":"https:\/\/www.burg-halle.de\/click-and-visit\/wp-json\/wp\/v2\/users\/1"}],"replies":[{"embeddable":true,"href":"https:\/\/www.burg-halle.de\/click-and-visit\/wp-json\/wp\/v2\/comments?post=115"}],"version-history":[{"count":20,"href":"https:\/\/www.burg-halle.de\/click-and-visit\/wp-json\/wp\/v2\/pages\/115\/revisions"}],"predecessor-version":[{"id":209,"href":"https:\/\/www.burg-halle.de\/click-and-visit\/wp-json\/wp\/v2\/pages\/115\/revisions\/209"}],"wp:attachment":[{"href":"https:\/\/www.burg-halle.de\/click-and-visit\/wp-json\/wp\/v2\/media?parent=115"}],"curies":[{"name":"wp","href":"https:\/\/api.w.org\/{rel}","templated":true}]}}