{"id":176,"date":"2025-01-07T15:25:13","date_gmt":"2025-01-07T14:25:13","guid":{"rendered":"https:\/\/www.burg-halle.de\/click-and-visit\/?page_id=176"},"modified":"2025-01-07T15:59:13","modified_gmt":"2025-01-07T14:59:13","slug":"ueberpruefung-geraetelisten","status":"publish","type":"page","link":"https:\/\/www.burg-halle.de\/click-and-visit\/ueberpruefung-geraetelisten\/","title":{"rendered":"\u00dcberpr\u00fcfung Ger\u00e4telisten"},"content":{"rendered":"\n<p>Hier k\u00f6nnen Sie Ihren Termin zur \u00dcberpr\u00fcfung der Ger\u00e4telisten buchen.<\/p>\n\n\n<iframe src=\"https:\/\/www.burg-halle.de\/click-and-visit\/wp-json\/ssa\/v1\/embed-inner?integration&type=ueberpruefung-geraetelisten&label&types=5&edit&view&payment_provider&ssa_locale=de_DE&ssa_is_rtl&sid=89e56d3110ce5ec677314ec2f79a8c47d8209142&availability_start_date&availability_end_date&suggest_first_available&suggest_first_available_within_minutes&flow&fallback_flow&time_view&date_view&appointment_types_view&version&accent_color&background&padding&font&booking_url=https%3A%2F%2Fwww.burg-halle.de%2Fclick-and-visit%2Fueberpruefung-geraetelisten%2F&booking_post_id=176&booking_title=%C3%9Cberpr%C3%BCfung+Ger%C3%A4telisten&_wpnonce=0ee6112404&redirect_post_id&mepr_membership_id#\/\" height=\"400px\" width=\"100%\" name=\"ssa_booking\" loading=\"eager\" frameborder=\"0\" data-skip-lazy=\"1\" class=\"ssa_booking_iframe skip-lazy\" title=\"Buche eine Uhrzeit\"><\/iframe>\n\n\n\n<p><strong>Ansprechpartnerin f\u00fcr inhaltliche Fragen: <\/strong><br>Johanna Hollo <a href=\"mailto:hollo@burg-halle.de\">hollo@burg-halle.de<\/a><\/p>\n","protected":false},"excerpt":{"rendered":"<p>Hier k\u00f6nnen Sie Ihren Termin zur \u00dcberpr\u00fcfung der Ger\u00e4telisten buchen. Ansprechpartnerin f\u00fcr inhaltliche Fragen: Johanna Hollo hollo@burg-halle.de<\/p>\n","protected":false},"author":1,"featured_media":0,"parent":0,"menu_order":0,"comment_status":"closed","ping_status":"closed","template":"","meta":{"footnotes":""},"class_list":["post-176","page","type-page","status-publish","hentry","entry"],"_links":{"self":[{"href":"https:\/\/www.burg-halle.de\/click-and-visit\/wp-json\/wp\/v2\/pages\/176","targetHints":{"allow":["GET"]}}],"collection":[{"href":"https:\/\/www.burg-halle.de\/click-and-visit\/wp-json\/wp\/v2\/pages"}],"about":[{"href":"https:\/\/www.burg-halle.de\/click-and-visit\/wp-json\/wp\/v2\/types\/page"}],"author":[{"embeddable":true,"href":"https:\/\/www.burg-halle.de\/click-and-visit\/wp-json\/wp\/v2\/users\/1"}],"replies":[{"embeddable":true,"href":"https:\/\/www.burg-halle.de\/click-and-visit\/wp-json\/wp\/v2\/comments?post=176"}],"version-history":[{"count":6,"href":"https:\/\/www.burg-halle.de\/click-and-visit\/wp-json\/wp\/v2\/pages\/176\/revisions"}],"predecessor-version":[{"id":193,"href":"https:\/\/www.burg-halle.de\/click-and-visit\/wp-json\/wp\/v2\/pages\/176\/revisions\/193"}],"wp:attachment":[{"href":"https:\/\/www.burg-halle.de\/click-and-visit\/wp-json\/wp\/v2\/media?parent=176"}],"curies":[{"name":"wp","href":"https:\/\/api.w.org\/{rel}","templated":true}]}}