{"id":2,"date":"2021-04-06T16:10:56","date_gmt":"2021-04-06T14:10:56","guid":{"rendered":"https:\/\/www.burg-halle.de\/click-and-visit\/?page_id=2"},"modified":"2025-01-07T17:34:18","modified_gmt":"2025-01-07T16:34:18","slug":"start","status":"publish","type":"page","link":"https:\/\/www.burg-halle.de\/click-and-visit\/","title":{"rendered":"Willkommen"},"content":{"rendered":"\n<p><strong>Derzeit stehen folgende Terminarten zur Verf\u00fcgung.<\/strong><br>Bitte w\u00e4hlen Sie:<\/p>\n\n\n\n<div class=\"wp-block-media-text is-stacked-on-mobile is-style-default\" style=\"grid-template-columns:54% auto\"><figure class=\"wp-block-media-text__media\"><a href=\"https:\/\/www.burg-halle.de\/click-and-visit\/massagetermin\/\"><img loading=\"lazy\" decoding=\"async\" width=\"800\" height=\"450\" src=\"https:\/\/www.burg-halle.de\/click-and-visit\/wp-content\/uploads\/2024\/12\/massage-2.jpg\" alt=\"\" class=\"wp-image-162 size-full\" srcset=\"https:\/\/www.burg-halle.de\/click-and-visit\/wp-content\/uploads\/2024\/12\/massage-2.jpg 800w, https:\/\/www.burg-halle.de\/click-and-visit\/wp-content\/uploads\/2024\/12\/massage-2-300x169.jpg 300w, https:\/\/www.burg-halle.de\/click-and-visit\/wp-content\/uploads\/2024\/12\/massage-2-768x432.jpg 768w\" sizes=\"auto, (max-width: 800px) 100vw, 800px\" \/><\/a><\/figure><div class=\"wp-block-media-text__content\">\n<p><strong>Massage <\/strong><br>(Schultern, Nacken und R\u00fccken)<\/p>\n<\/div><\/div>\n\n\n\n<div class=\"wp-block-media-text is-stacked-on-mobile is-style-default\" style=\"grid-template-columns:54% auto\"><figure class=\"wp-block-media-text__media\"><a href=\"https:\/\/www.burg-halle.de\/click-and-visit\/vorsorge-bildschirm-ap\/\"><img loading=\"lazy\" decoding=\"async\" width=\"1024\" height=\"576\" src=\"https:\/\/www.burg-halle.de\/click-and-visit\/wp-content\/uploads\/2024\/12\/hg-vorsorgeuntersuchung-bildschirm-ap-1024x576.jpg\" alt=\"\" class=\"wp-image-125 size-full\"\/><\/a><\/figure><div class=\"wp-block-media-text__content\">\n<p><strong>Vorsorgeuntersuchung <\/strong>Bildschirmarbeitsplatz<br>(nur auf Einladung)<\/p>\n<\/div><\/div>\n\n\n\n<div class=\"wp-block-media-text is-stacked-on-mobile is-style-default\" style=\"grid-template-columns:54% auto\"><figure class=\"wp-block-media-text__media\"><a href=\"https:\/\/www.burg-halle.de\/click-and-visit\/ueberpruefung-geraetelisten\/\"><img loading=\"lazy\" decoding=\"async\" width=\"1024\" height=\"576\" src=\"https:\/\/www.burg-halle.de\/click-and-visit\/wp-content\/uploads\/2025\/01\/geraeteliste_dummy-1-1024x576.jpg\" alt=\"\" class=\"wp-image-196 size-full\" srcset=\"https:\/\/www.burg-halle.de\/click-and-visit\/wp-content\/uploads\/2025\/01\/geraeteliste_dummy-1-1024x576.jpg 1024w, https:\/\/www.burg-halle.de\/click-and-visit\/wp-content\/uploads\/2025\/01\/geraeteliste_dummy-1-300x169.jpg 300w, https:\/\/www.burg-halle.de\/click-and-visit\/wp-content\/uploads\/2025\/01\/geraeteliste_dummy-1-768x432.jpg 768w, https:\/\/www.burg-halle.de\/click-and-visit\/wp-content\/uploads\/2025\/01\/geraeteliste_dummy-1-1536x864.jpg 1536w, https:\/\/www.burg-halle.de\/click-and-visit\/wp-content\/uploads\/2025\/01\/geraeteliste_dummy-1-1568x882.jpg 1568w, https:\/\/www.burg-halle.de\/click-and-visit\/wp-content\/uploads\/2025\/01\/geraeteliste_dummy-1.jpg 1920w\" sizes=\"auto, (max-width: 1024px) 100vw, 1024px\" \/><\/a><\/figure><div class=\"wp-block-media-text__content\">\n<p><strong>\u00dcberpr\u00fcfung Ger\u00e4telisten<\/strong><br>(nur auf Einladung)<\/p>\n<\/div><\/div>\n\n\n\n<p><\/p>\n","protected":false},"excerpt":{"rendered":"<p>Derzeit stehen folgende Terminarten zur Verf\u00fcgung.Bitte w\u00e4hlen Sie: Massage (Schultern, Nacken und R\u00fccken) Vorsorgeuntersuchung Bildschirmarbeitsplatz(nur auf Einladung) \u00dcberpr\u00fcfung Ger\u00e4telisten(nur auf Einladung)<\/p>\n","protected":false},"author":1,"featured_media":0,"parent":0,"menu_order":0,"comment_status":"closed","ping_status":"closed","template":"","meta":{"footnotes":""},"class_list":["post-2","page","type-page","status-publish","hentry","entry"],"_links":{"self":[{"href":"https:\/\/www.burg-halle.de\/click-and-visit\/wp-json\/wp\/v2\/pages\/2","targetHints":{"allow":["GET"]}}],"collection":[{"href":"https:\/\/www.burg-halle.de\/click-and-visit\/wp-json\/wp\/v2\/pages"}],"about":[{"href":"https:\/\/www.burg-halle.de\/click-and-visit\/wp-json\/wp\/v2\/types\/page"}],"author":[{"embeddable":true,"href":"https:\/\/www.burg-halle.de\/click-and-visit\/wp-json\/wp\/v2\/users\/1"}],"replies":[{"embeddable":true,"href":"https:\/\/www.burg-halle.de\/click-and-visit\/wp-json\/wp\/v2\/comments?post=2"}],"version-history":[{"count":21,"href":"https:\/\/www.burg-halle.de\/click-and-visit\/wp-json\/wp\/v2\/pages\/2\/revisions"}],"predecessor-version":[{"id":197,"href":"https:\/\/www.burg-halle.de\/click-and-visit\/wp-json\/wp\/v2\/pages\/2\/revisions\/197"}],"wp:attachment":[{"href":"https:\/\/www.burg-halle.de\/click-and-visit\/wp-json\/wp\/v2\/media?parent=2"}],"curies":[{"name":"wp","href":"https:\/\/api.w.org\/{rel}","templated":true}]}}