{"id":56,"date":"2022-08-31T13:41:25","date_gmt":"2022-08-31T11:41:25","guid":{"rendered":"https:\/\/www.burg-halle.de\/click-and-visit\/?page_id=56"},"modified":"2025-01-07T15:56:12","modified_gmt":"2025-01-07T14:56:12","slug":"massagetermin","status":"publish","type":"page","link":"https:\/\/www.burg-halle.de\/click-and-visit\/massagetermin\/","title":{"rendered":"Massage-Termin"},"content":{"rendered":"\n<p class=\"has-white-background-color has-background has-extra-small-font-size\">Sie buchen hier einen Termin f\u00fcr eine Massage.<br>Wir bitten Sie aus Gr\u00fcnden der Fairness, diesen bei Verhinderung rechtzeitig vorher zu verschieben oder zu stornieren. Den Link daf\u00fcr finden Sie in Ihrer Best\u00e4tigungsmail. Vielen Dank! <br>S. Neitzel<\/p>\n\n\n<iframe src=\"https:\/\/www.burg-halle.de\/click-and-visit\/wp-json\/ssa\/v1\/embed-inner?integration&type=massage&label&types=3&edit&view&payment_provider&ssa_locale=de_DE&ssa_is_rtl&sid=89e56d3110ce5ec677314ec2f79a8c47d8209142&availability_start_date&availability_end_date&suggest_first_available&suggest_first_available_within_minutes&flow&fallback_flow&time_view&date_view&appointment_types_view&version&accent_color&background&padding&font&booking_url=https%3A%2F%2Fwww.burg-halle.de%2Fclick-and-visit%2Fmassagetermin%2F&booking_post_id=56&booking_title=Massage-Termin&_wpnonce=0ee6112404&redirect_post_id&mepr_membership_id#\/\" height=\"400px\" width=\"100%\" name=\"ssa_booking\" loading=\"eager\" frameborder=\"0\" data-skip-lazy=\"1\" class=\"ssa_booking_iframe skip-lazy\" title=\"Buche eine Uhrzeit\"><\/iframe>\n\n\n\n<p><strong>Ansprechpartnerinnen f\u00fcr inhaltliche Fragen:<\/strong><br>Kristin Wildenhain <a href=\"mailto:wildenhain@burg-halle.de\">wildenhain@burg-halle.de<\/a><br>Charlotte S\u00e4ttler <a href=\"mailto:saettler@burg-halle.de\">saettler@burg-halle.de<\/a><\/p>\n","protected":false},"excerpt":{"rendered":"<p>Sie buchen hier einen Termin f\u00fcr eine Massage.Wir bitten Sie aus Gr\u00fcnden der Fairness, diesen bei Verhinderung rechtzeitig vorher zu verschieben oder zu stornieren. Den Link daf\u00fcr finden Sie in Ihrer Best\u00e4tigungsmail. Vielen Dank! S. Neitzel Ansprechpartnerinnen f\u00fcr inhaltliche Fragen:Kristin Wildenhain wildenhain@burg-halle.deCharlotte S\u00e4ttler saettler@burg-halle.de<\/p>\n","protected":false},"author":1,"featured_media":0,"parent":0,"menu_order":0,"comment_status":"closed","ping_status":"closed","template":"","meta":{"footnotes":""},"class_list":["post-56","page","type-page","status-publish","hentry","entry"],"_links":{"self":[{"href":"https:\/\/www.burg-halle.de\/click-and-visit\/wp-json\/wp\/v2\/pages\/56","targetHints":{"allow":["GET"]}}],"collection":[{"href":"https:\/\/www.burg-halle.de\/click-and-visit\/wp-json\/wp\/v2\/pages"}],"about":[{"href":"https:\/\/www.burg-halle.de\/click-and-visit\/wp-json\/wp\/v2\/types\/page"}],"author":[{"embeddable":true,"href":"https:\/\/www.burg-halle.de\/click-and-visit\/wp-json\/wp\/v2\/users\/1"}],"replies":[{"embeddable":true,"href":"https:\/\/www.burg-halle.de\/click-and-visit\/wp-json\/wp\/v2\/comments?post=56"}],"version-history":[{"count":21,"href":"https:\/\/www.burg-halle.de\/click-and-visit\/wp-json\/wp\/v2\/pages\/56\/revisions"}],"predecessor-version":[{"id":191,"href":"https:\/\/www.burg-halle.de\/click-and-visit\/wp-json\/wp\/v2\/pages\/56\/revisions\/191"}],"wp:attachment":[{"href":"https:\/\/www.burg-halle.de\/click-and-visit\/wp-json\/wp\/v2\/media?parent=56"}],"curies":[{"name":"wp","href":"https:\/\/api.w.org\/{rel}","templated":true}]}}