{"id":195,"date":"2022-05-04T14:34:07","date_gmt":"2022-05-04T12:34:07","guid":{"rendered":"https:\/\/www.burg-halle.de\/experimentaldesignmethods\/?page_id=195"},"modified":"2025-09-29T13:04:03","modified_gmt":"2025-09-29T11:04:03","slug":"info","status":"publish","type":"page","link":"https:\/\/www.burg-halle.de\/designing-in-digital-contexts\/info\/","title":{"rendered":"Info"},"content":{"rendered":"","protected":false},"excerpt":{"rendered":"","protected":false},"author":6,"featured_media":0,"parent":0,"menu_order":3,"comment_status":"closed","ping_status":"closed","template":"","meta":[],"class_list":["post-195","page","type-page","status-publish","hentry"],"grid":"{\r\n  \"colCount\": 1,\r\n  \"colGutter\": 2,\r\n  \"rowGutters\": [\r\n    1.5,\r\n    5,\r\n    1.5,\r\n    2,\r\n    2,\r\n    5,\r\n    1.5,\r\n    5,\r\n    1.5\r\n  ],\r\n  \"frameMargin\": 3,\r\n  \"topFrameMargin\": 6,\r\n  \"bottomFrameMargin\": 5,\r\n  \"rowAttrs\": [\r\n    {\r\n      \"relid\": 9\r\n    },\r\n    {\r\n      \"relid\": 15\r\n    },\r\n    {\r\n      \"relid\": 16\r\n    },\r\n    {\r\n      \"relid\": 17\r\n    },\r\n    {\r\n      \"relid\": 18\r\n    },\r\n    {\r\n      \"relid\": 19\r\n    },\r\n    {\r\n      \"relid\": 20\r\n    },\r\n    {\r\n      \"relid\": 21\r\n    },\r\n    {\r\n      \"relid\": 22\r\n    },\r\n    {\r\n      \"relid\": 23\r\n    }\r\n  ],\r\n  \"bgColor\": null,\r\n  \"cont\": [\r\n    {\r\n      \"type\": \"text\",\r\n      \"cont\": \"<p id=\\\"mission\\\">Mission<\/p>\",\r\n      \"align\": \"top\",\r\n      \"row\": 0,\r\n      \"col\": 0,\r\n      \"colspan\": 1,\r\n      \"offsetx\": 0,\r\n      \"offsety\": 0,\r\n      \"spaceabove\": 0,\r\n      \"spacebelow\": 0,\r\n      \"yvel\": 1,\r\n      \"push\": 0,\r\n      \"relid\": 6,\r\n      \"absolute_position\": false\r\n    },\r\n    {\r\n      \"type\": \"text\",\r\n      \"cont\": \"<p>Designing is a reflexive practice. Through aesthetic production, we as designers actively engage with change and challenges in the present and future. By looking analytically and critically at the past and acting responsibly in the present, we create objects, products and scenarios that project possible futures into the now. At Experimental Design Methods, we test new digital design technologies and investigate their potential impact in design and social contexts. We hack, we code, we use 3D printers and laser cutters and work with computer-controlled milling machines. At the same time, we develop methods to understand our own sensory perception and use it for product designs, artistic interventions and design experiments. The examination of scientific-theoretical positions is of high importance in the design processes in the focus. We encourage students to engage with design research, science, the humanities, as well as current debates in order to achieve profound and comprehensive outcomes.<\/p>\",\r\n      \"align\": \"top\",\r\n      \"row\": 1,\r\n      \"col\": 0,\r\n      \"colspan\": 1,\r\n      \"offsetx\": 0,\r\n      \"offsety\": 0,\r\n      \"spaceabove\": 0,\r\n      \"spacebelow\": 0,\r\n      \"yvel\": 1,\r\n      \"push\": 0,\r\n      \"relid\": 4,\r\n      \"absolute_position\": false\r\n    },\r\n    {\r\n      \"type\": \"text\",\r\n      \"cont\": \"<p id=\\\"team\\\">Team<\/p>\",\r\n      \"align\": \"middle\",\r\n      \"row\": 2,\r\n      \"col\": 0,\r\n      \"colspan\": 1,\r\n      \"offsetx\": 0,\r\n      \"offsety\": 0,\r\n      \"spaceabove\": 0,\r\n      \"spacebelow\": 0,\r\n      \"yvel\": 1,\r\n      \"push\": 0,\r\n      \"relid\": 7,\r\n      \"absolute_position\": false\r\n    },\r\n    {\r\n      \"type\": \"text\",\r\n      \"cont\": \"<p><span><a href=\\\"https:\/\/www.burg-halle.de\/experimentaldesignmethods\/info\/#team\\\" data-hoverimageid=\\\"1158\\\" data-hoverimagesmallsrc=\\\"\/wp-content\/uploads\/2023\/03\/BURG_Mittarbeiter_5-Prof.-Christian-Zo\u2560ellner_Michel_Klehm-LQ-265x177.jpg\\\">Christian Z\u00f6llner<\/a>, <\/span><span>*1981 is an interdisciplinary working designer and educator in the fields of computational design, speculative design and social design. Since 2018 he is professor for experimental design methods at <a rel=\\\"noopener\\\" href=\\\"http:\/\/burg-halle.de\/\\\" target=\\\"_blank\\\">Burg Giebichenstein University of Art and Design<\/a>. He worked in design studios in Paris and Vienna before he founded the crossdisciplinary media art collective VR\/Urban in Berlin. He teached at the Rietveld Academy Amsterdam, HUST Wuhan in China and at the University of the Arts in Berlin where he conducted projects on experimental product development together with Prof. Axel Kufus for more than six years. 2014 and 2017 he was visiting lecturer for Design Fictions at Burg Halle. Beside his academic activities he runs the design and research studio <a rel=\\\"noopener\\\" href=\\\"http:\/\/theconstitute.org\/\\\" target=\\\"_blank\\\">The Constitute<\/a> together with Sebastian Piatza. Works of The Constitute are multiple awarded and have been exhibited worldwide in Institutions such as MoMA New York, FACT Liverpool, STRP Eindhoven, Medialab Prado Madrid, Quanzhou Media Biennale and Zeche Zollverein Essen.<\/span><br \/><span>Christian Z\u00f6llner is chairman of the non-profit <a rel=\\\"noopener\\\" href=\\\"https:\/\/fabmobil.org\/\\\" target=\\\"_blank\\\">Fabmobil<\/a> Association which brings creative technologies to young people in decentralized rural areas in East Germany. He is member of the scientific board of the federal competence center for creative industries and works as a consultant for various cultural institutions.<\/span><\/p>\",\r\n      \"align\": \"top\",\r\n      \"row\": 3,\r\n      \"col\": 0,\r\n      \"colspan\": 1,\r\n      \"offsetx\": 0,\r\n      \"offsety\": 0,\r\n      \"spaceabove\": 0,\r\n      \"spacebelow\": 0,\r\n      \"yvel\": 1,\r\n      \"push\": 0,\r\n      \"relid\": 5,\r\n      \"absolute_position\": false\r\n    },\r\n    {\r\n      \"type\": \"text\",\r\n      \"cont\": \"<p><span><a data-hoverimageid=\\\"1518\\\" data-hoverimagesmallsrc=\\\"\/wp-content\/uploads\/2024\/04\/BURG_Lisa-Schwalbe_Foto-Michel-Klehm_HQ-265x177.jpg\\\" data-hoverimagetype=\\\"image\\\">Lisa Schwalbe<\/a> is a designer who has been working as an assistant lecturer at Burg Giebichenstein since 2023. Her area of expertise includes social design on the one hand and digital design techniques on the other. After completing her training as a clothing technical assistant in 2013, she founded the sustainable fashion label dreiklangkleidung together with friends in 2014. The label supported a rural textile factory and focused on the exclusively regional production of T-shirts. In 2021 she received her bachelor's degree in industrial design at Burg Giebichenstein. The following year, 2022, her project, which focuses on empowering girls in rural areas, was awarded by the simulplus Mitmachfonds. Since then she\u00a0has been actively involved in participatory work with young people in rural areas. This topic was concentrated within her Master's degree in 2023. Additionally Lisa has been integrating innovative technologies into her work since 2020. In particular she developed drawings with a pen plotter under the name <a href=\\\"https:\/\/www.instagram.com\/gridtheline\/\\\">gridtheline<\/a>. Her work was published alongside other artists in the book \\\"Tracing the line\\\" in 2023.<\/span><\/p>\",\r\n      \"align\": \"top\",\r\n      \"row\": 4,\r\n      \"col\": 0,\r\n      \"colspan\": 1,\r\n      \"offsetx\": 0,\r\n      \"offsety\": 0,\r\n      \"spaceabove\": 0,\r\n      \"spacebelow\": 0,\r\n      \"yvel\": 1,\r\n      \"push\": 0,\r\n      \"relid\": 8,\r\n      \"absolute_position\": false\r\n    },\r\n    {\r\n      \"type\": \"text\",\r\n      \"cont\": \"<p>past<\/p><p>Assistant Lecturers<\/p><p><a href=\\\"https:\/\/www.sophia-reissenweber.de\/\\\">Sophia Rei\u00dfenweber<\/a> 2024-2025<br \/><a href=\\\"https:\/\/www.ameliegoldfuss.com\\\">Amelie Goldfu\u00df<\/a> 2017\u20132023<br \/><a href=\\\"https:\/\/www.tonybeyer.net\/\\\">Tony Beyer<\/a> 2019\u20132019\/20<br \/>Hanna Petruschat 2019<\/p><p>Student Assistants<br \/>Silas K\u00fchn (currently)<br \/>Caroline N\u00f6lle<br \/>Rosalie Schmuck<br \/>Benno Brucksch<br \/>Anniek Timmermann<br \/>Wayra Aguilar<br \/>Nikolaus H\u00f6\u00dfle<br \/>Sophie Thurner<br \/>Cleo D\u00f6lling<br \/>Leoni Fischer<br \/>Wayra Aguilar<br \/>Anniek Timmermann<br \/>Michael Go\u00df<br \/><br \/><\/p>\",\r\n      \"align\": \"top\",\r\n      \"row\": 5,\r\n      \"col\": 0,\r\n      \"colspan\": 1,\r\n      \"offsetx\": 0,\r\n      \"offsety\": 0,\r\n      \"spaceabove\": 0,\r\n      \"spacebelow\": 0,\r\n      \"yvel\": 1,\r\n      \"push\": 0,\r\n      \"relid\": 10,\r\n      \"absolute_position\": false\r\n    },\r\n    {\r\n      \"type\": \"text\",\r\n      \"cont\": \"<p id=\\\"network\\\">Network<\/p>\",\r\n      \"align\": \"middle\",\r\n      \"row\": 6,\r\n      \"col\": 0,\r\n      \"colspan\": 1,\r\n      \"offsetx\": 0,\r\n      \"offsety\": 0,\r\n      \"spaceabove\": 0,\r\n      \"spacebelow\": 0,\r\n      \"yvel\": 1,\r\n      \"push\": 0,\r\n      \"relid\": 11,\r\n      \"absolute_position\": false\r\n    },\r\n    {\r\n      \"type\": \"text\",\r\n      \"cont\": \"<p><a rel=\\\"noopener\\\" href=\\\"https:\/\/www.instagram.com\/paranodedesign\/\\\" target=\\\"_blank\\\" data-id=\\\"0\\\">Tom Witschel<\/a>, <a rel=\\\"noopener\\\" href=\\\"https:\/\/www.klararavat.com\/homepage\\\" target=\\\"_blank\\\" data-id=\\\"0\\\">Klara Ravat<\/a>, <a rel=\\\"noopener\\\" href=\\\"https:\/\/state-studio.com\\\" target=\\\"_blank\\\" data-id=\\\"0\\\">Christian Rauch (state studio)<\/a>, <a rel=\\\"noopener\\\" href=\\\"https:\/\/re-publica.com\/de\\\" target=\\\"_blank\\\" data-id=\\\"0\\\">Alexandra Wolf (re:publica)<\/a>, <a rel=\\\"noopener\\\" href=\\\"https:\/\/www.elisaschulze.net\\\" target=\\\"_blank\\\" data-id=\\\"0\\\">Elisa Schulze<\/a>, <a rel=\\\"noopener\\\" href=\\\"http:\/\/jasmingrimm.com\\\" target=\\\"_blank\\\" data-id=\\\"0\\\">Jasmin Grimm (Rosy DX)<\/a>, <a rel=\\\"noopener\\\" href=\\\"https:\/\/julianadenauer.de\\\" target=\\\"_blank\\\" data-id=\\\"0\\\">Julian Adenauer (Retune)<\/a>, <a rel=\\\"noopener\\\" href=\\\"http:\/\/www.popular-political-science.org\\\" target=\\\"_blank\\\" data-id=\\\"0\\\">Isabella Hermann<\/a>, <a rel=\\\"noopener\\\" href=\\\"http:\/\/libbyheaney.co.uk\\\" target=\\\"_blank\\\" data-id=\\\"0\\\">Libby Heaney<\/a>, <a rel=\\\"noopener\\\" href=\\\"https:\/\/tobiasrevell.com\/Homepage\\\" target=\\\"_blank\\\" data-id=\\\"0\\\">Tobias Revell<\/a>, <a rel=\\\"noopener\\\" href=\\\"http:\/\/www.ottonieroeder.de\/about-contact\/\\\" target=\\\"_blank\\\" data-id=\\\"0\\\">Ottonie von Roeder<\/a>, <a rel=\\\"noopener\\\" href=\\\"https:\/\/futuress.org\/community\/sophie\/\\\" target=\\\"_blank\\\" data-id=\\\"0\\\">Sophie Thurner<\/a>, <a rel=\\\"noopener\\\" href=\\\"https:\/\/johanneskleske.com\\\" target=\\\"_blank\\\" data-id=\\\"0\\\">Johannes Kleske (Third Wave)<\/a>, <a rel=\\\"noopener\\\" href=\\\"https:\/\/ellerystudio.com\\\" target=\\\"_blank\\\" data-id=\\\"0\\\">Dodo V\u00f6gler (Ellery Studio)<\/a>, <a rel=\\\"noopener\\\" href=\\\"http:\/\/b\u00fcrof\u00fcrsinnundunsinn.de\/wordpress\/\\\" target=\\\"_blank\\\" data-id=\\\"0\\\">Willy Dumaz (B\u00fcro f\u00fcr Sinn und Unsinn)<\/a>, <a rel=\\\"noopener\\\" href=\\\"https:\/\/konzeptwerk-neue-oekonomie.org\\\" target=\\\"_blank\\\" data-id=\\\"0\\\">Anne Pinnow (Konzeptwerk Neue \u00d6konomie)<\/a>, <a rel=\\\"noopener\\\" href=\\\"https:\/\/futurium.de\/de\\\" target=\\\"_blank\\\" data-id=\\\"0\\\">David Weigend (Futurium Berlin)<\/a>, <a rel=\\\"noopener\\\" href=\\\"https:\/\/www.julianbleecker.com\\\" target=\\\"_blank\\\" data-id=\\\"0\\\">Julian Bleecker (Near Future Laboratory)<\/a>, <a rel=\\\"noopener\\\" href=\\\"http:\/\/www.fynnfreyschmidt.com\/\\\" target=\\\"_blank\\\" data-id=\\\"0\\\">Fynn Freyschmidt<\/a>, <a rel=\\\"noopener\\\" href=\\\"http:\/\/additiveaddicted.de\/about\/\\\" target=\\\"_blank\\\" data-id=\\\"0\\\">Babette Wiezorek<\/a>, <a rel=\\\"noopener\\\" href=\\\"http:\/\/www.pascalhien.com\\\" target=\\\"_blank\\\" data-id=\\\"0\\\">Pascal Hien<\/a>, <a rel=\\\"noopener\\\" href=\\\"https:\/\/liloviehweg.cargo.site\\\" target=\\\"_blank\\\" data-id=\\\"0\\\">Lilo Viehweg<\/a>, <a rel=\\\"noopener\\\" href=\\\"https:\/\/www.spiegel.de\/impressum\/autor-b052b191-146b-4956-957c-60f23155c93c\\\" target=\\\"_blank\\\" data-id=\\\"0\\\">Nadia Pantel<\/a>, <a rel=\\\"noopener\\\" href=\\\"https:\/\/form.de\/blogs\/form-news\/neue-chefredaktion-form-designmagazin\\\" target=\\\"_blank\\\" data-id=\\\"0\\\">Nina Sieverding<\/a>, <a rel=\\\"noopener\\\" href=\\\"https:\/\/re-publica.com\/de\/user\/11007\\\" target=\\\"_blank\\\" data-id=\\\"0\\\">Johnny Haeusler<\/a>, <a rel=\\\"noopener\\\" href=\\\"https:\/\/www.kreatives-erzgebirge.de\/project\/annett-loeser\/\\\" target=\\\"_blank\\\" data-id=\\\"0\\\">Annett L\u00f6ser<\/a>, <a rel=\\\"noopener\\\" href=\\\"https:\/\/www.whtctps.com\/\\\" target=\\\"_blank\\\" data-id=\\\"0\\\">Benjamin Carr<\/a>, <a rel=\\\"noopener\\\" href=\\\"https:\/\/cargocollective.com\/hannapetruschat\/About\\\" target=\\\"_blank\\\" data-id=\\\"0\\\">Hanna Petruschat<\/a>, <a rel=\\\"noopener\\\" href=\\\"http:\/\/www.theconstitute.org\\\" target=\\\"_blank\\\" data-id=\\\"0\\\">Sebastian Piatza<\/a>, <a rel=\\\"noopener\\\" href=\\\"http:\/\/druckwerk.xyz\/\\\" target=\\\"_blank\\\" data-id=\\\"0\\\">Benno Brucksch<\/a>, <a rel=\\\"noopener\\\" href=\\\"https:\/\/lapatschunger.com\\\" target=\\\"_blank\\\" data-id=\\\"0\\\">Lapatsch\/Unger<\/a>, <a rel=\\\"noopener\\\" href=\\\"https:\/\/www.gewerk.com\/de\/home\/\\\" target=\\\"_blank\\\" data-id=\\\"0\\\">Franziska Schuh<\/a>, <a rel=\\\"noopener\\\" href=\\\"https:\/\/www.constructlab.net\/projects\/arge-unmittelbare-nachbarschaft\/\\\" target=\\\"_blank\\\" data-id=\\\"0\\\">Johanna Padge<\/a>, <a rel=\\\"noopener\\\" href=\\\"https:\/\/work.alexasteinbruck.com\\\" target=\\\"_blank\\\" data-id=\\\"0\\\">Alexa Steinbr\u00fcck<\/a>, <a rel=\\\"noopener\\\" href=\\\"https:\/\/tu-dresden.de\/gsw\/schauflerlab\/schaufler-kolleg\/stipendiatinnen-phase-1\/natalie-sontopski-strategies-of-speculation-doing-speculation-in-the-field-of-creative-ai#section-1\\\" target=\\\"_blank\\\" data-id=\\\"0\\\">Natalie Sontopski<\/a>, <a rel=\\\"noopener\\\" href=\\\"https:\/\/shutdown.gallery\\\" target=\\\"_blank\\\" data-id=\\\"0\\\">Shutdown Gallery<\/a>, <a rel=\\\"noopener\\\" href=\\\"https:\/\/www.bauhauskooperation.de\\\" target=\\\"_blank\\\" data-id=\\\"0\\\">100 Jahre Bauhaus<\/a>, <a rel=\\\"noopener\\\" href=\\\"https:\/\/www.halle.de\/de\/startseite\/\\\" target=\\\"_blank\\\" data-id=\\\"0\\\">Stadt Halle<\/a>, <a rel=\\\"noopener\\\" href=\\\"https:\/\/truth.design\/\\\" target=\\\"_blank\\\" data-id=\\\"0\\\">Prof. Matthias G\u00f6rlich<\/a>, <a rel=\\\"noopener\\\" href=\\\"https:\/\/dergreif-online.de\/artist-blog\/peter-hermans\/\\\" target=\\\"_blank\\\" data-id=\\\"0\\\">Peter Hermans<\/a>, <a rel=\\\"noopener\\\" href=\\\"http:\/\/www.markbraun.org\/start\/\\\" target=\\\"_blank\\\" data-id=\\\"0\\\">Prof. Mark Braun (HBK Saar)<\/a>, <a rel=\\\"noopener\\\" href=\\\"https:\/\/www.hfg-offenbach.de\/de\/people\/peter-eckart#person\\\" target=\\\"_blank\\\" data-id=\\\"0\\\">Prof. Peter Eckart (HFG Offenbach)<\/a>, <a rel=\\\"noopener\\\" href=\\\"https:\/\/kisd.de\/studium\/menschen\/prof-nina-juric\/\\\" target=\\\"_blank\\\" data-id=\\\"0\\\">Prof. Nina Juric (KISD K\u00f6ln)<\/a>, <a rel=\\\"noopener\\\" href=\\\"https:\/\/www.htw-dresden.de\/hochschule\/fakultaeten\/design\/ueber-uns\/personen\/prof-dr-phil-florian-alexander-schmidt\\\" target=\\\"_blank\\\" data-id=\\\"0\\\">Prof. Florian Alexander Schmidt (HTW Dresden)<\/a>, <a rel=\\\"noopener\\\" href=\\\"https:\/\/kunsthochschulekassel.de\/willkommen.html\\\" target=\\\"_blank\\\" data-id=\\\"0\\\">KH Kassel<\/a>, <a rel=\\\"noopener\\\" href=\\\"https:\/\/www.fhnw.ch\/de\/personen\/matthias-boettger\\\" target=\\\"_blank\\\" data-id=\\\"0\\\">Prof. Matthias B\u00f6ttger<\/a>, <a rel=\\\"noopener\\\" href=\\\"https:\/\/www.fhnw.ch\/de\/personen\/anna-laederach\\\" target=\\\"_blank\\\" data-id=\\\"0\\\">Anna Laederach (Hyperwerk Basel)<\/a>, <a rel=\\\"noopener\\\" href=\\\"https:\/\/jeskofezer.de\\\" target=\\\"_blank\\\" data-id=\\\"0\\\">Prof. Jesko Fezer (HFBK Hamburg)<\/a>, <a href=\\\"https:\/\/www.kiep-it-real.de\/\\\">Gerhard Zschau (Kiep it Real)<\/a>, <a href=\\\"https:\/\/www.lokaltextil.de\/\\\">Eva Howitz (Lokaltextil) <\/a><\/p><p>Students and Alumnx<br \/>Tony Beyer, Yunus Emre Ersoy, Judith Fa\u00dfbender, Jan Arne Gruner, Leo Helm, Mathis Hosemann, Lukas Keller, Alexander Naumann, Dani Nikitenko, Johannes Voelchert, Max Gruber, Christoph Heidebrecht, Hannah Kannenberg, Simon Krautheim, Yang Ni, Josua Roters, Alexia von Salomon, Luis Schlicht, Chunxiao Shi, Theda Vollert, Johannes Vondey, Linus Winkler, Eunye Bak, He Di, Jonas Duteloff, Ferdinand Hintz, Michael Go\u00df, Seokoh Hong, Hongki Keam, Katerina Kru\u0161kov\u00e1, Meiying Lu, Johann Post, Ad\u00e9la Prib\u00e1nov\u00e1, Michael Schuchort, Max Stalter, Ruben Strahl, Lena Beigel, Lara Bousch, Moyu Cao, Cleo D\u00f6lling, Julia Ernst, Katerina Kagioglidis, Thekla Liebmann, Marie-Luise M\u00f6ller, Laura Pelizzari, Justus Pfeifer, Elena Rotman, Chunxiao Shi, Valena Ammon, Tessa Darimont, Arne Flach, Timm Hergert, Irmela Krach, Franziska Meister, Cam van Pham, Klara Scheller, Sophie Thurner, Luis-Emilio Braun, Max Greiner, Theresa G\u00fcldenberg, Lara Herrmann, Sanghee Kang, Meiying Lu, Joaquim Marreiros, Magdalena Mei\u00dfner, Leah Messerschmidt, Katharina Michnik, Julia M\u00fcll, Jisu Park, Maximilian Pflugk, Lisa Schwalbe, Luc Sohrmann, Cheawon Song, Jakob Trepel, Friedrich W\u00f6rdehoff, Wayra Aguilar, Robin Godwyll, Shuyun Liu, Tim Mayer, Franz Messer, Bj\u00f6rn Naumann, Ludwig Stadler, Farid Taher, Anniek Timmermann, Daniel Zimmermann, Johanna Abendroth, Greta Ballschuh, Leon Burmester, Hwang Dongyoung, Yiyun Huang, Hannes Koch, Anna Maxwell, Nele Meier, Edda Rabold, Elena Rotmann, Johanna Schmidtke, Elena Bangel, Dongyoung Hwang, Leopold Seiler, Amon Z\u00e4nker, Lara Kuom, Lena Eichhorn, Joris Grahl, Konrad Kosse, Sasha Becker, Sophie-Charlotte Bolinski, Ira Becker, Fidelis Falk, Mareike Galle, Lucia Gallo, Camille von Gerkan, Claus Hahn, Max Koch, Jaehwan Lee, Theo Lipinski, Emil L\u00f6ber, Jaromir Mayr, Malin Melzer, Robert Oberle, Raphael Rustige, Rosalie Schmuck, Chaiyoon Shin, Jonathan Stein, Louis Steinhauser, Daniel Kurt Boehm, Yanru Chen, Jonathan Hase, Nikolaus H\u00f6\u00dfle, Vincent Kaup, Jiamin Luo, Marvin Alexander Robert, Emilia Sonntag, Chenghan Yuan, Sophie Sch\u00fcppbach, Anton Grabolle, Johannes Schellenberger, Marianne Sellmaier, Pepe Nitz, Alina Weber, Lotte Schl\u00f6r, Benno Brucksch, Tim Rumpf, Ludwig Pfeifer, Simon H\u00f6fer, Christoph Kortung, Jihye Han, Lion Sanguinette, Maelle Ludwig, Malte Gebhardt, Sebastian Krimmer, Seong Heum Na, Fritz Breuer, Melanie Carmen Lange, Jaromir Meyr, Pia Rothermund, Eden Szir, Cornelius Thomas, Hans Vogel, Malin Trepel, Emilia Imberger, Franz Kauffmann, Christian Klo\u00df, Yara Planer, Luci Schwingen, Stella Sachse, Pelin Bilger, Leonhard Schumann, Marlene Thiel, Lydia Fuchs, Se Hyeon Won, Rita Zeinar, Desire Bach, Emili Blum, Emil Frederking, Bruno Bleschke, Paul Wesser, Namju Kim, Simon H\u00f6fer, Merle Nau, Daniel Sauter, Matthias Franzen, Janina Gastauer, Leon Schumann, Luka L\u00f6hner, Lilian Walters, Anselm Wohlfahrt, Anna Freudenberg, Catherina Stuckmann, Emma Brix, Sol Song, Benjamin Neubauer, Friedrich Gerlach, Marvin Kasper, Sophia Rei\u00dfenweber, Johanna Eger, Marie-Luise Trabandt, <span>Aenne Steffens, Alfred Cyranka, Anina Gill, Anton Elgleb, Emily Hoxha, Fenja Kugel, Gianmarco Bonetti, Gregor Rothmeier, Henriette Meyer-Stork, Lara Pfister, Lea Buchegger, Leon Ehrmann, Marie Adler, Matthis Plaga<\/span><\/p>\",\r\n      \"align\": \"middle\",\r\n      \"row\": 7,\r\n      \"col\": 0,\r\n      \"colspan\": 1,\r\n      \"offsetx\": 0,\r\n      \"offsety\": 0,\r\n      \"spaceabove\": 0,\r\n      \"spacebelow\": 0,\r\n      \"yvel\": 1,\r\n      \"push\": 0,\r\n      \"relid\": 12,\r\n      \"absolute_position\": false\r\n    },\r\n    {\r\n      \"type\": \"text\",\r\n      \"cont\": \"<p id=\\\"publications\\\">Publications (Selection)<\/p>\",\r\n      \"align\": \"top\",\r\n      \"row\": 8,\r\n      \"col\": 0,\r\n      \"colspan\": 1,\r\n      \"offsetx\": 0,\r\n      \"offsety\": 0,\r\n      \"spaceabove\": 0,\r\n      \"spacebelow\": 0,\r\n      \"yvel\": 1,\r\n      \"push\": 0,\r\n      \"relid\": 13,\r\n      \"absolute_position\": false\r\n    },\r\n    {\r\n      \"type\": \"text\",\r\n      \"cont\": \"<p>Auf ins digitale Material<br \/>Christian Z\u00f6llner, Patrick Tobias Fischer in <i data-stringify-type=\\\"italic\\\"><span class=\\\"_hoveritalic\\\">Prototype!, physical, virtual, hybrid, smart by Julian Adenauer and J\u00f6rg Petruschat, Form und Zweck, Berlin<\/span>, 2012<\/i><\/p><p>SMSlingshot and Ready To Cloud<br \/>Christian Z\u00f6llner, Sebastian Piatza, Patrick Tobias Fischer, <span class=\\\"_hoveritalic\\\">Thilo Hoffmann in <\/span><i data-stringify-type=\\\"italic\\\"><span class=\\\"_hoveritalic\\\">Design Edge Inside Outside \/ Connecting Cities \u2013 Inspiring and connecting the public spaces through urban media facades, pages 4-7<\/span> \/ 16-19,\u00a0 2014<\/i><\/p><p class=\\\"_Default\\\">Sketching in Space<br \/>Sebastian Piatza, Alexander M\u00fcller, Christian Z\u00f6llner in <i data-stringify-type=\\\"italic\\\"><span class=\\\"_hoveritalic\\\">Scheinbar Sein. Faktisches und Virtuelles by Grit Koalick &amp; Jana B\u00f6ttrich, page 46f, Universit\u00e4tssammlung Kunst+Technik<\/span>, Dresden, 2011<\/i><\/p><p class=\\\"_Default\\\">SMSlingshot, G-frame, Ready to Cloud, Human Beeing<br \/>Christian Z\u00f6llner, Sebastian Piatza in <i data-stringify-type=\\\"italic\\\"><span class=\\\"_hoveritalic\\\">What urban Media Art can do, pages various<\/span>,\u00a0 2016<\/i><\/p><p class=\\\"_Default\\\">Wildes Denken auf dem Pr\u00fcfstand<br \/>Christian Z\u00f6llner in <i data-stringify-type=\\\"italic\\\"><span class=\\\"_hoveritalic\\\">agenda design, pages 12-19<\/span>,\u00a0 2017<\/i><\/p><p><a rel=\\\"noopener\\\" href=\\\"https:\/\/speculativeedu.eu\/case-study-from-fiction-to-action-design-in-a-state-of-exception\/\\\" target=\\\"_blank\\\">Case Study: From Fiction to Action \u2014 Design in a state of exception<\/a>, 2020<\/p><p class=\\\"_Default\\\"><a rel=\\\"noopener\\\" href=\\\"https:\/\/futuress.org\/stories\/once-an-assistant-always-an-assistant\/\\\" target=\\\"_blank\\\">Once an Assistant, Always an Assistant \u2013 How AI representation is stuck in the gendered past<\/a>, 2021<\/p><p class=\\\"_Default\\\">\u00a0<\/p><p>\u00a0<\/p><p class=\\\"_Default\\\">\u00a0<\/p>\",\r\n      \"align\": \"top\",\r\n      \"row\": 9,\r\n      \"col\": 0,\r\n      \"colspan\": 1,\r\n      \"offsetx\": 0,\r\n      \"offsety\": 0,\r\n      \"spaceabove\": 0,\r\n      \"spacebelow\": 0,\r\n      \"yvel\": 1,\r\n      \"push\": 0,\r\n      \"relid\": 14,\r\n      \"absolute_position\": false\r\n    }\r\n  ]\r\n}","phonegrid":"","_links":{"self":[{"href":"https:\/\/www.burg-halle.de\/designing-in-digital-contexts\/wp-json\/wp\/v2\/pages\/195","targetHints":{"allow":["GET"]}}],"collection":[{"href":"https:\/\/www.burg-halle.de\/designing-in-digital-contexts\/wp-json\/wp\/v2\/pages"}],"about":[{"href":"https:\/\/www.burg-halle.de\/designing-in-digital-contexts\/wp-json\/wp\/v2\/types\/page"}],"author":[{"embeddable":true,"href":"https:\/\/www.burg-halle.de\/designing-in-digital-contexts\/wp-json\/wp\/v2\/users\/6"}],"replies":[{"embeddable":true,"href":"https:\/\/www.burg-halle.de\/designing-in-digital-contexts\/wp-json\/wp\/v2\/comments?post=195"}],"version-history":[{"count":0,"href":"https:\/\/www.burg-halle.de\/designing-in-digital-contexts\/wp-json\/wp\/v2\/pages\/195\/revisions"}],"wp:attachment":[{"href":"https:\/\/www.burg-halle.de\/designing-in-digital-contexts\/wp-json\/wp\/v2\/media?parent=195"}],"curies":[{"name":"wp","href":"https:\/\/api.w.org\/{rel}","templated":true}]}}