{"id":15,"date":"2014-04-14T21:32:09","date_gmt":"2014-04-14T19:32:09","guid":{"rendered":"https:\/\/www.burg-halle.de\/id-neuwerk\/07-qbm-essentials\/?page_id=15"},"modified":"2026-04-12T15:25:12","modified_gmt":"2026-04-12T13:25:12","slug":"thema","status":"publish","type":"page","link":"https:\/\/www.burg-halle.de\/id-neuwerk\/07-qbm-essentials\/","title":{"rendered":"Thema"},"content":{"rendered":"<p>&nbsp;<\/p>\n<p><img loading=\"lazy\" decoding=\"async\" class=\"alignnone size-medium wp-image-753\" src=\"https:\/\/www.burg-halle.de\/id-neuwerk\/07-qbm-essentials\/wp-content\/uploads\/sites\/33\/2014\/04\/minimalist_neu-300x300.jpg\" alt=\"\" width=\"300\" height=\"300\" srcset=\"https:\/\/www.burg-halle.de\/id-neuwerk\/07-qbm-essentials\/wp-content\/uploads\/sites\/33\/2014\/04\/minimalist_neu-300x300.jpg 300w, https:\/\/www.burg-halle.de\/id-neuwerk\/07-qbm-essentials\/wp-content\/uploads\/sites\/33\/2014\/04\/minimalist_neu-150x150.jpg 150w, https:\/\/www.burg-halle.de\/id-neuwerk\/07-qbm-essentials\/wp-content\/uploads\/sites\/33\/2014\/04\/minimalist_neu.jpg 430w\" sizes=\"auto, (max-width: 300px) 100vw, 300px\" \/><\/p>\n<p>&nbsp;<\/p>\n<p>Entwurfsprojekt \/ Komplexes Gestalten<br \/>\nStudiengang BA Industriedesign und MA Industrial Design<\/p>\n<p>&nbsp;<\/p>\n<p><strong>minimalismus als lebensform<\/strong><\/p>\n<p><span style=\"line-height: 1.5em;\">minimalismus und design? das klingt zuerst nach \u00e4sthetischer konzeption. doch minimalismus kann mehr sein: organisationsform, weltanschauung, lebensprinzip \u2026<\/span><\/p>\n<p><span style=\"line-height: 1.5em;\">untersuchen Sie minimalismus als lebensform. entwickeln Sie szenarien eines radikal minimalistischen lebensstils. \u00fcberlegen Sie, mit welcher methode Sie dies am besten untersuchen und explorativ erforschen und probieren wollen\/k\u00f6nnen.<\/span><\/p>\n<p>&nbsp;<\/p>\n<p><strong><span style=\"line-height: 1.5em;\">1. selbstbeobachtung<\/span><\/strong><\/p>\n<p>machen Sie inventur Ihres besitzes und entwickeln Sie eine skala der bewertung, eine katalogisierung. was bleibt \u00fcbrig, was sind f\u00fcr Sie die unverzichtbaren materiellen essentials?<\/p>\n<p><a href=\"https:\/\/www.burg-halle.de\/id-neuwerk\/07-qbm-essentials\/category\/literatur\/#%3Cbr%3EHab,%20aber%20Gut?%20%3Cbr%3EHenrike%20G%C3%A4nss\" target=\"_blank\" rel=\"noopener noreferrer\">Siehe auch unter\u00a0Literatur Hab, aber Gut? von Henrike G\u00e4n\u00df<\/a><\/p>\n<p>&nbsp;<\/p>\n<p><strong><span style=\"line-height: 1.5em;\">2. stellen Sie fragen und spekulieren Sie<\/span><\/strong><\/p>\n<p>heisst nutzen immer auch besitzen? wie erleben wir besitz (und nutzung) unter einem privaten und wie unter einem \u00f6ffentlichen fokus? wie k\u00f6nnen handlungen, die bislang &#8211; warum auch immer? &#8211; privat erfolgen und mit pers\u00f6nlichem besitz verbunden sind, stattdessen kollaborativ erfolgen oder durch dienstleistungen erf\u00fcllt werden? welche handlungen und welche bed\u00fcrfnisse k\u00f6nnten das sein? wie k\u00f6nnte\/sollte eine passende community aussehen\/sich organisieren\/funktionieren?<\/p>\n<p>heisst reduktion auf das notwendige im privaten besitz zwangsl\u00e4ufig auch verzicht und einschr\u00e4nkung?<br \/>\n<span style=\"line-height: 1.5em;\">was nutzen wir heute in digitaler form, was vor 10, 15 Jahren noch ausschliesslich analog nutzbar war?<br \/>\n<\/span>und wie kann diese entwicklung sich fortsetzen?<\/p>\n<p><span style=\"line-height: 1.5em;\">\u00fcberlegen, beobachten Sie und stellen Sie viele weitere fragen \u2026<\/span><\/p>\n<p>&nbsp;<\/p>\n<p><strong><span style=\"line-height: 1.5em;\">3. methodik<\/span><\/strong><\/p>\n<p>entwickeln Sie Ihr entwurfskonzept aus einem methodischen vorgehen und einem starken anlass,<\/p>\n<p>beispielsweise \u2026<\/p>\n<p><span style=\"line-height: 1.5em;\">&#8211; 1.\u00a0<\/span><span style=\"line-height: 1.5em;\">im selbstversuch \u2026<\/span><\/p>\n<p><span style=\"line-height: 1.5em;\">&#8211; 2.\u00a0<\/span>mit hilfe eines probanden<\/p>\n<p><span style=\"line-height: 1.5em;\">&#8211; 3.\u00a0<\/span><span style=\"line-height: 1.5em;\">f\u00fcr eine erfundene person<\/span><\/p>\n<p><span style=\"line-height: 1.5em;\">&#8211; 4.\u00a0<\/span>oder einem weiteren anlass, der gute operationalit\u00e4t verspricht<\/p>\n<p>&nbsp;<\/p>\n<p><strong><span style=\"line-height: 1.5em;\">4. versuchsaufbau und optimierung<\/span><\/strong><\/p>\n<p>werden Sie schnell konkret und handlungsf\u00e4hig durch versuchsaufbauten, die im verlauf des projektes sukzessive verfeinert, detailliert, optimiert werden. f\u00fchren Sie den designprozess vom versuchsaufbau bis zum funktionierenden prototypen.<\/p>\n<p><span style=\"line-height: 1.5em;\">ziel ist ein dinghaftes \u201eetwas\u201d, das alle gegenst\u00e4nde (um)fasst\/ordnet\/bewahrt \u2026 und alle handlungen\/prozesse organisiert, die in Ihrem szenario f\u00fcr das \u201eprivate habitat\u201d einer minimalistischen lebensform n\u00f6tig sind (nicht ber\u00fccksichtigt werden kochen und werkzeug-intensives arbeiten).<\/span><\/p>\n<p><span style=\"line-height: 1.5em;\">dieses ding soll \u201eindoor\u201d verwendet werden, ist aber komplett raumunabh\u00e4ngig, es ist transportabel, flexibel und variabel. Ihre \u201eminimal living unit\u201d ist raffiniert zu verdichten und ben\u00f6tigt im transport-modus maximal 0,7 qbm; sie ist im living-modus clever auszubreiten und erf\u00fcllt alle wohn- und aufbewahrungsfunktionen einer auf essentials konzentrierten lebensweise.<\/span><\/p>\n<p><span style=\"line-height: 1.5em;\"><a style=\"line-height: 1.5em;\" href=\"https:\/\/www.burg-halle.de\/id-neuwerk\/07-qbm-essentials\/category\/literatur\/#&lt;br%20\/&gt;Taku%20\u2013%20Eine%20mobile%20Reisestation%20&lt;br%20\/&gt;Teil%203%20der%20Diplomarbeit%20&lt;br%20\/&gt;von%20Sebastian%20M\u00fcllauer%20(2010\/11)\" target=\"_blank\" rel=\"noopener noreferrer\">Siehe auch unter Literatur Taku von Sebastian M\u00fcllauer\/Diplomarbeit<\/a> <\/span><\/p>\n<p>&nbsp;<\/p>\n<p><strong><span style=\"line-height: 1.5em;\">5. arbeitsweise<\/span><\/strong><\/p>\n<p>vorrangig als einzelarbeiten \u2013 angesichts der angestrebten komplexit\u00e4t ist es denkbar, das projekt auch in zweier-teams zu bearbeiten, hier sollen dann jedoch ZWEI gestalterisch\/formal und konstruktiv\/systemisch\/strukturell verwandte units entstehen (gemeinsames Designkonzept), die sich allerdings in der nutzung\/funktionalit\u00e4t unterscheiden: eine f\u00fcr das \u201eprivate living\u201d sowie eine f\u00fcr das \u201epersonal working\u201d. weiteres m\u00fcsste dann besprochen werden \u2026<\/p>\n<p>&nbsp;<\/p>\n<p><strong><span style=\"line-height: 1.5em;\">6. dokumentation<\/span><\/strong><\/p>\n<p>alle im zusammenhang mit dem projekt erfolgenden untersuchungen\/gedanken\/methoden\/erkenntnisse\/spekulationen\/utopien etc. \u2026 werden in einem pers\u00f6nlichen kompendium dokumentiert und in ausz\u00fcgen f\u00fcr den \u00fcberbau\/hintergrund zu den prototypen in einer gemeinsamen ausstellung (als plakate? \/ filme? \/ oder andere geeignete medien) aufbereitet.<\/p>\n<p>&nbsp;<\/p>\n<p>Studierende:<br \/>\nBenny Adler, Maximilian Bastian, Maria Bauhofer, Maika Butter, Laura Christopheri, Florian Cortes K\u00f6nig, Charlotte Ehrt, Wei Hsu, Hur Ji Hyun, Annabelle Klute, Leon Kucharski, Yujung Lee, Florian Lohse, Andreas Patsiaouras, Franziska Porsch, Senhui Qiu, Florian Schregelmann, Julia Senft, Fei Shan, Marlene Swiecznik<\/p>\n<p>Workshops und Vortr\u00e4ge:<br \/>\nHenrike G\u00e4nss, Moritz Grund<\/p>\n<p>Moderation:<br \/>\nProf. Guido Englich, David Oelschl\u00e4gel<\/p>\n<p>&nbsp;<\/p>\n<p>Studiengang BA Industriedesign und MA Industrial Design<br \/>\nWintersemester 2012\/13<\/p>\n<p>Burg Giebichenstein Kunsthochschule Halle<\/p>\n","protected":false},"excerpt":{"rendered":"<p>&nbsp; &nbsp; Entwurfsprojekt \/ Komplexes Gestalten Studiengang BA Industriedesign und MA Industrial Design &nbsp; minimalismus als lebensform minimalismus und design? das klingt zuerst nach \u00e4sthetischer konzeption. doch minimalismus kann mehr sein: organisationsform, weltanschauung, lebensprinzip \u2026 untersuchen Sie minimalismus als lebensform. entwickeln Sie szenarien eines radikal minimalistischen lebensstils. \u00fcberlegen Sie, mit welcher methode Sie dies am [&hellip;]<\/p>\n","protected":false},"author":5,"featured_media":0,"parent":0,"menu_order":0,"comment_status":"closed","ping_status":"closed","template":"","meta":{"footnotes":""},"class_list":["post-15","page","type-page","status-publish","hentry"],"_links":{"self":[{"href":"https:\/\/www.burg-halle.de\/id-neuwerk\/07-qbm-essentials\/wp-json\/wp\/v2\/pages\/15","targetHints":{"allow":["GET"]}}],"collection":[{"href":"https:\/\/www.burg-halle.de\/id-neuwerk\/07-qbm-essentials\/wp-json\/wp\/v2\/pages"}],"about":[{"href":"https:\/\/www.burg-halle.de\/id-neuwerk\/07-qbm-essentials\/wp-json\/wp\/v2\/types\/page"}],"author":[{"embeddable":true,"href":"https:\/\/www.burg-halle.de\/id-neuwerk\/07-qbm-essentials\/wp-json\/wp\/v2\/users\/5"}],"replies":[{"embeddable":true,"href":"https:\/\/www.burg-halle.de\/id-neuwerk\/07-qbm-essentials\/wp-json\/wp\/v2\/comments?post=15"}],"version-history":[{"count":16,"href":"https:\/\/www.burg-halle.de\/id-neuwerk\/07-qbm-essentials\/wp-json\/wp\/v2\/pages\/15\/revisions"}],"predecessor-version":[{"id":936,"href":"https:\/\/www.burg-halle.de\/id-neuwerk\/07-qbm-essentials\/wp-json\/wp\/v2\/pages\/15\/revisions\/936"}],"wp:attachment":[{"href":"https:\/\/www.burg-halle.de\/id-neuwerk\/07-qbm-essentials\/wp-json\/wp\/v2\/media?parent=15"}],"curies":[{"name":"wp","href":"https:\/\/api.w.org\/{rel}","templated":true}]}}