{"id":13,"date":"2014-10-11T18:00:23","date_gmt":"2014-10-11T16:00:23","guid":{"rendered":"https:\/\/www.burg-halle.de\/id-neuwerk\/1-2-3-leichte-kueche\/?page_id=13"},"modified":"2014-12-01T05:39:52","modified_gmt":"2014-12-01T03:39:52","slug":"film","status":"publish","type":"page","link":"https:\/\/www.burg-halle.de\/id-neuwerk\/1-2-3-leichte-kueche\/film\/","title":{"rendered":"Film"},"content":{"rendered":"<p>&nbsp;<\/p>\n<p><iframe loading=\"lazy\" src=\"\/\/player.vimeo.com\/video\/113256490?title=0&amp;byline=0&amp;portrait=0\" height=\"338\" width=\"600\" allowfullscreen=\"\" frameborder=\"0\"><\/iframe><\/p>\n<p>&nbsp;<\/p>\n<p><strong>Wieviel K\u00fcche brauchen wir eigentlich?<\/strong><\/p>\n<p>Ausgehend von dieser Frage entstanden in diesem Projekt sechs minimalistische K\u00fcchen in funktionsf\u00e4higen 1:1 Prototypen, die sich als kompakte, verwandelbare und solit\u00e4re <span style=\"line-height: 1.5em;\">Objekte von herk\u00f6mmlichen Raumbindungen und Strukturen l\u00f6sen und in bewusstem Kontrast zu den tradierten Bildern von Einbauk\u00fcchen stehen. <\/span><\/p>\n<p><span style=\"line-height: 1.5em;\">Gestaltet wurden \u201eArbeitspl\u00e4tze\u201d und deren Organisation f\u00fcr eine der sch\u00f6nsten Alltagsbesch\u00e4ftigungen: Kochen.<\/span><\/p>\n<p><em>Die Rahmenbedingungen:<\/em><br \/>\n1 \u2013 ein Quadratmeter Stellfl\u00e4che im unbenutzten Zustand,<br \/>\n2 \u2013 zwei Kochstellen,<br \/>\n3 \u2013 Bewirtung von drei G\u00e4sten.<\/p>\n<p>&nbsp;<\/p>\n<p>&nbsp;<\/p>\n<p>TeilnehmerInnen<br \/>\nNorman Ebelt + Kristin Laass, Martin Klinke + Albrecht Seeger, Ulrich Kohl + Robert Schierjott, Maria Lobisch + Andreas N\u00e4ther, Christopher Meyer + Vicky M\u00fcller, Ulrike Sandner + Katrin Sillmann + Franziska Winter<\/p>\n<p>Projektleitung<br \/>\nProf. Guido Englich, Mark Braun<\/p>\n<p>&nbsp;<\/p>\n<p>Studiengang Industriedesign<br \/>\nWintersemester 2009\/10<\/p>\n<p>Burg Giebichenstein Kunsthochschule Halle<\/p>\n","protected":false},"excerpt":{"rendered":"<p>&nbsp; &nbsp; Wieviel K\u00fcche brauchen wir eigentlich? Ausgehend von dieser Frage entstanden in diesem Projekt sechs minimalistische K\u00fcchen in funktionsf\u00e4higen 1:1 Prototypen, die sich als kompakte, verwandelbare und solit\u00e4re Objekte von herk\u00f6mmlichen Raumbindungen und Strukturen l\u00f6sen und in bewusstem Kontrast zu den tradierten Bildern von Einbauk\u00fcchen stehen. Gestaltet wurden \u201eArbeitspl\u00e4tze\u201d und deren Organisation f\u00fcr eine [&hellip;]<\/p>\n","protected":false},"author":5,"featured_media":0,"parent":0,"menu_order":0,"comment_status":"closed","ping_status":"closed","template":"","meta":{"footnotes":""},"class_list":["post-13","page","type-page","status-publish","hentry"],"_links":{"self":[{"href":"https:\/\/www.burg-halle.de\/id-neuwerk\/1-2-3-leichte-kueche\/wp-json\/wp\/v2\/pages\/13","targetHints":{"allow":["GET"]}}],"collection":[{"href":"https:\/\/www.burg-halle.de\/id-neuwerk\/1-2-3-leichte-kueche\/wp-json\/wp\/v2\/pages"}],"about":[{"href":"https:\/\/www.burg-halle.de\/id-neuwerk\/1-2-3-leichte-kueche\/wp-json\/wp\/v2\/types\/page"}],"author":[{"embeddable":true,"href":"https:\/\/www.burg-halle.de\/id-neuwerk\/1-2-3-leichte-kueche\/wp-json\/wp\/v2\/users\/5"}],"replies":[{"embeddable":true,"href":"https:\/\/www.burg-halle.de\/id-neuwerk\/1-2-3-leichte-kueche\/wp-json\/wp\/v2\/comments?post=13"}],"version-history":[{"count":7,"href":"https:\/\/www.burg-halle.de\/id-neuwerk\/1-2-3-leichte-kueche\/wp-json\/wp\/v2\/pages\/13\/revisions"}],"predecessor-version":[{"id":363,"href":"https:\/\/www.burg-halle.de\/id-neuwerk\/1-2-3-leichte-kueche\/wp-json\/wp\/v2\/pages\/13\/revisions\/363"}],"wp:attachment":[{"href":"https:\/\/www.burg-halle.de\/id-neuwerk\/1-2-3-leichte-kueche\/wp-json\/wp\/v2\/media?parent=13"}],"curies":[{"name":"wp","href":"https:\/\/api.w.org\/{rel}","templated":true}]}}