{"id":568,"date":"2023-11-16T10:18:03","date_gmt":"2023-11-16T08:18:03","guid":{"rendered":"https:\/\/www.burg-halle.de\/id-neuwerk\/1-2-3-leichte-kueche\/?page_id=568"},"modified":"2023-11-16T10:23:29","modified_gmt":"2023-11-16T08:23:29","slug":"tutorials","status":"publish","type":"page","link":"https:\/\/www.burg-halle.de\/id-neuwerk\/1-2-3-leichte-kueche\/tutorials\/","title":{"rendered":"Tutorials"},"content":{"rendered":"<div class=\"_df_thumb \" id=\"df_415\"  wpoptions=\"true\" thumb=\"https:\/\/www.burg-halle.de\/id-neuwerk\/1-2-3-leichte-kueche\/wp-content\/uploads\/sites\/24\/2018\/03\/wasser_marsch.jpg\" thumbtype=\"img\" >Tutorial TL water<\/div><script data-cfasync=\"false\">var option_df_415 = {\"outline\":[],\"forceFit\":\"true\",\"autoEnableOutline\":\"false\",\"autoEnableThumbnail\":\"false\",\"overwritePDFOutline\":\"false\",\"direction\":\"1\",\"pageMode\":\"0\",\"source\":\"https:\\\/\\\/www.burg-halle.de\\\/id-neuwerk\\\/1-2-3-leichte-kueche\\\/wp-content\\\/uploads\\\/sites\\\/24\\\/2018\\\/03\\\/wasser_marsch_kl.pdf\",\"wpOptions\":\"true\"}; if(window.DFLIP && DFLIP.parseBooks){DFLIP.parseBooks();}<\/script>\n<p>&nbsp;<\/p>\n<p><strong>Wasser marsch \u2026<\/strong><br \/>\noder wie kommt das Wasser in die K\u00fcche?<\/p>\n<p>Sp\u00fclen, W\u00e4ssern, Waschen \u2026<br \/>\nam Ende kochen alle nur mit Wasser<\/p>\n<p><em> Tutorial von Kristin Laass<\/em><\/p>\n<p>&nbsp;<\/p>\n<div class=\"_df_thumb \" id=\"df_414\"  wpoptions=\"true\" thumb=\"https:\/\/www.burg-halle.de\/id-neuwerk\/1-2-3-leichte-kueche\/wp-content\/uploads\/sites\/24\/2018\/03\/Achtung_Heiss_kl.jpg\" thumbtype=\"img\" >Tutorial CS fire<\/div><script data-cfasync=\"false\">var option_df_414 = {\"outline\":[],\"forceFit\":\"true\",\"autoEnableOutline\":\"false\",\"autoEnableThumbnail\":\"false\",\"overwritePDFOutline\":\"false\",\"direction\":\"1\",\"pageMode\":\"0\",\"source\":\"https:\\\/\\\/www.burg-halle.de\\\/id-neuwerk\\\/1-2-3-leichte-kueche\\\/wp-content\\\/uploads\\\/sites\\\/24\\\/2018\\\/03\\\/Achtung_Heiss_kl.pdf\",\"wpOptions\":\"true\"}; if(window.DFLIP && DFLIP.parseBooks){DFLIP.parseBooks();}<\/script>\n<p>&nbsp;<\/p>\n<p><strong style=\"line-height: 1.5em;\">Achtung: Heiss!<br \/>\n<\/strong>oder wie kommt das \u201eFeuer\u201d in die K\u00fcche \u2026<\/p>\n<p><em> Tutorial von Christopher Meyer<\/em><\/p>\n<p>&nbsp;<\/p>\n<div class=\"_df_thumb \" id=\"df_417\"  wpoptions=\"true\" thumb=\"https:\/\/www.burg-halle.de\/id-neuwerk\/1-2-3-leichte-kueche\/wp-content\/uploads\/sites\/24\/2018\/03\/elektr_geraete_kueche.jpg\" thumbtype=\"img\" >Tutorial electrical<\/div><script data-cfasync=\"false\">var option_df_417 = {\"outline\":[],\"forceFit\":\"true\",\"autoEnableOutline\":\"false\",\"autoEnableThumbnail\":\"false\",\"overwritePDFOutline\":\"false\",\"direction\":\"1\",\"pageMode\":\"0\",\"source\":\"https:\\\/\\\/www.burg-halle.de\\\/id-neuwerk\\\/1-2-3-leichte-kueche\\\/wp-content\\\/uploads\\\/sites\\\/24\\\/2018\\\/03\\\/elektr_geraete_kueche_kl.pdf\",\"wpOptions\":\"true\"}; if(window.DFLIP && DFLIP.parseBooks){DFLIP.parseBooks();}<\/script>\n<p>&nbsp;<\/p>\n<p><strong>Elektrische Aggregate und Apparate in der K\u00fcche<\/strong><br \/>\n\u2013 von sinnvollen Maschinen und Hilfsmitteln bis zu absurden Stromfressern \u2026<\/p>\n<p><em> Tutorial von Vicky M\u00fcller<\/em><\/p>\n<p>&nbsp;<\/p>\n<div class=\"_df_thumb \" id=\"df_416\"  wpoptions=\"true\" thumb=\"https:\/\/www.burg-halle.de\/id-neuwerk\/1-2-3-leichte-kueche\/wp-content\/uploads\/sites\/24\/2018\/03\/Moebel_Beschlaege_kl.jpg\" thumbtype=\"img\" >Tutorial Beschlaege<\/div><script data-cfasync=\"false\">var option_df_416 = {\"outline\":[],\"forceFit\":\"true\",\"autoEnableOutline\":\"false\",\"autoEnableThumbnail\":\"false\",\"overwritePDFOutline\":\"false\",\"direction\":\"1\",\"pageMode\":\"0\",\"source\":\"https:\\\/\\\/www.burg-halle.de\\\/id-neuwerk\\\/1-2-3-leichte-kueche\\\/wp-content\\\/uploads\\\/sites\\\/24\\\/2018\\\/03\\\/Moebel_Beschlaege_kl.pdf\",\"wpOptions\":\"true\"}; if(window.DFLIP && DFLIP.parseBooks){DFLIP.parseBooks();}<\/script>\n<p>&nbsp;<\/p>\n<p><span style=\"line-height: 1.5em;\"><strong>Das klappt auch noch nach dem hundertsten Mal \u2026<\/strong><br \/>\n<\/span>Beschl\u00e4ge \u2013 Technik und Systeme<\/p>\n<p><em>Tutorial von Norman Ebelt<\/em><\/p>\n<p>&nbsp;<\/p>\n","protected":false},"excerpt":{"rendered":"<p>&nbsp; Wasser marsch \u2026 oder wie kommt das Wasser in die K\u00fcche? Sp\u00fclen, W\u00e4ssern, Waschen \u2026 am Ende kochen alle nur mit Wasser Tutorial von Kristin Laass &nbsp; &nbsp; Achtung: Heiss! oder wie kommt das \u201eFeuer\u201d in die K\u00fcche \u2026 Tutorial von Christopher Meyer &nbsp; &nbsp; Elektrische Aggregate und Apparate in der K\u00fcche \u2013 von [&hellip;]<\/p>\n","protected":false},"author":5,"featured_media":0,"parent":0,"menu_order":0,"comment_status":"closed","ping_status":"closed","template":"","meta":{"footnotes":""},"class_list":["post-568","page","type-page","status-publish","hentry"],"_links":{"self":[{"href":"https:\/\/www.burg-halle.de\/id-neuwerk\/1-2-3-leichte-kueche\/wp-json\/wp\/v2\/pages\/568","targetHints":{"allow":["GET"]}}],"collection":[{"href":"https:\/\/www.burg-halle.de\/id-neuwerk\/1-2-3-leichte-kueche\/wp-json\/wp\/v2\/pages"}],"about":[{"href":"https:\/\/www.burg-halle.de\/id-neuwerk\/1-2-3-leichte-kueche\/wp-json\/wp\/v2\/types\/page"}],"author":[{"embeddable":true,"href":"https:\/\/www.burg-halle.de\/id-neuwerk\/1-2-3-leichte-kueche\/wp-json\/wp\/v2\/users\/5"}],"replies":[{"embeddable":true,"href":"https:\/\/www.burg-halle.de\/id-neuwerk\/1-2-3-leichte-kueche\/wp-json\/wp\/v2\/comments?post=568"}],"version-history":[{"count":3,"href":"https:\/\/www.burg-halle.de\/id-neuwerk\/1-2-3-leichte-kueche\/wp-json\/wp\/v2\/pages\/568\/revisions"}],"predecessor-version":[{"id":572,"href":"https:\/\/www.burg-halle.de\/id-neuwerk\/1-2-3-leichte-kueche\/wp-json\/wp\/v2\/pages\/568\/revisions\/572"}],"wp:attachment":[{"href":"https:\/\/www.burg-halle.de\/id-neuwerk\/1-2-3-leichte-kueche\/wp-json\/wp\/v2\/media?parent=568"}],"curies":[{"name":"wp","href":"https:\/\/api.w.org\/{rel}","templated":true}]}}