{"id":167,"date":"2014-05-13T18:41:34","date_gmt":"2014-05-13T16:41:34","guid":{"rendered":"https:\/\/www.burg-halle.de\/id-neuwerk\/24-short-films-about-design\/?page_id=167"},"modified":"2019-08-08T08:05:42","modified_gmt":"2019-08-08T06:05:42","slug":"screening-3","status":"publish","type":"page","link":"https:\/\/www.burg-halle.de\/id-neuwerk\/24-short-films-about-design\/screening-3\/","title":{"rendered":"Screen 3"},"content":{"rendered":"<p>&nbsp;<\/p>\n<p><strong>Innenansichten: Ich als Entwerfer<\/strong><br \/>\nReflektionen \u00fcber pers\u00f6nliche Positionen, Haltungen, Methoden, Motive, Prozesse<\/p>\n<p>&nbsp;<\/p>\n<p><iframe loading=\"lazy\" src=\"\/\/player.vimeo.com\/video\/45518223\" height=\"289\" width=\"600\" frameborder=\"0\" webkitallowfullscreen mozallowfullscreen allowfullscreen><\/iframe><\/p>\n<p><strong>Kreativit\u00e4t<\/strong>\u00a0(2:32) Jan Panev<\/p>\n<p>&nbsp;<\/p>\n<p>_ _ _ _ _ _ _ _ _ _ _ _ _ _ _ _ _ _ _ _<\/p>\n<p><iframe loading=\"lazy\" src=\"\/\/player.vimeo.com\/video\/44920180\" height=\"339\" width=\"600\" frameborder=\"0\" webkitallowfullscreen mozallowfullscreen allowfullscreen><\/iframe><\/p>\n<p><strong>Think out of the Box<\/strong>\u00a0(2:34) Senhui Qiu<\/p>\n<p>&nbsp;<\/p>\n<p>_ _ _ _ _ _ _ _ _ _ _ _ _ _ _ _ _ _ _ _<\/p>\n<p><iframe loading=\"lazy\" src=\"\/\/player.vimeo.com\/video\/45440215\" height=\"339\" width=\"600\" frameborder=\"0\" webkitallowfullscreen mozallowfullscreen allowfullscreen><\/iframe><\/p>\n<p><strong>leiten \/\/ lassen<\/strong>\u00a0(2:28) Maika Butter<\/p>\n<p>&nbsp;<\/p>\n<p>_ _ _ _ _ _ _ _ _ _ _ _ _ _ _ _ _ _ _ _<\/p>\n<p><iframe loading=\"lazy\" src=\"\/\/player.vimeo.com\/video\/45437106\" height=\"339\" width=\"600\" frameborder=\"0\" webkitallowfullscreen mozallowfullscreen allowfullscreen><\/iframe><\/p>\n<p><strong>JEIN<\/strong>\u00a0(5:01) Maika Butter<\/p>\n<p>&nbsp;<\/p>\n<p>_ _ _ _ _ _ _ _ _ _ _ _ _ _ _ _ _ _ _ _<\/p>\n<p><iframe loading=\"lazy\" src=\"\/\/player.vimeo.com\/video\/45518571\" height=\"342\" width=\"600\" frameborder=\"0\" webkitallowfullscreen mozallowfullscreen allowfullscreen><\/iframe><\/p>\n<p><strong>Momentaufnahmen<\/strong>\u00a0(2:33) Leon Kucharski<\/p>\n<p>&nbsp;<\/p>\n<p>_ _ _ _ _ _ _ _ _ _ _ _ _ _ _ _ _ _ _ _<\/p>\n<p><iframe loading=\"lazy\" src=\"\/\/player.vimeo.com\/video\/45579192\" height=\"451\" width=\"600\" frameborder=\"0\" webkitallowfullscreen mozallowfullscreen allowfullscreen><\/iframe><\/p>\n<p><strong>Interviews<\/strong>\u00a0(1:53) Juliane Huhn<\/p>\n<p>&nbsp;<\/p>\n","protected":false},"excerpt":{"rendered":"<p>&nbsp; Innenansichten: Ich als Entwerfer Reflektionen \u00fcber pers\u00f6nliche Positionen, Haltungen, Methoden, Motive, Prozesse &nbsp; Kreativit\u00e4t\u00a0(2:32) Jan Panev &nbsp; _ _ _ _ _ _ _ _ _ _ _ _ _ _ _ _ _ _ _ _ Think out of the Box\u00a0(2:34) Senhui Qiu &nbsp; _ _ _ _ _ _ _ _ _ [&hellip;]<\/p>\n","protected":false},"author":5,"featured_media":0,"parent":0,"menu_order":0,"comment_status":"open","ping_status":"open","template":"","meta":{"footnotes":""},"class_list":["post-167","page","type-page","status-publish","hentry"],"_links":{"self":[{"href":"https:\/\/www.burg-halle.de\/id-neuwerk\/24-short-films-about-design\/wp-json\/wp\/v2\/pages\/167","targetHints":{"allow":["GET"]}}],"collection":[{"href":"https:\/\/www.burg-halle.de\/id-neuwerk\/24-short-films-about-design\/wp-json\/wp\/v2\/pages"}],"about":[{"href":"https:\/\/www.burg-halle.de\/id-neuwerk\/24-short-films-about-design\/wp-json\/wp\/v2\/types\/page"}],"author":[{"embeddable":true,"href":"https:\/\/www.burg-halle.de\/id-neuwerk\/24-short-films-about-design\/wp-json\/wp\/v2\/users\/5"}],"replies":[{"embeddable":true,"href":"https:\/\/www.burg-halle.de\/id-neuwerk\/24-short-films-about-design\/wp-json\/wp\/v2\/comments?post=167"}],"version-history":[{"count":6,"href":"https:\/\/www.burg-halle.de\/id-neuwerk\/24-short-films-about-design\/wp-json\/wp\/v2\/pages\/167\/revisions"}],"predecessor-version":[{"id":642,"href":"https:\/\/www.burg-halle.de\/id-neuwerk\/24-short-films-about-design\/wp-json\/wp\/v2\/pages\/167\/revisions\/642"}],"wp:attachment":[{"href":"https:\/\/www.burg-halle.de\/id-neuwerk\/24-short-films-about-design\/wp-json\/wp\/v2\/media?parent=167"}],"curies":[{"name":"wp","href":"https:\/\/api.w.org\/{rel}","templated":true}]}}