{"id":34,"date":"2014-05-12T23:09:31","date_gmt":"2014-05-12T21:09:31","guid":{"rendered":"https:\/\/www.burg-halle.de\/id-neuwerk\/24-short-films-about-design\/?page_id=34"},"modified":"2019-08-08T08:09:39","modified_gmt":"2019-08-08T06:09:39","slug":"workshop","status":"publish","type":"page","link":"https:\/\/www.burg-halle.de\/id-neuwerk\/24-short-films-about-design\/workshop\/","title":{"rendered":"Workshop"},"content":{"rendered":"<p><img decoding=\"async\" class=\"alignnone size-large wp-image-524\" src=\"https:\/\/www.burg-halle.de\/id-neuwerk\/24-short-films-about-design\/wp-content\/uploads\/sites\/31\/2014\/05\/begriffe-853x1024.jpg\" alt=\"begriffe\" width=\"400\" height=\"auto\" data-id=\"524\" srcset=\"https:\/\/www.burg-halle.de\/id-neuwerk\/24-short-films-about-design\/wp-content\/uploads\/sites\/31\/2014\/05\/begriffe-853x1024.jpg 853w, https:\/\/www.burg-halle.de\/id-neuwerk\/24-short-films-about-design\/wp-content\/uploads\/sites\/31\/2014\/05\/begriffe-249x300.jpg 249w\" sizes=\"(max-width: 853px) 100vw, 853px\" \/><\/p>\n<p>&nbsp;<\/p>\n<p>2.4. bis 5.4.2012<\/p>\n<p><strong>Filmische Visualisierung <\/strong><br \/>\n<strong> von elementaren gestalterischen Operationen, Wirkungen und Wahrnehmungen \u2026<\/strong><\/p>\n<p>In diesem Workshop sollen sich die Projektteilnehmer experimentell, d.h. beim Machen, beim Probieren, bei der Herstellung und Umsetzung\u00a0eines ersten kurzen Films auseinandersetzen mit Aspekten der Dramaturgie, der Visualisierung, der Umsetzung von thematischen und bildhaften Ideen in bewegte Bilder, ggfs. der Verwendung von Zeichen, typografie, ggfs. T\u00f6nen, Sprache, Ger\u00e4uschen usw. \u2026<\/p>\n<p>&nbsp;<\/p>\n<p><em>Einf\u00fchrung in Filmschnitt und Montage:<br \/>\nCrist\u00f3v\u00e3o A. dos Reis<\/em><\/p>\n<p>&nbsp;<\/p>\n<p>Aufgabe:<br \/>\nW\u00e4hlen Sie bitte zwei bis drei der unten genannten Begriffe, die auf unterschiedliche Art mit Gestaltung zu tun haben &#8211; wahrnehmungs-, handlungs-, wirkungs-bezogen etc. -, die aber auch fast alle mehrfache Bedeutungen in sowohl zeichenhaften, gegenst\u00e4ndlichen oder r\u00e4umlichen wie auch sozialen oder psychologischen Zusammenh\u00e4ngen oder Kontexten haben.<\/p>\n<p>Einige der Begriffe lassen spontan Bilder assoziieren, andere sind komplexer zu entschl\u00fcsseln \u2026<\/p>\n<p>tiefe \/ h\u00fclle \/ vordergrund \/ n\u00e4he \/ distanz \/ rand \/ grenze \/ nachbarschaft \/ integration \/ vernetzung \/ austausch \/ kreislauf \/ struktur \/ textur \/ transparenz \/ rhythmus \/ dissonanz \/ analogie \/ addition \/ subtraktion \/ metamorphose \/ transformation \/ reihung \/ \u00fcberschneidung \/ durchdringung \/ \u00fcberlagerung \/ mischung \/ f\u00fcgung<\/p>\n<p>&nbsp;<\/p>\n<p><strong>Filme aus dem Workshop<\/strong> (Auswahl)<\/p>\n<p>&nbsp;<\/p>\n<p><iframe loading=\"lazy\" src=\"https:\/\/player.vimeo.com\/video\/44920178?title=0&#038;byline=0&#038;portrait=0\" width=\"600\" height=\"338\" frameborder=\"0\" webkitallowfullscreen mozallowfullscreen allowfullscreen><\/iframe><\/p>\n<p><strong>Durchdringung \/ Grenze \/ Transparenz<\/strong>\u00a0(1:56) Senhui Qiu<\/p>\n<p>&nbsp;<\/p>\n<p><span style=\"line-height: 1.5em;\">_ _ _ _ _ _ _ _ _ _ _ _ _ _ _ _ _ _ _ _<\/span><\/p>\n<p><iframe loading=\"lazy\" src=\"\/\/player.vimeo.com\/video\/45305531\" width=\"600\" height=\"339\" frameborder=\"0\" webkitallowfullscreen mozallowfullscreen allowfullscreen ><\/iframe><\/p>\n<p><strong>Dissonanz \/ \u00dcberschneidung \/ Integration\u00a0<\/strong>(1:22) Malte Westpahlen<\/p>\n<p>&nbsp;<\/p>\n<p><span style=\"line-height: 1.5em;\">_ _ _ _ _ _ _ _ _ _ _ _ _ _ _ _ _ _ _ _<\/span><\/p>\n<p><iframe loading=\"lazy\" src=\"\/\/player.vimeo.com\/video\/45305529\" width=\"600\" height=\"451\" frameborder=\"0\" webkitallowfullscreen mozallowfullscreen allowfullscreen><\/iframe><\/p>\n<p><strong>Rhythmus \/ F\u00fcgung \/ Tiefe<\/strong>\u00a0(1:06) Maika Butter<\/p>\n<p>&nbsp;<\/p>\n<p><span style=\"line-height: 1.5em;\">_ _ _ _ _ _ _ _ _ _ _ _ _ _ _ _ _ _ _ _<\/span><\/p>\n<p><iframe loading=\"lazy\" src=\"\/\/player.vimeo.com\/video\/45305530\" width=\"600\" height=\"339\" frameborder=\"0\" webkitallowfullscreen mozallowfullscreen allowfullscreen><\/iframe><\/p>\n<p><strong>Vernetzung \/ Vordergrund \/ Struktur<\/strong>\u00a0(0:40) Felix Kr\u00e4mer<\/p>\n<p>&nbsp;<\/p>\n<p><span style=\"line-height: 1.5em;\">_ _ _ _ _ _ _ _ _ _ _ _ _ _ _ _ _ _ _ _<\/span><\/p>\n<p><iframe loading=\"lazy\" src=\"\/\/player.vimeo.com\/video\/45249294\" width=\"600\" height=\"481\" frameborder=\"0\" webkitallowfullscreen mozallowfullscreen allowfullscreen><\/iframe><\/p>\n<p><strong>Metamorpose \/ Reihung<\/strong>\u00a0(1:31) Rebekka Volz<\/p>\n<p>&nbsp;<\/p>\n<p><span style=\"line-height: 1.5em;\">_ _ _ _ _ _ _ _ _ _ _ _ _ _ _ _ _ _ _ _<\/span><\/p>\n<p><iframe loading=\"lazy\" src=\"\/\/player.vimeo.com\/video\/45510296\" width=\"600\" height=\"451\" frameborder=\"0\" webkitallowfullscreen mozallowfullscreen allowfullscreen><\/iframe><\/p>\n<p><strong>Nachbarschaft \/ \u00dcberlagerung \/ Grenze<\/strong>\u00a0(3:17) Juliane Huhn<\/p>\n<p>&nbsp;<\/p>\n<p><span style=\"line-height: 1.5em;\">_ _ _ _ _ _ _ _ _ _ _ _ _ _ _ _ _ _ _ _<\/span><\/p>\n<p><iframe loading=\"lazy\" src=\"\/\/player.vimeo.com\/video\/45510668\" width=\"600\" height=\"342\" frameborder=\"0\" webkitallowfullscreen mozallowfullscreen allowfullscreen><\/iframe><\/p>\n<p><strong>Rhythmus \/ Reihung \/ Kreislauf<\/strong>\u00a0(1:41) Leon Kucharski<\/p>\n<p>&nbsp;<\/p>\n","protected":false},"excerpt":{"rendered":"<p>&nbsp; 2.4. bis 5.4.2012 Filmische Visualisierung von elementaren gestalterischen Operationen, Wirkungen und Wahrnehmungen \u2026 In diesem Workshop sollen sich die Projektteilnehmer experimentell, d.h. beim Machen, beim Probieren, bei der Herstellung und Umsetzung\u00a0eines ersten kurzen Films auseinandersetzen mit Aspekten der Dramaturgie, der Visualisierung, der Umsetzung von thematischen und bildhaften Ideen in bewegte Bilder, ggfs. der Verwendung [&hellip;]<\/p>\n","protected":false},"author":5,"featured_media":0,"parent":0,"menu_order":0,"comment_status":"open","ping_status":"open","template":"","meta":{"footnotes":""},"class_list":["post-34","page","type-page","status-publish","hentry"],"_links":{"self":[{"href":"https:\/\/www.burg-halle.de\/id-neuwerk\/24-short-films-about-design\/wp-json\/wp\/v2\/pages\/34","targetHints":{"allow":["GET"]}}],"collection":[{"href":"https:\/\/www.burg-halle.de\/id-neuwerk\/24-short-films-about-design\/wp-json\/wp\/v2\/pages"}],"about":[{"href":"https:\/\/www.burg-halle.de\/id-neuwerk\/24-short-films-about-design\/wp-json\/wp\/v2\/types\/page"}],"author":[{"embeddable":true,"href":"https:\/\/www.burg-halle.de\/id-neuwerk\/24-short-films-about-design\/wp-json\/wp\/v2\/users\/5"}],"replies":[{"embeddable":true,"href":"https:\/\/www.burg-halle.de\/id-neuwerk\/24-short-films-about-design\/wp-json\/wp\/v2\/comments?post=34"}],"version-history":[{"count":9,"href":"https:\/\/www.burg-halle.de\/id-neuwerk\/24-short-films-about-design\/wp-json\/wp\/v2\/pages\/34\/revisions"}],"predecessor-version":[{"id":644,"href":"https:\/\/www.burg-halle.de\/id-neuwerk\/24-short-films-about-design\/wp-json\/wp\/v2\/pages\/34\/revisions\/644"}],"wp:attachment":[{"href":"https:\/\/www.burg-halle.de\/id-neuwerk\/24-short-films-about-design\/wp-json\/wp\/v2\/media?parent=34"}],"curies":[{"name":"wp","href":"https:\/\/api.w.org\/{rel}","templated":true}]}}