{"id":36,"date":"2014-05-12T23:11:08","date_gmt":"2014-05-12T21:11:08","guid":{"rendered":"https:\/\/www.burg-halle.de\/id-neuwerk\/24-short-films-about-design\/?page_id=36"},"modified":"2015-01-17T07:22:17","modified_gmt":"2015-01-17T05:22:17","slug":"thema","status":"publish","type":"page","link":"https:\/\/www.burg-halle.de\/id-neuwerk\/24-short-films-about-design\/","title":{"rendered":"Thema"},"content":{"rendered":"<p>&nbsp;<\/p>\n<p><img decoding=\"async\" class=\"alignnone size-full wp-image-212\" alt=\"kameramann-hg-blau\" src=\"https:\/\/www.burg-halle.de\/id-neuwerk\/24-short-films-about-design\/wp-content\/uploads\/sites\/31\/2014\/05\/kameramann-hg-blau.jpg\" width=\"300\" height=\"auto\" srcset=\"https:\/\/www.burg-halle.de\/id-neuwerk\/24-short-films-about-design\/wp-content\/uploads\/sites\/31\/2014\/05\/kameramann-hg-blau.jpg 510w, https:\/\/www.burg-halle.de\/id-neuwerk\/24-short-films-about-design\/wp-content\/uploads\/sites\/31\/2014\/05\/kameramann-hg-blau-286x300.jpg 286w\" sizes=\"(max-width: 510px) 100vw, 510px\" \/><\/p>\n<p>&nbsp;<\/p>\n<p>Entwurfsprojekt \/ Komplexes Gestalten<br \/>\nBachelor-Studiengang Industriedesign<\/p>\n<p>&nbsp;<\/p>\n<p><strong>24 kurze Filme \u00fcber Design <\/strong><\/p>\n<p><em>Was ist, was kann, was will Design?\u00a0<\/em><br \/>\n<em>Und: wie lassen sich diese Fragen mit Hilfe von Filmen untersuchen und visualisieren?\u00a0<\/em><\/p>\n<p><span style=\"line-height: 1.5em;\">Gegenstand in diesem Projekt war also Design selbst, in seinen vielschichtigen und unterschiedlichen Handlungsfeldern des zeichenhaften, gegenst\u00e4ndlichen, r\u00e4umlichen, prozesshaften Gestaltens; eine Reflektion von Haltungen, Anspr\u00fcchen und Ideologien; eine Untersuchung von Methoden und Vorgehensweisen. Film als Medium hier nicht eingesetzt zur Dokumentation vorhergehenden Entwerfens, sondern als Entwurfs- und Gestaltungsmittel, um Fragen zu stellen und spekulative Antworten zu suchen. Letztlich wird das Filmen selbst zum Untersuchungsgegenstand f\u00fcr seine m\u00f6glichen und vielf\u00e4ltigen Funktionen als Werkzeug im Designprozess.<\/span><\/p>\n<p>Angestrebtes Ziel des Projektes ist die Verdichtung, Vermittlung und Verdeutlichung von Annahmen und Hypothesen, von Unterstellungen und W\u00fcnschen, bestenfalls von Erkenntnissen zu Gegenst\u00e4nden oder Handlungsfeldern des Designs, des Entwerfens schlechthin \u2026 mit dramaturgischen, szenischen, narrativen, montierenden \u2026 Mitteln und Versuchsanordnungen des experimentellen, des essayistischen Films. Als eine Gesamtschau in bewegten Bildern, T\u00f6nen, Sprachen, Ger\u00e4uschen \u2026 zu einer bewegten, beweglichen und h\u00f6chst vitalen Unternehmung: Design.<\/p>\n<p><em>\u00a0<\/em><\/p>\n<p><em>Projektteilnehmer:<\/em><\/p>\n<p>Maika Butter,\u00a0Felix Friedrich Fleischer,\u00a0Kirsten Grass,\u00a0Juliane Huhn,\u00a0Felix Kraemer,\u00a0Leon Kucharski,\u00a0Johanna Padge,\u00a0Jan Panev,\u00a0Senhui Qiu,\u00a0Alexander Skowronski,\u00a0Johannes Sobeck,\u00a0Rebekka Volz,\u00a0Malte Westphalen<\/p>\n<p><span style=\"line-height: 1.5em;\">Prof. Guido Englich<br \/>\n<\/span><span style=\"line-height: 1.5em;\">David Oelschl\u00e4gel<\/span><\/p>\n<p>Workshop Dramaturgie und Montage:<br \/>\nCrist\u00f3v\u00e3o A. dos Reis<\/p>\n<p>&nbsp;<\/p>\n<p>Studiengang BA Industriedesign<br \/>\nSommersemester 2012<\/p>\n<p><span style=\"line-height: 1.5em;\">Burg Giebichenstein\u00a0<\/span><span style=\"line-height: 1.5em;\">Kunsthochschule Halle<\/span><\/p>\n<div><\/div>\n","protected":false},"excerpt":{"rendered":"<p>&nbsp; &nbsp; Entwurfsprojekt \/ Komplexes Gestalten Bachelor-Studiengang Industriedesign &nbsp; 24 kurze Filme \u00fcber Design Was ist, was kann, was will Design?\u00a0 Und: wie lassen sich diese Fragen mit Hilfe von Filmen untersuchen und visualisieren?\u00a0 Gegenstand in diesem Projekt war also Design selbst, in seinen vielschichtigen und unterschiedlichen Handlungsfeldern des zeichenhaften, gegenst\u00e4ndlichen, r\u00e4umlichen, prozesshaften Gestaltens; eine [&hellip;]<\/p>\n","protected":false},"author":5,"featured_media":0,"parent":0,"menu_order":0,"comment_status":"open","ping_status":"open","template":"","meta":{"footnotes":""},"class_list":["post-36","page","type-page","status-publish","hentry"],"_links":{"self":[{"href":"https:\/\/www.burg-halle.de\/id-neuwerk\/24-short-films-about-design\/wp-json\/wp\/v2\/pages\/36","targetHints":{"allow":["GET"]}}],"collection":[{"href":"https:\/\/www.burg-halle.de\/id-neuwerk\/24-short-films-about-design\/wp-json\/wp\/v2\/pages"}],"about":[{"href":"https:\/\/www.burg-halle.de\/id-neuwerk\/24-short-films-about-design\/wp-json\/wp\/v2\/types\/page"}],"author":[{"embeddable":true,"href":"https:\/\/www.burg-halle.de\/id-neuwerk\/24-short-films-about-design\/wp-json\/wp\/v2\/users\/5"}],"replies":[{"embeddable":true,"href":"https:\/\/www.burg-halle.de\/id-neuwerk\/24-short-films-about-design\/wp-json\/wp\/v2\/comments?post=36"}],"version-history":[{"count":8,"href":"https:\/\/www.burg-halle.de\/id-neuwerk\/24-short-films-about-design\/wp-json\/wp\/v2\/pages\/36\/revisions"}],"predecessor-version":[{"id":518,"href":"https:\/\/www.burg-halle.de\/id-neuwerk\/24-short-films-about-design\/wp-json\/wp\/v2\/pages\/36\/revisions\/518"}],"wp:attachment":[{"href":"https:\/\/www.burg-halle.de\/id-neuwerk\/24-short-films-about-design\/wp-json\/wp\/v2\/media?parent=36"}],"curies":[{"name":"wp","href":"https:\/\/api.w.org\/{rel}","templated":true}]}}