{"id":40,"date":"2014-05-12T23:23:46","date_gmt":"2014-05-12T21:23:46","guid":{"rendered":"https:\/\/www.burg-halle.de\/id-neuwerk\/24-short-films-about-design\/?page_id=40"},"modified":"2019-08-08T08:10:45","modified_gmt":"2019-08-08T06:10:45","slug":"videogramme","status":"publish","type":"page","link":"https:\/\/www.burg-halle.de\/id-neuwerk\/24-short-films-about-design\/videogramme\/","title":{"rendered":"Videogramme"},"content":{"rendered":"<p><span style=\"line-height: 1.5em;\">\u00a0<\/span><\/p>\n<p><a href=\"https:\/\/www.burg-halle.de\/id-neuwerk\/24-short-films-about-design\/wp-content\/uploads\/sites\/31\/2014\/05\/pinn_design1.jpg\" target=\"_blank\" rel=\"noopener noreferrer\"><img decoding=\"async\" class=\"alignnone size-full wp-image-242\" src=\"https:\/\/www.burg-halle.de\/id-neuwerk\/24-short-films-about-design\/wp-content\/uploads\/sites\/31\/2014\/05\/pinn_design1.jpg\" alt=\"pinn_design\" width=\"185\" height=\"auto\" srcset=\"https:\/\/www.burg-halle.de\/id-neuwerk\/24-short-films-about-design\/wp-content\/uploads\/sites\/31\/2014\/05\/pinn_design1.jpg 1400w, https:\/\/www.burg-halle.de\/id-neuwerk\/24-short-films-about-design\/wp-content\/uploads\/sites\/31\/2014\/05\/pinn_design1-201x300.jpg 201w, https:\/\/www.burg-halle.de\/id-neuwerk\/24-short-films-about-design\/wp-content\/uploads\/sites\/31\/2014\/05\/pinn_design1-687x1024.jpg 687w\" sizes=\"(max-width: 1400px) 100vw, 1400px\" \/><\/a>\u00a0 \u00a0 \u00a0<a href=\"https:\/\/www.burg-halle.de\/id-neuwerk\/24-short-films-about-design\/wp-content\/uploads\/sites\/31\/2014\/05\/pinn_themen.jpg\" target=\"_blank\" rel=\"noopener noreferrer\"><img decoding=\"async\" class=\"alignnone size-full wp-image-216\" src=\"https:\/\/www.burg-halle.de\/id-neuwerk\/24-short-films-about-design\/wp-content\/uploads\/sites\/31\/2014\/05\/pinn_themen.jpg\" alt=\"pinn_themen\" width=\"185\" height=\"auto\" srcset=\"https:\/\/www.burg-halle.de\/id-neuwerk\/24-short-films-about-design\/wp-content\/uploads\/sites\/31\/2014\/05\/pinn_themen.jpg 1200w, https:\/\/www.burg-halle.de\/id-neuwerk\/24-short-films-about-design\/wp-content\/uploads\/sites\/31\/2014\/05\/pinn_themen-182x300.jpg 182w, https:\/\/www.burg-halle.de\/id-neuwerk\/24-short-films-about-design\/wp-content\/uploads\/sites\/31\/2014\/05\/pinn_themen-623x1024.jpg 623w\" sizes=\"(max-width: 1200px) 100vw, 1200px\" \/><\/a>\u00a0 \u00a0 \u00a0<a href=\"https:\/\/www.burg-halle.de\/id-neuwerk\/24-short-films-about-design\/wp-content\/uploads\/sites\/31\/2014\/05\/pinn_ich1.jpg\" target=\"_blank\" rel=\"noopener noreferrer\"><img decoding=\"async\" class=\"alignnone size-full wp-image-240\" src=\"https:\/\/www.burg-halle.de\/id-neuwerk\/24-short-films-about-design\/wp-content\/uploads\/sites\/31\/2014\/05\/pinn_ich1.jpg\" alt=\"pinn_ich\" width=\"185\" height=\"auto\" srcset=\"https:\/\/www.burg-halle.de\/id-neuwerk\/24-short-films-about-design\/wp-content\/uploads\/sites\/31\/2014\/05\/pinn_ich1.jpg 1200w, https:\/\/www.burg-halle.de\/id-neuwerk\/24-short-films-about-design\/wp-content\/uploads\/sites\/31\/2014\/05\/pinn_ich1-206x300.jpg 206w, https:\/\/www.burg-halle.de\/id-neuwerk\/24-short-films-about-design\/wp-content\/uploads\/sites\/31\/2014\/05\/pinn_ich1-703x1024.jpg 703w\" sizes=\"(max-width: 1200px) 100vw, 1200px\" \/><\/a><\/p>\n<p>&nbsp;<\/p>\n<p>Nach Diskussion und Sammlung von Themenfeldern<br \/>\n(beispielsweise zu: pers\u00f6nliche Haltung \/ Verantwortung \/ Designmethoden usw.)<br \/>\nwerden in kurzen Filmclips bis zu f\u00fcnf m\u00f6gliche Themen f\u00fcr die filmische Bearbeitung im Projekt erstellt und pr\u00e4sentiert \u2013 adressiert als \u201eVideo-Brief an die Gro\u00dfmutter\u201d.<\/p>\n<p>&nbsp;<\/p>\n<p>&nbsp;<\/p>\n<p><strong>Pr\u00e4sentation der Videogramme am 24.04.2012<br \/>\n<\/strong>(Auswahl)<\/p>\n<p>&nbsp;<\/p>\n<p><iframe loading=\"lazy\" src=\"\/\/player.vimeo.com\/video\/45301044?title=0&amp;byline=0&amp;portrait=0\" width=\"600\" height=\"338\" frameborder=\"0\" allowfullscreen=\"allowfullscreen\"><\/iframe><\/p>\n<p><strong>Johanna Padge<\/strong>\u00a0(2:16)<\/p>\n<p>&nbsp;<\/p>\n<p>_ _ _ _ _ _ _ _ _ _ _ _ _ _ _ _ _ _ _ _<\/p>\n<p><iframe loading=\"lazy\" src=\"\/\/player.vimeo.com\/video\/45301038?title=0&amp;byline=0&amp;portrait=0\" width=\"600\" height=\"338\" frameborder=\"0\" allowfullscreen=\"allowfullscreen\"><\/iframe><\/p>\n<p><strong>Maika Butter<\/strong>\u00a0(2:21)<\/p>\n<p>&nbsp;<\/p>\n<p>_ _ _ _ _ _ _ _ _ _ _ _ _ _ _ _ _ _ _ _<\/p>\n<p><iframe loading=\"lazy\" src=\"\/\/player.vimeo.com\/video\/45301036?title=0&amp;byline=0&amp;portrait=0\" width=\"600\" height=\"330\" frameborder=\"0\" allowfullscreen=\"allowfullscreen\"><\/iframe><\/p>\n<p><strong>Felix Friedrich Fleischer<\/strong>\u00a0(2:40)<\/p>\n<p>&nbsp;<\/p>\n<p><span style=\"line-height: 1.5em;\">_ _ _ _ _ _ _ _ _ _ _ _ _ _ _ _ _ _ _ _<\/span><\/p>\n<p><iframe loading=\"lazy\" src=\"\/\/player.vimeo.com\/video\/45303416?title=0&amp;byline=0&amp;portrait=0\" width=\"600\" height=\"338\" frameborder=\"0\" allowfullscreen=\"allowfullscreen\"><\/iframe><\/p>\n<p><strong>Kirsten Grass<\/strong>\u00a0(2:12)<\/p>\n<p>&nbsp;<\/p>\n<p><span style=\"line-height: 1.5em;\">_ _ _ _ _ _ _ _ _ _ _ _ _ _ _ _ _ _ _ _<\/span><\/p>\n<p><iframe loading=\"lazy\" src=\"\/\/player.vimeo.com\/video\/45299563?title=0&amp;byline=0&amp;portrait=0\" width=\"600\" height=\"338\" frameborder=\"0\" allowfullscreen=\"allowfullscreen\"><\/iframe><\/p>\n<p><strong>Juliane Huhn<\/strong>\u00a0(2:45)<\/p>\n<p>&nbsp;<\/p>\n<p><span style=\"line-height: 1.5em;\">_ _ _ _ _ _ _ _ _ _ _ _ _ _ _ _ _ _ _ _<\/span><\/p>\n<p><iframe loading=\"lazy\" src=\"\/\/player.vimeo.com\/video\/45299562?title=0&amp;byline=0&amp;portrait=0\" width=\"600\" height=\"338\" frameborder=\"0\" allowfullscreen=\"allowfullscreen\"><\/iframe><\/p>\n<p><strong>Felix Kr\u00e4mer<\/strong>\u00a0(1:57)<\/p>\n<p>&nbsp;<\/p>\n<p><span style=\"line-height: 1.5em;\">_ _ _ _ _ _ _ _ _ _ _ _ _ _ _ _ _ _ _ _<\/span><\/p>\n<p><iframe loading=\"lazy\" src=\"\/\/player.vimeo.com\/video\/45303417\" width=\"600\" height=\"338\" frameborder=\"0\" allowfullscreen=\"allowfullscreen\"><\/iframe><\/p>\n<p><strong>Leon Kucharski<\/strong>\u00a0(0:35)<\/p>\n<p>&nbsp;<\/p>\n<p><span style=\"line-height: 1.5em;\">_ _ _ _ _ _ _ _ _ _ _ _ _ _ _ _ _ _ _ _<\/span><\/p>\n<p><iframe loading=\"lazy\" src=\"\/\/player.vimeo.com\/video\/45359982?title=0&amp;byline=0&amp;portrait=0\" width=\"600\" height=\"450\" frameborder=\"0\" allowfullscreen=\"allowfullscreen\"><\/iframe><\/p>\n<p><strong>Jan Panev<\/strong>\u00a0(0:49)<\/p>\n<p>&nbsp;<\/p>\n<p><span style=\"line-height: 1.5em;\">_ _ _ _ _ _ _ _ _ _ _ _ _ _ _ _ _ _ _ _<\/span><\/p>\n<p><iframe loading=\"lazy\" src=\"\/\/player.vimeo.com\/video\/45359243?title=0&amp;byline=0&amp;portrait=0\" width=\"600\" height=\"345\" frameborder=\"0\" allowfullscreen=\"allowfullscreen\"><\/iframe><\/p>\n<p><strong>Senhui Qiu<\/strong>\u00a0(2:41)<\/p>\n<p>&nbsp;<\/p>\n<p><span style=\"line-height: 1.5em;\">_ _ _ _ _ _ _ _ _ _ _ _ _ _ _ _ _ _ _ _<\/span><\/p>\n<p><iframe loading=\"lazy\" src=\"\/\/player.vimeo.com\/video\/45303418?title=0&amp;byline=0&amp;portrait=0\" width=\"600\" height=\"450\" frameborder=\"0\" allowfullscreen=\"allowfullscreen\"><\/iframe><\/p>\n<p><strong>Alexander Skowronski<\/strong>\u00a0(3:14)<\/p>\n<p>&nbsp;<\/p>\n<p><span style=\"line-height: 1.5em;\">_ _ _ _ _ _ _ _ _ _ _ _ _ _ _ _ _ _ _ _<\/span><\/p>\n<p><iframe loading=\"lazy\" src=\"\/\/player.vimeo.com\/video\/45301035?title=0&amp;byline=0&amp;portrait=0\" width=\"600\" height=\"413\" frameborder=\"0\" allowfullscreen=\"allowfullscreen\"><\/iframe><\/p>\n<p><strong>Rebekka Volz<\/strong>\u00a0(1:29)<\/p>\n<p>&nbsp;<\/p>\n<p><span style=\"line-height: 1.5em;\">_ _ _ _ _ _ _ _ _ _ _ _ _ _ _ _ _ _ _ _<\/span><\/p>\n<p><iframe loading=\"lazy\" src=\"\/\/player.vimeo.com\/video\/45301034?title=0&amp;byline=0&amp;portrait=0\" width=\"600\" height=\"338\" frameborder=\"0\" allowfullscreen=\"allowfullscreen\"><\/iframe><\/p>\n<p><strong>Malte Westphalen<\/strong>\u00a0(2:00)<\/p>\n<p>&nbsp;<\/p>\n","protected":false},"excerpt":{"rendered":"<p>\u00a0 \u00a0 \u00a0 \u00a0\u00a0 \u00a0 \u00a0 &nbsp; Nach Diskussion und Sammlung von Themenfeldern (beispielsweise zu: pers\u00f6nliche Haltung \/ Verantwortung \/ Designmethoden usw.) werden in kurzen Filmclips bis zu f\u00fcnf m\u00f6gliche Themen f\u00fcr die filmische Bearbeitung im Projekt erstellt und pr\u00e4sentiert \u2013 adressiert als \u201eVideo-Brief an die Gro\u00dfmutter\u201d. &nbsp; &nbsp; Pr\u00e4sentation der Videogramme am 24.04.2012 (Auswahl) [&hellip;]<\/p>\n","protected":false},"author":5,"featured_media":0,"parent":0,"menu_order":0,"comment_status":"open","ping_status":"open","template":"","meta":{"footnotes":""},"class_list":["post-40","page","type-page","status-publish","hentry"],"_links":{"self":[{"href":"https:\/\/www.burg-halle.de\/id-neuwerk\/24-short-films-about-design\/wp-json\/wp\/v2\/pages\/40","targetHints":{"allow":["GET"]}}],"collection":[{"href":"https:\/\/www.burg-halle.de\/id-neuwerk\/24-short-films-about-design\/wp-json\/wp\/v2\/pages"}],"about":[{"href":"https:\/\/www.burg-halle.de\/id-neuwerk\/24-short-films-about-design\/wp-json\/wp\/v2\/types\/page"}],"author":[{"embeddable":true,"href":"https:\/\/www.burg-halle.de\/id-neuwerk\/24-short-films-about-design\/wp-json\/wp\/v2\/users\/5"}],"replies":[{"embeddable":true,"href":"https:\/\/www.burg-halle.de\/id-neuwerk\/24-short-films-about-design\/wp-json\/wp\/v2\/comments?post=40"}],"version-history":[{"count":41,"href":"https:\/\/www.burg-halle.de\/id-neuwerk\/24-short-films-about-design\/wp-json\/wp\/v2\/pages\/40\/revisions"}],"predecessor-version":[{"id":645,"href":"https:\/\/www.burg-halle.de\/id-neuwerk\/24-short-films-about-design\/wp-json\/wp\/v2\/pages\/40\/revisions\/645"}],"wp:attachment":[{"href":"https:\/\/www.burg-halle.de\/id-neuwerk\/24-short-films-about-design\/wp-json\/wp\/v2\/media?parent=40"}],"curies":[{"name":"wp","href":"https:\/\/api.w.org\/{rel}","templated":true}]}}