{"id":220,"date":"2014-07-18T09:22:34","date_gmt":"2014-07-18T07:22:34","guid":{"rendered":"https:\/\/www.burg-halle.de\/id-neuwerk\/3-gaenge\/?page_id=220"},"modified":"2026-04-29T16:33:40","modified_gmt":"2026-04-29T14:33:40","slug":"praesentation","status":"publish","type":"page","link":"https:\/\/www.burg-halle.de\/id-neuwerk\/3-gaenge\/praesentation\/","title":{"rendered":"Pr\u00e4sentation"},"content":{"rendered":"<p>&nbsp;<\/p>\n<p><iframe loading=\"lazy\" src=\"\/\/player.vimeo.com\/video\/100990741?title=0&amp;byline=0&amp;portrait=0\" width=\"600\" height=\"399\" frameborder=\"0\" allowfullscreen=\"allowfullscreen\"><\/iframe><\/p>\n<p><em>Standbilder von der Pr\u00e4sentation<\/em><\/p>\n<p>&nbsp;<\/p>\n<p><iframe loading=\"lazy\" src=\"https:\/\/player.vimeo.com\/video\/121567368?title=0&amp;byline=0&amp;portrait=0\" width=\"600\" height=\"338\" frameborder=\"0\" allowfullscreen=\"allowfullscreen\"><\/iframe><\/p>\n<p><em>Film von der Pr\u00e4sentation<\/em><\/p>\n<p>&nbsp;<\/p>\n<p><strong>3 G\u00e4nge Menu\u00a0<\/strong><br \/>\nDesign-Strategien rund ums Essen<\/p>\n<p>Pr\u00e4sentation am 14. Juli 2014<\/p>\n<p>&nbsp;<\/p>\n<p>Einf\u00fchrung <a href=\"https:\/\/vimeo.com\/121567368#t=00m01sautoplay=1\" target=\"_blank\" rel=\"noopener noreferrer\">Prof. Guido Englich<\/a><\/p>\n<p>Labor 1 \u2013 <a href=\"https:\/\/vimeo.com\/121567368#t=02m46sautoplay=1\" target=\"_blank\" rel=\"noopener noreferrer\">Pasta Nuova Fabbrica<\/a><br \/>\nLabor 2 \u2013 <a href=\"https:\/\/vimeo.com\/121567368#t=03m53sautoplay=1\" target=\"_blank\" rel=\"noopener noreferrer\">Bunt Gesch\u00f6pftes<\/a><br \/>\nLabor 3 \u2013 <a href=\"https:\/\/vimeo.com\/121567368#t=05m04sautoplay=1\" target=\"_blank\" rel=\"noopener noreferrer\">DeKonstruktiv<\/a><br \/>\nLabor 4 \u2013 <a href=\"https:\/\/vimeo.com\/121567368#t=06m07sautoplay=1\" target=\"_blank\" rel=\"noopener noreferrer\">Fleischmanufaktur<\/a><br \/>\nLabor 5 \u2013 <a href=\"https:\/\/vimeo.com\/121567368#t=07m03sautoplay=1\" target=\"_blank\" rel=\"noopener noreferrer\">R\u00e4ucherGut<\/a><\/p>\n<p>&nbsp;<\/p>\n<p>&nbsp;<\/p>\n<p><iframe loading=\"lazy\" src=\"\/\/player.vimeo.com\/video\/105488361?title=0&amp;byline=0&amp;portrait=0\" width=\"600\" height=\"338\" frameborder=\"0\" allowfullscreen=\"allowfullscreen\"><\/iframe><\/p>\n<p>&nbsp;<\/p>\n<p><strong>3 G\u00e4nge Menu \u00a0<\/strong><br \/>\n<em>Die Ausstellung<\/em><\/p>\n<p>Parallel zur Live-Performance in den f\u00fcnf Laboren wurden die Ergebnisse der drei Sessions jeweils auf \u201egedeckten Tischen\u201d in einer Ausstellung pr\u00e4sentiert. Weitere Teile der Ausstellung waren das\u00a0\u201eburg kocht!\u201d-Projekt sowie die Ergebnisse des Pasta-Workshops.<\/p>\n<p>&nbsp;<\/p>\n<p><iframe loading=\"lazy\" src=\"\/\/player.vimeo.com\/video\/103575855?title=0&amp;byline=0&amp;portrait=0\" width=\"600\" height=\"600\" frameborder=\"0\" allowfullscreen=\"allowfullscreen\"><\/iframe><\/p>\n<p>&nbsp;<\/p>\n<p><strong>Pasta Nuova Fabbrica<\/strong><br \/>\n<em>Pr\u00e4sentation in der Ausstellung<\/em><\/p>\n<p>In einem Kurz-Workshop im Rahmen des Projekts \u201e3 G\u00e4nge Menu\u201d ent\u00adstanden Pasta-Entw\u00fcrfe \u2026 weg von herk\u00f6mmlichen Arten und hin zu neuen Herstellungsverfahren, Formen und Geschmacks\u00adrichtungen.<\/p>\n<p>Die Pr\u00e4sentation der Pasta-Entw\u00fcrfe wurde kuratiert und gestaltet von Judith Fa\u00dfbender und Miriam Treml.<\/p>\n<p>&nbsp;<\/p>\n","protected":false},"excerpt":{"rendered":"<p>&nbsp; Standbilder von der Pr\u00e4sentation &nbsp; Film von der Pr\u00e4sentation &nbsp; 3 G\u00e4nge Menu\u00a0 Design-Strategien rund ums Essen Pr\u00e4sentation am 14. Juli 2014 &nbsp; Einf\u00fchrung Prof. Guido Englich Labor 1 \u2013 Pasta Nuova Fabbrica Labor 2 \u2013 Bunt Gesch\u00f6pftes Labor 3 \u2013 DeKonstruktiv Labor 4 \u2013 Fleischmanufaktur Labor 5 \u2013 R\u00e4ucherGut &nbsp; &nbsp; &nbsp; 3 [&hellip;]<\/p>\n","protected":false},"author":5,"featured_media":0,"parent":0,"menu_order":0,"comment_status":"closed","ping_status":"closed","template":"","meta":{"footnotes":""},"class_list":["post-220","page","type-page","status-publish","hentry"],"_links":{"self":[{"href":"https:\/\/www.burg-halle.de\/id-neuwerk\/3-gaenge\/wp-json\/wp\/v2\/pages\/220","targetHints":{"allow":["GET"]}}],"collection":[{"href":"https:\/\/www.burg-halle.de\/id-neuwerk\/3-gaenge\/wp-json\/wp\/v2\/pages"}],"about":[{"href":"https:\/\/www.burg-halle.de\/id-neuwerk\/3-gaenge\/wp-json\/wp\/v2\/types\/page"}],"author":[{"embeddable":true,"href":"https:\/\/www.burg-halle.de\/id-neuwerk\/3-gaenge\/wp-json\/wp\/v2\/users\/5"}],"replies":[{"embeddable":true,"href":"https:\/\/www.burg-halle.de\/id-neuwerk\/3-gaenge\/wp-json\/wp\/v2\/comments?post=220"}],"version-history":[{"count":16,"href":"https:\/\/www.burg-halle.de\/id-neuwerk\/3-gaenge\/wp-json\/wp\/v2\/pages\/220\/revisions"}],"predecessor-version":[{"id":1176,"href":"https:\/\/www.burg-halle.de\/id-neuwerk\/3-gaenge\/wp-json\/wp\/v2\/pages\/220\/revisions\/1176"}],"wp:attachment":[{"href":"https:\/\/www.burg-halle.de\/id-neuwerk\/3-gaenge\/wp-json\/wp\/v2\/media?parent=220"}],"curies":[{"name":"wp","href":"https:\/\/api.w.org\/{rel}","templated":true}]}}