{"id":988,"date":"2015-03-10T05:34:23","date_gmt":"2015-03-10T03:34:23","guid":{"rendered":"https:\/\/www.burg-halle.de\/id-neuwerk\/3-gaenge\/?page_id=988"},"modified":"2021-11-01T19:16:43","modified_gmt":"2021-11-01T17:16:43","slug":"film","status":"publish","type":"page","link":"https:\/\/www.burg-halle.de\/id-neuwerk\/3-gaenge\/film\/","title":{"rendered":"Film"},"content":{"rendered":"<p>&nbsp;<\/p>\n<p><iframe loading=\"lazy\" src=\"https:\/\/player.vimeo.com\/video\/121735445?title=0&amp;byline=0&amp;portrait=0\" height=\"338\" width=\"600\" allowfullscreen=\"\" frameborder=\"0\"><\/iframe><\/p>\n<p><em>Film \/ Montage <\/em><br \/>\n<em>Julian Reineck, Guido Englich<\/em><\/p>\n<p><em>Kamera <\/em><br \/>\n<em>David Oelschl\u00e4gel und Teilnehmer_innen des Projekts<\/em><\/p>\n<p>&nbsp;<\/p>\n<p><strong style=\"line-height: 1.5em;\">3 G\u00e4nge Menu \u2026<br \/>\n<\/strong><strong>Design-Strategien rund ums Essen<\/strong><\/p>\n<p>steht hier f\u00fcr drei Zug\u00e4nge zum Thema \u201eEssen\u201d \u2013 Essen als Metathema hier verstanden in seiner stofflich-sinnlichen wie sozial-rituellen bis politisch-\u00f6kologisch-\u00f6kononomischen Dimension.<\/p>\n<p>Als \u201emethodische Gestaltungs\u00fcbung\u201d im Studienplan fokussiert f\u00fcr Teilnehmer_innen des 2. Studienjahres im Studiengang Industriedesign steht \u201e3 G\u00e4nge \u2026\u201d&nbsp;hier auch f\u00fcr drei Zug\u00e4nge und f\u00fcr das Erproben unterschiedlicher Designmethoden und -motive, Design-Strategien und Kommunikationsformen.<\/p>\n<p>&nbsp;<\/p>\n<p>Der Film zeigt den Projektablauf und die verschiedenen Stationen im Prozess und bildet das didaktische Konzept und die Trainings-Dramaturgie ab:<\/p>\n<p>\u2013 Recherchen<br \/>\n\u2013 www Neuwerk Gardening<br \/>\n\u2013 Selbstversuche<\/p>\n<p>&nbsp;<\/p>\n<p><strong>Session 1<\/strong><br \/>\nGestaltung mit Essen<\/p>\n<p><em>Essen und Sinne<\/em><br \/>\n<em> Essen und Bedeutung<\/em><br \/>\n<em> Essen und Funktion<\/em><\/p>\n<p>\u2013 Exkurs: Pasta Nuova Fabbrica<br \/>\n\u2013 Die Dienstagsk\u00fcche<\/p>\n<p>&nbsp;<\/p>\n<p><strong>Session 2<\/strong><br \/>\nGestaltung f\u00fcr Essen<\/p>\n<p><em>Objekt<\/em><br \/>\n<em> Prozess<\/em><br \/>\n<em> Strategie<\/em><\/p>\n<p>\u2013 burg kocht!<br \/>\nEine wwwk\u00fcche in Selbstverwaltung der Studierenden<\/p>\n<p>\u2013 Food-Workshop und Exkursion nach Berlin<\/p>\n<p>&nbsp;<\/p>\n<p><strong>Session 3<\/strong><br \/>\nGestaltung durch Essen<\/p>\n<p><em>Essens als inszeniertes soziales Ereignis<\/em><br \/>\n<em> Rituale, Esskulturen, Gewohnheiten, Gef\u00fchle<\/em><\/p>\n<p>\u2013 Die Ausstellung<br \/>\n\u2013 Die Labore als Performance<\/p>\n<p><span style=\"line-height: 1.5em;\">&nbsp;<\/span><\/p>\n","protected":false},"excerpt":{"rendered":"<p>&nbsp; Film \/ Montage Julian Reineck, Guido Englich Kamera David Oelschl\u00e4gel und Teilnehmer_innen des Projekts &nbsp; 3 G\u00e4nge Menu \u2026 Design-Strategien rund ums Essen steht hier f\u00fcr drei Zug\u00e4nge zum Thema \u201eEssen\u201d \u2013 Essen als Metathema hier verstanden in seiner stofflich-sinnlichen wie sozial-rituellen bis politisch-\u00f6kologisch-\u00f6kononomischen Dimension. Als \u201emethodische Gestaltungs\u00fcbung\u201d im Studienplan fokussiert f\u00fcr Teilnehmer_innen des [&hellip;]<\/p>\n","protected":false},"author":5,"featured_media":0,"parent":0,"menu_order":0,"comment_status":"open","ping_status":"open","template":"","meta":{"footnotes":""},"class_list":["post-988","page","type-page","status-publish","hentry"],"_links":{"self":[{"href":"https:\/\/www.burg-halle.de\/id-neuwerk\/3-gaenge\/wp-json\/wp\/v2\/pages\/988","targetHints":{"allow":["GET"]}}],"collection":[{"href":"https:\/\/www.burg-halle.de\/id-neuwerk\/3-gaenge\/wp-json\/wp\/v2\/pages"}],"about":[{"href":"https:\/\/www.burg-halle.de\/id-neuwerk\/3-gaenge\/wp-json\/wp\/v2\/types\/page"}],"author":[{"embeddable":true,"href":"https:\/\/www.burg-halle.de\/id-neuwerk\/3-gaenge\/wp-json\/wp\/v2\/users\/5"}],"replies":[{"embeddable":true,"href":"https:\/\/www.burg-halle.de\/id-neuwerk\/3-gaenge\/wp-json\/wp\/v2\/comments?post=988"}],"version-history":[{"count":8,"href":"https:\/\/www.burg-halle.de\/id-neuwerk\/3-gaenge\/wp-json\/wp\/v2\/pages\/988\/revisions"}],"predecessor-version":[{"id":1155,"href":"https:\/\/www.burg-halle.de\/id-neuwerk\/3-gaenge\/wp-json\/wp\/v2\/pages\/988\/revisions\/1155"}],"wp:attachment":[{"href":"https:\/\/www.burg-halle.de\/id-neuwerk\/3-gaenge\/wp-json\/wp\/v2\/media?parent=988"}],"curies":[{"name":"wp","href":"https:\/\/api.w.org\/{rel}","templated":true}]}}