{"id":2,"date":"2022-09-16T16:07:43","date_gmt":"2022-09-16T14:07:43","guid":{"rendered":"https:\/\/www.burg-halle.de\/id-neuwerk\/3d-op\/?page_id=2"},"modified":"2023-02-20T18:03:36","modified_gmt":"2023-02-20T17:03:36","slug":"beispiel-seite","status":"publish","type":"page","link":"https:\/\/www.burg-halle.de\/id-neuwerk\/3d-op\/","title":{"rendered":"Thema"},"content":{"rendered":"<p><img loading=\"lazy\" decoding=\"async\" class=\"alignnone wp-image-41\" src=\"https:\/\/www.burg-halle.de\/id-neuwerk\/3d-op\/wp-content\/uploads\/sites\/68\/2022\/09\/werkzeug_icon_1.jpg\" alt=\"\" width=\"600\" height=\"304\" srcset=\"https:\/\/www.burg-halle.de\/id-neuwerk\/3d-op\/wp-content\/uploads\/sites\/68\/2022\/09\/werkzeug_icon_1.jpg 1012w, https:\/\/www.burg-halle.de\/id-neuwerk\/3d-op\/wp-content\/uploads\/sites\/68\/2022\/09\/werkzeug_icon_1-300x152.jpg 300w, https:\/\/www.burg-halle.de\/id-neuwerk\/3d-op\/wp-content\/uploads\/sites\/68\/2022\/09\/werkzeug_icon_1-768x389.jpg 768w\" sizes=\"auto, (max-width: 600px) 100vw, 600px\" \/><\/p>\n<p>&nbsp;<\/p>\n<p><strong>3D OP \u2013 Design als Gegenstand<\/strong><br \/>\nGestaltungsgrundlagen in 3 Sessions<br \/>\nMethodische Gestaltungs\u00fcbungen (MG\u00dc)<\/p>\n<p>&nbsp;<\/p>\n<p>Studierende:<br \/>\nRichard Bassek, Bruno Bleschke, Janusz Elmi Sarabi, Eric Feiler, Matthias Franzen, Emil Frederking, Janina Gastauer, Simon H\u00f6fer, Emilia Imberger, Franz Kauffmann, Namju Kim, Christian Klo\u00df, Kyoungjin Lee, Merle Nau, Daniel Sauter, Leonhard Schumann, Luci Schwingen, Max Stolze, Se Hyeon Won<\/p>\n<p>Moderation:<br \/>\nProf. Guido Englich<\/p>\n<p>&nbsp;<\/p>\n<p>session 1<br \/>\n<strong>Zeitgen\u00f6ssische Positionen im Design<\/strong><br \/>\ndargestellt in kurzen Film-Portr\u00e4ts<\/p>\n<p><em>Co-Pilot: Vincent Zimmer<\/em><\/p>\n<p>tools:<br \/>\nFilmschnitt, Kameratechnik, Interview, Ton<\/p>\n<p>methodisch:<br \/>\nerstellen einer Reportage aus selbst aufgenommenen und\/oder gefundenem Filmaterial<\/p>\n<p>inhaltlich:<br \/>\nPortr\u00e4ts zu Gestalter*innen, Gruppen oder Institutionen \u2026 und Positionen\/Haltungen zum Design auf den punkt bringen und mit filmischen mitteln darstellen<\/p>\n<p>vorbereitung:<br \/>\nrecherchieren zu ausgew\u00e4hlten themen<\/p>\n<p>&nbsp;<br \/>\n&nbsp;<\/p>\n<p>session 2<br \/>\n<strong>missing link<br \/>\noder hack the baumarkt<\/strong><\/p>\n<p><em>Co-Pilot: Benno Bruksch<\/em><\/p>\n<p>these:<br \/>\nder baumarkt der zukunft ist eine raffinierte kombination aus materialarchiv, recyclinglabor und makerlab \u2026 ausgehend von der verf\u00fcgbaren f\u00fclle von materialien, bauteilen, halbfertigprodukten, halbzeugen \u2026<br \/>\nzu einer raffinierten interpretation kommen und durch minimale konstruktive adaptionen (= missing link) arrangieren und zu einem eigenst\u00e4ndigen objekt \/ produkt kombinieren \u2026<\/p>\n<p>&nbsp;<\/p>\n<p>tools:<br \/>\nCAD I Basiskurs in Rhino<br \/>\n(wird als eigenes modul f\u00fcr Sie jeden freitag-vormittag in den normalwochen angeboten, und ist f\u00fcr alle verpflichtend, es sei denn Sie k\u00f6nnen schon ausreichende grundkenntnisse nachweisen!)<\/p>\n<p>einf\u00fchrung datenerstellung f\u00fcr 3d druck,<br \/>\n3d druck workshop*<\/p>\n<p>*den 3D druck workshop findet in der 2. kompaktwoche = semesterwoche 6 statt,<br \/>\nf\u00fcr die teilnahme am workshop 2 zus\u00e4tzliche ects punkte<\/p>\n<p>methodisch-gestalterisch:<br \/>\nidee zu einem niederkomplexen produkt entwickeln, das konzeptionell und konstruktiv aus der kombination aus halbzeugen und dem \u00fcber 3D Druck hergestellten \u201emissing link\u201d besteht.<\/p>\n<p>umsetzung und ausf\u00fchrung als funktionsprototyp<\/p>\n<p>&nbsp;<br \/>\n&nbsp;<\/p>\n<p>session 3<br \/>\n<strong>sammeln, vergleichen,<br \/>\nverstehen, vereinfachen<\/strong><\/p>\n<p><em>Co-Pilot: Julius Abromeit<\/em><\/p>\n<p>inhaltlich:<br \/>\nausgehend von verschiedenen Produkttypen \u2013 wie zum Beispiel Haken, Klammern, B\u00fcrsten, Dosen, B\u00fcgel, Trinkflasche usw. \u2013 stellen sie eine eigene Produktsammlung* zusammen.<\/p>\n<p>methodisch:<br \/>\naus der analytischen Betrachtung der unterschiedlichen Auspr\u00e4gungen und Varianten von Gegenst\u00e4nden, die grunds\u00e4tzlich eine gleiche oder \u00e4hnliche Funktionen erf\u00fcllen \u2013 entwickeln Sie Kriterien, um Merkmale f\u00fcr Gestaltelemente (Syntax) und Zeichenfunktionen (Semantik) erkennen, beschreiben, darstellen k\u00f6nnen<\/p>\n<p>Anhand der Sammlung trainieren wir dann sowohl grafische Darstellung in technischen Illustrationen als auch Objektfotografie.<\/p>\n<p>gestalterisch:<br \/>\nvon Ihrer Sammlung lassen Sie sich zur Entwicklung einer eigenst\u00e4ndigen und originellen Entwurfsidee inspirieren und entwerfen sowohl ein \u201eneues\u201d Produkt in der Sammlungskategorie, das die gew\u00fcnschte Funktion mit optimierten Mitteln erreicht, als auch ein sinnvolles add-on zu einem Gegenstand der Sammlung.<\/p>\n<p>&nbsp;<\/p>\n<p>Studiengang Industriedesign<br \/>\nBurg Giebichenstein Kunsthochschule Halle<\/p>\n<p>&nbsp;<\/p>\n","protected":false},"excerpt":{"rendered":"<p>&nbsp; 3D OP \u2013 Design als Gegenstand Gestaltungsgrundlagen in 3 Sessions Methodische Gestaltungs\u00fcbungen (MG\u00dc) &nbsp; Studierende: Richard Bassek, Bruno Bleschke, Janusz Elmi Sarabi, Eric Feiler, Matthias Franzen, Emil Frederking, Janina Gastauer, Simon H\u00f6fer, Emilia Imberger, Franz Kauffmann, Namju Kim, Christian Klo\u00df, Kyoungjin Lee, Merle Nau, Daniel Sauter, Leonhard Schumann, Luci Schwingen, Max Stolze, Se Hyeon [&hellip;]<\/p>\n","protected":false},"author":5,"featured_media":0,"parent":0,"menu_order":0,"comment_status":"closed","ping_status":"open","template":"","meta":{"footnotes":""},"class_list":["post-2","page","type-page","status-publish","hentry"],"_links":{"self":[{"href":"https:\/\/www.burg-halle.de\/id-neuwerk\/3d-op\/wp-json\/wp\/v2\/pages\/2","targetHints":{"allow":["GET"]}}],"collection":[{"href":"https:\/\/www.burg-halle.de\/id-neuwerk\/3d-op\/wp-json\/wp\/v2\/pages"}],"about":[{"href":"https:\/\/www.burg-halle.de\/id-neuwerk\/3d-op\/wp-json\/wp\/v2\/types\/page"}],"author":[{"embeddable":true,"href":"https:\/\/www.burg-halle.de\/id-neuwerk\/3d-op\/wp-json\/wp\/v2\/users\/5"}],"replies":[{"embeddable":true,"href":"https:\/\/www.burg-halle.de\/id-neuwerk\/3d-op\/wp-json\/wp\/v2\/comments?post=2"}],"version-history":[{"count":14,"href":"https:\/\/www.burg-halle.de\/id-neuwerk\/3d-op\/wp-json\/wp\/v2\/pages\/2\/revisions"}],"predecessor-version":[{"id":624,"href":"https:\/\/www.burg-halle.de\/id-neuwerk\/3d-op\/wp-json\/wp\/v2\/pages\/2\/revisions\/624"}],"wp:attachment":[{"href":"https:\/\/www.burg-halle.de\/id-neuwerk\/3d-op\/wp-json\/wp\/v2\/media?parent=2"}],"curies":[{"name":"wp","href":"https:\/\/api.w.org\/{rel}","templated":true}]}}