{"id":36,"date":"2022-09-16T17:41:32","date_gmt":"2022-09-16T15:41:32","guid":{"rendered":"https:\/\/www.burg-halle.de\/id-neuwerk\/3d-op\/?page_id=36"},"modified":"2023-01-02T19:50:39","modified_gmt":"2023-01-02T18:50:39","slug":"recherche","status":"publish","type":"page","link":"https:\/\/www.burg-halle.de\/id-neuwerk\/3d-op\/recherche\/","title":{"rendered":"Recherche"},"content":{"rendered":"<div class=\"_df_thumb \" id=\"df_364\"  wpoptions=\"true\" thumb=\"https:\/\/www.burg-halle.de\/id-neuwerk\/3d-op\/wp-content\/uploads\/sites\/68\/2022\/11\/19x5_titel.jpg\" thumbtype=\"img\" >19&#215;5 positionen<\/div><script data-cfasync=\"false\">var option_df_364 = {\"outline\":[],\"forceFit\":\"true\",\"autoEnableOutline\":\"false\",\"autoEnableThumbnail\":\"false\",\"overwritePDFOutline\":\"false\",\"direction\":\"1\",\"pageMode\":\"0\",\"source\":\"https:\\\/\\\/www.burg-halle.de\\\/id-neuwerk\\\/3d-op\\\/wp-content\\\/uploads\\\/sites\\\/68\\\/2023\\\/08\\\/design-positionen_webN.pdf\",\"wpOptions\":\"true\"}; if(window.DFLIP && DFLIP.parseBooks){DFLIP.parseBooks();}<\/script>\n<p>&nbsp;<\/p>\n<p><em>19 Positionen und Haltungen zum Design \u2013<br \/>\nDokumentation der Recherchen (zum Bl\u00e4ttern anklicken)<\/em><\/p>\n<p>&nbsp;<\/p>\n<p><strong>Zeitgen\u00f6ssische Positionen und Haltungen im Design<\/strong><br \/>\n&nbsp;<\/p>\n<p>Recherchieren Sie zu Personen, Gruppen, Institutionen, Initiativen.&nbsp;<br \/>\nFinden Sie Bilder, Texte und Filme (bei Youtube oder vimeo) \u2026&nbsp;aus diesem Material fertigen Sie dann&nbsp;im Verlauf der Session 1 zu Ihrem Thema einen ca. 5-min\u00fctigen Film an.&nbsp;<\/p>\n<p>Trainingsziele der Session 1 sind:<br \/>\nRecherche, Materialauswahl, Entwicklung Dramaturgie und Storyboard, Filmschnitt, Ton und ggfs. die Anfertigung von eigenem Filmmaterial \u2026 bis zur Herstellung eines filmischen Portr\u00e4ts nach der ReCut-Methode.<\/p>\n<p>&nbsp;<\/p>\n<p>&nbsp;<\/p>\n<p>1 (Se Hyeon Won)<br \/>\n<strong>one army<\/strong> (former dave hakkens)&nbsp;<br \/>\n(a group of people from around the world working on global problems affecting the planet and humanity. Problems like plastic pollution, the growing amount of e-waste, fashion or the footprints we leave on earth by just living our lives)<br \/>\n<a href=\"https:\/\/www.onearmy.earth\" target=\"_blank\" rel=\"noopener\">https:\/\/www.onearmy.earth<\/a><br \/>\n<a href=\"https:\/\/www.youtube.com\/c\/OneArmyVideos\" target=\"_blank\" rel=\"noopener\">https:\/\/www.youtube.com\/c\/OneArmyVideos<\/a><\/p>\n<p>&nbsp;<\/p>\n<p>2 (Leonhard Schumann)<br \/>\n<strong>Neri Oxman<\/strong> (former Mediated Matter\/MIT)<br \/>\n(OXMAN is rethinking design to empower a future of complete synergy between Nature and humanity)<br \/>\n<a href=\"https:\/\/oxman.com\" target=\"_blank\" rel=\"noopener\">https:\/\/oxman.com<\/a><br \/>\n<a href=\"https:\/\/vimeo.com\/oxman\" target=\"_blank\" rel=\"noopener\">https:\/\/vimeo.com\/oxman<\/a><\/p>\n<p>&nbsp;<\/p>\n<p>3 (Eric Feiler)<br \/>\n<strong>Christophe Guberan<\/strong><br \/>\n(Creation of innovative solutions and products influenced by research&nbsp;and development, with a strong emphasis on&nbsp;implementing new technologies and the way of using materials to rethink the production process)<br \/>\n<a href=\"http:\/\/www.christopheguberan.ch\" target=\"_blank\" rel=\"noopener\">http:\/\/www.christopheguberan.ch<\/a><br \/>\n<a href=\"https:\/\/vimeo.com\/user13595126\" target=\"_blank\" rel=\"noopener\">https:\/\/vimeo.com\/user13595126<\/a><\/p>\n<p>&nbsp;<\/p>\n<p>4 (Emilia Imberger)<br \/>\n<strong>Christien Meinderstma<\/strong><br \/>\n(explores the life of products and raw materials in her work with careful investigation and documentation, themes of local production and underexplored resources)<br \/>\n<a href=\"https:\/\/christienmeindertsma.com\" target=\"_blank\" rel=\"noopener\">https:\/\/christienmeindertsma.com<\/a><br \/>\n<a href=\"https:\/\/vimeo.com\/user3528339\" target=\"_blank\" rel=\"noopener\">https:\/\/vimeo.com\/user3528339<\/a><\/p>\n<p>&nbsp;<\/p>\n<p>5 (Namju Kim)<br \/>\n<strong>FormUsWithLove<\/strong>&nbsp;<br \/>\n(We consider a lot of elements when designing a product \u2014 sustainability being chief among them. Design is our way of forging real change. People, Planet &amp; Business.)<br \/>\n<a href=\"https:\/\/formuswithlove.se\/form\/\" target=\"_blank\" rel=\"noopener\">https:\/\/formuswithlove.se\/form\/<\/a><\/p>\n<p>&nbsp;<\/p>\n<p>6 (Merle Nau)<br \/>\n<strong>studio mom<\/strong><br \/>\n(At studioMOM we love to brainstorm, play, investigate, experiment and reflect. A new product is a complex puzzle: how do you design the most attractive, viable product with the lowest possible footprint)<br \/>\n<a href=\"https:\/\/studiomom.nl\" target=\"_blank\" rel=\"noopener\">https:\/\/studiomom.nl<\/a><\/p>\n<p>&nbsp;<\/p>\n<p>7 (Richard Bassek)<br \/>\n<strong>studio 7.5<\/strong><br \/>\n(Unsere Arbeit basiert auf der genauen Beobachtung der menschgemachten Umwelt, der Verhaltensmuster und Rituale. Die Komplexit\u00e4t von Designproblemen erfordert die wiederholte \u00dcberpr\u00fcfung von Ideen an Modellen, damit die elegantesten L\u00f6sungen gefunden werden k\u00f6nnen)<br \/>\n<a href=\"https:\/\/www.seven5.com\" target=\"_blank\" rel=\"noopener\">https:\/\/www.seven5.com<\/a><br \/>\n<a href=\"https:\/\/vimeo.com\/user39362825\" target=\"_blank\" rel=\"noopener\">https:\/\/vimeo.com\/user39362825<\/a><\/p>\n<p>&nbsp;<\/p>\n<p>8 (Franz Kauffmann)<br \/>\n<strong>Stefan Diez <\/strong><br \/>\n(innovation through technical expertise, instinct and a great passion for experimentation)<br \/>\n<a href=\"https:\/\/www.diezoffice.com\" target=\"_blank\" rel=\"noopener\">https:\/\/www.diezoffice.com<\/a><\/p>\n<p>9 (Luci Schwingen)<br \/>\n<strong>Thomas Lomm\u00e9e und Christiane H\u00f6gner<\/strong><br \/>\n(OpenStructures is an exploration on open modular construction where anyone designs for everyone on the basis of one shared grid)<br \/>\n<a href=\"https:\/\/www.openstructures.net\" target=\"_blank\" rel=\"noopener\">https:\/\/www.openstructures.net<\/a><\/p>\n<p>&nbsp;<\/p>\n<p>10 (Matthias Franzen)<br \/>\n<strong>Atelier Luma<\/strong><br \/>\n(multidisciplinary network of designers, artists, biologists, engineers, farmers, philosophers, sociologists, and activists)<br \/>\n<a href=\"https:\/\/www.atelier-luma.org\/en\/projects\" target=\"_blank\" rel=\"noopener\">https:\/\/www.atelier-luma.org\/en\/projects<\/a><br \/>\n<a href=\"https:\/\/www.luma.org\/en\/live\/watch\/L-Atelier-Luma-par-Jan-Boelen-9e29b314-9a5d-4089-a8e1-afe8c8cee79a.html\" target=\"_blank\" rel=\"noopener\">https:\/\/www.luma.org\/en\/live<\/a><\/p>\n<p>&nbsp;<\/p>\n<p>11 (Kyoungjin Lee)<br \/>\n<strong>Formafantasma <\/strong><br \/>\n(a research-based design studio investigating the ecological, historical, political and social forces shaping the discipline of design today)<br \/>\n<a href=\"https:\/\/formafantasma.com\/studio\" target=\"_blank\" rel=\"noopener\">https:\/\/formafantasma.com\/studio<\/a><br \/>\n<a href=\"https:\/\/vimeo.com\/user2226003\" target=\"_blank\" rel=\"noopener\">https:\/\/vimeo.com\/user2226003<\/a><\/p>\n<p>&nbsp;<\/p>\n<p>12 (Simon H\u00f6fer)<br \/>\n<strong>droog design<\/strong><br \/>\n(things are never what they seem and never seem to be what they are)<br \/>\n<a href=\"https:\/\/www.droog.com\/about\" target=\"_blank\" rel=\"noopener\">https:\/\/www.droog.com\/about<\/a><\/p>\n<p>&nbsp;<\/p>\n<p>13 (Christian Klo\u00df)<br \/>\n<strong>we+<\/strong><br \/>\n(We present alternative choices to society while taking a broad view of history and context, in order to meaningfully determine the future of craftsmanship and design.)<br \/>\n<a href=\"https:\/\/weplus.jp\" target=\"_blank\" rel=\"noopener\">https:\/\/weplus.jp<\/a><br \/>\n<a href=\"https:\/\/vimeo.com\/weplusjp\" target=\"_blank\" rel=\"noopener\">https:\/\/vimeo.com\/weplusjp<\/a><\/p>\n<p>&nbsp;<\/p>\n<p>14 (Janina Gastauer)<br \/>\n<strong>Eric Klarenbeek + Maartje Dros <\/strong><br \/>\n(We search for new meaning and principles in technology, resources, objects and spaces, for unexplored connections between materials, production methods, makers and users)<br \/>\n<a href=\"https:\/\/www.ericklarenbeek.com\" target=\"_blank\" rel=\"noopener\">https:\/\/www.ericklarenbeek.com<\/a><br \/>\n<a href=\"https:\/\/www.youtube.com\/user\/ericklarenbeek\/videos\" target=\"_blank\" rel=\"noopener\">https:\/\/www.youtube.com\/user\/ericklarenbeek\/videos<\/a><\/p>\n<p>&nbsp;<\/p>\n<p>15 (Daniel Sauter)<br \/>\n<strong>Nils Holger Moormann<\/strong>&nbsp;<br \/>\n(Wir suchen nach M\u00f6belerfindungen, denen eine besondere Idee zugrunde liegt. Mal absurd, mal genial, mal ein Detail, mal eine Revolution)<br \/>\n<a href=\"https:\/\/www.moormann.de\" target=\"_blank\" rel=\"noopener\">https:\/\/www.moormann.de<\/a><br \/>\n<a href=\"https:\/\/www.youtube.com\/user\/MoormannNils\/videos\" target=\"_blank\" rel=\"noopener\">https:\/\/www.youtube.com\/user\/MoormannNils\/videos<\/a><br \/>\n<a href=\"https:\/\/www.youtube.com\/watch?v=a6SB9e-s1QE\" target=\"_blank\" rel=\"noopener\">https:\/\/www.youtube.com\/watch?v=a6SB9e-s1QE<\/a><\/p>\n<p>&nbsp;<\/p>\n<p>16 (Emil Frederking)<br \/>\n<strong>Carsten + Samuel Waldeck \/ shiftphones<\/strong><br \/>\n(Ein junges Purpose-Unternehmen s\u00fcdlich von Kassel produziert unter der Marke SHIFTPHONES modulare Ger\u00e4te, die leicht zu \u00f6ffnen und einfach sowie kosteng\u00fcnstig zu reparieren sind)<br \/>\n<a href=\"https:\/\/www.shiftphones.com\" target=\"_blank\" rel=\"noopener\">https:\/\/www.shiftphones.com<\/a><\/p>\n<p>&nbsp;<\/p>\n<p>17 (Bruno Bleschke)<br \/>\n<strong>teenage engineering<\/strong> (+ ikea = frekvenz)<br \/>\n(Swedish cult firm for electronics and synthesizers)<br \/>\n<a href=\"https:\/\/teenage.engineering\" target=\"_blank\" rel=\"noopener\">https:\/\/teenage.engineering<\/a><br \/>\n<a href=\"https:\/\/www.youtube.com\/watch?v=_iwBEOS4Gm0\" target=\"_blank\" rel=\"noopener\">https:\/\/www.youtube.com\/watch?v=_iwBEOS4Gm0<\/a><\/p>\n<p>&nbsp;<\/p>\n<p>18 (Janusz Elmi Sarabi)<br \/>\n<strong>Paola Antonelli<\/strong><br \/>\n(We will become extinct. We don&#8217;t have control over that fact, but we have some control over the when and quite a bit of control over the how)<br \/>\n<a href=\"https:\/\/www.moma.org\/magazine\/authors\/160\" target=\"_blank\" rel=\"noopener\">https:\/\/www.moma.org\/magazine\/authors\/160<\/a><\/p>\n<p>&nbsp;<\/p>\n<p>19 (Max Stolze)<br \/>\n<strong>mischer&#8217;traxler<\/strong><br \/>\n(Balancing between handcraft and technology, we create projects that depict nature, tell stories, raise questions and create atmosphere.)<br \/>\n<a href=\"https:\/\/mischertraxler.com\/studio\/\" target=\"_blank\" rel=\"noopener\">mischer&#8217;traxler<\/a><br \/>\n<a href=\"https:\/\/vimeo.com\/mischertraxler\" target=\"_blank\" rel=\"noopener\">vimeo.com\/mischertraxler<\/a><\/p>\n<p>&nbsp;<\/p>\n","protected":false},"excerpt":{"rendered":"<p>&nbsp; 19 Positionen und Haltungen zum Design \u2013 Dokumentation der Recherchen (zum Bl\u00e4ttern anklicken) &nbsp; Zeitgen\u00f6ssische Positionen und Haltungen im Design &nbsp; Recherchieren Sie zu Personen, Gruppen, Institutionen, Initiativen.&nbsp; Finden Sie Bilder, Texte und Filme (bei Youtube oder vimeo) \u2026&nbsp;aus diesem Material fertigen Sie dann&nbsp;im Verlauf der Session 1 zu Ihrem Thema einen ca. 5-min\u00fctigen [&hellip;]<\/p>\n","protected":false},"author":5,"featured_media":0,"parent":0,"menu_order":0,"comment_status":"open","ping_status":"closed","template":"","meta":{"footnotes":""},"class_list":["post-36","page","type-page","status-publish","hentry"],"_links":{"self":[{"href":"https:\/\/www.burg-halle.de\/id-neuwerk\/3d-op\/wp-json\/wp\/v2\/pages\/36","targetHints":{"allow":["GET"]}}],"collection":[{"href":"https:\/\/www.burg-halle.de\/id-neuwerk\/3d-op\/wp-json\/wp\/v2\/pages"}],"about":[{"href":"https:\/\/www.burg-halle.de\/id-neuwerk\/3d-op\/wp-json\/wp\/v2\/types\/page"}],"author":[{"embeddable":true,"href":"https:\/\/www.burg-halle.de\/id-neuwerk\/3d-op\/wp-json\/wp\/v2\/users\/5"}],"replies":[{"embeddable":true,"href":"https:\/\/www.burg-halle.de\/id-neuwerk\/3d-op\/wp-json\/wp\/v2\/comments?post=36"}],"version-history":[{"count":36,"href":"https:\/\/www.burg-halle.de\/id-neuwerk\/3d-op\/wp-json\/wp\/v2\/pages\/36\/revisions"}],"predecessor-version":[{"id":492,"href":"https:\/\/www.burg-halle.de\/id-neuwerk\/3d-op\/wp-json\/wp\/v2\/pages\/36\/revisions\/492"}],"wp:attachment":[{"href":"https:\/\/www.burg-halle.de\/id-neuwerk\/3d-op\/wp-json\/wp\/v2\/media?parent=36"}],"curies":[{"name":"wp","href":"https:\/\/api.w.org\/{rel}","templated":true}]}}