{"id":441,"date":"2022-11-27T09:36:54","date_gmt":"2022-11-27T08:36:54","guid":{"rendered":"https:\/\/www.burg-halle.de\/id-neuwerk\/3d-op\/?page_id=441"},"modified":"2023-12-16T21:15:44","modified_gmt":"2023-12-16T20:15:44","slug":"missing-link","status":"publish","type":"page","link":"https:\/\/www.burg-halle.de\/id-neuwerk\/3d-op\/missing-link\/","title":{"rendered":"Missing Link"},"content":{"rendered":"<p><iframe loading=\"lazy\" src=\"https:\/\/player.vimeo.com\/video\/775374232?h=3a9b6ab0ad&amp;title=0&amp;byline=0&amp;portrait=0\" width=\"600\" height=\"338\" frameborder=\"0\" allow=\"autoplay; fullscreen; picture-in-picture\" allowfullscreen=\"\"><\/iframe><\/p>\n<p><em>Film der Pr\u00e4sentation<\/em><\/p>\n<p>&nbsp;<\/p>\n<p>00:36 Bruno Bleschke<br \/>\n03:50 Namju Kim<br \/>\n06:16 Simon H\u00f6fer<br \/>\n08:28 Eric Feiler<br \/>\n11:31 Richard Bassek<br \/>\n14:41 Merle Nau<br \/>\n16:56 Daniel Sauter<br \/>\n21:12 Se Hyeon Won<br \/>\n23:57 Emilia Imberger<br \/>\n27:35 Janina Gastauer<br \/>\n31:01 Franz Kauffmann<br \/>\n36:04 Max Stolze<br \/>\n38:42 Leonhard Schumann<br \/>\n41:30 Kyoungjin Lee<br \/>\n44:11 Emil Frederking<br \/>\n48:27 Janush Elmi Sarabi<br \/>\n50:52 Luci Schwingen<br \/>\n56:17 Christian Klo\u00df<\/p>\n<p>&nbsp;<\/p>\n<p>&nbsp;<\/p>\n<div class=\"_df_thumb \" id=\"df_466\"  wpoptions=\"true\" thumb=\"https:\/\/www.burg-halle.de\/id-neuwerk\/3d-op\/wp-content\/uploads\/sites\/68\/2022\/12\/missing_link_doku_titel.jpg\" thumbtype=\"img\" >3d session 2<\/div><script data-cfasync=\"false\">var option_df_466 = {\"outline\":[],\"forceFit\":\"true\",\"autoEnableOutline\":\"false\",\"autoEnableThumbnail\":\"false\",\"overwritePDFOutline\":\"false\",\"direction\":\"1\",\"pageMode\":\"0\",\"source\":\"https:\\\/\\\/www.burg-halle.de\\\/id-neuwerk\\\/3d-op\\\/wp-content\\\/uploads\\\/sites\\\/68\\\/2022\\\/12\\\/missing_link_doku_web.pdf\",\"wpOptions\":\"true\"}; if(window.DFLIP && DFLIP.parseBooks){DFLIP.parseBooks();}<\/script>\n<p>&nbsp;<\/p>\n<p><em>Dokumentation der missing links zum Bl\u00e4ttern,<br \/>\naus der Dokumentation lassen sich direkt Links zu Filmen anklicken<\/em><\/p>\n<p>&nbsp;<\/p>\n<p>&nbsp;<\/p>\n<p>session 2<br \/>\n<strong>missing link<br \/>\noder hack the baumarkt<\/strong><\/p>\n<p><em>Co-Pilot: Benno Bruksch<\/em><\/p>\n<p>These:<br \/>\nDer Baumarkt der Zukunft ist eine raffinierte Kombination aus Materialarchiv, Recyclinglabor und Makerlab \u2026<\/p>\n<p>Tools:<br \/>\nCAD I Basiskurs in Rhino, Einf\u00fchrung Datenerstellung<br \/>\nf\u00fcr 3d-Druck, 3d-Druck Workshop<\/p>\n<p>Methodisch-gestalterisch:<br \/>\nAusgehend von der verf\u00fcgbaren F\u00fclle von Materialien, Bauteilen, Halbfertigprodukten, Halbzeugen \u2026 sollen die Studierenden im Entwurf zu einer raffinierten Interpretation kommen und ein niederkomplexes Produkt entwickeln, das konzeptionell und konstruktiv aus der Kombination aus Halbzeugen und einem \u00fcber 3d-Druck hergestellten \u201emissing link\u201d besteht.<\/p>\n<p>Ziel:<br \/>\nTraining von Entwerfen, Modellentwicklung und Ausf\u00fchrung als Funktionsprototyp<\/p>\n<p>&nbsp;<\/p>\n<p><strong>Ablauf der Session 2<\/strong><\/p>\n<p>sw 5<br \/>\n7., 8., 9., ggfs. 10. November<\/p>\n<p>Einstieg und erste Versuche\/\u00dcbungen am 3d Drucker,<br \/>\nAnleitung zum selbstst\u00e4ndigen Arbeiten, Experimentieren<\/p>\n<p>&nbsp;<\/p>\n<p><iframe loading=\"lazy\" src=\"https:\/\/player.vimeo.com\/video\/784102798?h=d1aec5648b\" width=\"600\" height=\"338\" frameborder=\"0\" allow=\"autoplay; fullscreen; picture-in-picture\" allowfullscreen=\"\"><\/iframe><\/p>\n<p><em>Pr\u00e4sentation der Vor-\u00dcbung:<br \/>\n3d-gedruckte Verbindungen zwischen Stab und Fl\u00e4che<\/em><\/p>\n<p>Erste Anwendungen der Rhino-Kenntnisse mit dem Fokus auf der Verbindung von fl\u00e4chigen Materialien (Holzplatte, Glas, Pappe \u2026) und stab\u00e4hnlichen Materialien (Rundstab, Rohr, Profil \u2026) \u00fcber ein 3D-gedrucktes Teil.<\/p>\n<p>Die Wahl der Kombinationen ist frei: Fl\u00e4che &#8211; Stab, Fl\u00e4che &#8211; Fl\u00e4che, Stab \u2013 Stab. Die Aufgabe besteht dann darin, sich auf die Verbindung (missing Link) dieser Elemente zu konzentrieren und in einen Gestaltung- und Experimentierprozess zu kommen. Dabei liegt der Schwerpunkt eher auf Variantenbildung anstatt auf der Ausarbeitung von nur einem Entwurf, um die Grundlagen zu festigen und zugleich eine Vielfalt an Beispielen zu generieren, die ein gutes Repertoire f\u00fcr das Entwerfen des missing link im zweiten Teil des Workshops bieten.<\/p>\n<p>&nbsp;<\/p>\n<p>sw 6 kompakt<br \/>\n14.-18. November<\/p>\n<p>Montag, 14.11.22<br \/>\n14.00 Uhr kurze Pr\u00e4sentation der ersten Versuche<\/p>\n<p>anschliessend<br \/>\nEntwurf und Umsetzung der Produktidee zum \u201emissing link\u201d,<br \/>\nEinzelkonsultationen<\/p>\n<p>&nbsp;<\/p>\n<p><iframe loading=\"lazy\" src=\"https:\/\/player.vimeo.com\/video\/784115704?h=43fd7ea7a4\" width=\"600\" height=\"338\" frameborder=\"0\" allow=\"autoplay; fullscreen; picture-in-picture\" allowfullscreen=\"\"><\/iframe><\/p>\n<p><em>Ideenbasar zum missing link<\/em><\/p>\n<p>&nbsp;<\/p>\n<p>sw 7<br \/>\n21., 22., 23. November<\/p>\n<p>Fertigstellen der Entw\u00fcrfe<\/p>\n<p>Mttwoch, 23.11.22<br \/>\n<strong>10.00 Uhr Pr\u00e4sentation der missing link Entw\u00fcrfe<\/strong><\/p>\n<p>&nbsp;<\/p>\n","protected":false},"excerpt":{"rendered":"<p>Film der Pr\u00e4sentation &nbsp; 00:36 Bruno Bleschke 03:50 Namju Kim 06:16 Simon H\u00f6fer 08:28 Eric Feiler 11:31 Richard Bassek 14:41 Merle Nau 16:56 Daniel Sauter 21:12 Se Hyeon Won 23:57 Emilia Imberger 27:35 Janina Gastauer 31:01 Franz Kauffmann 36:04 Max Stolze 38:42 Leonhard Schumann 41:30 Kyoungjin Lee 44:11 Emil Frederking 48:27 Janush Elmi Sarabi 50:52 [&hellip;]<\/p>\n","protected":false},"author":5,"featured_media":0,"parent":0,"menu_order":0,"comment_status":"closed","ping_status":"closed","template":"","meta":{"footnotes":""},"class_list":["post-441","page","type-page","status-publish","hentry"],"_links":{"self":[{"href":"https:\/\/www.burg-halle.de\/id-neuwerk\/3d-op\/wp-json\/wp\/v2\/pages\/441","targetHints":{"allow":["GET"]}}],"collection":[{"href":"https:\/\/www.burg-halle.de\/id-neuwerk\/3d-op\/wp-json\/wp\/v2\/pages"}],"about":[{"href":"https:\/\/www.burg-halle.de\/id-neuwerk\/3d-op\/wp-json\/wp\/v2\/types\/page"}],"author":[{"embeddable":true,"href":"https:\/\/www.burg-halle.de\/id-neuwerk\/3d-op\/wp-json\/wp\/v2\/users\/5"}],"replies":[{"embeddable":true,"href":"https:\/\/www.burg-halle.de\/id-neuwerk\/3d-op\/wp-json\/wp\/v2\/comments?post=441"}],"version-history":[{"count":16,"href":"https:\/\/www.burg-halle.de\/id-neuwerk\/3d-op\/wp-json\/wp\/v2\/pages\/441\/revisions"}],"predecessor-version":[{"id":667,"href":"https:\/\/www.burg-halle.de\/id-neuwerk\/3d-op\/wp-json\/wp\/v2\/pages\/441\/revisions\/667"}],"wp:attachment":[{"href":"https:\/\/www.burg-halle.de\/id-neuwerk\/3d-op\/wp-json\/wp\/v2\/media?parent=441"}],"curies":[{"name":"wp","href":"https:\/\/api.w.org\/{rel}","templated":true}]}}