{"id":11,"date":"2021-08-10T21:20:33","date_gmt":"2021-08-10T19:20:33","guid":{"rendered":"https:\/\/www.burg-halle.de\/id-neuwerk\/artefacts2040\/?page_id=11"},"modified":"2021-11-25T21:49:20","modified_gmt":"2021-11-25T20:49:20","slug":"praesentation","status":"publish","type":"page","link":"https:\/\/www.burg-halle.de\/id-neuwerk\/artefacts2040\/praesentation\/","title":{"rendered":"Pr\u00e4sentation"},"content":{"rendered":"<p><iframe loading=\"lazy\" src=\"https:\/\/player.vimeo.com\/video\/574057192?h=b3bf789634\" width=\"600\" height=\"338\" frameborder=\"0\" allow=\"autoplay; fullscreen; picture-in-picture\" allowfullscreen=\"\"><\/iframe><\/p>\n<p>Film der online-Pr\u00e4sentation<\/p>\n<p>&nbsp;<\/p>\n<p><strong>Artefacts from 2040<\/strong><br \/>\n<em>Unterstellung, Fiktion und Spekulation als Designstrategien<\/em><\/p>\n<p>&nbsp;<\/p>\n<p>Wir begeben uns auf eine virtuelle Expedition in die Zukunft, auf eine fantasievolle Entdeckungsreise ins Jahr 2040. Spekulieren sie dar\u00fcber, was Ihnen dort begegnet.<\/p>\n<p>Ist alles noch beim \u201eAlten\u201d, sind dr\u00e4ngende Fragen von heute gel\u00f6st (= Utopie) oder haben sich Probleme noch versch\u00e4rft (= Dystopie). Was k\u00f6nnte uns erwarten &#8230; oder was wollen Sie unterstellen, was uns erwartet? Zur\u00fcck von der Reise vermitteln Sie IHR Zukunfts-szenario durch einen Expeditionsbericht, ein Storyboard\/Film und durch mitgebrachte Artefakte.<\/p>\n<p>&nbsp;<\/p>\n","protected":false},"excerpt":{"rendered":"<p>Film der online-Pr\u00e4sentation &nbsp; Artefacts from 2040 Unterstellung, Fiktion und Spekulation als Designstrategien &nbsp; Wir begeben uns auf eine virtuelle Expedition in die Zukunft, auf eine fantasievolle Entdeckungsreise ins Jahr 2040. Spekulieren sie dar\u00fcber, was Ihnen dort begegnet. Ist alles noch beim \u201eAlten\u201d, sind dr\u00e4ngende Fragen von heute gel\u00f6st (= Utopie) oder haben sich Probleme [&hellip;]<\/p>\n","protected":false},"author":5,"featured_media":0,"parent":0,"menu_order":0,"comment_status":"closed","ping_status":"closed","template":"","meta":{"footnotes":""},"class_list":["post-11","page","type-page","status-publish","hentry"],"_links":{"self":[{"href":"https:\/\/www.burg-halle.de\/id-neuwerk\/artefacts2040\/wp-json\/wp\/v2\/pages\/11","targetHints":{"allow":["GET"]}}],"collection":[{"href":"https:\/\/www.burg-halle.de\/id-neuwerk\/artefacts2040\/wp-json\/wp\/v2\/pages"}],"about":[{"href":"https:\/\/www.burg-halle.de\/id-neuwerk\/artefacts2040\/wp-json\/wp\/v2\/types\/page"}],"author":[{"embeddable":true,"href":"https:\/\/www.burg-halle.de\/id-neuwerk\/artefacts2040\/wp-json\/wp\/v2\/users\/5"}],"replies":[{"embeddable":true,"href":"https:\/\/www.burg-halle.de\/id-neuwerk\/artefacts2040\/wp-json\/wp\/v2\/comments?post=11"}],"version-history":[{"count":4,"href":"https:\/\/www.burg-halle.de\/id-neuwerk\/artefacts2040\/wp-json\/wp\/v2\/pages\/11\/revisions"}],"predecessor-version":[{"id":145,"href":"https:\/\/www.burg-halle.de\/id-neuwerk\/artefacts2040\/wp-json\/wp\/v2\/pages\/11\/revisions\/145"}],"wp:attachment":[{"href":"https:\/\/www.burg-halle.de\/id-neuwerk\/artefacts2040\/wp-json\/wp\/v2\/media?parent=11"}],"curies":[{"name":"wp","href":"https:\/\/api.w.org\/{rel}","templated":true}]}}