{"id":6,"date":"2021-08-10T21:19:14","date_gmt":"2021-08-10T19:19:14","guid":{"rendered":"https:\/\/www.burg-halle.de\/id-neuwerk\/artefacts2040\/?page_id=6"},"modified":"2021-08-10T22:59:07","modified_gmt":"2021-08-10T20:59:07","slug":"thema","status":"publish","type":"page","link":"https:\/\/www.burg-halle.de\/id-neuwerk\/artefacts2040\/","title":{"rendered":"Thema"},"content":{"rendered":"<p><img loading=\"lazy\" decoding=\"async\" class=\"alignnone wp-image-23\" src=\"https:\/\/www.burg-halle.de\/id-neuwerk\/artefacts2040\/wp-content\/uploads\/sites\/66\/2021\/08\/csm_Artefacts_Header_248fa048ec.jpg\" alt=\"\" width=\"530\" height=\"290\" srcset=\"https:\/\/www.burg-halle.de\/id-neuwerk\/artefacts2040\/wp-content\/uploads\/sites\/66\/2021\/08\/csm_Artefacts_Header_248fa048ec.jpg 530w, https:\/\/www.burg-halle.de\/id-neuwerk\/artefacts2040\/wp-content\/uploads\/sites\/66\/2021\/08\/csm_Artefacts_Header_248fa048ec-300x164.jpg 300w\" sizes=\"auto, (max-width: 530px) 100vw, 530px\" \/><\/p>\n<p>&nbsp;<\/p>\n<p>Zweiw\u00f6chige Fachaufgabe im 1. Studienjahr,<br \/>\nBachelor-Studiengang Industriedesign<\/p>\n<p>&nbsp;<\/p>\n<p><strong>Artefacts from 2040<\/strong><br \/>\n<em>Unterstellung, Fiktion und Spekulation als Designstrategien<\/em><\/p>\n<p>&nbsp;<\/p>\n<p>Wir begeben uns auf eine virtuelle Expedition in die Zukunft, auf eine fantasievolle Entdeckungsreise ins Jahr 2040. Spekulieren sie dar\u00fcber, was Ihnen dort begegnet.<\/p>\n<p>Ist alles noch beim \u201eAlten\u201d, sind dr\u00e4ngende Fragen von heute gel\u00f6st (= Utopie) oder haben sich Probleme noch versch\u00e4rft (= Dystopie). Was k\u00f6nnte uns erwarten &#8230; oder was wollen Sie unterstellen, was uns erwartet? Zur\u00fcck von der Reise vermitteln Sie IHR Zukunfts-szenario durch einen Expeditionsbericht, ein Storyboard\/Film und durch mitgebrachte Artefakte.<\/p>\n<p>In der ersten Woche wollen wir \u00fcber m\u00f6gliche Zuk\u00fcnfte spekulieren und Szenarien entwickeln, die in kurzen Berichten und visuellen Storyboards kommuniziert werden.<\/p>\n<p>Ein begleitender Workshop zu Darstellungstechniken gibt die dazu n\u00f6tigen Werkzeuge.<\/p>\n<p>In der zweiten Woche entwickeln Sie die Zukunftsartefakte als Mock-Ups. Kurze Filme verdeutlichen die Handhabung, in einem gemeinsamen Fotoshooting erstellen Sie Visualisierungen f\u00fcr die Expeditionsberichte. Artefakte und Visualisierungen werden als Diarama im Foyer der Mediathek zur Abschlusspr\u00e4sentation inszeniert.<\/p>\n<p>&nbsp;<\/p>\n<p><em>Teilnehmer_innen<\/em><br \/>\nRosalie Schmuck, Melanie Lange, Pia Marie Rothermund,<br \/>\nMareike Galle, Fritz Breuer, Hans Vogel, Fidelis Falk,<br \/>\nTheo Lipinski, Malin Melzer, Max Koch, Antonia Kleinhempel,<br \/>\nLeonie Blug, Cornelius Thomas, Hanna Gintrowski,<br \/>\nJaewan Lee, Ira Becker<\/p>\n<p><em>Gast<\/em><br \/>\nIna Turinsky<\/p>\n<p><em>Reisebegleitung<\/em><br \/>\nGregor M\u00fcller, Benjamin Schief<\/p>\n<p><em>Mentor<\/em><br \/>\nProf. Guido Englich<\/p>\n<p>Burg Giebichenstein Kunsthochschule Halle<br \/>\nSommersemester 2021<\/p>\n","protected":false},"excerpt":{"rendered":"<p>&nbsp; Zweiw\u00f6chige Fachaufgabe im 1. Studienjahr, Bachelor-Studiengang Industriedesign &nbsp; Artefacts from 2040 Unterstellung, Fiktion und Spekulation als Designstrategien &nbsp; Wir begeben uns auf eine virtuelle Expedition in die Zukunft, auf eine fantasievolle Entdeckungsreise ins Jahr 2040. Spekulieren sie dar\u00fcber, was Ihnen dort begegnet. Ist alles noch beim \u201eAlten\u201d, sind dr\u00e4ngende Fragen von heute gel\u00f6st (= [&hellip;]<\/p>\n","protected":false},"author":5,"featured_media":0,"parent":0,"menu_order":0,"comment_status":"closed","ping_status":"closed","template":"","meta":{"footnotes":""},"class_list":["post-6","page","type-page","status-publish","hentry"],"_links":{"self":[{"href":"https:\/\/www.burg-halle.de\/id-neuwerk\/artefacts2040\/wp-json\/wp\/v2\/pages\/6","targetHints":{"allow":["GET"]}}],"collection":[{"href":"https:\/\/www.burg-halle.de\/id-neuwerk\/artefacts2040\/wp-json\/wp\/v2\/pages"}],"about":[{"href":"https:\/\/www.burg-halle.de\/id-neuwerk\/artefacts2040\/wp-json\/wp\/v2\/types\/page"}],"author":[{"embeddable":true,"href":"https:\/\/www.burg-halle.de\/id-neuwerk\/artefacts2040\/wp-json\/wp\/v2\/users\/5"}],"replies":[{"embeddable":true,"href":"https:\/\/www.burg-halle.de\/id-neuwerk\/artefacts2040\/wp-json\/wp\/v2\/comments?post=6"}],"version-history":[{"count":3,"href":"https:\/\/www.burg-halle.de\/id-neuwerk\/artefacts2040\/wp-json\/wp\/v2\/pages\/6\/revisions"}],"predecessor-version":[{"id":27,"href":"https:\/\/www.burg-halle.de\/id-neuwerk\/artefacts2040\/wp-json\/wp\/v2\/pages\/6\/revisions\/27"}],"wp:attachment":[{"href":"https:\/\/www.burg-halle.de\/id-neuwerk\/artefacts2040\/wp-json\/wp\/v2\/media?parent=6"}],"curies":[{"name":"wp","href":"https:\/\/api.w.org\/{rel}","templated":true}]}}