{"id":300,"date":"2014-12-04T07:32:30","date_gmt":"2014-12-04T05:32:30","guid":{"rendered":"https:\/\/www.burg-halle.de\/id-neuwerk\/collapsible-boats\/?page_id=300"},"modified":"2026-04-14T14:57:36","modified_gmt":"2026-04-14T12:57:36","slug":"exkursion","status":"publish","type":"page","link":"https:\/\/www.burg-halle.de\/id-neuwerk\/collapsible-boats\/exkursion\/","title":{"rendered":"Exkursion"},"content":{"rendered":"<p><iframe loading=\"lazy\" src=\"\/\/player.vimeo.com\/video\/113591438?title=0&amp;byline=0&amp;portrait=0\" height=\"338\" width=\"600\" allowfullscreen=\"\" frameborder=\"0\"><\/iframe><\/p>\n<p>&nbsp;<\/p>\n<p>Exkursion 1<br \/>\n<strong>Expertenbesuche in Pouch, Ulm, Rosenheim <\/strong><\/p>\n<p>Dienstag, 5.4.2011<br \/>\nWerksbesichtigung Poucher Boote GmbH<br \/>\nFaltbootbau und Tischlerei<\/p>\n<p><a href=\"http:\/\/www.poucher-boote.de\" target=\"_blank\">www.poucher-boote.de <\/a><\/p>\n<p>Mittwoch, 6.4.2011<br \/>\nBesuch Faltbootzentrum \u2013 Out-Trade GmbH in Ulm<br \/>\nGr\u00f6\u00dfte Auswahl an Faltbooten in Europa.<\/p>\n<p><a href=\"http:\/\/www.out-trade.de\" target=\"_blank\">www.out-trade.de <\/a><\/p>\n<p>Donnerstag, 7.4.2011<br \/>\nBesuch der Klepperwerft AG in Rosenheim<br \/>\nBesichtigung des Museums und der Produktion<\/p>\n<p><a href=\"http:\/\/www.klepper.de\" target=\"_blank\">www.klepper.de<\/a><br \/>\n<a href=\"http:\/\/www.kleppermuseum.de\" target=\"_blank\">www.kleppermuseum.de<\/a><\/p>\n<p>&nbsp;<\/p>\n<p>&nbsp;<\/p>\n<p><iframe loading=\"lazy\" src=\"\/\/player.vimeo.com\/video\/113609287?title=0&amp;byline=0&amp;portrait=0\" height=\"338\" width=\"600\" allowfullscreen=\"\" frameborder=\"0\"><\/iframe><\/p>\n<p>&nbsp;<\/p>\n<p>Exkursion 2<br \/>\n<strong>Kanutour von Naumburg \u00fcber Bad D\u00fcrrenberg bis Halle<\/strong><\/p>\n<p>Freitag, 8.4.2011, 9.30\u00a0\u00dcbergabe der Ausr\u00fcstung und der 2er-Kajaks und Einweisung in die Technik des Kanufahrens. Anschlie\u00dfend beginnt die zweit\u00e4gige Kanutour \u00fcber ca. 75 km nach Halle mit \u00dcbernachtung in Bad D\u00fcrrenberg.<\/p>\n<p>&nbsp;<\/p>\n","protected":false},"excerpt":{"rendered":"<p>&nbsp; Exkursion 1 Expertenbesuche in Pouch, Ulm, Rosenheim Dienstag, 5.4.2011 Werksbesichtigung Poucher Boote GmbH Faltbootbau und Tischlerei www.poucher-boote.de Mittwoch, 6.4.2011 Besuch Faltbootzentrum \u2013 Out-Trade GmbH in Ulm Gr\u00f6\u00dfte Auswahl an Faltbooten in Europa. www.out-trade.de Donnerstag, 7.4.2011 Besuch der Klepperwerft AG in Rosenheim Besichtigung des Museums und der Produktion www.klepper.de www.kleppermuseum.de &nbsp; &nbsp; &nbsp; Exkursion 2 [&hellip;]<\/p>\n","protected":false},"author":5,"featured_media":0,"parent":0,"menu_order":0,"comment_status":"closed","ping_status":"closed","template":"","meta":{"footnotes":""},"class_list":["post-300","page","type-page","status-publish","hentry"],"_links":{"self":[{"href":"https:\/\/www.burg-halle.de\/id-neuwerk\/collapsible-boats\/wp-json\/wp\/v2\/pages\/300","targetHints":{"allow":["GET"]}}],"collection":[{"href":"https:\/\/www.burg-halle.de\/id-neuwerk\/collapsible-boats\/wp-json\/wp\/v2\/pages"}],"about":[{"href":"https:\/\/www.burg-halle.de\/id-neuwerk\/collapsible-boats\/wp-json\/wp\/v2\/types\/page"}],"author":[{"embeddable":true,"href":"https:\/\/www.burg-halle.de\/id-neuwerk\/collapsible-boats\/wp-json\/wp\/v2\/users\/5"}],"replies":[{"embeddable":true,"href":"https:\/\/www.burg-halle.de\/id-neuwerk\/collapsible-boats\/wp-json\/wp\/v2\/comments?post=300"}],"version-history":[{"count":6,"href":"https:\/\/www.burg-halle.de\/id-neuwerk\/collapsible-boats\/wp-json\/wp\/v2\/pages\/300\/revisions"}],"predecessor-version":[{"id":556,"href":"https:\/\/www.burg-halle.de\/id-neuwerk\/collapsible-boats\/wp-json\/wp\/v2\/pages\/300\/revisions\/556"}],"wp:attachment":[{"href":"https:\/\/www.burg-halle.de\/id-neuwerk\/collapsible-boats\/wp-json\/wp\/v2\/media?parent=300"}],"curies":[{"name":"wp","href":"https:\/\/api.w.org\/{rel}","templated":true}]}}