{"id":5,"date":"2014-06-14T15:27:17","date_gmt":"2014-06-14T13:27:17","guid":{"rendered":"https:\/\/www.burg-halle.de\/id-neuwerk\/collapsible-boats\/?page_id=5"},"modified":"2021-01-09T18:44:05","modified_gmt":"2021-01-09T16:44:05","slug":"thema","status":"publish","type":"page","link":"https:\/\/www.burg-halle.de\/id-neuwerk\/collapsible-boats\/","title":{"rendered":"Thema"},"content":{"rendered":"<p><img decoding=\"async\" class=\"alignnone size-full wp-image-6\" src=\"https:\/\/www.burg-halle.de\/id-neuwerk\/collapsible-boats\/wp-content\/uploads\/sites\/30\/2014\/06\/icon_thema1.jpg\" alt=\"icon_thema1\" width=\"600\" height=\"auto\" srcset=\"https:\/\/www.burg-halle.de\/id-neuwerk\/collapsible-boats\/wp-content\/uploads\/sites\/30\/2014\/06\/icon_thema1.jpg 1400w, https:\/\/www.burg-halle.de\/id-neuwerk\/collapsible-boats\/wp-content\/uploads\/sites\/30\/2014\/06\/icon_thema1-300x200.jpg 300w, https:\/\/www.burg-halle.de\/id-neuwerk\/collapsible-boats\/wp-content\/uploads\/sites\/30\/2014\/06\/icon_thema1-1024x683.jpg 1024w\" sizes=\"(max-width: 1400px) 100vw, 1400px\" \/><\/p>\n<p>&nbsp;<\/p>\n<p><span style=\"line-height: 1.5em;\">Entwurfsprojekt \/ Komplexes Gestalten<br \/>\nStudiengang BA Industriedesign und MA Industrial Design<br \/>\n<\/span><\/p>\n<p><span style=\"line-height: 1.5em;\">\u00a0<\/span><\/p>\n<p><strong>Collapsible Boats<\/strong><br \/>\n<strong> \u2026 aus dem Rucksack aufs Wasser<\/strong><\/p>\n<p>In diesem Projekt gilt es, ein zerlegbares Boot zu entwickeln, das prim\u00e4r durch Muskelkraft angetrieben wird, und dieses Boot als fahrt\u00fcchtigen, schwimmf\u00e4higen (!) Prototypen zu realisieren.<\/p>\n<p>Ausgehend von den Bauprinzipien klassischer Falt-\/Klappboote und\/oder luftgef\u00fcllter Boote soll nach raffinierten Konstruktionen und geeigneten Materialien\/Materialkombinationen gesucht werden, die ein Boot leicht und transportabel machen, ausreichend widerstandsf\u00e4hig f\u00fcr den gew\u00fcnschten Einsatzzweck \u2026 und nat\u00fcrlich ebenso einfach aufzubauen wie zu zerlegen.<\/p>\n<p>Im Designprozess soll schon zu einem fr\u00fchen Zeitpunkt anhand von Modellen entworfen werden, konstruktiv und detailorientiert \u2013 und im Sinne von Versuchsaufbauten \u2026 das Ziel ist ein (weitestgehend prototypisches) Funktionsmodell. Angesichts der Komplexit\u00e4t der Aufgabe erfolgt die Entwicklungsarbeit in Zweiergruppen.<\/p>\n<p>&nbsp;<\/p>\n<p><em>Input:<\/em><br \/>\n-&gt; Recherchen \/ Referate<br \/>\n-&gt; Exkursion Kanutour von Naumburg nach Halle<br \/>\n-&gt; Experten visits<br \/>\n-&gt; Startworkshop Bootsbau: 3 Bootstypen in drei Tagen<br \/>\n(Gr\u00f6nlandkajak, Canadier, Lake caddo bateau)<\/p>\n<p><em>Output:<\/em><br \/>\n-&gt; 1:1 Funktionsmodell<br \/>\n-&gt; Film zu Funktionsweise und Aufbau<br \/>\n-&gt; Dokumentation<br \/>\n-&gt; Pr\u00e4sentation auf der Saale<\/p>\n<p>&nbsp;<\/p>\n<p>TeilnehmerInnen:<br \/>\nJulia Br\u00fcmmer + Carina Fischer, Christine Rackel + Frank Niese, Sandra H\u00f6lzl + Karina Wendt, Elisabeth Seyferth + Anja Wippler, Jeho Yoon + Yifan Zhang<\/p>\n<p>Moderation:<br \/>\nProf. Guido Englich, David Oelschl\u00e4gel<\/p>\n<p>Workshop:<br \/>\nThomas Gr\u00f6gler<\/p>\n<p>&nbsp;<\/p>\n<p>Studiengang BA Industriedesign und MA Industrial Design<br \/>\nSommersemester 2011<\/p>\n<p>Burg Giebichenstein Kunsthochschule Halle<\/p>\n","protected":false},"excerpt":{"rendered":"<p>&nbsp; Entwurfsprojekt \/ Komplexes Gestalten Studiengang BA Industriedesign und MA Industrial Design \u00a0 Collapsible Boats \u2026 aus dem Rucksack aufs Wasser In diesem Projekt gilt es, ein zerlegbares Boot zu entwickeln, das prim\u00e4r durch Muskelkraft angetrieben wird, und dieses Boot als fahrt\u00fcchtigen, schwimmf\u00e4higen (!) Prototypen zu realisieren. Ausgehend von den Bauprinzipien klassischer Falt-\/Klappboote und\/oder luftgef\u00fcllter [&hellip;]<\/p>\n","protected":false},"author":5,"featured_media":6,"parent":0,"menu_order":0,"comment_status":"open","ping_status":"open","template":"","meta":{"footnotes":""},"class_list":["post-5","page","type-page","status-publish","has-post-thumbnail","hentry"],"_links":{"self":[{"href":"https:\/\/www.burg-halle.de\/id-neuwerk\/collapsible-boats\/wp-json\/wp\/v2\/pages\/5","targetHints":{"allow":["GET"]}}],"collection":[{"href":"https:\/\/www.burg-halle.de\/id-neuwerk\/collapsible-boats\/wp-json\/wp\/v2\/pages"}],"about":[{"href":"https:\/\/www.burg-halle.de\/id-neuwerk\/collapsible-boats\/wp-json\/wp\/v2\/types\/page"}],"author":[{"embeddable":true,"href":"https:\/\/www.burg-halle.de\/id-neuwerk\/collapsible-boats\/wp-json\/wp\/v2\/users\/5"}],"replies":[{"embeddable":true,"href":"https:\/\/www.burg-halle.de\/id-neuwerk\/collapsible-boats\/wp-json\/wp\/v2\/comments?post=5"}],"version-history":[{"count":7,"href":"https:\/\/www.burg-halle.de\/id-neuwerk\/collapsible-boats\/wp-json\/wp\/v2\/pages\/5\/revisions"}],"predecessor-version":[{"id":437,"href":"https:\/\/www.burg-halle.de\/id-neuwerk\/collapsible-boats\/wp-json\/wp\/v2\/pages\/5\/revisions\/437"}],"wp:featuredmedia":[{"embeddable":true,"href":"https:\/\/www.burg-halle.de\/id-neuwerk\/collapsible-boats\/wp-json\/wp\/v2\/media\/6"}],"wp:attachment":[{"href":"https:\/\/www.burg-halle.de\/id-neuwerk\/collapsible-boats\/wp-json\/wp\/v2\/media?parent=5"}],"curies":[{"name":"wp","href":"https:\/\/api.w.org\/{rel}","templated":true}]}}