{"id":8,"date":"2015-01-11T08:01:42","date_gmt":"2015-01-11T06:01:42","guid":{"rendered":"https:\/\/www.burg-halle.de\/id-neuwerk\/cut-go\/?page_id=8"},"modified":"2019-08-04T09:51:21","modified_gmt":"2019-08-04T07:51:21","slug":"dokumentation","status":"publish","type":"page","link":"https:\/\/www.burg-halle.de\/id-neuwerk\/cut-go\/dokumentation\/","title":{"rendered":"Dokumentation"},"content":{"rendered":"<p>&nbsp;<\/p>\n<div class=\"_df_thumb \" id=\"df_423\"  wpoptions=\"true\" thumb=\"https:\/\/www.burg-halle.de\/id-neuwerk\/cut-go\/wp-content\/uploads\/sites\/26\/2018\/04\/2010_KG_CutGo_1_Doku-Gesamt.jpeg\" thumbtype=\"img\" >Doku Gesamt<\/div><script data-cfasync=\"false\">var option_df_423 = {\"outline\":[],\"forceFit\":\"true\",\"autoEnableOutline\":\"false\",\"autoEnableThumbnail\":\"false\",\"overwritePDFOutline\":\"false\",\"direction\":\"1\",\"pageMode\":\"0\",\"source\":\"https:\\\/\\\/www.burg-halle.de\\\/id-neuwerk\\\/cut-go\\\/wp-content\\\/uploads\\\/sites\\\/26\\\/2018\\\/03\\\/2010_KG_CutGo_1_Doku-Gesamt.pdf\",\"wpOptions\":\"true\"}; if(window.DFLIP && DFLIP.parseBooks){DFLIP.parseBooks();}<\/script>\n<p>&nbsp;<\/p>\n<p><strong>Cut &amp; Go<\/strong><br \/>\nSitzen, stellen, legen \u2026 Entw\u00fcrfe f\u00fcr CNC-Fr\u00e4se<\/p>\n<p>&nbsp;<\/p>\n<p>Die Gesamtdokumentation zum Projekt in Form eines Produkt-Kataloges \u2013<br \/>\nwurde konzipiert und gestaltet von Finnja Anders und Alex Wiefel.<\/p>\n<p>&nbsp;<\/p>\n<div class=\"_df_thumb \" id=\"df_415\"  wpoptions=\"true\" thumb=\"https:\/\/www.burg-halle.de\/id-neuwerk\/cut-go\/wp-content\/uploads\/sites\/26\/2018\/04\/2010_MZ_Kompendium-cnc-fraese.jpeg\" thumbtype=\"img\" >Kompendium CNC-Fr\u00e4se<\/div><script data-cfasync=\"false\">var option_df_415 = {\"outline\":[],\"forceFit\":\"true\",\"autoEnableOutline\":\"false\",\"autoEnableThumbnail\":\"false\",\"overwritePDFOutline\":\"false\",\"direction\":\"1\",\"pageMode\":\"0\",\"source\":\"https:\\\/\\\/www.burg-halle.de\\\/id-neuwerk\\\/cut-go\\\/wp-content\\\/uploads\\\/sites\\\/26\\\/2018\\\/03\\\/2010_MZ_Kompendium-cnc-fraese.pdf\",\"wpOptions\":\"true\"}; if(window.DFLIP && DFLIP.parseBooks){DFLIP.parseBooks();}<\/script>\n<p>&nbsp;<\/p>\n<p><strong>Kompendium<\/strong> zur Nutzung<br \/>\nder hochschuleigenen CNC Fr\u00e4se<\/p>\n<p>Master-Tutorial von Matthias Z\u00e4nsler<\/p>\n<p>&nbsp;<\/p>\n","protected":false},"excerpt":{"rendered":"<p>&nbsp; &nbsp; Cut &amp; Go Sitzen, stellen, legen \u2026 Entw\u00fcrfe f\u00fcr CNC-Fr\u00e4se &nbsp; Die Gesamtdokumentation zum Projekt in Form eines Produkt-Kataloges \u2013 wurde konzipiert und gestaltet von Finnja Anders und Alex Wiefel. &nbsp; &nbsp; Kompendium zur Nutzung der hochschuleigenen CNC Fr\u00e4se Master-Tutorial von Matthias Z\u00e4nsler &nbsp;<\/p>\n","protected":false},"author":5,"featured_media":0,"parent":0,"menu_order":0,"comment_status":"closed","ping_status":"closed","template":"","meta":{"footnotes":""},"class_list":["post-8","page","type-page","status-publish","hentry"],"_links":{"self":[{"href":"https:\/\/www.burg-halle.de\/id-neuwerk\/cut-go\/wp-json\/wp\/v2\/pages\/8","targetHints":{"allow":["GET"]}}],"collection":[{"href":"https:\/\/www.burg-halle.de\/id-neuwerk\/cut-go\/wp-json\/wp\/v2\/pages"}],"about":[{"href":"https:\/\/www.burg-halle.de\/id-neuwerk\/cut-go\/wp-json\/wp\/v2\/types\/page"}],"author":[{"embeddable":true,"href":"https:\/\/www.burg-halle.de\/id-neuwerk\/cut-go\/wp-json\/wp\/v2\/users\/5"}],"replies":[{"embeddable":true,"href":"https:\/\/www.burg-halle.de\/id-neuwerk\/cut-go\/wp-json\/wp\/v2\/comments?post=8"}],"version-history":[{"count":11,"href":"https:\/\/www.burg-halle.de\/id-neuwerk\/cut-go\/wp-json\/wp\/v2\/pages\/8\/revisions"}],"predecessor-version":[{"id":469,"href":"https:\/\/www.burg-halle.de\/id-neuwerk\/cut-go\/wp-json\/wp\/v2\/pages\/8\/revisions\/469"}],"wp:attachment":[{"href":"https:\/\/www.burg-halle.de\/id-neuwerk\/cut-go\/wp-json\/wp\/v2\/media?parent=8"}],"curies":[{"name":"wp","href":"https:\/\/api.w.org\/{rel}","templated":true}]}}