{"id":34,"date":"2021-01-15T12:05:31","date_gmt":"2021-01-15T11:05:31","guid":{"rendered":"https:\/\/www.burg-halle.de\/id-neuwerk\/designikonen\/?page_id=34"},"modified":"2021-01-15T12:09:25","modified_gmt":"2021-01-15T11:09:25","slug":"recut-methode","status":"publish","type":"page","link":"https:\/\/www.burg-halle.de\/id-neuwerk\/designikonen\/recut-methode\/","title":{"rendered":"ReCut Methode"},"content":{"rendered":"<p><img loading=\"lazy\" decoding=\"async\" class=\"alignnone wp-image-2110\" src=\"https:\/\/www.burg-halle.de\/id-neuwerk\/wp-content\/uploads\/2020\/05\/recut_icon-1024x538.jpg\" alt=\"\" width=\"600\" height=\"315\" \/><\/p>\n<p>&nbsp;<\/p>\n<p>Ein <strong>ReCut<\/strong> verwendet Filmmaterial aus vorhandenen Filmen und arrangiert diese neu, um einen Sachverhalt entweder fokussiert und zugespitzt darzustellen \u2013 also mit einem dokumentarischen, didaktischen Motiv \u2013 oder setzt das Material in einen neuen oder vom urspr\u00fcnglichen Ausgangsmaterial abweichenden Kontext \u2013 also mit einem parodistischen oder verfremdenden Motiv.<\/p>\n<p>Auf der Technik des ReCut basieren beispielsweise die Filme der <strong>Blow Up Reihe bei arte<\/strong>.<\/p>\n<p>H\u00e4ufig werden hier anhand der Neumontage von Filmszenen Regisseure, Film oder Darsteller vorgestellt \u2013 aber ebenso auch Ph\u00e4nomene im Film \u2013 wie Regen, Schnee, Zirkus, Vampire usw. \u2026 komprimiert dargestellt.<\/p>\n<p>Die Filmmontage des <strong>ReCut<\/strong> eignet sich insbesondere um Handlungen, Themen oder Elemente in ihrer Essenz und Musterhaftigkeit darzustellen und zu begreifen.<\/p>\n<p>&nbsp;<\/p>\n<p><strong>Beipiele auf arte finden Sie hier:<\/strong><br \/>\n<strong><a href=\"https:\/\/www.arte.tv\/de\/videos\/RC-014095\/blow-up\/\" target=\"_blank\" rel=\"noopener noreferrer\">arte blow up<\/a><\/strong><\/p>\n<p>Die Herstellung von ReCuts wird mit der Verf\u00fcgbarkeit von digitalem Filmmaterial deutlich vereinfacht. Geschickte Nutzung der Schnittprogramme erlaubt es, die Audio- und Videospuren eines Clips zu trennen, so dass die urspr\u00fcngliche Partitur oder Tonspur entfernt werden kann und durch eine andere ersetzt werden kann.<\/p>\n<p>&nbsp;<\/p>\n<p><strong>Einige Beispiele f\u00fcr ReCuts:<\/strong><\/p>\n<p>\u2013 Filme, Ph\u00e4nomene im Film, Gestaltungs-Elemente im Film<br \/>\n\u2013 Architektur-Elemente im Film<br \/>\n\u2013 Portr\u00e4ts als ReCut \/ GE<br \/>\n\u2013 Design-Geschichte als ReCut \/ GE<br \/>\n\u2013 Designer-Portr\u00e4ts \/ Recherchen als ReCut von Design-Studierenden<\/p>\n<p>&nbsp;<\/p>\n<p>&nbsp;<\/p>\n<p>&nbsp;<\/p>\n<h1>Filme, Ph\u00e4nomene im Film,<br \/>\nGestaltungs-Elemente im Film<\/h1>\n<p>&nbsp;<\/p>\n<p><iframe loading=\"lazy\" src=\"https:\/\/player.vimeo.com\/video\/414954717?title=0&amp;byline=0&amp;portrait=0\" width=\"600\" height=\"338\" frameborder=\"0\" allowfullscreen=\"allowfullscreen\" data-mce-fragment=\"1\"><\/iframe><\/p>\n<p>&nbsp;<\/p>\n<p><strong>Blow-Up,\u00a0Film\u00a0von Michelangelo Antonioni<\/strong> (1966)<br \/>\nin 3 Minuten<\/p>\n<p>&nbsp;<\/p>\n<p>&nbsp;<\/p>\n<p><iframe loading=\"lazy\" src=\"https:\/\/player.vimeo.com\/video\/414953831?title=0&amp;byline=0&amp;portrait=0\" width=\"600\" height=\"338\" frameborder=\"0\" allowfullscreen=\"allowfullscreen\" data-mce-fragment=\"1\"><\/iframe><\/p>\n<p>&nbsp;<\/p>\n<p><strong>Elf Uhr nachts,\u00a0Film\u00a0von Jean-Luc Godard<\/strong>\u00a0(1965)<br \/>\nin 3 Minuten<\/p>\n<p>&nbsp;<\/p>\n<p>&nbsp;<\/p>\n<p><iframe loading=\"lazy\" src=\"https:\/\/player.vimeo.com\/video\/414954205?title=0&amp;byline=0&amp;portrait=0\" width=\"600\" height=\"338\" frameborder=\"0\" allowfullscreen=\"allowfullscreen\" data-mce-fragment=\"1\"><\/iframe><\/p>\n<p>&nbsp;<\/p>\n<p><strong>Brillen im Film<\/strong><\/p>\n<p>&nbsp;<\/p>\n<p>&nbsp;<\/p>\n<p><iframe loading=\"lazy\" src=\"https:\/\/player.vimeo.com\/video\/414953721?title=0&amp;byline=0&amp;portrait=0\" width=\"600\" height=\"338\" frameborder=\"0\" allowfullscreen=\"allowfullscreen\" data-mce-fragment=\"1\"><\/iframe><\/p>\n<p>&nbsp;<\/p>\n<p><strong>Die Vorspanne von\u00a0Saul Bass<\/strong><\/p>\n<p>&nbsp;<\/p>\n<p>&nbsp;<\/p>\n<p><iframe loading=\"lazy\" src=\"https:\/\/player.vimeo.com\/video\/414953478?title=0&amp;byline=0&amp;portrait=0\" width=\"600\" height=\"338\" frameborder=\"0\" allowfullscreen=\"allowfullscreen\" data-mce-fragment=\"1\"><\/iframe><\/p>\n<p>&nbsp;<\/p>\n<p><strong>Recut der Hitchcock-Trailer<\/strong><\/p>\n<p>&nbsp;<\/p>\n<p>&nbsp;<\/p>\n<p><iframe loading=\"lazy\" src=\"https:\/\/player.vimeo.com\/video\/414953085?title=0&amp;byline=0&amp;portrait=0\" width=\"600\" height=\"337\" frameborder=\"0\" allowfullscreen=\"allowfullscreen\" data-mce-fragment=\"1\"><\/iframe><\/p>\n<p>&nbsp;<\/p>\n<p><strong>Recut Tanz im Film<\/strong><\/p>\n<p>&nbsp;<\/p>\n<p>&nbsp;<\/p>\n<p><iframe loading=\"lazy\" src=\"https:\/\/player.vimeo.com\/video\/414958466?title=0&amp;byline=0&amp;portrait=0\" width=\"600\" height=\"338\" frameborder=\"0\" allowfullscreen=\"allowfullscreen\" data-mce-fragment=\"1\"><\/iframe><\/p>\n<p>&nbsp;<\/p>\n<p><strong>Typography <\/strong><br \/>\nin Jean Luc Godard\u2019s Films<\/p>\n<p>&nbsp;<\/p>\n<p>&nbsp;<\/p>\n<p><iframe loading=\"lazy\" src=\"https:\/\/player.vimeo.com\/video\/414957606?title=0&amp;byline=0&amp;portrait=0\" width=\"600\" height=\"338\" frameborder=\"0\" allowfullscreen=\"allowfullscreen\" data-mce-fragment=\"1\"><\/iframe><\/p>\n<p>&nbsp;<\/p>\n<p><strong>The Iconic Aesthetic<br \/>\n<\/strong>of Jean-Luc Godard<\/p>\n<p>&nbsp;<\/p>\n<p>&nbsp;<\/p>\n<h1>Architektur-Elemente im Film<\/h1>\n<p>&nbsp;<\/p>\n<p><iframe loading=\"lazy\" src=\"https:\/\/player.vimeo.com\/video\/421847169?title=0&amp;byline=0&amp;portrait=0\" width=\"600\" height=\"338\" frameborder=\"0\" allowfullscreen=\"allowfullscreen\"><\/iframe><\/p>\n<p>&nbsp;<\/p>\n<p><strong>Video Installation<\/strong> (2014) Architektur Biennale Venedig<\/p>\n<p>Diese Video-Installation\u00a0von Davide Rapp (mit dem Titel \u201eElements\u201d) ist eine Filmmontage von kurzen architekturbezogenen Filmszenen aus \u00fcber 200 Filmen aus den letzten 100 Jahren Kinogeschichte. Die Kombination der Szenen visualisiert die f\u00fcnfzehn Architekturelemente, die Rem Koolhaas und OMA\/AMO f\u00fcr die Architektur Biennale in Venedig 2014 als \u201eFundamentals\u201d identifiziert haben: Balkon, Decke, Korridor, T\u00fcr, Aufzug, Rolltreppe, Fassade, Boden, Kamin, Rampe, Dach, Treppe, Toilette, Wand und Fenster.<\/p>\n<p>&nbsp;<\/p>\n<p>&nbsp;<\/p>\n<h1>Portr\u00e4ts als ReCut<\/h1>\n<p>&nbsp;<\/p>\n<p><iframe loading=\"lazy\" src=\"https:\/\/player.vimeo.com\/video\/63997644?title=0&amp;byline=0&amp;portrait=0\" width=\"600\" height=\"338\" frameborder=\"0\" allowfullscreen=\"allowfullscreen\" data-mce-fragment=\"1\"><\/iframe><\/p>\n<p>&nbsp;<\/p>\n<p><strong>ReCut: Achille Castiglioni <\/strong>(2017) GE<br \/>\nDie Funktion, welch sch\u00f6ne Form<\/p>\n<p>Ausschnitt aus dem ReCut \u201eDesigner als Sammler\u201d, anl\u00e4sslich einer\u00a0Fachaufgabe im ersten Studienjahr im Studiengang Industrie Design zum Thema \u201eSammeln, Entdecken, Entwerfen\u201d \u2026<\/p>\n<p>mehr dazu finden Sie hier:<br \/>\n<a href=\"https:\/\/www.burg-halle.de\/id-neuwerk\/blog\/sammeln-entdecken-entwerfen\/\" target=\"_blank\" rel=\"noopener noreferrer\"><strong>Sammeln, Entdecken, Entwerfen<\/strong><\/a><\/p>\n<p>&nbsp;<\/p>\n<p>&nbsp;<\/p>\n<p><iframe loading=\"lazy\" src=\"https:\/\/player.vimeo.com\/video\/215078614?title=0&amp;byline=0&amp;portrait=0\" width=\"600\" height=\"338\" frameborder=\"0\" allowfullscreen=\"allowfullscreen\" data-mce-fragment=\"1\"><\/iframe><\/p>\n<p>&nbsp;<\/p>\n<p><strong>ReCut: Mon Oncle &amp; Playtime de Jacques Tati<\/strong> (2017)\u00a0GE<\/p>\n<p>In Jacques Tatis Film \u201eMon Oncle\u201d hat ein Haus die Hauptrolle. Es ist, obwohl von Menschenhand entworfen, ein Gegenspieler der Menschen. Sie haben mit seiner futuristischen Ausstattung zu k\u00e4mpfen, mit den technischen Erleichterungen, die das Leben schwer machen, vor allem aber m\u00fcssen sie sich einem autorit\u00e4ren Design unterwerfen, das keine Unordnung duldet. Um in diesem Haus nicht zu st\u00f6ren, m\u00fcsste der Mensch zum Sofa oder zum Cocktailsessel werden. Selten hat Filmarchitektur eine so entscheidende Rolle eingenommen wie in den Filmen Jacques Tatis. Das production design wie der angels\u00e4chsische Ausdruck daf\u00fcr lautet, hat hier seine eigene Herrschsucht, die Herrschsucht des Designs in der modernen Welt inszeniert.<\/p>\n<p>F\u00fcr den Regisseur war der Konflikt des Menschen mit der zunehmenden Technisierung eine thematische Obsession. In \u201ePlaytime\u201c, einer Satire auf die moderne Gro\u00dfstadt, malte er eine futuristische Vision aus, die \u00e4hnlich gro\u00dfartig und zeitlos geriet wie Fritz Langs \u201eMetropolis\u201c oder Ridley Scotts \u201eBlade Runner\u201c. Er war ein Megalomane und Perfektionist, der vor nichts zur\u00fcckschreckte, und durch die Kostspieligkeit seiner Forderungen alles davor in den Schatten stellte.<\/p>\n<p>&nbsp;<\/p>\n<p>mehr zu den Filmen von Jacques Tati findet sich hier:<br \/>\n<a href=\"https:\/\/www.burg-halle.de\/id-neuwerk\/blog\/designprozesselecture-2017_2\/\" target=\"_blank\" rel=\"noopener noreferrer\"><strong>T\u00fccke des Objekts<\/strong><\/a><\/p>\n<p>&nbsp;<\/p>\n<p>&nbsp;<\/p>\n<p><iframe loading=\"lazy\" src=\"https:\/\/player.vimeo.com\/video\/127567819\" width=\"600\" height=\"338\" frameborder=\"0\" allowfullscreen=\"allowfullscreen\" data-mce-fragment=\"1\"><\/iframe><\/p>\n<p>&nbsp;<\/p>\n<p><strong>ReCut: Eames \/ design is a method of action<\/strong> (2015) GE<\/p>\n<p>Ein filmischer ReCut aus Interviews, Filmen, Vortr\u00e4gen \u2026<br \/>\nzum Werk von Charles und Ray Eames.<\/p>\n<p>Die Eames stehen prototypisch und ihrer Zeit vorausweisend als Designer des 20. Jahrhunderts f\u00fcr die Definition und das Ausloten von Design als Profession und eine umfassende Durchf\u00fchrung von Designprozessen. Ihr Werk reicht von Produktdesign \u00fcber Filme und Multimedia Lectures bis zu Ausstellungen und zeigt bis weit in die Bereiche eines entstehenden Informationsdesign.<\/p>\n<p>Die Entwicklung der Projekte und Arbeiten des Eames Office zeigen einen deutlichen Shift von der Gestaltung von Objekten hin zur Vermittlung von Wissen und Gestaltung von Information. Damit bildet das Werk der Eames zugleich einen H\u00f6hepunkt der Designgeschichte des ausgehenden Industriezeitalters wie es schon vorausweisender Vorbote der Handlungsfelder der Designprofessionen im Information Age ist.<\/p>\n<p>&nbsp;<\/p>\n<p>mehr zu den Filmen von Charles und Ray Eames findet sich hier:<br \/>\n<a href=\"https:\/\/www.burg-halle.de\/id-neuwerk\/blog\/designprozesselecture-2017_4\/\" target=\"_blank\" rel=\"noopener noreferrer\"><strong>Designing the idea<\/strong><\/a><\/p>\n<p>&nbsp;<\/p>\n<p>&nbsp;<\/p>\n<p>&nbsp;<\/p>\n<h1>Designgeschichte als ReCut<\/h1>\n<p>&nbsp;<\/p>\n<p><iframe loading=\"lazy\" src=\"https:\/\/player.vimeo.com\/video\/310645706?title=0&amp;byline=0&amp;portrait=0\" width=\"600\" height=\"338\" frameborder=\"0\" allowfullscreen=\"allowfullscreen\" data-mce-fragment=\"1\"><\/iframe><\/p>\n<p>&nbsp;<\/p>\n<p><strong>01 hochschule f\u00fcr gestaltung hfg ulm 1953\u20131968<\/strong><\/p>\n<p>Ausschnitt aus dem Film \u201eDesign-Geschichte(n) aus dem Nick-Roericht-Archiv\u201d<\/p>\n<p>mehr dazu hier:<br \/>\n<strong><a href=\"https:\/\/www.burg-halle.de\/id-neuwerk\/blog\/preview-in-berlin-design-geschichten-aus-dem-nick-roericht-archiv\/\" target=\"_blank\" rel=\"noopener noreferrer\">Design-Geschichte(n)<\/a><\/strong><\/p>\n<p>&nbsp;<\/p>\n<p>&nbsp;<\/p>\n<p><iframe loading=\"lazy\" src=\"https:\/\/player.vimeo.com\/video\/310739249?title=0&amp;byline=0&amp;portrait=0\" width=\"600\" height=\"338\" frameborder=\"0\" allowfullscreen=\"allowfullscreen\" data-mce-fragment=\"1\"><\/iframe><\/p>\n<p>&nbsp;<\/p>\n<p><strong>07 stand der b\u00fcroentwicklung um 1972<\/strong><\/p>\n<p>Ausschnitt aus dem Film \u201eDesign-Geschichte(n) aus dem Nick-Roericht-Archiv\u201d<\/p>\n<p>&nbsp;<\/p>\n<p>&nbsp;<\/p>\n<h1>Designer-\/K\u00fcnstler-Portr\u00e4ts<br \/>\nRecherchen\u00a0von Design-Studierenden\u00a0als ReCut<\/h1>\n<p>&nbsp;<\/p>\n<p><iframe loading=\"lazy\" src=\"https:\/\/player.vimeo.com\/video\/421787940?title=0&amp;byline=0&amp;portrait=0\" width=\"600\" height=\"338\" frameborder=\"0\" allowfullscreen=\"allowfullscreen\"><\/iframe><\/p>\n<p>&nbsp;<\/p>\n<p><strong>Chuck Hoberman<\/strong><br \/>\nReCut von Lion Sanguinette<\/p>\n<p>&nbsp;<\/p>\n<p>&nbsp;<\/p>\n<p><iframe loading=\"lazy\" src=\"https:\/\/player.vimeo.com\/video\/421529479?title=0&amp;byline=0&amp;portrait=0\" width=\"600\" height=\"338\" frameborder=\"0\" allowfullscreen=\"allowfullscreen\" data-mce-fragment=\"1\"><\/iframe><\/p>\n<p>&nbsp;<\/p>\n<p><strong>Konstruktivisten<\/strong><br \/>\nReCut von Judith Burgard<\/p>\n<p><a href=\"https:\/\/www.burg-halle.de\/id-neuwerk\/kinetik-kettenreaktion\/wp-content\/uploads\/sites\/60\/2020\/05\/ReCut_Konstruktivisten_quellen.pdf\" target=\"_blank\" rel=\"noopener noreferrer\"><strong>Quellen<\/strong><\/a><\/p>\n<p>&nbsp;<\/p>\n<p><iframe loading=\"lazy\" src=\"https:\/\/player.vimeo.com\/video\/421526196?title=0&amp;byline=0&amp;portrait=0\" width=\"600\" height=\"338\" frameborder=\"0\" allowfullscreen=\"allowfullscreen\" data-mce-fragment=\"1\"><\/iframe><\/p>\n<p>&nbsp;<\/p>\n<p><strong>Jean Tinguely<\/strong><br \/>\nReCut von\u00a0Emilia Sonntag<\/p>\n<p><a href=\"https:\/\/www.burg-halle.de\/id-neuwerk\/kinetik-kettenreaktion\/wp-content\/uploads\/sites\/60\/2020\/05\/ReCut_Jean_Tinguely_quellen.pdf\" target=\"_blank\" rel=\"noopener noreferrer\"><strong>Quellen<\/strong><\/a><\/p>\n<p>&nbsp;<\/p>\n<p><iframe loading=\"lazy\" src=\"https:\/\/player.vimeo.com\/video\/300268748?title=0&amp;byline=0&amp;portrait=0\" width=\"600\" height=\"338\" frameborder=\"0\" allowfullscreen=\"allowfullscreen\" data-mce-fragment=\"1\"><\/iframe><\/p>\n<p>&nbsp;<\/p>\n<p><strong>Erwin Wurm<\/strong><br \/>\nReCut von Benno Brucksch (2017)<\/p>\n<p>&nbsp;<\/p>\n<p><iframe loading=\"lazy\" src=\"https:\/\/player.vimeo.com\/video\/326914373?title=0&amp;byline=0&amp;portrait=0\" width=\"600\" height=\"338\" frameborder=\"0\" allowfullscreen=\"allowfullscreen\" data-mce-fragment=\"1\"><\/iframe><\/p>\n<p>&nbsp;<\/p>\n<p><strong>Donald Judd<\/strong><br \/>\nReCut von Leopold Zaumseil (2017)<\/p>\n<p>&nbsp;<\/p>\n<p>&nbsp;<\/p>\n<p><iframe loading=\"lazy\" src=\"https:\/\/player.vimeo.com\/video\/300265753?title=0&amp;byline=0&amp;portrait=0\" width=\"600\" height=\"338\" frameborder=\"0\" allowfullscreen=\"allowfullscreen\" data-mce-fragment=\"1\"><\/iframe><\/p>\n<p>&nbsp;<\/p>\n<p><strong>Daan Roosegaard<\/strong><br \/>\nReCut von Johannes Voelchert (2017)<\/p>\n<p>&nbsp;<\/p>\n<p><iframe loading=\"lazy\" src=\"https:\/\/player.vimeo.com\/video\/300270465?title=0&amp;byline=0&amp;portrait=0\" width=\"600\" height=\"338\" frameborder=\"0\" allowfullscreen=\"allowfullscreen\"><\/iframe><\/p>\n<p>&nbsp;<\/p>\n<p><strong>James Dyson<\/strong><br \/>\nReCut von Leo Helm (2017)<\/p>\n<p>&nbsp;<\/p>\n<p><iframe loading=\"lazy\" src=\"https:\/\/player.vimeo.com\/video\/300273341?title=0&amp;byline=0&amp;portrait=0\" width=\"600\" height=\"338\" frameborder=\"0\" allowfullscreen=\"allowfullscreen\" data-mce-fragment=\"1\"><\/iframe><\/p>\n<p>&nbsp;<\/p>\n<p><strong>Maarten Baas<\/strong><br \/>\nReCut von Ulrike Silz (2017)<\/p>\n<p>&nbsp;<\/p>\n<p>&nbsp;<\/p>\n","protected":false},"excerpt":{"rendered":"<p>&nbsp; Ein ReCut verwendet Filmmaterial aus vorhandenen Filmen und arrangiert diese neu, um einen Sachverhalt entweder fokussiert und zugespitzt darzustellen \u2013 also mit einem dokumentarischen, didaktischen Motiv \u2013 oder setzt das Material in einen neuen oder vom urspr\u00fcnglichen Ausgangsmaterial abweichenden Kontext \u2013 also mit einem parodistischen oder verfremdenden Motiv. Auf der Technik des ReCut basieren [&hellip;]<\/p>\n","protected":false},"author":5,"featured_media":0,"parent":0,"menu_order":0,"comment_status":"closed","ping_status":"closed","template":"","meta":{"footnotes":""},"class_list":["post-34","page","type-page","status-publish","hentry"],"_links":{"self":[{"href":"https:\/\/www.burg-halle.de\/id-neuwerk\/designikonen\/wp-json\/wp\/v2\/pages\/34","targetHints":{"allow":["GET"]}}],"collection":[{"href":"https:\/\/www.burg-halle.de\/id-neuwerk\/designikonen\/wp-json\/wp\/v2\/pages"}],"about":[{"href":"https:\/\/www.burg-halle.de\/id-neuwerk\/designikonen\/wp-json\/wp\/v2\/types\/page"}],"author":[{"embeddable":true,"href":"https:\/\/www.burg-halle.de\/id-neuwerk\/designikonen\/wp-json\/wp\/v2\/users\/5"}],"replies":[{"embeddable":true,"href":"https:\/\/www.burg-halle.de\/id-neuwerk\/designikonen\/wp-json\/wp\/v2\/comments?post=34"}],"version-history":[{"count":3,"href":"https:\/\/www.burg-halle.de\/id-neuwerk\/designikonen\/wp-json\/wp\/v2\/pages\/34\/revisions"}],"predecessor-version":[{"id":38,"href":"https:\/\/www.burg-halle.de\/id-neuwerk\/designikonen\/wp-json\/wp\/v2\/pages\/34\/revisions\/38"}],"wp:attachment":[{"href":"https:\/\/www.burg-halle.de\/id-neuwerk\/designikonen\/wp-json\/wp\/v2\/media?parent=34"}],"curies":[{"name":"wp","href":"https:\/\/api.w.org\/{rel}","templated":true}]}}