{"id":12,"date":"2026-01-03T17:53:49","date_gmt":"2026-01-03T16:53:49","guid":{"rendered":"https:\/\/www.burg-halle.de\/id-neuwerk\/designpositionen\/?page_id=12"},"modified":"2026-01-09T11:06:04","modified_gmt":"2026-01-09T10:06:04","slug":"recut-technik","status":"publish","type":"page","link":"https:\/\/www.burg-halle.de\/id-neuwerk\/designpositionen\/recut-technik\/","title":{"rendered":"ReCut Methode"},"content":{"rendered":"<p><iframe loading=\"lazy\" src=\"https:\/\/player.vimeo.com\/video\/418197698?title=0&amp;byline=0&amp;portrait=0\" width=\"600\" height=\"338\" frameborder=\"0\" allowfullscreen=\"allowfullscreen\"><\/iframe><\/p>\n<p>&nbsp;<\/p>\n<p><strong>Video Tutorial ReCut<\/strong><br \/>\nvon Vincent Zimmer<\/p>\n<p>Links und Hinweise<br \/>\n<a href=\"https:\/\/www.burg-halle.de\/id-neuwerk\/kinetik-kettenreaktion\/wp-content\/uploads\/sites\/60\/2020\/05\/Tutorial_ReCut.pdf\" target=\"_blank\" rel=\"noopener noreferrer\"><strong>download<\/strong><\/a><\/p>\n<p>&nbsp;<\/p>\n<p><img loading=\"lazy\" decoding=\"async\" class=\"alignnone wp-image-2110\" src=\"https:\/\/www.burg-halle.de\/id-neuwerk\/wp-content\/uploads\/2020\/05\/recut_icon-1024x538.jpg\" alt=\"\" width=\"600\" height=\"315\"><\/p>\n<p>&nbsp;<\/p>\n<p>Ein <strong>ReCut<\/strong> verwendet Filmmaterial aus vorhandenen Filmen und arrangiert diese neu, um einen Sachverhalt entweder fokussiert und zugespitzt darzustellen \u2013 also mit einem dokumentarischen, didaktischen Motiv \u2013 oder setzt das Material in einen neuen oder vom urspr\u00fcnglichen Ausgangsmaterial abweichenden Kontext \u2013 also mit einem parodistischen oder verfremdenden Motiv.<\/p>\n<p>Auf der Technik des ReCut basieren beispielsweise die Filme der <strong>Blow Up Reihe bei arte<\/strong>.<\/p>\n<p>H\u00e4ufig werden hier anhand der Neumontage von Filmszenen Regisseure, Film oder Darsteller vorgestellt \u2013 aber ebenso auch Ph\u00e4nomene im Film \u2013 wie Regen, Schnee, Zirkus, Vampire usw. \u2026 komprimiert dargestellt.<\/p>\n<p>Die Filmmontage des <strong>ReCut<\/strong> eignet sich insbesondere um Handlungen, Themen oder Elemente in ihrer Essenz und Musterhaftigkeit darzustellen und zu begreifen.<\/p>\n<p>&nbsp;<\/p>\n<p><strong>Beipiele auf arte finden Sie hier:<\/strong><br \/>\n<strong><a href=\"https:\/\/www.arte.tv\/de\/videos\/RC-014095\/blow-up\/\" target=\"_blank\" rel=\"noopener noreferrer\">arte blow up<\/a><\/strong><\/p>\n<p>Die Herstellung von ReCuts wird mit der Verf\u00fcgbarkeit von digitalem Filmmaterial deutlich vereinfacht. Geschickte Nutzung der Schnittprogramme erlaubt es, die Audio- und Videospuren eines Clips zu trennen, so dass die urspr\u00fcngliche Partitur oder Tonspur entfernt werden kann und durch eine andere ersetzt werden kann.<\/p>\n<p>&nbsp;<\/p>\n<p><strong>Einige Beispiele f\u00fcr ReCuts:<\/strong><\/p>\n<p>\u2013 Filme, Ph\u00e4nomene im Film, Gestaltungs-Elemente im Film<br \/>\n\u2013 Architektur-Elemente im Film<br \/>\n\u2013 Portr\u00e4ts als ReCut \/ GE<br \/>\n\u2013 Design-Geschichte als ReCut \/ GE<br \/>\n\u2013 Designer-Portr\u00e4ts \/ Recherchen als ReCut von Design-Studierenden<\/p>\n<p>&nbsp;<\/p>\n<p>&nbsp;<\/p>\n<p>&nbsp;<\/p>\n<h1>Filme, Ph\u00e4nomene im Film,<br \/>\nGestaltungs-Elemente im Film<\/h1>\n<p>&nbsp;<\/p>\n<p><iframe loading=\"lazy\" src=\"https:\/\/player.vimeo.com\/video\/754666592?h=e95e3a48b8\" width=\"600\" height=\"338\" frameborder=\"0\" allow=\"autoplay; fullscreen; picture-in-picture\" allowfullscreen=\"\"><\/iframe><\/p>\n<p>&nbsp;<\/p>\n<p><strong>Hommage an Jean-Luc Godard<\/strong> (*1930 \u202013.9.2022)<br \/>\nin 5 Minuten<\/p>\n<p><strong><a href=\"https:\/\/www.burg-halle.de\/id-neuwerk\/design-und-film\/category\/exkurs-godard\/\" target=\"_blank\" rel=\"noopener noreferrer\">Mehr \u00fcber Jean-Luc Godard entdecken \u2026<\/a><\/strong><\/p>\n<p>&nbsp;<\/p>\n<p>&nbsp;<\/p>\n<p><iframe loading=\"lazy\" src=\"https:\/\/player.vimeo.com\/video\/750769539?h=97b1fa2269\" width=\"600\" height=\"338\" frameborder=\"0\" allow=\"autoplay; fullscreen; picture-in-picture\" allowfullscreen=\"\"><\/iframe><\/p>\n<p>&nbsp;<\/p>\n<p><strong>Die ganze Nouvelle Vague in einem Travelling<br \/>\n<\/strong>\u201eAusser Atem\u201d von Jean-Luc Godard<\/p>\n<p>&nbsp;<\/p>\n<p>&nbsp;<\/p>\n<p><iframe loading=\"lazy\" src=\"https:\/\/player.vimeo.com\/video\/414958466?title=0&amp;byline=0&amp;portrait=0\" width=\"600\" height=\"338\" frameborder=\"0\" allowfullscreen=\"allowfullscreen\" data-mce-fragment=\"1\"><\/iframe><\/p>\n<p>&nbsp;<\/p>\n<p><strong>Typography <\/strong><br \/>\nin Jean Luc Godard\u2019s Films<\/p>\n<p>&nbsp;<\/p>\n<p>&nbsp;<\/p>\n<p><iframe loading=\"lazy\" src=\"https:\/\/player.vimeo.com\/video\/414953831?title=0&amp;byline=0&amp;portrait=0\" width=\"600\" height=\"338\" frameborder=\"0\" allowfullscreen=\"allowfullscreen\" data-mce-fragment=\"1\"><\/iframe><\/p>\n<p>&nbsp;<\/p>\n<p><strong>Elf Uhr nachts,&nbsp;Film&nbsp;von Jean-Luc Godard<\/strong>&nbsp;(1965)<br \/>\nin 3 Minuten<\/p>\n<p>&nbsp;<\/p>\n<p>&nbsp;<\/p>\n<p><iframe loading=\"lazy\" src=\"https:\/\/player.vimeo.com\/video\/414954205?title=0&amp;byline=0&amp;portrait=0\" width=\"600\" height=\"338\" frameborder=\"0\" allowfullscreen=\"allowfullscreen\" data-mce-fragment=\"1\"><\/iframe><\/p>\n<p>&nbsp;<\/p>\n<p><strong>Brillen im Film<\/strong><\/p>\n<p>&nbsp;<\/p>\n<p>&nbsp;<\/p>\n<p><iframe loading=\"lazy\" src=\"https:\/\/player.vimeo.com\/video\/414953721?title=0&amp;byline=0&amp;portrait=0\" width=\"600\" height=\"338\" frameborder=\"0\" allowfullscreen=\"allowfullscreen\" data-mce-fragment=\"1\"><\/iframe><\/p>\n<p>&nbsp;<\/p>\n<p><strong>Die Vorspanne von&nbsp;Saul Bass<\/strong><\/p>\n<p>&nbsp;<\/p>\n<p>&nbsp;<\/p>\n<p><iframe loading=\"lazy\" src=\"https:\/\/player.vimeo.com\/video\/182987900?h=a2516e26d6&amp;title=0&amp;byline=0&amp;portrait=0\" width=\"600\" height=\"338\" frameborder=\"0\" allow=\"autoplay; fullscreen; picture-in-picture\" allowfullscreen=\"\"><\/iframe><\/p>\n<p>&nbsp;<\/p>\n<p><strong>Farbe in Wes-Anderson-Filmen<\/strong><br \/>\nVideo essay showing color palettes of Wes Anderson\u2019s movies<\/p>\n<p>&nbsp;<\/p>\n<p>&nbsp;<\/p>\n<p><iframe loading=\"lazy\" src=\"https:\/\/player.vimeo.com\/video\/414953085?title=0&amp;byline=0&amp;portrait=0\" width=\"600\" height=\"337\" frameborder=\"0\" allowfullscreen=\"allowfullscreen\" data-mce-fragment=\"1\"><\/iframe><\/p>\n<p>&nbsp;<\/p>\n<p><strong>Recut Tanz im Film<\/strong><\/p>\n<p>&nbsp;<\/p>\n<p>&nbsp;<\/p>\n<h1>Architektur-Elemente im Film<\/h1>\n<p>&nbsp;<\/p>\n<p><iframe loading=\"lazy\" src=\"https:\/\/player.vimeo.com\/video\/421847169?title=0&amp;byline=0&amp;portrait=0\" width=\"600\" height=\"338\" frameborder=\"0\" allowfullscreen=\"allowfullscreen\"><\/iframe><\/p>\n<p>&nbsp;<\/p>\n<p><strong>Video Installation<\/strong> (2014) Architektur Biennale Venedig<\/p>\n<p>Diese Video-Installation&nbsp;von Davide Rapp (mit dem Titel \u201eElements\u201d) ist eine Filmmontage von kurzen architekturbezogenen Filmszenen aus \u00fcber 200 Filmen aus den letzten 100 Jahren Kinogeschichte. Die Kombination der Szenen visualisiert die f\u00fcnfzehn Architekturelemente, die Rem Koolhaas und OMA\/AMO f\u00fcr die Architektur Biennale in Venedig 2014 als \u201eFundamentals\u201d identifiziert haben: Balkon, Decke, Korridor, T\u00fcr, Aufzug, Rolltreppe, Fassade, Boden, Kamin, Rampe, Dach, Treppe, Toilette, Wand und Fenster.<\/p>\n<p>&nbsp;<\/p>\n<p>&nbsp;<\/p>\n<p><iframe loading=\"lazy\" src=\"https:\/\/player.vimeo.com\/video\/750770313?h=5f6f6b9a80\" width=\"600\" height=\"338\" frameborder=\"0\" allow=\"autoplay; fullscreen; picture-in-picture\" allowfullscreen=\"\"><\/iframe><\/p>\n<p>&nbsp;<\/p>\n<p><strong>Le Cabanon<\/strong><br \/>\nDas Minimalhaus von Le Corbusier<\/p>\n<p>&nbsp;<\/p>\n<p>&nbsp;<\/p>\n<h1>Portr\u00e4ts als ReCut<\/h1>\n<p>&nbsp;<\/p>\n<p><iframe loading=\"lazy\" src=\"https:\/\/player.vimeo.com\/video\/127567819\" width=\"600\" height=\"338\" frameborder=\"0\" allowfullscreen=\"allowfullscreen\" data-mce-fragment=\"1\"><\/iframe><\/p>\n<p>&nbsp;<\/p>\n<p><strong>ReCut: Eames \/ design is a method of action<\/strong> (2015) GE<\/p>\n<p>Ein filmischer ReCut aus Interviews, Filmen, Vortr\u00e4gen \u2026<br \/>\nzum Werk von Charles und Ray Eames.<\/p>\n<p>Die Eames stehen prototypisch und ihrer Zeit vorausweisend als Designer des 20. Jahrhunderts f\u00fcr die Definition und das Ausloten von Design als Profession und eine umfassende Durchf\u00fchrung von Designprozessen. Ihr Werk reicht von Produktdesign \u00fcber Filme und Multimedia Lectures bis zu Ausstellungen und zeigt bis weit in die Bereiche eines entstehenden Informationsdesign.<\/p>\n<p>Die Entwicklung der Projekte und Arbeiten des Eames Office zeigen einen deutlichen Shift von der Gestaltung von Objekten hin zur Vermittlung von Wissen und Gestaltung von Information. Damit bildet das Werk der Eames zugleich einen H\u00f6hepunkt der Designgeschichte des ausgehenden Industriezeitalters wie es schon vorausweisender Vorbote der Handlungsfelder der Designprofessionen im Information Age ist.<\/p>\n<p>&nbsp;<\/p>\n<p>mehr zu den Filmen von Charles und Ray Eames findet sich hier:<br \/>\n<a href=\"https:\/\/www.burg-halle.de\/id-neuwerk\/blog\/designprozesselecture-2017_4\/\" target=\"_blank\" rel=\"noopener noreferrer\"><strong>Designing the idea<\/strong><\/a><\/p>\n<p>&nbsp;<\/p>\n<p>&nbsp;<\/p>\n<p>&nbsp;<\/p>\n<h1>Designgeschichte als ReCut<\/h1>\n<p>&nbsp;<\/p>\n<p><iframe loading=\"lazy\" src=\"https:\/\/player.vimeo.com\/video\/310645706?title=0&amp;byline=0&amp;portrait=0\" width=\"600\" height=\"338\" frameborder=\"0\" allowfullscreen=\"allowfullscreen\" data-mce-fragment=\"1\"><\/iframe><\/p>\n<p>&nbsp;<\/p>\n<p><strong>01 hochschule f\u00fcr gestaltung hfg ulm 1953\u20131968<\/strong><\/p>\n<p>Ausschnitt aus dem Film \u201eDesign-Geschichte(n) aus dem Nick-Roericht-Archiv\u201d<\/p>\n<p>mehr dazu hier:<br \/>\n<strong><a href=\"https:\/\/www.burg-halle.de\/id-neuwerk\/blog\/preview-in-berlin-design-geschichten-aus-dem-nick-roericht-archiv\/\" target=\"_blank\" rel=\"noopener noreferrer\">Design-Geschichte(n)<\/a><\/strong><\/p>\n<p>&nbsp;<\/p>\n<p>&nbsp;<\/p>\n<p><iframe loading=\"lazy\" src=\"https:\/\/player.vimeo.com\/video\/310739249?title=0&amp;byline=0&amp;portrait=0\" width=\"600\" height=\"338\" frameborder=\"0\" allowfullscreen=\"allowfullscreen\" data-mce-fragment=\"1\"><\/iframe><\/p>\n<p>&nbsp;<\/p>\n<p><strong>07 stand der b\u00fcroentwicklung um 1972<\/strong><\/p>\n<p>Ausschnitt aus dem Film \u201eDesign-Geschichte(n) aus dem Nick-Roericht-Archiv\u201d<\/p>\n<p>&nbsp;<\/p>\n<p>&nbsp;<\/p>\n<h1>Designer-\/K\u00fcnstler-Portr\u00e4ts<br \/>\nRecherchen&nbsp;von Design-Studierenden&nbsp;als ReCut<\/h1>\n<p>&nbsp;<\/p>\n<p><iframe loading=\"lazy\" src=\"https:\/\/player.vimeo.com\/video\/421529479?title=0&amp;byline=0&amp;portrait=0\" width=\"600\" height=\"338\" frameborder=\"0\" allowfullscreen=\"allowfullscreen\" data-mce-fragment=\"1\"><\/iframe><\/p>\n<p>&nbsp;<\/p>\n<p><strong>Konstruktivisten<\/strong><br \/>\nReCut von Judith Burgard<\/p>\n<p><a href=\"https:\/\/www.burg-halle.de\/id-neuwerk\/kinetik-kettenreaktion\/wp-content\/uploads\/sites\/60\/2020\/05\/ReCut_Konstruktivisten_quellen.pdf\" target=\"_blank\" rel=\"noopener noreferrer\"><strong>Quellen<\/strong><\/a><\/p>\n<p>&nbsp;<\/p>\n<p>&nbsp;<\/p>\n<p><iframe loading=\"lazy\" src=\"https:\/\/player.vimeo.com\/video\/300268748?title=0&amp;byline=0&amp;portrait=0\" width=\"600\" height=\"338\" frameborder=\"0\" allowfullscreen=\"allowfullscreen\" data-mce-fragment=\"1\"><\/iframe><\/p>\n<p>&nbsp;<\/p>\n<p><strong>Erwin Wurm<\/strong><br \/>\nReCut von Benno Brucksch (2017)<\/p>\n<p>&nbsp;<\/p>\n<p>&nbsp;<\/p>\n<p><iframe loading=\"lazy\" src=\"https:\/\/player.vimeo.com\/video\/326914373?title=0&amp;byline=0&amp;portrait=0\" width=\"600\" height=\"338\" frameborder=\"0\" allowfullscreen=\"allowfullscreen\" data-mce-fragment=\"1\"><\/iframe><\/p>\n<p>&nbsp;<\/p>\n<p><strong>Donald Judd<\/strong><br \/>\nReCut von Leopold Zaumseil (2017)<\/p>\n<p>&nbsp;<\/p>\n<p>&nbsp;<\/p>\n<p><iframe loading=\"lazy\" src=\"https:\/\/player.vimeo.com\/video\/500251399\" width=\"600\" height=\"338\" frameborder=\"0\" allowfullscreen=\"allowfullscreen\"><\/iframe><\/p>\n<p>&nbsp;<\/p>\n<p><strong>Marianne Brandt<\/strong><br \/>\nReCut von Mareike Galle<\/p>\n<p>&nbsp;<\/p>\n<p>&nbsp;<\/p>\n<p><iframe loading=\"lazy\" src=\"https:\/\/player.vimeo.com\/video\/500562667\" width=\"600\" height=\"338\" frameborder=\"0\" allowfullscreen=\"allowfullscreen\"><\/iframe><\/p>\n<p>&nbsp;<\/p>\n<p><strong>Margarete Sch\u00fctte-Lihotzky<\/strong><br \/>\nReCut von Jaromir Meyr<\/p>\n<p>&nbsp;<\/p>\n<p>&nbsp;<\/p>\n<p><iframe loading=\"lazy\" src=\"https:\/\/player.vimeo.com\/video\/500250476\" width=\"600\" height=\"338\" frameborder=\"0\" allowfullscreen=\"allowfullscreen\"><\/iframe><\/p>\n<p>&nbsp;<\/p>\n<p><strong>Jean Prouv\u00e9<\/strong><br \/>\nReCut von Malin Melzer<\/p>\n<p>&nbsp;<\/p>\n<p>&nbsp;<\/p>\n<p><iframe loading=\"lazy\" src=\"https:\/\/player.vimeo.com\/video\/500238818\" width=\"600\" height=\"338\" frameborder=\"0\" allowfullscreen=\"allowfullscreen\"><\/iframe><\/p>\n<p>&nbsp;<\/p>\n<p><strong>Arne Jacobsen<\/strong><br \/>\nReCut von Max Koch<\/p>\n<p>&nbsp;<\/p>\n","protected":false},"excerpt":{"rendered":"<p>&nbsp; Video Tutorial ReCut von Vincent Zimmer Links und Hinweise download &nbsp; &nbsp; Ein ReCut verwendet Filmmaterial aus vorhandenen Filmen und arrangiert diese neu, um einen Sachverhalt entweder fokussiert und zugespitzt darzustellen \u2013 also mit einem dokumentarischen, didaktischen Motiv \u2013 oder setzt das Material in einen neuen oder vom urspr\u00fcnglichen Ausgangsmaterial abweichenden Kontext \u2013 also [&hellip;]<\/p>\n","protected":false},"author":5,"featured_media":0,"parent":0,"menu_order":0,"comment_status":"closed","ping_status":"closed","template":"","meta":{"footnotes":""},"class_list":["post-12","page","type-page","status-publish","hentry"],"_links":{"self":[{"href":"https:\/\/www.burg-halle.de\/id-neuwerk\/designpositionen\/wp-json\/wp\/v2\/pages\/12","targetHints":{"allow":["GET"]}}],"collection":[{"href":"https:\/\/www.burg-halle.de\/id-neuwerk\/designpositionen\/wp-json\/wp\/v2\/pages"}],"about":[{"href":"https:\/\/www.burg-halle.de\/id-neuwerk\/designpositionen\/wp-json\/wp\/v2\/types\/page"}],"author":[{"embeddable":true,"href":"https:\/\/www.burg-halle.de\/id-neuwerk\/designpositionen\/wp-json\/wp\/v2\/users\/5"}],"replies":[{"embeddable":true,"href":"https:\/\/www.burg-halle.de\/id-neuwerk\/designpositionen\/wp-json\/wp\/v2\/comments?post=12"}],"version-history":[{"count":7,"href":"https:\/\/www.burg-halle.de\/id-neuwerk\/designpositionen\/wp-json\/wp\/v2\/pages\/12\/revisions"}],"predecessor-version":[{"id":188,"href":"https:\/\/www.burg-halle.de\/id-neuwerk\/designpositionen\/wp-json\/wp\/v2\/pages\/12\/revisions\/188"}],"wp:attachment":[{"href":"https:\/\/www.burg-halle.de\/id-neuwerk\/designpositionen\/wp-json\/wp\/v2\/media?parent=12"}],"curies":[{"name":"wp","href":"https:\/\/api.w.org\/{rel}","templated":true}]}}