{"id":2,"date":"2026-01-03T14:49:37","date_gmt":"2026-01-03T13:49:37","guid":{"rendered":"https:\/\/www.burg-halle.de\/id-neuwerk\/designpositionen\/?page_id=2"},"modified":"2026-04-30T19:57:20","modified_gmt":"2026-04-30T17:57:20","slug":"beispiel-seite","status":"publish","type":"page","link":"https:\/\/www.burg-halle.de\/id-neuwerk\/designpositionen\/","title":{"rendered":"Handlungsfelder im Design"},"content":{"rendered":"<p><a href=\"https:\/\/www.burg-halle.de\/id-neuwerk\/designpositionen\/wp-content\/uploads\/sites\/79\/2026\/04\/pos_map1_neu.pdf\" target=\"_blank\" rel=\"noopener\"><img srcset=\"https:\/\/www.burg-halle.de\/id-neuwerk\/designpositionen\/wp-content\/uploads\/sites\/79\/2026\/04\/pos_map_n-scaled.jpg 2337w, https:\/\/www.burg-halle.de\/id-neuwerk\/designpositionen\/wp-content\/uploads\/sites\/79\/2026\/04\/pos_map_n-274x300.jpg 274w, https:\/\/www.burg-halle.de\/id-neuwerk\/designpositionen\/wp-content\/uploads\/sites\/79\/2026\/04\/pos_map_n-935x1024.jpg 935w, https:\/\/www.burg-halle.de\/id-neuwerk\/designpositionen\/wp-content\/uploads\/sites\/79\/2026\/04\/pos_map_n-768x841.jpg 768w, https:\/\/www.burg-halle.de\/id-neuwerk\/designpositionen\/wp-content\/uploads\/sites\/79\/2026\/04\/pos_map_n-1402x1536.jpg 1402w, https:\/\/www.burg-halle.de\/id-neuwerk\/designpositionen\/wp-content\/uploads\/sites\/79\/2026\/04\/pos_map_n-1870x2048.jpg 1870w\" sizes=\"(max-width: 600px) 100vw, 600px\" decoding=\"async\" style=\"border: 0px solid black;\" src=\"https:\/\/www.burg-halle.de\/id-neuwerk\/designpositionen\/wp-content\/uploads\/sites\/79\/2026\/04\/pos_map_n-935x1024.jpg\" alt=\"mapping\" width=\"800\"><\/a><\/p>\n<p>&nbsp;<\/p>\n<p><em>Handlungsfelder im Design und Positionen<br \/>\nvon Personen, Gruppen, Initiativen \u2026 <\/p>\n<p>Grafik anklicken, um eine PDF Datei mit Hyperlinks zu \u00f6ffnen<\/em><\/p>\n<p>&nbsp;<\/p>\n<p>Die Aufgaben und Handlungsoptionen f\u00fcr Produkt- und Idustrie-Designer*innen haben sich stark erweitert \u2013 von den urspr\u00fcnglichen Aufgaben in Gestaltung, Konstruktion und Produktion \u00fcber Prozess- und Materialforschung bis zu Aktivit\u00e4ten im Bereich sozialer Interaktion\/Intervention oder der situativen und\/oder partizipativen Entwicklung und Vermittlung von Wissen.<\/p>\n<p>Im Seminar \u201ePerspektiven\u201d diskutieren wir unter einem erweiterten Blickwinkel aktuelle Positionen und Handlungsfelder im Design. In einer wachsenden Sammlung werden unterschiedliche zeitgen\u00f6ssische Positionen im Design durch die Studierenden ausgew\u00e4hlt und in filmischen ReCut-Reportagen fokussiert dargestellt.<\/p>\n<p>&nbsp;<\/p>\n<p>\u00dcbersicht  <\/p>\n<p><strong>Design und Produktion<\/strong> <\/p>\n<p><a href=\"https:\/\/www.burg-halle.de\/id-neuwerk\/designpositionen\/category\/design-produktion\/#post-143\" rel=\"noopener noreferrer\">FormUsWithLove<\/a><br \/>\nrecut Namju Kim <\/p>\n<p><a href=\"https:\/\/www.burg-halle.de\/id-neuwerk\/designpositionen\/category\/design-produktion\/#post-139\" rel=\"noopener noreferrer\">droog<\/a><br \/>\nrecut Max Koch<\/p>\n<p><a href=\"https:\/\/www.burg-halle.de\/id-neuwerk\/designpositionen\/category\/design-produktion\/#post-136\" rel=\"noopener noreferrer\">open structures<\/a><br \/>\nrecut Luci Schwingen <\/p>\n<p><a href=\"https:\/\/www.burg-halle.de\/id-neuwerk\/designpositionen\/category\/design-produktion\/#post-131\" rel=\"noopener noreferrer\">Layer Design<\/a><br \/>\nrecut Yaman Al Fawaz<\/p>\n<p><a href=\"https:\/\/www.burg-halle.de\/id-neuwerk\/designpositionen\/category\/design-produktion\/#post-126\" rel=\"noopener noreferrer\">studio red.design<\/a><br \/>\nrecut Cem Akbal<\/p>\n<p><a href=\"https:\/\/www.burg-halle.de\/id-neuwerk\/designpositionen\/category\/design-produktion\/#post-121\" rel=\"noopener noreferrer\">Paul Cocksedge<\/a><br \/>\nrecut Malte Litzinger<\/p>\n<p><a href=\"https:\/\/www.burg-halle.de\/id-neuwerk\/designpositionen\/category\/design-produktion\/#post-119\" rel=\"noopener noreferrer\">Stefan Diez<\/a><br \/>\nrecut Franz Kauffmann <\/p>\n<p><a href=\"https:\/\/www.burg-halle.de\/id-neuwerk\/designpositionen\/category\/design-produktion\/#post-116\" rel=\"noopener noreferrer\">Studio MOM<\/a><br \/>\nrecut Merle Nau <\/p>\n<p><a href=\"https:\/\/www.burg-halle.de\/id-neuwerk\/designpositionen\/category\/design-produktion\/#post-113\" rel=\"noopener noreferrer\">Studio 7.5<\/a><br \/>\nrecut Richard Bassek <\/p>\n<p><a href=\"https:\/\/www.burg-halle.de\/id-neuwerk\/designpositionen\/category\/design-produktion\/#post-110\" rel=\"noopener noreferrer\">Nils Holger Moormann<\/a><br \/>\nrecut Daniel Sauter <\/p>\n<p><a href=\"https:\/\/www.burg-halle.de\/id-neuwerk\/designpositionen\/category\/design-produktion\/#post-108\" rel=\"noopener noreferrer\">Teenage Engineering<\/a><br \/>\nrecut Bruno Bleschke <\/p>\n<p><a href=\"https:\/\/www.burg-halle.de\/id-neuwerk\/designpositionen\/category\/design-produktion\/#post-103\" rel=\"noopener noreferrer\">Modular Smartphones<\/a><br \/>\nrecut E. Frederking <\/p>\n<p><a href=\"https:\/\/www.burg-halle.de\/id-neuwerk\/designpositionen\/category\/design-produktion\/#post-99\" rel=\"noopener noreferrer\">Karoline Fesser, Generation K\u00f6ln<\/a><br \/>\nrecut Gregor Rothmeier<\/p>\n<p><a href=\"https:\/\/www.burg-halle.de\/id-neuwerk\/designpositionen\/category\/design-produktion\/#post-90\" rel=\"noopener noreferrer\">mischer\u2019traxler<\/a><br \/>\nrecut Max Stolze <\/p>\n<p><a href=\"https:\/\/www.burg-halle.de\/id-neuwerk\/designpositionen\/category\/design-produktion\/#post-79\" rel=\"noopener noreferrer\">Olafur Eliasson<\/a><br \/>\nrecut Leonard Schumann<\/p>\n<p>&nbsp;<\/p>\n<p><strong>Prozess- und Materialforschung<\/strong><\/p>\n<p><a href=\"https:\/\/www.burg-halle.de\/id-neuwerk\/designpositionen\/category\/prozess-materialforschung\/#post-177\" rel=\"noopener noreferrer\">Christien Meindertsma<\/a><br \/>\nrecut Emilia Imberger<\/p>\n<p><a href=\"https:\/\/www.burg-halle.de\/id-neuwerk\/designpositionen\/category\/prozess-materialforschung\/#post-174\" rel=\"noopener noreferrer\">Christophe Guberan<\/a><br \/>\nrecut Eric Feiler <\/p>\n<p><a href=\"https:\/\/www.burg-halle.de\/id-neuwerk\/designpositionen\/category\/prozess-materialforschung\/#post-171\" rel=\"noopener noreferrer\">Formafantasma<\/a><br \/>\nrecut Kyoungjin Lee <\/p>\n<p><a href=\"https:\/\/www.burg-halle.de\/id-neuwerk\/designpositionen\/category\/prozess-materialforschung\/#post-162\" rel=\"noopener noreferrer\">AATB Andrea Anner, Thibault Brevet<\/a><br \/>\nrecut Franz Kauffmann<\/p>\n<p><a href=\"https:\/\/www.burg-halle.de\/id-neuwerk\/designpositionen\/category\/prozess-materialforschung\/#post-157\" rel=\"noopener noreferrer\">Studio LoopLoop<\/a><br \/>\nrecut Alfred Cyranka<\/p>\n<p><a href=\"https:\/\/www.burg-halle.de\/id-neuwerk\/designpositionen\/category\/prozess-materialforschung\/#post-155\" rel=\"noopener noreferrer\">Klarenbeek &#038; Dros<\/a><br \/>\nrecut Janina Gastauer <\/p>\n<p><a href=\"https:\/\/www.burg-halle.de\/id-neuwerk\/designpositionen\/category\/prozess-materialforschung\/#post-152\" rel=\"noopener noreferrer\">Atelier Luma<\/a><br \/>\nrecut Matthias Franzen <\/p>\n<p><a href=\"https:\/\/www.burg-halle.de\/id-neuwerk\/designpositionen\/category\/prozess-materialforschung\/#post-150\" rel=\"noopener noreferrer\">Oxman<\/a><br \/>\nrecut Leonhard Schumann <\/p>\n<p><a href=\"https:\/\/www.burg-halle.de\/id-neuwerk\/designpositionen\/category\/prozess-materialforschung\/#post-147\" rel=\"noopener noreferrer\">We+<\/a><br \/>\nrecut Chris Klo\u00df <\/p>\n<p>&nbsp;<\/p>\n<p><strong>Wissen und Vermittlung<\/strong><\/p>\n<p><a href=\"https:\/\/www.burg-halle.de\/id-neuwerk\/designpositionen\/category\/wissen-vermittlung\/#post-56\" rel=\"noopener noreferrer\">Missy Magazine<\/a><br \/>\nrecut Marlene Thiel<\/p>\n<p><a href=\"https:\/\/www.burg-halle.de\/id-neuwerk\/designpositionen\/category\/wissen-vermittlung\/#post-1\" rel=\"noopener noreferrer\">Paola Antonelli<\/a><br \/>\nrecut Janusz Elmi Sarabi <\/p>\n<p><a href=\"https:\/\/www.burg-halle.de\/id-neuwerk\/designpositionen\/category\/wissen-vermittlung\/#post-52\" rel=\"noopener noreferrer\">Forensic Architecture<\/a><br \/>\nrecut recut Emily Hoxha<\/p>\n<p>&nbsp;<\/p>\n<p><strong>Initiative und Intervention<\/strong><\/p>\n<p><a href=\"https:\/\/www.burg-halle.de\/id-neuwerk\/designpositionen\/category\/intervention\/#post-65\" rel=\"noopener noreferrer\">One Army<\/a><br \/>\nrecut Se Hyeon Won<\/p>\n<p><a href=\"https:\/\/www.burg-halle.de\/id-neuwerk\/designpositionen\/category\/intervention\/#post-67\" rel=\"noopener noreferrer\">The Tokyo Toilet<\/a><br \/>\nrecut recut Anton Elgleb<\/p>\n<p><a href=\"https:\/\/www.burg-halle.de\/id-neuwerk\/designpositionen\/category\/intervention\/#post-60\" rel=\"noopener noreferrer\">Guerilla Girls<\/a><br \/>\nrecut Jaromir Meyr<\/p>\n<p>&nbsp;<\/p>\n","protected":false},"excerpt":{"rendered":"<p>&nbsp; Handlungsfelder im Design und Positionen von Personen, Gruppen, Initiativen \u2026 Grafik anklicken, um eine PDF Datei mit Hyperlinks zu \u00f6ffnen &nbsp; Die Aufgaben und Handlungsoptionen f\u00fcr Produkt- und Idustrie-Designer*innen haben sich stark erweitert \u2013 von den urspr\u00fcnglichen Aufgaben in Gestaltung, Konstruktion und Produktion \u00fcber Prozess- und Materialforschung bis zu Aktivit\u00e4ten im Bereich sozialer Interaktion\/Intervention [&hellip;]<\/p>\n","protected":false},"author":5,"featured_media":0,"parent":0,"menu_order":0,"comment_status":"closed","ping_status":"closed","template":"","meta":{"footnotes":""},"class_list":["post-2","page","type-page","status-publish","hentry"],"_links":{"self":[{"href":"https:\/\/www.burg-halle.de\/id-neuwerk\/designpositionen\/wp-json\/wp\/v2\/pages\/2","targetHints":{"allow":["GET"]}}],"collection":[{"href":"https:\/\/www.burg-halle.de\/id-neuwerk\/designpositionen\/wp-json\/wp\/v2\/pages"}],"about":[{"href":"https:\/\/www.burg-halle.de\/id-neuwerk\/designpositionen\/wp-json\/wp\/v2\/types\/page"}],"author":[{"embeddable":true,"href":"https:\/\/www.burg-halle.de\/id-neuwerk\/designpositionen\/wp-json\/wp\/v2\/users\/5"}],"replies":[{"embeddable":true,"href":"https:\/\/www.burg-halle.de\/id-neuwerk\/designpositionen\/wp-json\/wp\/v2\/comments?post=2"}],"version-history":[{"count":37,"href":"https:\/\/www.burg-halle.de\/id-neuwerk\/designpositionen\/wp-json\/wp\/v2\/pages\/2\/revisions"}],"predecessor-version":[{"id":285,"href":"https:\/\/www.burg-halle.de\/id-neuwerk\/designpositionen\/wp-json\/wp\/v2\/pages\/2\/revisions\/285"}],"wp:attachment":[{"href":"https:\/\/www.burg-halle.de\/id-neuwerk\/designpositionen\/wp-json\/wp\/v2\/media?parent=2"}],"curies":[{"name":"wp","href":"https:\/\/api.w.org\/{rel}","templated":true}]}}