{"id":9,"date":"2015-10-22T22:47:33","date_gmt":"2015-10-22T20:47:33","guid":{"rendered":"https:\/\/www.burg-halle.de\/id-neuwerk\/designprozesse2015\/?page_id=9"},"modified":"2020-03-28T14:49:08","modified_gmt":"2020-03-28T12:49:08","slug":"eames-recut","status":"publish","type":"page","link":"https:\/\/www.burg-halle.de\/id-neuwerk\/designprozesse2015\/","title":{"rendered":"Intro\/Lecture 1<br>Design is a method of action"},"content":{"rendered":"<p><iframe loading=\"lazy\" src=\"https:\/\/player.vimeo.com\/video\/127567819?title=0&amp;byline=0&amp;portrait=0\" width=\"600\" height=\"338\" frameborder=\"0\" allowfullscreen=\"allowfullscreen\"><\/iframe><\/p>\n<p>&nbsp;<\/p>\n<p><strong>Design is a method of action<\/strong><br \/>\n<strong> Die Erweiterung der Handlungsfelder<\/strong><\/p>\n<p>Ein filmischer ReCut aus Interviews, Filmen, Vortr\u00e4gen \u2026<br \/>\nzum Werk von Charles und Ray Eames.<\/p>\n<p>Die Eames stehen prototypisch und ihrer Zeit vorausweisend als Designer des 20. Jahrhunderts f\u00fcr die Definition und das Ausloten von Design als Profession und eine umfassende Durchf\u00fchrung von Designprozessen. Ihr Werk reicht von Produktdesign \u00fcber Filme und Multimedia Lectures bis zu Ausstellungen und zeigt bis weit in die Bereiche eines entstehenden Informationsdesign.<\/p>\n<p>Die Entwicklung der Projekte und Arbeiten des Eames Office zeigen einen deutlichen Shift von der Gestaltung von Objekten hin zur Vermittlung von Wissen und Gestaltung von Information. Damit bildet das Werk der Eames zugleich einen H\u00f6hepunkt der Designgeschichte des ausgehenden Industriezeitalters wie es schon vorausweisender Vorbote der Handlungsfelder der Designprofessionen im \u201eInformation Age\u201d ist.<\/p>\n<p>&nbsp;<\/p>\n<p>00:11 \u2013 Questions &amp; answers 1<br \/>\n01:00 \u2013 It all began with a chair \u2026 the design process<br \/>\n06:45 \u2013 901 Washington Boulevard \u2013 the Eames office<br \/>\n11:03 \u2013 Questions &amp; answers 2<br \/>\n11:44 \u2013 The post war era will be the Eames era<br \/>\n15:10 \u2013 The case study house #8<br \/>\n21:08 \u2013 Turn the Eames office into a circus \u2013 take your plaesure seriously<br \/>\n23:40 \u2013 The Eames design as part of the Marshall Plan<br \/>\n25:01 \u2013 The shift from intentional build objects to intentional film and study projects<br \/>\n29:03 \u2013 Film used as a tool<br \/>\n34:28 \u2013 The Sputnik Shock<br \/>\n36:37 \u2013 Entering the information age<br \/>\n38:23 \u2013 The Eames will be communicators, who use images rather than words<br \/>\n44:28 \u2013 The journey from not knowing to knowing<br \/>\n45:14 \u2013 From communication to the design of education, knowledge and information<br \/>\n50:25 \u2013 The design process diagram viewed by Charles Eames<br \/>\n51:20 \u2013 By working for the \u201egoogles\u201d of their time allowed them incredible experimenting<br \/>\n55:20 \u2013 Powers of Ten \u2013 a film as a media for prototyping and modeling the idea of scaling<br \/>\n1:02:23 \u2013 The Banana Leaf Parable<br \/>\n1:04:09 \u2013 Franklin Jefferson Exhibition \u2013 the trying to give an hypertext experience \u2026<br \/>\n1:06:29 \u2013 Questions &amp; answers 3<\/p>\n<p><span style=\"line-height: 1.5em;\">\u00a0<\/span><\/p>\n<p><em>Eames ReCut enth\u00e4lt Ausschnitte aus Vortr\u00e4gen von \u2026<\/em><\/p>\n<p>Eric Schuldenfrei: <strong>Creative Commons and the Design of Public Resources<\/strong><br \/>\nKeynote in Cumulus Conference, Helsinki Finland, 2012<\/p>\n<p>Eames Demetrios:\u00a0<strong>The design genius of Charles and Ray Eames<\/strong><br \/>\non TED.com \/ 2007<\/p>\n<p>&nbsp;<\/p>\n<p><em>\u2026 aus Filmen \u00fcber Charles and Ray Eames<\/em><\/p>\n<p><strong>Eames \u2013 the architect and the painter<\/strong> \/ Jason Cohn, Bill Jersey \/ 2011<br \/>\n<strong>Charles and Ray Eames<\/strong> \/ H. Brandenburg \/ 1997<br \/>\n<strong>901 Eames office after 45 years of working<\/strong> \/ Eames Demetrios \/ 1989<\/p>\n<p>&nbsp;<\/p>\n<p><em>\u2026 \u00a0und aus den folgenden Filmen von Charles und Ray Eames<\/em><\/p>\n<p>1977 Powers of Ten<br \/>\n1973 Franklin &amp; Jefferson Proposal Film<br \/>\n1972 Banana Leaf<br \/>\n1972 Cable: The Immediate Future<br \/>\n1972 Design Q &amp; A<br \/>\n1972 SX-70<br \/>\n1971 Clown Face<br \/>\n1970 Circus<br \/>\n1970 India<br \/>\n1969 Tops<br \/>\n1965 IBM at the Fair<br \/>\n1965 View from the People Wall<br \/>\n1964 House of Science<br \/>\n1962 The House of Science<br \/>\n1961 IBM Mathematics Peep Show<br \/>\n1960 Kaleidoscope Jazz Chair<br \/>\n1959 Glimpses of the USA<br \/>\n1957 Do-nothing Machine<br \/>\n1957 The Information Machine<br \/>\n1957 Tops<br \/>\n1957 Toccata for Toy Trains<br \/>\n1955 House: After Five Years of Living<br \/>\n1955 Textiles and Ornamental Arts of India<br \/>\n1953 A Communications Primer<br \/>\n1952 Parade, or Here They Come Down Our Street<\/p>\n<p>&nbsp;<\/p>\n<p>Eine Auswahl von Filmen von Charles und Ray Eames:<br \/>\n&gt;\u00a0<strong><a href=\"https:\/\/www.burg-halle.de\/id-neuwerk\/designprozesse2015\/category\/quellen\/#&lt;br%20\/&gt;Zu%20Lecture%201:%20Intro&lt;br%20\/&gt;Eames%20ReCut\" target=\"_blank\" rel=\"noopener noreferrer\">Film used as a tool \u2013 Die Filme von Charles and Ray Eames<\/a><\/strong><\/p>\n<p>&nbsp;<\/p>\n<p>&nbsp;<\/p>\n","protected":false},"excerpt":{"rendered":"<p>&nbsp; Design is a method of action Die Erweiterung der Handlungsfelder Ein filmischer ReCut aus Interviews, Filmen, Vortr\u00e4gen \u2026 zum Werk von Charles und Ray Eames. Die Eames stehen prototypisch und ihrer Zeit vorausweisend als Designer des 20. Jahrhunderts f\u00fcr die Definition und das Ausloten von Design als Profession und eine umfassende Durchf\u00fchrung von Designprozessen. [&hellip;]<\/p>\n","protected":false},"author":5,"featured_media":17,"parent":0,"menu_order":0,"comment_status":"open","ping_status":"open","template":"","meta":{"footnotes":""},"class_list":["post-9","page","type-page","status-publish","has-post-thumbnail","hentry"],"_links":{"self":[{"href":"https:\/\/www.burg-halle.de\/id-neuwerk\/designprozesse2015\/wp-json\/wp\/v2\/pages\/9","targetHints":{"allow":["GET"]}}],"collection":[{"href":"https:\/\/www.burg-halle.de\/id-neuwerk\/designprozesse2015\/wp-json\/wp\/v2\/pages"}],"about":[{"href":"https:\/\/www.burg-halle.de\/id-neuwerk\/designprozesse2015\/wp-json\/wp\/v2\/types\/page"}],"author":[{"embeddable":true,"href":"https:\/\/www.burg-halle.de\/id-neuwerk\/designprozesse2015\/wp-json\/wp\/v2\/users\/5"}],"replies":[{"embeddable":true,"href":"https:\/\/www.burg-halle.de\/id-neuwerk\/designprozesse2015\/wp-json\/wp\/v2\/comments?post=9"}],"version-history":[{"count":10,"href":"https:\/\/www.burg-halle.de\/id-neuwerk\/designprozesse2015\/wp-json\/wp\/v2\/pages\/9\/revisions"}],"predecessor-version":[{"id":163,"href":"https:\/\/www.burg-halle.de\/id-neuwerk\/designprozesse2015\/wp-json\/wp\/v2\/pages\/9\/revisions\/163"}],"wp:featuredmedia":[{"embeddable":true,"href":"https:\/\/www.burg-halle.de\/id-neuwerk\/designprozesse2015\/wp-json\/wp\/v2\/media\/17"}],"wp:attachment":[{"href":"https:\/\/www.burg-halle.de\/id-neuwerk\/designprozesse2015\/wp-json\/wp\/v2\/media?parent=9"}],"curies":[{"name":"wp","href":"https:\/\/api.w.org\/{rel}","templated":true}]}}