{"id":5,"date":"2014-09-19T11:24:00","date_gmt":"2014-09-19T09:24:00","guid":{"rendered":"https:\/\/www.burg-halle.de\/id-neuwerk\/easy-made-design-for-download\/?page_id=5"},"modified":"2021-12-18T16:50:25","modified_gmt":"2021-12-18T14:50:25","slug":"aufgabe","status":"publish","type":"page","link":"https:\/\/www.burg-halle.de\/id-neuwerk\/easy-made-design-for-download\/","title":{"rendered":"Readymade und open source"},"content":{"rendered":"<p><img decoding=\"async\" class=\"alignnone size-large wp-image-70\" src=\"https:\/\/www.burg-halle.de\/id-neuwerk\/easy-made-design-for-download\/wp-content\/uploads\/sites\/34\/2014\/09\/rene_icon-1024x667.jpg\" alt=\"rene_icon\" width=\"600\" height=\"auto\" srcset=\"https:\/\/www.burg-halle.de\/id-neuwerk\/easy-made-design-for-download\/wp-content\/uploads\/sites\/34\/2014\/09\/rene_icon-1024x667.jpg 1024w, https:\/\/www.burg-halle.de\/id-neuwerk\/easy-made-design-for-download\/wp-content\/uploads\/sites\/34\/2014\/09\/rene_icon-300x195.jpg 300w, https:\/\/www.burg-halle.de\/id-neuwerk\/easy-made-design-for-download\/wp-content\/uploads\/sites\/34\/2014\/09\/rene_icon.jpg 1400w\" sizes=\"(max-width: 1024px) 100vw, 1024px\" \/><\/p>\n<p>&nbsp;<\/p>\n<p>Zwei-Wochen-Fachaufgabe im 1. Studienjahr<br \/>\nBachelor-Studiengang Industriedesign<\/p>\n<p>&nbsp;<\/p>\n<p><strong>easy made<\/strong><br \/>\n<em>do-it-for-others \/ design for download<\/em><\/p>\n<p>Zwei Design-Strategien:<br \/>\nReadymade und open source<\/p>\n<p>in diesem 2-w\u00f6chigen kurz-projekt f\u00fcr studierende des ersten semesters im studiengang industriedesign sollen zwei design-strategien verkn\u00fcpft werden:<\/p>\n<p>\u2013 zum einen strategien des readymade, das meint das raffinierte neu-interpretieren und kombinieren von vorhandenen artefakten, dingen und ressourcen zu nutzbaren gegenst\u00e4nden und objekten \u2026<\/p>\n<p>\u2013 zum anderen design als open-source-strategie, das meint den designer als freigiebigen generator von ideen zu neuen verk\u00fcpfungen, als moderator und erm\u00f6glicher, als anreger und impulsgeber \u2026<\/p>\n<p>&nbsp;<\/p>\n<p><em>wie das geht?<\/em><br \/>\nvon baum\u00e4rkten bis ikea \u2026 liegt das \u201eforschungsfeld\u201d vor der t\u00fcr:<br \/>\nschw\u00e4rmen Sie aus und lassen Sie sich inspirieren von halbzeugen, materialien, ersatzteilen und weiterem \u2026<br \/>\nund entwickeln Sie mit m\u00f6glichst wenig aufwand (easy made = kein stress) daraus gebrauchsf\u00e4hige gegenst\u00e4nde f\u00fcr den alltag (kleine m\u00f6bel, kleine helfer, kleine irgendwas).<\/p>\n<p>ihre konstruktionen oder kombinationen bzw. den herstellungsprozess visualisieren Sie nachvollziehbar in einer \u201ebauanleitung\u201d und stellen diese der welt in einem blog zum download zur verf\u00fcgung (do-it-for-others \/ design for download).<\/p>\n<p>flankierend unternehmen Sie ausfl\u00fcge in die (kunst-) und design-geschichte und -gegenwart \u2026&nbsp;beginnend mit Marcel Duchamp, der die idee des readymades in die kunstproduktion einf\u00fchrte \u2026<br \/>\n\u00fcber das disegno radicale im italien der 60er \u2026&nbsp;und die entw\u00fcrfe Achille Castiglionis \u2026<br \/>\nbis zu arbeiten von droog-design u.a. \u2026&nbsp;\u2013 und recherchieren zu aktuellen konzepten von open design- \/ design for download-strategien.<\/p>\n<p>&nbsp;<\/p>\n<p><span style=\"line-height: 1.5em;\">Teilnehmer_innen:<br \/>\nIsabel Luisa Apel, Ren\u00e9 Braun, Shu Ting Fang, Kolbr\u00fan Gissurard\u00f3ttir, Melanie Gl\u00f6ckler, Sunna Halld\u00f3rud\u00f3ttir, Sebastian Hennig, Stephan Hildebrandt, Anne Ute Kaden, Jakob Klug, Wenwen Liu, Daniela Nikitenko, Linn Pulsack, Laura Risch, Lisa Antonie Scherer, Hanna Scheundel, Michael Schuchort, Sabrina Sgoda, Vincent Dino Zimmer&nbsp;<\/span><\/p>\n<p><span style=\"line-height: 1.5em;\">Trainer:<br \/>\nProf. Guido Englich \/ Dipl. Des. David Oelschl\u00e4gel&nbsp;<\/span><\/p>\n<p><span style=\"line-height: 1.5em;\">&nbsp;<\/span><\/p>\n<p>2-Wochen-Projekt im BA-Studiengang Industriedesign,<br \/>\nWintersemester 2012<\/p>\n<p><span style=\"line-height: 1.5em;\">Burg Giebichenstein Kunsthochschule Halle<\/span><\/p>\n","protected":false},"excerpt":{"rendered":"<p>&nbsp; Zwei-Wochen-Fachaufgabe im 1. Studienjahr Bachelor-Studiengang Industriedesign &nbsp; easy made do-it-for-others \/ design for download Zwei Design-Strategien: Readymade und open source in diesem 2-w\u00f6chigen kurz-projekt f\u00fcr studierende des ersten semesters im studiengang industriedesign sollen zwei design-strategien verkn\u00fcpft werden: \u2013 zum einen strategien des readymade, das meint das raffinierte neu-interpretieren und kombinieren von vorhandenen artefakten, dingen [&hellip;]<\/p>\n","protected":false},"author":5,"featured_media":0,"parent":0,"menu_order":0,"comment_status":"open","ping_status":"open","template":"","meta":{"footnotes":""},"class_list":["post-5","page","type-page","status-publish","hentry"],"_links":{"self":[{"href":"https:\/\/www.burg-halle.de\/id-neuwerk\/easy-made-design-for-download\/wp-json\/wp\/v2\/pages\/5","targetHints":{"allow":["GET"]}}],"collection":[{"href":"https:\/\/www.burg-halle.de\/id-neuwerk\/easy-made-design-for-download\/wp-json\/wp\/v2\/pages"}],"about":[{"href":"https:\/\/www.burg-halle.de\/id-neuwerk\/easy-made-design-for-download\/wp-json\/wp\/v2\/types\/page"}],"author":[{"embeddable":true,"href":"https:\/\/www.burg-halle.de\/id-neuwerk\/easy-made-design-for-download\/wp-json\/wp\/v2\/users\/5"}],"replies":[{"embeddable":true,"href":"https:\/\/www.burg-halle.de\/id-neuwerk\/easy-made-design-for-download\/wp-json\/wp\/v2\/comments?post=5"}],"version-history":[{"count":14,"href":"https:\/\/www.burg-halle.de\/id-neuwerk\/easy-made-design-for-download\/wp-json\/wp\/v2\/pages\/5\/revisions"}],"predecessor-version":[{"id":310,"href":"https:\/\/www.burg-halle.de\/id-neuwerk\/easy-made-design-for-download\/wp-json\/wp\/v2\/pages\/5\/revisions\/310"}],"wp:attachment":[{"href":"https:\/\/www.burg-halle.de\/id-neuwerk\/easy-made-design-for-download\/wp-json\/wp\/v2\/media?parent=5"}],"curies":[{"name":"wp","href":"https:\/\/api.w.org\/{rel}","templated":true}]}}