{"id":194,"date":"2021-01-09T15:44:51","date_gmt":"2021-01-09T14:44:51","guid":{"rendered":"https:\/\/www.burg-halle.de\/id-neuwerk\/flyingkitchen\/?page_id=194"},"modified":"2021-01-09T15:56:19","modified_gmt":"2021-01-09T14:56:19","slug":"intervention-milano","status":"publish","type":"page","link":"https:\/\/www.burg-halle.de\/id-neuwerk\/flyingkitchen\/intervention-milano\/","title":{"rendered":"Intervention Milano"},"content":{"rendered":"<p><iframe loading=\"lazy\" src=\"https:\/\/player.vimeo.com\/video\/212651921?title=0&amp;byline=0&amp;portrait=0\" width=\"600\" height=\"338\" frameborder=\"0\" allowfullscreen=\"allowfullscreen\"><\/iframe><\/p>\n<pre>Film von der Installation in Mailand<\/pre>\n<p>&nbsp;<\/p>\n<p>In der Ventura Lambrate Area l\u00e4dt ein ungew\u00f6hnlicher Stand der Kunsthochschule ein, sich dem Thema \u201eGrenzen\u201c aus unterschiedlichen Perspektiven zu n\u00e4hern. Die zentrale Fragestellung lautet: \u201eHow do we deal with this?\u201c<\/p>\n<p>Anstatt Produkte auszustellen, widmen sich die Studierenden der Frage, wie wir mit Grenzen umgehen.<\/p>\n<p>&nbsp;<\/p>\n<p>&nbsp;<\/p>\n<p><img loading=\"lazy\" decoding=\"async\" class=\"alignnone size-full wp-image-1051\" src=\"https:\/\/www.burg-halle.de\/id-neuwerk\/wp-content\/uploads\/2017\/04\/ENG.jpg\" alt=\"\" width=\"600\" height=\"878\" \/><\/p>\n<p><em>Anamnesebogen<\/em><\/p>\n<p>&nbsp;<\/p>\n<p>Die 25 Studierenden aus der Innenarchitektur und dem Industriedesign entwickelten daf\u00fcr auf einer 70 Quadratmeter gro\u00dfen Ausstellungsfl\u00e4che eine an eine Arztpraxis erinnernde Szenerie. So wird der Besucher in diesem mit Stacheldraht umgebenden Setting anhand einer Anamnese zu seiner jeweiligen \u201eKrankheitsgeschichte\u201c zur Thematik befragt \u2013 mit einem anschlie\u00dfenden Versprechen auf Heilung.<\/p>\n<p>Die Anamnese-B\u00f6gen werden im Verlauf der Messe \u201eausgestellt\u201d und werfen auf diese Weise neue Fragen auf. In Form einer Pille wird dem Besucher nach erfolgter Anamnese eine gesunde Dosis Utopie verabreicht \u2026<\/p>\n<p>&nbsp;<\/p>\n<p>&nbsp;<\/p>\n<div id=\"dflip_post_meta_box_shortcode\" class=\"postbox \">\n<div class=\"inside\">\n<div class=\"dflip-tabs normal-tabs\">\n<div id=\"dflip-tab-content-normal\" class=\"dflip-tab-content dflip-active\">\n<div class=\"_df_thumb \" id=\"df_149\"  wpoptions=\"true\" thumb=\"https:\/\/www.burg-halle.de\/id-neuwerk\/flyingkitchen\/wp-content\/uploads\/sites\/50\/2018\/04\/2017_KG_FlyKitchen_1_Mailand-Dokumentation.jpeg\" thumbtype=\"img\" >Mailand Doku<\/div><script data-cfasync=\"false\">var option_df_149 = {\"outline\":[],\"forceFit\":\"true\",\"autoEnableOutline\":\"false\",\"autoEnableThumbnail\":\"false\",\"overwritePDFOutline\":\"false\",\"direction\":\"1\",\"pageMode\":\"0\",\"source\":\"https:\\\/\\\/www.burg-halle.de\\\/id-neuwerk\\\/flyingkitchen\\\/wp-content\\\/uploads\\\/sites\\\/50\\\/2018\\\/03\\\/2017_KG_FlyKitchen_1_Mailand-Dokumentation.pdf\",\"wpOptions\":\"true\"}; if(window.DFLIP && DFLIP.parseBooks){DFLIP.parseBooks();}<\/script>\n<p>&nbsp;<\/p>\n<pre>Dokumentation<\/pre>\n<p>&nbsp;<\/p>\n<\/div>\n<\/div>\n<\/div>\n<\/div>\n","protected":false},"excerpt":{"rendered":"<p>Film von der Installation in Mailand &nbsp; In der Ventura Lambrate Area l\u00e4dt ein ungew\u00f6hnlicher Stand der Kunsthochschule ein, sich dem Thema \u201eGrenzen\u201c aus unterschiedlichen Perspektiven zu n\u00e4hern. Die zentrale Fragestellung lautet: \u201eHow do we deal with this?\u201c Anstatt Produkte auszustellen, widmen sich die Studierenden der Frage, wie wir mit Grenzen umgehen. &nbsp; &nbsp; Anamnesebogen [&hellip;]<\/p>\n","protected":false},"author":5,"featured_media":0,"parent":0,"menu_order":0,"comment_status":"closed","ping_status":"closed","template":"","meta":{"footnotes":""},"class_list":["post-194","page","type-page","status-publish","hentry"],"_links":{"self":[{"href":"https:\/\/www.burg-halle.de\/id-neuwerk\/flyingkitchen\/wp-json\/wp\/v2\/pages\/194","targetHints":{"allow":["GET"]}}],"collection":[{"href":"https:\/\/www.burg-halle.de\/id-neuwerk\/flyingkitchen\/wp-json\/wp\/v2\/pages"}],"about":[{"href":"https:\/\/www.burg-halle.de\/id-neuwerk\/flyingkitchen\/wp-json\/wp\/v2\/types\/page"}],"author":[{"embeddable":true,"href":"https:\/\/www.burg-halle.de\/id-neuwerk\/flyingkitchen\/wp-json\/wp\/v2\/users\/5"}],"replies":[{"embeddable":true,"href":"https:\/\/www.burg-halle.de\/id-neuwerk\/flyingkitchen\/wp-json\/wp\/v2\/comments?post=194"}],"version-history":[{"count":5,"href":"https:\/\/www.burg-halle.de\/id-neuwerk\/flyingkitchen\/wp-json\/wp\/v2\/pages\/194\/revisions"}],"predecessor-version":[{"id":202,"href":"https:\/\/www.burg-halle.de\/id-neuwerk\/flyingkitchen\/wp-json\/wp\/v2\/pages\/194\/revisions\/202"}],"wp:attachment":[{"href":"https:\/\/www.burg-halle.de\/id-neuwerk\/flyingkitchen\/wp-json\/wp\/v2\/media?parent=194"}],"curies":[{"name":"wp","href":"https:\/\/api.w.org\/{rel}","templated":true}]}}