{"id":2,"date":"2017-08-24T13:43:03","date_gmt":"2017-08-24T11:43:03","guid":{"rendered":"https:\/\/www.burg-halle.de\/id-neuwerk\/flyingkitchen\/?page_id=2"},"modified":"2026-04-29T15:23:59","modified_gmt":"2026-04-29T13:23:59","slug":"praesentation","status":"publish","type":"page","link":"https:\/\/www.burg-halle.de\/id-neuwerk\/flyingkitchen\/praesentation\/","title":{"rendered":"Pr\u00e4sentation"},"content":{"rendered":"<p><iframe loading=\"lazy\" src=\"https:\/\/player.vimeo.com\/video\/225478220?title=0&amp;byline=0&amp;portrait=0\" width=\"600\" height=\"338\" frameborder=\"0\" allowfullscreen=\"allowfullscreen\"><\/iframe><\/p>\n<p><em>Film zur Projekt-Pr\u00e4sentation am 11. Juli 2017<\/em><\/p>\n<p>&nbsp;<\/p>\n<p><b>Flying Kitchen<\/b><br \/>\n<i>oder Imbiss, mobil \u2026 <\/i><\/p>\n<p>Die Pr\u00e4sentation beginnt im Foyer der Innenarchitektur mit kurzen Filmen,<br \/>\nim Anschluss geht es zu den 1:1 Prototypen:<\/p>\n<p>E. <a href=\"https:\/\/vimeo.com\/225478220#t=00m01sautoplay=1\" target=\"_blank\" rel=\"noopener noreferrer\">Einf\u00fchrung<\/a><br \/>\nProf. Klaus Michel, Prof. Guido Englich<\/p>\n<p>1. <a href=\"https:\/\/vimeo.com\/225478220#t=02m53sautoplay=1\" target=\"_blank\" rel=\"noopener noreferrer\">Vertikal<\/a><br \/>\nAnnika Keppler, Jakob M\u00fcller, Leonie Schima<\/p>\n<p>2. <a href=\"https:\/\/vimeo.com\/225478220#t=03m47sautoplay=1\" target=\"_blank\" rel=\"noopener noreferrer\">Nachbark\u00fcche<\/a><br \/>\nGabriele Bellan, Monika Hoffmann, Valentina Schneider<\/p>\n<p>3. <a href=\"https:\/\/vimeo.com\/225478220#t=05m36sautoplay=1\" target=\"_blank\" rel=\"noopener noreferrer\">K\u00fcche im Ausnahmezustand<\/a><br \/>\nAnna Herbert, Lorenz Kuschnik<\/p>\n<p>4. <a href=\"https:\/\/vimeo.com\/225478220#t=08m10sautoplay=1\" target=\"_blank\" rel=\"noopener noreferrer\">Die flotten Lotten<\/a><br \/>\nMiriam Treml, Anna R\u00fcffert, Leonard Ziemer<\/p>\n<p>5. <a href=\"https:\/\/vimeo.com\/225478220#t=11m46sautoplay=1\" target=\"_blank\" rel=\"noopener noreferrer\">Mosttour \u2013 Die mobile Mosterei<\/a><br \/>\nSebastian Quiroz Segovia, Ruben Strahl, Bianca Voigt<\/p>\n<p>6. <a href=\"https:\/\/vimeo.com\/225478220#t=15m31sautoplay=1\" target=\"_blank\" rel=\"noopener noreferrer\">Ad Hoc<\/a><br \/>\nRobert Hahn, Amelie Ikas, Maria Tagliabue<\/p>\n<p>7. <a href=\"https:\/\/vimeo.com\/225478220#t=17m35sautoplay=1\" target=\"_blank\" rel=\"noopener noreferrer\">STADT GARTEN K\u00dcCHE<\/a><br \/>\nTobias Behley, Michael Ercolani, Franz Rother<\/p>\n<p>8. <a href=\"https:\/\/vimeo.com\/225478220#t=21m04sautoplay=1\" target=\"_blank\" rel=\"noopener noreferrer\">Roadshow<\/a><br \/>\nRuben Lagies, Emilie Pohling, Tobias Rell<\/p>\n<p><a href=\"https:\/\/vimeo.com\/225478220#t=22m23sautoplay=1\" target=\"_blank\" rel=\"noopener noreferrer\">Ausstellung<\/a><br \/>\nauf der Terrasse des Design Campus<\/p>\n<p>&nbsp;<\/p>\n<div class=\"_df_thumb \" id=\"df_207\"  wpoptions=\"true\" thumb=\"https:\/\/www.burg-halle.de\/id-neuwerk\/flyingkitchen\/wp-content\/uploads\/sites\/50\/2023\/01\/Flying_Kitchen_titel.jpg\" thumbtype=\"img\" >flykitch doku<\/div><script data-cfasync=\"false\">var option_df_207 = {\"outline\":[],\"forceFit\":\"true\",\"autoEnableOutline\":\"false\",\"autoEnableThumbnail\":\"false\",\"overwritePDFOutline\":\"false\",\"direction\":\"1\",\"pageMode\":\"0\",\"source\":\"https:\\\/\\\/www.burg-halle.de\\\/id-neuwerk\\\/flyingkitchen\\\/wp-content\\\/uploads\\\/sites\\\/50\\\/2023\\\/01\\\/Flying_Kitchen_doku_web.pdf\",\"wpOptions\":\"true\"}; if(window.DFLIP && DFLIP.parseBooks){DFLIP.parseBooks();}<\/script>\n<p>&nbsp;<\/p>\n<p><em>Projekt-Dokumentation zum Bl\u00e4ttern \u2026<\/em><\/p>\n<p>&nbsp;<\/p>\n<p><i>Aus der Augabenstellung \u2026 <\/i><br \/>\nKochen und Bewirten Sie draussen und lassen Sie sich dabei inspirieren von Streetfoodkulturen in aller Welt. Finden Sie einen konkreten Anlass f\u00fcr eine mobile Koch- und Bewirtungs-Installation \u2026 z.B. als tempor\u00e4re Nachbarschafts\u00adk\u00fcche, Schnippeldisko oder Streetfood-Station, f\u00fcr Festivals, Protestcamps, f\u00fcr tempor\u00e4re Unterk\u00fcnfte, No-Border-Kitchen, G7-Gipfel \u2026 und andere \u2026<\/p>\n<p>Entwickeln Sie ein Foodkonzept und entwerfen Sie daf\u00fcr einen mobilen, funktionsf\u00e4higen Prototyp in 1:1 \u2026 als Kitchen-Van, Anh\u00e4nger, Container, Box, Foldable Kitchen, Zelt, S\u00e4nfte, zerlegbarer Imbiss \u2026 oder \u2026 oder \u2026 Generalprobe ist zur Jahresausstellung. Im Anschluss erfolgt die \u00dcbergabe (Spende, Leihgabe, Versteigerung \u2026) in einen konkreten Nachnutzungskontext.<\/p>\n<p>Die Projektarbeit erfolgte in Teams aus Studierenden der Innenarchitektur<br \/>\nund des Industriedesign.<\/p>\n<p>&nbsp;<\/p>\n<p><em>Moderation<\/em><br \/>\nProf. Guido Englich, Prof. Klaus Michel,<br \/>\nAnn-Kristin B\u00fcttner, Johanna Padge<\/p>\n<p>&nbsp;<\/p>\n","protected":false},"excerpt":{"rendered":"<p>Film zur Projekt-Pr\u00e4sentation am 11. Juli 2017 &nbsp; Flying Kitchen oder Imbiss, mobil \u2026 Die Pr\u00e4sentation beginnt im Foyer der Innenarchitektur mit kurzen Filmen, im Anschluss geht es zu den 1:1 Prototypen: E. Einf\u00fchrung Prof. Klaus Michel, Prof. Guido Englich 1. Vertikal Annika Keppler, Jakob M\u00fcller, Leonie Schima 2. Nachbark\u00fcche Gabriele Bellan, Monika Hoffmann, Valentina [&hellip;]<\/p>\n","protected":false},"author":5,"featured_media":0,"parent":0,"menu_order":0,"comment_status":"closed","ping_status":"closed","template":"","meta":{"footnotes":""},"class_list":["post-2","page","type-page","status-publish","hentry"],"_links":{"self":[{"href":"https:\/\/www.burg-halle.de\/id-neuwerk\/flyingkitchen\/wp-json\/wp\/v2\/pages\/2","targetHints":{"allow":["GET"]}}],"collection":[{"href":"https:\/\/www.burg-halle.de\/id-neuwerk\/flyingkitchen\/wp-json\/wp\/v2\/pages"}],"about":[{"href":"https:\/\/www.burg-halle.de\/id-neuwerk\/flyingkitchen\/wp-json\/wp\/v2\/types\/page"}],"author":[{"embeddable":true,"href":"https:\/\/www.burg-halle.de\/id-neuwerk\/flyingkitchen\/wp-json\/wp\/v2\/users\/5"}],"replies":[{"embeddable":true,"href":"https:\/\/www.burg-halle.de\/id-neuwerk\/flyingkitchen\/wp-json\/wp\/v2\/comments?post=2"}],"version-history":[{"count":6,"href":"https:\/\/www.burg-halle.de\/id-neuwerk\/flyingkitchen\/wp-json\/wp\/v2\/pages\/2\/revisions"}],"predecessor-version":[{"id":224,"href":"https:\/\/www.burg-halle.de\/id-neuwerk\/flyingkitchen\/wp-json\/wp\/v2\/pages\/2\/revisions\/224"}],"wp:attachment":[{"href":"https:\/\/www.burg-halle.de\/id-neuwerk\/flyingkitchen\/wp-json\/wp\/v2\/media?parent=2"}],"curies":[{"name":"wp","href":"https:\/\/api.w.org\/{rel}","templated":true}]}}