{"id":7,"date":"2017-08-24T14:02:42","date_gmt":"2017-08-24T12:02:42","guid":{"rendered":"https:\/\/www.burg-halle.de\/id-neuwerk\/flyingkitchen\/?page_id=7"},"modified":"2019-09-19T20:18:30","modified_gmt":"2019-09-19T18:18:30","slug":"thema","status":"publish","type":"page","link":"https:\/\/www.burg-halle.de\/id-neuwerk\/flyingkitchen\/","title":{"rendered":"Thema"},"content":{"rendered":"<p><iframe loading=\"lazy\" src=\"https:\/\/player.vimeo.com\/video\/197943429?title=0&amp;byline=0&amp;portrait=0\" width=\"600\" height=\"338\" frameborder=\"0\" allowfullscreen=\"allowfullscreen\"><\/iframe><\/p>\n<pre>Trailer zum Start des Projekts<\/pre>\n<p>&nbsp;<\/p>\n<p>Entwurfsprojekt \/ Komplexes Gestalten<br \/>\nStudieng\u00e4nge BA Industriedesign \/ BA Innenarchitektur<br \/>\nMA Industrial Design \/ MA Furniture and Interior Design<\/p>\n<p>&nbsp;<\/p>\n<p><strong>Flying Kitchen<\/strong><br \/>\n<em>oder Imbiss, mobil \u2026<\/em><\/p>\n<p>Kochen und Bewirten Sie draussen und lassen Sie sich dabei inspirieren von Streetfoodkulturen in aller Welt. Finden Sie einen konkreten Anlass f\u00fcr eine mobile Koch- und Bewirtungs-Installation \u2026 z.B. als tempor\u00e4re Nachbarschafts\u00adk\u00fcche, Schnippeldisko oder Streetfood-Station, f\u00fcr Festivals, Protestcamps,\u00a0f\u00fcr tempor\u00e4re Unterk\u00fcnfte, No-Border-Kitchen, G7-Gipfel \u2026 und andere \u2026<\/p>\n<p>Entwickeln Sie ein Foodkonzept und entwerfen Sie daf\u00fcr einen mobilen, funktionsf\u00e4higen Prototyp in 1:1 \u2026 als Kitchen-Van, Anh\u00e4nger, Container, Box, Foldable Kitchen, Zelt, S\u00e4nfte, zerlegbarer Imbiss \u2026 oder \u2026 oder \u2026 Generalprobe ist zur Jahresausstellung. Im Anschluss erfolgt die \u00dcbergabe (Spende, Leihgabe, Versteigerung \u2026) in einen konkreten Nachnutzungskontext.<\/p>\n<p>Die Projektarbeit erfolgt in Teams aus Studierenden der Innenarchitektur und des Industriedesign.<\/p>\n<p>&nbsp;<\/p>\n<p><em>Input<\/em><br \/>\nWorkend Start-Workshop Food-Konzepte (Ende KW3)<br \/>\nVideo Workshop (KW 6)<\/p>\n<p><em>Output<\/em><br \/>\nfunktionst\u00fcchtiger 1:1 Prototyp \/ Installation \/ Objekt f\u00fcr mobiles Kochen und Bewirten<br \/>\nGeneralprobe auf der Jahresausstellung<br \/>\nDokumentation des Entwurfs als Drucksache und als Film<br \/>\nKonzept f\u00fcr den Nachnutzungskontext<\/p>\n<p>&nbsp;<\/p>\n<p><em>Teilnehmer_innen<\/em><br \/>\nTobias Behley, Gabriele Bellan (E), Michael Ercolani (E), Robert Hahn, Anna Herbert, Monika Hoffmann, Amelie Ikas, Annika Keppler, Lorenz Kuschnig, Ruben Lagies, Jakob M\u00fcller, Emilie Pohling, Sebastian Quiroz Segovia, Tobias \u00a0Rell, Franz \u00a0Rother, Anna R\u00fcffert, Leonie-Olivia Schima, Valentina Schneider, Ruben Strahl, Maria Tagliabue (E), Miriam Treml, Bianca Voigt, Leonard Ziemer<\/p>\n<p><em>Moderation<\/em><br \/>\nProf. Guido Englich, Prof. Klaus Michel,<br \/>\nAnn-Kristin B\u00fcttner, Johanna Padge<\/p>\n<p>&nbsp;<\/p>\n<p>Sommersemester 2017<br \/>\nBurg Giebichenstein Kunsthochschule Halle<\/p>\n<p>&nbsp;<\/p>\n","protected":false},"excerpt":{"rendered":"<p>Trailer zum Start des Projekts &nbsp; Entwurfsprojekt \/ Komplexes Gestalten Studieng\u00e4nge BA Industriedesign \/ BA Innenarchitektur MA Industrial Design \/ MA Furniture and Interior Design &nbsp; Flying Kitchen oder Imbiss, mobil \u2026 Kochen und Bewirten Sie draussen und lassen Sie sich dabei inspirieren von Streetfoodkulturen in aller Welt. Finden Sie einen konkreten Anlass f\u00fcr eine [&hellip;]<\/p>\n","protected":false},"author":5,"featured_media":0,"parent":0,"menu_order":0,"comment_status":"closed","ping_status":"closed","template":"","meta":{"footnotes":""},"class_list":["post-7","page","type-page","status-publish","hentry"],"_links":{"self":[{"href":"https:\/\/www.burg-halle.de\/id-neuwerk\/flyingkitchen\/wp-json\/wp\/v2\/pages\/7","targetHints":{"allow":["GET"]}}],"collection":[{"href":"https:\/\/www.burg-halle.de\/id-neuwerk\/flyingkitchen\/wp-json\/wp\/v2\/pages"}],"about":[{"href":"https:\/\/www.burg-halle.de\/id-neuwerk\/flyingkitchen\/wp-json\/wp\/v2\/types\/page"}],"author":[{"embeddable":true,"href":"https:\/\/www.burg-halle.de\/id-neuwerk\/flyingkitchen\/wp-json\/wp\/v2\/users\/5"}],"replies":[{"embeddable":true,"href":"https:\/\/www.burg-halle.de\/id-neuwerk\/flyingkitchen\/wp-json\/wp\/v2\/comments?post=7"}],"version-history":[{"count":7,"href":"https:\/\/www.burg-halle.de\/id-neuwerk\/flyingkitchen\/wp-json\/wp\/v2\/pages\/7\/revisions"}],"predecessor-version":[{"id":185,"href":"https:\/\/www.burg-halle.de\/id-neuwerk\/flyingkitchen\/wp-json\/wp\/v2\/pages\/7\/revisions\/185"}],"wp:attachment":[{"href":"https:\/\/www.burg-halle.de\/id-neuwerk\/flyingkitchen\/wp-json\/wp\/v2\/media?parent=7"}],"curies":[{"name":"wp","href":"https:\/\/api.w.org\/{rel}","templated":true}]}}