{"id":603,"date":"2026-01-29T14:44:00","date_gmt":"2026-01-29T13:44:00","guid":{"rendered":"https:\/\/www.burg-halle.de\/id-neuwerk\/foodcraft\/?page_id=603"},"modified":"2026-02-11T13:49:41","modified_gmt":"2026-02-11T12:49:41","slug":"praesentation","status":"publish","type":"page","link":"https:\/\/www.burg-halle.de\/id-neuwerk\/foodcraft\/praesentation\/","title":{"rendered":"Pr\u00e4sentation"},"content":{"rendered":"<p><iframe loading=\"lazy\" src=\"https:\/\/player.vimeo.com\/video\/1163960289?h=06ec224541&amp;title=0&amp;byline=0&amp;portrait=0\" width=\"600\" height=\"338\" frameborder=\"0\" allow=\"autoplay; fullscreen; picture-in-picture\" allowfullscreen=\"\"><\/iframe><\/p>\n<p><em>Pr\u00e4sentation<\/em><\/p>\n<p>&nbsp;<\/p>\n<p><strong>Urban Food Craft<\/strong><br \/>\nDesign-Strategien f\u00fcr indoor Lebensmittelproduktion im Mikroformat<\/p>\n<p>&nbsp;<\/p>\n<p>Die Entw\u00fcrfe: <\/p>\n<p>Allegra D\u2019Achille<br \/>\n<strong>Dolomia<\/strong><\/p>\n<p>Hannah Enk<br \/>\n<strong>Twist<br \/>\nEin modulares Aufsatzsystem f\u00fcr Gl\u00e4ser<\/p>\n<p>Anina Gill<br \/>\n<strong>Greenhaus<\/strong><br \/>\nOpen Source Balkon Gew\u00e4chshaus<\/p>\n<p>Alicia Hattler, Julika Schwarz<br \/>\n<strong>RE:FLOW Research<\/strong><br \/>\nOpen-Source-Website mit Materialstudien zur Erforschung und Weiterverwendung von lokalen Lebensmittelnebenstr\u00f6men<\/p>\n<p>Jesse Jacobsen<br \/>\n<strong>Microbial Interface<\/strong><\/p>\n<p>Ma\u0161a Kralj<br \/>\n<strong>Biomaterial Experimentation with Grape Pomace<\/strong><br \/>\nExplorations of the Bioactive Biomaterial Packaging for Food Preservation<\/p>\n<p>Henriette Meyer-Stork<br \/>\n<strong>bo_ka_shi.3fm<\/strong><\/p>\n<p>\u010crt \u0160trubelj<br \/>\n<strong>Mushroom Bio(do)me<\/strong><\/p>\n<p>&nbsp;<\/p>\n<div class=\"_df_thumb \" id=\"df_745\"  wpoptions=\"true\" thumb=\"https:\/\/www.burg-halle.de\/id-neuwerk\/foodcraft\/wp-content\/uploads\/sites\/77\/2026\/02\/ufc_A2_hoch_tit.jpg\" thumbtype=\"img\" >plak_hoch<\/div><script data-cfasync=\"false\">var option_df_745 = {\"outline\":[],\"forceFit\":\"true\",\"autoEnableOutline\":\"false\",\"autoEnableThumbnail\":\"false\",\"overwritePDFOutline\":\"false\",\"direction\":\"1\",\"pageMode\":\"1\",\"singlePageMode\":\"2\",\"source\":\"https:\\\/\\\/www.burg-halle.de\\\/id-neuwerk\\\/foodcraft\\\/wp-content\\\/uploads\\\/sites\\\/77\\\/2026\\\/02\\\/ufc_A2_hoch.pdf\",\"wpOptions\":\"true\"}; if(window.DFLIP && DFLIP.parseBooks){DFLIP.parseBooks();}<\/script>\n<p>&nbsp;<\/p>\n<div class=\"_df_thumb \" id=\"df_748\"  wpoptions=\"true\" thumb=\"https:\/\/www.burg-halle.de\/id-neuwerk\/foodcraft\/wp-content\/uploads\/sites\/77\/2026\/02\/ufc_A2_quer_tit.jpg\" thumbtype=\"img\" >plak_quer<\/div><script data-cfasync=\"false\">var option_df_748 = {\"outline\":[],\"forceFit\":\"true\",\"autoEnableOutline\":\"false\",\"autoEnableThumbnail\":\"false\",\"overwritePDFOutline\":\"false\",\"direction\":\"1\",\"pageMode\":\"1\",\"singlePageMode\":\"2\",\"source\":\"https:\\\/\\\/www.burg-halle.de\\\/id-neuwerk\\\/foodcraft\\\/wp-content\\\/uploads\\\/sites\\\/77\\\/2026\\\/02\\\/ufc_A2_quer.pdf\",\"wpOptions\":\"true\"}; if(window.DFLIP && DFLIP.parseBooks){DFLIP.parseBooks();}<\/script>\n<p>&nbsp;<\/p>\n<p><em>Plakate der Ausstellung<br \/>\nzum Bl\u00e4ttern anklicken \u2026<\/em><\/p>\n<p>&nbsp;<\/p>\n<p><a href=\"https:\/\/www.burg-halle.de\/id-neuwerk\/foodcraft\/wp-content\/uploads\/sites\/77\/2026\/02\/ufc_projektplakat.pdf\" target=\"_blank\" rel=\"noopener noreferrer\"><img srcset=\"https:\/\/www.burg-halle.de\/id-neuwerk\/foodcraft\/wp-content\/uploads\/sites\/77\/2026\/02\/ufc_projektplakat-scaled.jpg 1280w, https:\/\/www.burg-halle.de\/id-neuwerk\/foodcraft\/wp-content\/uploads\/sites\/77\/2026\/02\/ufc_projektplakat-150x300.jpg 150w, https:\/\/www.burg-halle.de\/id-neuwerk\/foodcraft\/wp-content\/uploads\/sites\/77\/2026\/02\/ufc_projektplakat-512x1024.jpg 512w, https:\/\/www.burg-halle.de\/id-neuwerk\/foodcraft\/wp-content\/uploads\/sites\/77\/2026\/02\/ufc_projektplakat-768x1536.jpg 768w, https:\/\/www.burg-halle.de\/id-neuwerk\/foodcraft\/wp-content\/uploads\/sites\/77\/2026\/02\/ufc_projektplakat-1024x2048.jpg 1024w\" sizes=\"(max-width: 600px) 100vw, 600px\" decoding=\"async\" class=\"alignnone wp-image-2045\" src=\"https:\/\/www.burg-halle.de\/id-neuwerk\/foodcraft\/wp-content\/uploads\/sites\/77\/2026\/02\/ufc_projektplakat-512x1024.jpg\" alt=\"\" width=\"600\" height=\"auto\"><\/a><\/p>\n<p><em>Plakat zum Projekt Ablauf<\/em><\/p>\n<p>&nbsp;<\/p>\n","protected":false},"excerpt":{"rendered":"<p>Pr\u00e4sentation &nbsp; Urban Food Craft Design-Strategien f\u00fcr indoor Lebensmittelproduktion im Mikroformat &nbsp; Die Entw\u00fcrfe: Allegra D\u2019Achille Dolomia Hannah Enk Twist Ein modulares Aufsatzsystem f\u00fcr Gl\u00e4ser Anina Gill Greenhaus Open Source Balkon Gew\u00e4chshaus Alicia Hattler, Julika Schwarz RE:FLOW Research Open-Source-Website mit Materialstudien zur Erforschung und Weiterverwendung von lokalen Lebensmittelnebenstr\u00f6men Jesse Jacobsen Microbial Interface Ma\u0161a Kralj Biomaterial [&hellip;]<\/p>\n","protected":false},"author":5,"featured_media":0,"parent":0,"menu_order":0,"comment_status":"closed","ping_status":"closed","template":"","meta":{"footnotes":""},"class_list":["post-603","page","type-page","status-publish","hentry"],"_links":{"self":[{"href":"https:\/\/www.burg-halle.de\/id-neuwerk\/foodcraft\/wp-json\/wp\/v2\/pages\/603","targetHints":{"allow":["GET"]}}],"collection":[{"href":"https:\/\/www.burg-halle.de\/id-neuwerk\/foodcraft\/wp-json\/wp\/v2\/pages"}],"about":[{"href":"https:\/\/www.burg-halle.de\/id-neuwerk\/foodcraft\/wp-json\/wp\/v2\/types\/page"}],"author":[{"embeddable":true,"href":"https:\/\/www.burg-halle.de\/id-neuwerk\/foodcraft\/wp-json\/wp\/v2\/users\/5"}],"replies":[{"embeddable":true,"href":"https:\/\/www.burg-halle.de\/id-neuwerk\/foodcraft\/wp-json\/wp\/v2\/comments?post=603"}],"version-history":[{"count":10,"href":"https:\/\/www.burg-halle.de\/id-neuwerk\/foodcraft\/wp-json\/wp\/v2\/pages\/603\/revisions"}],"predecessor-version":[{"id":761,"href":"https:\/\/www.burg-halle.de\/id-neuwerk\/foodcraft\/wp-json\/wp\/v2\/pages\/603\/revisions\/761"}],"wp:attachment":[{"href":"https:\/\/www.burg-halle.de\/id-neuwerk\/foodcraft\/wp-json\/wp\/v2\/media?parent=603"}],"curies":[{"name":"wp","href":"https:\/\/api.w.org\/{rel}","templated":true}]}}