{"id":20,"date":"2024-11-09T18:15:58","date_gmt":"2024-11-09T17:15:58","guid":{"rendered":"https:\/\/www.burg-halle.de\/id-neuwerk\/gedesign\/?page_id=20"},"modified":"2026-03-31T18:37:46","modified_gmt":"2026-03-31T16:37:46","slug":"about","status":"publish","type":"page","link":"https:\/\/www.burg-halle.de\/id-neuwerk\/ge\/","title":{"rendered":"About"},"content":{"rendered":"<p><a href=\"https:\/\/www.burg-halle.de\/id-neuwerk\/ge\/wp-content\/uploads\/sites\/73\/2024\/11\/ge_aw_1993.jpg\" target=\"_blank\" rel=\"noopener noreferrer\"><img srcset=\"https:\/\/www.burg-halle.de\/id-neuwerk\/ge\/wp-content\/uploads\/sites\/73\/2024\/11\/ge_aw_1993.jpg 1920w, https:\/\/www.burg-halle.de\/id-neuwerk\/ge\/wp-content\/uploads\/sites\/73\/2024\/11\/ge_aw_1993-300x225.jpg 300w, https:\/\/www.burg-halle.de\/id-neuwerk\/ge\/wp-content\/uploads\/sites\/73\/2024\/11\/ge_aw_1993-1024x766.jpg 1024w, https:\/\/www.burg-halle.de\/id-neuwerk\/ge\/wp-content\/uploads\/sites\/73\/2024\/11\/ge_aw_1993-768x575.jpg 768w, https:\/\/www.burg-halle.de\/id-neuwerk\/ge\/wp-content\/uploads\/sites\/73\/2024\/11\/ge_aw_1993-1536x1150.jpg 1536w\" sizes=\"(max-width: 600px) 100vw, 600px\" decoding=\"async\" class=\"alignnone wp-image-2045\" src=\"https:\/\/www.burg-halle.de\/id-neuwerk\/ge\/wp-content\/uploads\/sites\/73\/2024\/11\/ge_aw_1993-1024x766.jpg\" alt=\"\" width=\"600\" height=\"auto\"><\/a><\/p>\n<p>&nbsp;<\/p>\n<p><em>Mitte der 1990er Jahre \u2026<br \/>\nGuido Englich und Anna Wagner<br \/>\nim B\u00fcro in Berlin-Sch\u00f6neberg<\/em><\/p>\n<p>&nbsp;<\/p>\n<p><strong>Guido Englich<\/strong><\/p>\n<p>geboren in Berlin, von 1981\u20131985 Studium der Germanistik und der Theaterwissenschaften an der Freien Universit\u00e4t Berlin, von 1985\u20131990 Studium des Industrial Design an der Hochschule der K\u00fcnste Berlin im ID4 bei Prof. Hans Nick Roericht.<\/p>\n<p>W\u00e4hrend des Studiums 1988 Gr\u00fcndung der Design-Werkstatt \u201eMacLab\u201d gemeinsam mit Anna Wagner. In dieser Zeit entsteht der erste \u201eMacReisef\u00fchrer\u201d. Von 1987\u20131991 freie Mitarbeit in der ProduktEntwicklung Roericht in Ulm und Kooperationen mit Baumm+Partner in M\u00fcnchen.<\/p>\n<p>1991 Gr\u00fcndung des Designb\u00fcros Englich + Wagner, ab 1998 Englich + Partner mit Projekten t\u00e4tig in den Bereichen Produktentwicklung, visuelle Kommunikation, Mediengestaltung, Film. Arbeiten f\u00fcr Biomet Deutschland, Borland, Rowohlt-Taschenbuchverlag, Marlboro Designshop, Sender Freies Berlin, SPM-Technologies, Steelcase, Rosenthal-Einrichtung, Vecta, Wilkhahn u.a.<\/p>\n<p>&nbsp;<\/p>\n<p><iframe loading=\"lazy\" src=\"https:\/\/player.vimeo.com\/video\/1028227241?h=2521e1969d&amp;title=0&amp;byline=0&amp;portrait=0\" width=\"600\" height=\"338\" frameborder=\"0\" allow=\"autoplay; fullscreen; picture-in-picture\" allowfullscreen=\"\"><\/iframe><\/p>\n<p>&nbsp;<\/p>\n<p><em>Seit 2012 \u2026 das B\u00fcro in Berlin-Hermsdorf<\/em><\/p>\n<p>&nbsp;<\/p>\n<div class=\"_df_thumb \" id=\"df_418\"  wpoptions=\"true\" thumb=\"https:\/\/www.burg-halle.de\/id-neuwerk\/gedesign\/wp-content\/uploads\/sites\/73\/2024\/11\/ge_buch_02_titel.jpg\" thumbtype=\"img\" >ge_buch_02<\/div><script data-cfasync=\"false\">var option_df_418 = {\"outline\":[],\"forceFit\":\"true\",\"autoEnableOutline\":\"false\",\"autoEnableThumbnail\":\"false\",\"overwritePDFOutline\":\"false\",\"direction\":\"1\",\"pageMode\":\"0\",\"source\":\"https:\\\/\\\/www.burg-halle.de\\\/id-neuwerk\\\/gedesign\\\/wp-content\\\/uploads\\\/sites\\\/73\\\/2024\\\/11\\\/ge_buch_02_web.pdf\",\"wpOptions\":\"true\"}; if(window.DFLIP && DFLIP.parseBooks){DFLIP.parseBooks();}<\/script>\n<p>&nbsp;<\/p>\n<p><em>Auswahl von Arbeiten aus den Jahren 1987 bis 2002,<br \/>\nzum Bl\u00e4ttern anklicken \u2026<\/em><\/p>\n<p>&nbsp;<\/p>\n<p>Seit 2004 hat Guido Englich eine Professur im Studiengang Industriedesign an der Burg Giebichenstein Kunsthochschule Halle. Von 2006 bis 2010 und von 2014 bis 2017 war er Dekan des Fachbereichs Design, von 2005 bis 2025 Vorsitzender des Studiengangsausschuss Industriedesign.<\/p>\n<p>Schwerpunkte in der Lehre sind das Trainieren und Weiterentwickeln von Entwurfs-Methoden und -Strategien f\u00fcr erweiterte Handlungsfelder im Design, insbesondere um Wandel- und Transformationsprozesse zu initiieren, durch Design-Strategien zu unterst\u00fctzen, zu moderieren und vorstellbar zu machen. <\/p>\n<p>Um Entwurfs-Ideen, Konzepte und Strategien \u00fcberzeugend zu vermitteln und explorativ zu erproben, werden neben den etablierten Kommunikations- und Pr\u00e4sentationsformen wie Visualisierung und Prototyping auch filmische Darstellungsmittel in den verschiedenen Stadien des Designprozesses eingesetzt. Seit 2019 ist das VideoLab fester Bestandteil im Industriedesign.<\/p>\n<p>&nbsp;<\/p>\n<div class=\"_df_thumb \" id=\"df_410\"  wpoptions=\"true\" thumb=\"https:\/\/www.burg-halle.de\/id-neuwerk\/wp-content\/uploads\/2018\/03\/id_neuwerk_book_2.png\" thumbtype=\"img\" >id neuwerk buch<\/div><script data-cfasync=\"false\">var option_df_410 = {\"outline\":[],\"forceFit\":\"true\",\"autoEnableOutline\":\"false\",\"autoEnableThumbnail\":\"false\",\"overwritePDFOutline\":\"false\",\"direction\":\"1\",\"pageMode\":\"0\",\"source\":\"https:\\\/\\\/www.burg-halle.de\\\/id-neuwerk\\\/wp-content\\\/uploads\\\/2018\\\/03\\\/id_neuwerk_buch_2015.pdf\",\"wpOptions\":\"true\"}; if(window.DFLIP && DFLIP.parseBooks){DFLIP.parseBooks();}<\/script>\n<p>&nbsp;<\/p>\n<p><em>Zum Bl\u00e4ttern anklicken \u2026<\/em><\/p>\n<p><em>ID Neuwerk \u2013 Design of Design Education \/ Projekte und Lehrveranstaltungen am Lehrstuhl f\u00fcr Strategische Konzept- und Produktentwicklung, 2005\u20132015<\/em><\/p>\n<p>&nbsp;<\/p>\n<p>Buch-Ver\u00f6ffentlichungen als Autor und Gestalter<br \/>\n(Auswahl):<\/p>\n<p><strong>MacReisef\u00fchrer.<\/strong> Grafik, Scannen, Typo und Layout in sechs erlebnisreichen Touren (1991, Rowohlt \u2013 von der Stiftung Buchkunst ausgezeichnet als \u201eSch\u00f6nstes Buch\u201d 1991); <strong>konferieren, diskutieren, lernen \u2026<\/strong> Einrichtungs-Handbuch f\u00fcr Kommunikationsr\u00e4ume (1997, Wilkhahn); <strong>Planungshandbuch f\u00fcr Konferenz- und Kommunikationsr\u00e4ume<\/strong> Conference. Excellence (2008, Birkh\u00e4user); <strong>id-neuwerk<\/strong> \u2013 design education research (2015); <strong>Design-Geschichte(n) aus dem Nick-Roericht-Archiv<\/strong> Textbuch und Film, 2018; <strong>Modelle im Designprozess<\/strong> Lektorat und Redaktion, 2022<\/p>\n<p>&nbsp;<\/p>\n","protected":false},"excerpt":{"rendered":"<p>&nbsp; Mitte der 1990er Jahre \u2026 Guido Englich und Anna Wagner im B\u00fcro in Berlin-Sch\u00f6neberg &nbsp; Guido Englich geboren in Berlin, von 1981\u20131985 Studium der Germanistik und der Theaterwissenschaften an der Freien Universit\u00e4t Berlin, von 1985\u20131990 Studium des Industrial Design an der Hochschule der K\u00fcnste Berlin im ID4 bei Prof. Hans Nick Roericht. W\u00e4hrend des [&hellip;]<\/p>\n","protected":false},"author":5,"featured_media":0,"parent":0,"menu_order":0,"comment_status":"closed","ping_status":"closed","template":"","meta":{"footnotes":""},"class_list":["post-20","page","type-page","status-publish","hentry"],"_links":{"self":[{"href":"https:\/\/www.burg-halle.de\/id-neuwerk\/ge\/wp-json\/wp\/v2\/pages\/20","targetHints":{"allow":["GET"]}}],"collection":[{"href":"https:\/\/www.burg-halle.de\/id-neuwerk\/ge\/wp-json\/wp\/v2\/pages"}],"about":[{"href":"https:\/\/www.burg-halle.de\/id-neuwerk\/ge\/wp-json\/wp\/v2\/types\/page"}],"author":[{"embeddable":true,"href":"https:\/\/www.burg-halle.de\/id-neuwerk\/ge\/wp-json\/wp\/v2\/users\/5"}],"replies":[{"embeddable":true,"href":"https:\/\/www.burg-halle.de\/id-neuwerk\/ge\/wp-json\/wp\/v2\/comments?post=20"}],"version-history":[{"count":40,"href":"https:\/\/www.burg-halle.de\/id-neuwerk\/ge\/wp-json\/wp\/v2\/pages\/20\/revisions"}],"predecessor-version":[{"id":1192,"href":"https:\/\/www.burg-halle.de\/id-neuwerk\/ge\/wp-json\/wp\/v2\/pages\/20\/revisions\/1192"}],"wp:attachment":[{"href":"https:\/\/www.burg-halle.de\/id-neuwerk\/ge\/wp-json\/wp\/v2\/media?parent=20"}],"curies":[{"name":"wp","href":"https:\/\/api.w.org\/{rel}","templated":true}]}}