{"id":31,"date":"2020-05-22T17:49:42","date_gmt":"2020-05-22T15:49:42","guid":{"rendered":"https:\/\/www.burg-halle.de\/id-neuwerk\/kinetik-kettenreaktion\/?page_id=31"},"modified":"2020-05-23T17:59:40","modified_gmt":"2020-05-23T15:59:40","slug":"recherche-kompendium","status":"publish","type":"page","link":"https:\/\/www.burg-halle.de\/id-neuwerk\/kinetik-kettenreaktion\/recherche-kompendium\/","title":{"rendered":"Recherche-Kompendium"},"content":{"rendered":"<div class=\"_df_thumb \" id=\"df_33\"  wpoptions=\"true\" thumb=\"https:\/\/www.burg-halle.de\/id-neuwerk\/wp-content\/uploads\/2020\/05\/Kinetik_Recherche-titel.jpg\" thumbtype=\"img\" >Kinetik Recherche 2020<\/div><script data-cfasync=\"false\">var option_df_33 = {\"outline\":[],\"forceFit\":\"true\",\"autoEnableOutline\":\"false\",\"autoEnableThumbnail\":\"false\",\"overwritePDFOutline\":\"false\",\"direction\":\"1\",\"pageMode\":\"0\",\"source\":\"https:\\\/\\\/www.burg-halle.de\\\/id-neuwerk\\\/wp-content\\\/uploads\\\/2020\\\/05\\\/Kinetik_Recherche-2.pdf\",\"wpOptions\":\"true\"}; if(window.DFLIP && DFLIP.parseBooks){DFLIP.parseBooks();}<\/script>\n<p>&nbsp;<\/p>\n<pre>Dokumentation der Recherchen zum Bl\u00e4ttern\r\noder zum <a href=\"https:\/\/www.burg-halle.de\/id-neuwerk\/wp-content\/uploads\/2020\/05\/Kinetik_Recherche-2.pdf\" target=\"_blank\" rel=\"noopener noreferrer\"><strong>download<\/strong><\/a><\/pre>\n<p>&nbsp;<\/p>\n<h1>Kinetik in Design, Architektur und Kunst<\/h1>\n<p>Flankierend zur Gestaltung der Kettenreaktionen unternehmen die Studierenden\u00a0einen Ausflug in die Kunst- und Designgeschichte: von den kinetischen Licht- und Bewegungsobjekten von L\u00e1szl\u00f3 Moholy-Nagy \u00fcber die konstruktivistischen Maschinen der K\u00fcnstler Tatlin und Rodtschenko, die Mobiles von Calder, die Fantasiemaschinen von Tinguely oder die poetischen Objekte Rebecca Horns \u2026 zu Gestaltern wie Buckminster Fuller, Chuck Hoberman und anderen, bei deren Entw\u00fcrfen die Bewegung (oder Form\u00e4nderung) zum Gestaltungsmerkmal geh\u00f6rt.<\/p>\n<p>&nbsp;<\/p>\n<p>Inhalt<\/p>\n<p><strong>Design \/ Architektur \/ Technik<\/strong><\/p>\n<p>1<br \/>\nBuckminster Fuller<br \/>\nrecherchiert von Vincent Bruno Kaup<\/p>\n<p>2<br \/>\nTensegritys<br \/>\nrecherchiert von Joel Seele<\/p>\n<p>3<br \/>\nArchigram<br \/>\nrecherchiert von Raymond Francis Sandy<\/p>\n<p>4<br \/>\nChuck Hoberman<br \/>\nrecherchiert von Lion Robert Sanguinette<\/p>\n<p>5<br \/>\nAdaptive Structural Skins und Self Folding Robots<br \/>\nrecherchiert von Marvin Alexander Robert<\/p>\n<p>6<br \/>\nTheo Jansen<br \/>\nrecherchiert von Ruud van den Eijnden<\/p>\n<p>&nbsp;<\/p>\n<p><strong>Kinetische Kunst<\/strong><\/p>\n<p>7<br \/>\nKonstruktivisten<br \/>\nrecherchiert von Judith Burghard<\/p>\n<p>8<br \/>\nL\u00e1szl\u00f3 Moholy-Nagy<br \/>\nrecherchiert von Lucia Pia Gallo<\/p>\n<p>9<br \/>\nAlexander Calder<br \/>\nrecherchiert von Seong Heum Na<\/p>\n<p>10<br \/>\nJean Tinguely<br \/>\nrecherchiert von Emilia Sonntag<\/p>\n<p>11<br \/>\nZERO<br \/>\nrecherchiert von Malte Gebhardt<\/p>\n<p>12<br \/>\nRebecca Horn<br \/>\nrecherchiert von Christoph Kortung<\/p>\n<p>13<br \/>\nReuben Margolian<br \/>\nrecherchiert von Yerin Kim<\/p>\n<p>14<br \/>\nArthur Ganson<br \/>\nrecherchiert von Jungwoon Lee<\/p>\n<p>&nbsp;<\/p>\n","protected":false},"excerpt":{"rendered":"<p>&nbsp; Dokumentation der Recherchen zum Bl\u00e4ttern oder zum download &nbsp; Kinetik in Design, Architektur und Kunst Flankierend zur Gestaltung der Kettenreaktionen unternehmen die Studierenden\u00a0einen Ausflug in die Kunst- und Designgeschichte: von den kinetischen Licht- und Bewegungsobjekten von L\u00e1szl\u00f3 Moholy-Nagy \u00fcber die konstruktivistischen Maschinen der K\u00fcnstler Tatlin und Rodtschenko, die Mobiles von Calder, die Fantasiemaschinen von [&hellip;]<\/p>\n","protected":false},"author":5,"featured_media":0,"parent":0,"menu_order":0,"comment_status":"closed","ping_status":"closed","template":"","meta":{"footnotes":""},"class_list":["post-31","page","type-page","status-publish","hentry"],"_links":{"self":[{"href":"https:\/\/www.burg-halle.de\/id-neuwerk\/kinetik-kettenreaktion\/wp-json\/wp\/v2\/pages\/31","targetHints":{"allow":["GET"]}}],"collection":[{"href":"https:\/\/www.burg-halle.de\/id-neuwerk\/kinetik-kettenreaktion\/wp-json\/wp\/v2\/pages"}],"about":[{"href":"https:\/\/www.burg-halle.de\/id-neuwerk\/kinetik-kettenreaktion\/wp-json\/wp\/v2\/types\/page"}],"author":[{"embeddable":true,"href":"https:\/\/www.burg-halle.de\/id-neuwerk\/kinetik-kettenreaktion\/wp-json\/wp\/v2\/users\/5"}],"replies":[{"embeddable":true,"href":"https:\/\/www.burg-halle.de\/id-neuwerk\/kinetik-kettenreaktion\/wp-json\/wp\/v2\/comments?post=31"}],"version-history":[{"count":11,"href":"https:\/\/www.burg-halle.de\/id-neuwerk\/kinetik-kettenreaktion\/wp-json\/wp\/v2\/pages\/31\/revisions"}],"predecessor-version":[{"id":151,"href":"https:\/\/www.burg-halle.de\/id-neuwerk\/kinetik-kettenreaktion\/wp-json\/wp\/v2\/pages\/31\/revisions\/151"}],"wp:attachment":[{"href":"https:\/\/www.burg-halle.de\/id-neuwerk\/kinetik-kettenreaktion\/wp-json\/wp\/v2\/media?parent=31"}],"curies":[{"name":"wp","href":"https:\/\/api.w.org\/{rel}","templated":true}]}}