{"id":116,"date":"2016-02-02T23:47:01","date_gmt":"2016-02-02T21:47:01","guid":{"rendered":"https:\/\/www.burg-halle.de\/id-neuwerk\/lightning-over\/?page_id=116"},"modified":"2016-03-06T18:01:36","modified_gmt":"2016-03-06T16:01:36","slug":"praesentation","status":"publish","type":"page","link":"https:\/\/www.burg-halle.de\/id-neuwerk\/lightning-over\/praesentation\/","title":{"rendered":"Pr\u00e4sentation"},"content":{"rendered":"<p>&nbsp;<\/p>\n<p><iframe loading=\"lazy\" src=\"https:\/\/player.vimeo.com\/video\/153951257?title=0&amp;byline=0&amp;portrait=0\" height=\"337\" width=\"600\" allowfullscreen=\"\" frameborder=\"0\"><\/iframe><\/p>\n<p>&nbsp;<\/p>\n<p><strong>Pr\u00e4sentation der Session 3 <\/strong><br \/>\nam 1.2.2016<br \/>\nals Performance und Ausstellung<\/p>\n<p><em>Luminoph\u00e4n<\/em><br \/>\nAnna Wanitschke, Ulirke Silz<\/p>\n<p><em>Fragment<\/em><br \/>\nHauke Odendahl<\/p>\n<p><em>Hin und Her<\/em><br \/>\nMarius M\u00fchleisen, Kevin St\u00fcber<\/p>\n<p><em>Lichtzyklus<\/em><br \/>\nMax Stalter, Benno Bruksch, Magdalene Neynaber<\/p>\n<p><em>Synthese<\/em><br \/>\nMarc Wejda<\/p>\n<p><em>Timeless Memory<\/em><br \/>\nHongki Keam<\/p>\n<p><em>LightRoomConception<\/em><br \/>\nRuben Strahl<\/p>\n<p><em>XploreShadow<\/em><br \/>\nLeonard Helm<\/p>\n<p><em>Fragmentum<\/em><br \/>\nPaulina Gellert, Anna Herbert<\/p>\n<p><em>Autark<\/em><br \/>\nLeopold Zaumseil<\/p>\n<p><em>Duallinen<\/em><br \/>\nJakob M\u00fcller<\/p>\n<p>&nbsp;<\/p>\n<p>&nbsp;<\/p>\n","protected":false},"excerpt":{"rendered":"<p>&nbsp; &nbsp; Pr\u00e4sentation der Session 3 am 1.2.2016 als Performance und Ausstellung Luminoph\u00e4n Anna Wanitschke, Ulirke Silz Fragment Hauke Odendahl Hin und Her Marius M\u00fchleisen, Kevin St\u00fcber Lichtzyklus Max Stalter, Benno Bruksch, Magdalene Neynaber Synthese Marc Wejda Timeless Memory Hongki Keam LightRoomConception Ruben Strahl XploreShadow Leonard Helm Fragmentum Paulina Gellert, Anna Herbert Autark Leopold Zaumseil [&hellip;]<\/p>\n","protected":false},"author":5,"featured_media":0,"parent":0,"menu_order":0,"comment_status":"open","ping_status":"open","template":"","meta":{"footnotes":""},"class_list":["post-116","page","type-page","status-publish","hentry"],"_links":{"self":[{"href":"https:\/\/www.burg-halle.de\/id-neuwerk\/lightning-over\/wp-json\/wp\/v2\/pages\/116","targetHints":{"allow":["GET"]}}],"collection":[{"href":"https:\/\/www.burg-halle.de\/id-neuwerk\/lightning-over\/wp-json\/wp\/v2\/pages"}],"about":[{"href":"https:\/\/www.burg-halle.de\/id-neuwerk\/lightning-over\/wp-json\/wp\/v2\/types\/page"}],"author":[{"embeddable":true,"href":"https:\/\/www.burg-halle.de\/id-neuwerk\/lightning-over\/wp-json\/wp\/v2\/users\/5"}],"replies":[{"embeddable":true,"href":"https:\/\/www.burg-halle.de\/id-neuwerk\/lightning-over\/wp-json\/wp\/v2\/comments?post=116"}],"version-history":[{"count":4,"href":"https:\/\/www.burg-halle.de\/id-neuwerk\/lightning-over\/wp-json\/wp\/v2\/pages\/116\/revisions"}],"predecessor-version":[{"id":188,"href":"https:\/\/www.burg-halle.de\/id-neuwerk\/lightning-over\/wp-json\/wp\/v2\/pages\/116\/revisions\/188"}],"wp:attachment":[{"href":"https:\/\/www.burg-halle.de\/id-neuwerk\/lightning-over\/wp-json\/wp\/v2\/media?parent=116"}],"curies":[{"name":"wp","href":"https:\/\/api.w.org\/{rel}","templated":true}]}}