{"id":144,"date":"2016-03-04T16:06:31","date_gmt":"2016-03-04T14:06:31","guid":{"rendered":"https:\/\/www.burg-halle.de\/id-neuwerk\/lightning-over\/?page_id=144"},"modified":"2020-02-27T10:23:56","modified_gmt":"2020-02-27T08:23:56","slug":"dokumentation","status":"publish","type":"page","link":"https:\/\/www.burg-halle.de\/id-neuwerk\/lightning-over\/dokumentation\/","title":{"rendered":"Dokumentation"},"content":{"rendered":"<p>&nbsp;<\/p>\n<div class=\"_df_thumb \" id=\"df_308\"  wpoptions=\"true\" thumb=\"https:\/\/www.burg-halle.de\/id-neuwerk\/lightning-over\/wp-content\/uploads\/sites\/44\/2020\/02\/Lightning_Doku-Gesamt.jpg\" thumbtype=\"img\" >Doku Gesamt<\/div><script data-cfasync=\"false\">var option_df_308 = {\"outline\":[],\"forceFit\":\"true\",\"autoEnableOutline\":\"false\",\"autoEnableThumbnail\":\"false\",\"overwritePDFOutline\":\"false\",\"direction\":\"1\",\"pageMode\":\"0\",\"source\":\"https:\\\/\\\/www.burg-halle.de\\\/id-neuwerk\\\/lightning-over\\\/wp-content\\\/uploads\\\/sites\\\/44\\\/2020\\\/02\\\/Lightning_Doku-Gesamt.pdf\",\"wpOptions\":\"true\"}; if(window.DFLIP && DFLIP.parseBooks){DFLIP.parseBooks();}<\/script>\n<p>&nbsp;<\/p>\n<p>Lightning over \u2026<br \/>\nDesign Strategien mit, f\u00fcr und durch Licht<\/p>\n<p><strong>Dokumentation der 3 Sessions<\/strong><\/p>\n<p>&nbsp;<\/p>\n<p><strong>Session 1: anlichten <\/strong><\/p>\n<p>konzepte und strategien f\u00fcr licht \u2026 lassen Sie sich und anderen eins, zwei, drei \u2026 viele lichter aufgehen, spekulieren und visualisieren Sie, was Ihnen als gestalter_in zum licht einf\u00e4llt \u2026 mit 5 bis 10 schnell und anschaulich visualisierten konzepten\/ ideen (jeweils auf einem A3 blatt quer \u2026) treffen wir uns im \u201ethemenbasar\u201d, in dem Sie sich gegenseitig kurz und flott ihre einf\u00e4lle pr\u00e4sentieren. eine auswahl aus den ideen des \u201ethemenbasar\u201d wird in schnellen mock-up-modellen probiert und demonstriert.<\/p>\n<p>&nbsp;<\/p>\n<p><strong>Session 2: auflichten <\/strong><\/p>\n<p>in dieser session besch\u00e4ftigen wir uns mit licht als transmitter von energie und information und untersuchen verschiedene formen der interaktion mit oder durch licht, die in versuchsaufbauten, modellen, objekten \u2026 probiert\/realisiert werden.<\/p>\n<p>&nbsp;<\/p>\n<p><strong>Session 3: auslichten <\/strong><\/p>\n<p>in session 3 erkunden Sie licht in seinen r\u00e4umlichen eigenschaften und konzipieren, entwickeln, erproben und realisieren eine raumgreifende installation\/inszenierung f\u00fcr die abschluss-pr\u00e4sentation \u2013 in dieser session agieren Sie in 2-er bis 3-er gruppen. bevor es in die weihnachtspause geht, pr\u00e4sentieren Sie jeweils als team drei m\u00f6gliche konzept-ideen f\u00fcr ihre inszenierung\/installation zur abschluss-pr\u00e4sentation \u2026 und versuchen einen vorvollzug zu prozess und ressourcen.<\/p>\n<p>&nbsp;<\/p>\n<p>Teilnehmer_innen:<br \/>\nBenno Brucksch, Paulina Gellert, Leonard Helm, Anna Herbert, Hongki Keam, Luisa Krause, Marius M\u00fchleisen, Jakob M\u00fcller, Magdalene Neynaber, Hauke Odendahl, Ulrike Silz, Max Stalter, Ruben Strahl, Kevin Str\u00fcber, Anna Wanitschke, Marc Wejda, Leopold Zaumseil<\/p>\n","protected":false},"excerpt":{"rendered":"<p>&nbsp; &nbsp; Lightning over \u2026 Design Strategien mit, f\u00fcr und durch Licht Dokumentation der 3 Sessions &nbsp; Session 1: anlichten konzepte und strategien f\u00fcr licht \u2026 lassen Sie sich und anderen eins, zwei, drei \u2026 viele lichter aufgehen, spekulieren und visualisieren Sie, was Ihnen als gestalter_in zum licht einf\u00e4llt \u2026 mit 5 bis 10 schnell [&hellip;]<\/p>\n","protected":false},"author":5,"featured_media":0,"parent":0,"menu_order":0,"comment_status":"open","ping_status":"open","template":"","meta":{"footnotes":""},"class_list":["post-144","page","type-page","status-publish","hentry"],"_links":{"self":[{"href":"https:\/\/www.burg-halle.de\/id-neuwerk\/lightning-over\/wp-json\/wp\/v2\/pages\/144","targetHints":{"allow":["GET"]}}],"collection":[{"href":"https:\/\/www.burg-halle.de\/id-neuwerk\/lightning-over\/wp-json\/wp\/v2\/pages"}],"about":[{"href":"https:\/\/www.burg-halle.de\/id-neuwerk\/lightning-over\/wp-json\/wp\/v2\/types\/page"}],"author":[{"embeddable":true,"href":"https:\/\/www.burg-halle.de\/id-neuwerk\/lightning-over\/wp-json\/wp\/v2\/users\/5"}],"replies":[{"embeddable":true,"href":"https:\/\/www.burg-halle.de\/id-neuwerk\/lightning-over\/wp-json\/wp\/v2\/comments?post=144"}],"version-history":[{"count":10,"href":"https:\/\/www.burg-halle.de\/id-neuwerk\/lightning-over\/wp-json\/wp\/v2\/pages\/144\/revisions"}],"predecessor-version":[{"id":365,"href":"https:\/\/www.burg-halle.de\/id-neuwerk\/lightning-over\/wp-json\/wp\/v2\/pages\/144\/revisions\/365"}],"wp:attachment":[{"href":"https:\/\/www.burg-halle.de\/id-neuwerk\/lightning-over\/wp-json\/wp\/v2\/media?parent=144"}],"curies":[{"name":"wp","href":"https:\/\/api.w.org\/{rel}","templated":true}]}}