{"id":2,"date":"2015-07-28T22:03:36","date_gmt":"2015-07-28T22:03:36","guid":{"rendered":"https:\/\/www.burg-halle.de\/id-neuwerk\/ligthning-over\/?page_id=2"},"modified":"2021-01-09T18:43:06","modified_gmt":"2021-01-09T16:43:06","slug":"thema","status":"publish","type":"page","link":"https:\/\/www.burg-halle.de\/id-neuwerk\/lightning-over\/","title":{"rendered":"Thema"},"content":{"rendered":"<p><iframe loading=\"lazy\" src=\"https:\/\/player.vimeo.com\/video\/153495440?color=ff9933&amp;title=0&amp;byline=0&amp;portrait=0\" width=\"600\" height=\"337\" frameborder=\"0\" allowfullscreen=\"allowfullscreen\"><\/iframe><\/p>\n<p>&nbsp;<\/p>\n<p>Methodische Gestaltungs\u00fcbungen<br \/>\nBachelor-Studiengang Industriedesign<\/p>\n<p>&nbsp;<\/p>\n<p><strong>lightning over \u2026<\/strong><br \/>\nDesign-Strategien mit, f\u00fcr und durch Licht<\/p>\n<p>physikalisch betrachtet ist licht welle und teilchen zugleich, hat keinen k\u00f6rper und keine substanz und ist dennoch elementares ph\u00e4nomen f\u00fcr wahrnehmung und gestaltung.<\/p>\n<p>2015 \u2013 ist das unesco-jahr des lichts \u2013 und in der dunkler werdenden jahreszeit erkunden wir in drei experimentellen sessions verschiedene wirkungen von licht abseits von lampen und leuchten.<\/p>\n<p>&nbsp;<\/p>\n<p><strong>session 1: <\/strong><br \/>\nanlichten &#8211; ein licht aufgehen<br \/>\nblitz, flamme, edison, wolfram, gas, LED, lichtquelle, lichtmaschine \u2026<\/p>\n<p><strong> session 2: <\/strong><br \/>\nauflichten &#8211; lichtblicke<br \/>\nwelle, code, signal, schranke, absorption, photosynthese \u2026<\/p>\n<p><strong>session 3: <\/strong><br \/>\nauslichten &#8211; ins licht getaucht<br \/>\nlichtraum, schatten, lichtgestalt, lichtbild, lichtjahr, lichtstrom \u2026<\/p>\n<p>&nbsp;<\/p>\n<p>input:<br \/>\n-&gt; individuelle recherche \/ referate zu projektbeginn<br \/>\n-&gt; exkursion(en) \u2013 phaeno\/wolfsburg, otto piene\/m\u00fcnster, glow\/eindhoven<br \/>\n-&gt; workshop zu licht, sensorik, kinetik und motorik (arduino und co.)<br \/>\n-&gt; film- und dokumentations-workshop<\/p>\n<p>output:<br \/>\n-&gt; funktionsanordnungen, versuchsaufbauten, installationen<br \/>\n-&gt; dokumentation \/ in print- und film-format<br \/>\n-&gt; als gruppe inszenierte pr\u00e4sentation\/installation<\/p>\n<p>&nbsp;<\/p>\n<p>Teilnehmer_innen:<br \/>\nBenno Brucksch, Paulina Gellert, Leonard Helm, Anna Herbert, Hongki Keam, Luisa Krause, Marius M\u00fchleisen, Jakob M\u00fcller, Magdalene Neynaber, Hauke Odendahl, Ulrike Silz, Max Stalter, Ruben Strahl, Kevin Str\u00fcber, Anna Wanitschke, Marc Wejda, Leopold Zaumseil<\/p>\n<p>&nbsp;<\/p>\n<p>Moderation:<br \/>\nProf. Guido Englich, Fynn Freyschmidt<\/p>\n<p>SolidWorks Workshop:<br \/>\nSteffen Herm<\/p>\n<p>Arduino Workshop:<br \/>\nMax von Elverfeldt<\/p>\n<p>Premiere Workshop:<br \/>\nMartin Schapp<\/p>\n<p>&nbsp;<\/p>\n<p>Studiengang BA Industriedesign<br \/>\nWintersemester 2015\/16<\/p>\n<p>Burg Giebichenstein Kunsthochschule Halle<\/p>\n<p>&nbsp;<\/p>\n","protected":false},"excerpt":{"rendered":"<p>&nbsp; Methodische Gestaltungs\u00fcbungen Bachelor-Studiengang Industriedesign &nbsp; lightning over \u2026 Design-Strategien mit, f\u00fcr und durch Licht physikalisch betrachtet ist licht welle und teilchen zugleich, hat keinen k\u00f6rper und keine substanz und ist dennoch elementares ph\u00e4nomen f\u00fcr wahrnehmung und gestaltung. 2015 \u2013 ist das unesco-jahr des lichts \u2013 und in der dunkler werdenden jahreszeit erkunden wir in [&hellip;]<\/p>\n","protected":false},"author":5,"featured_media":0,"parent":0,"menu_order":0,"comment_status":"open","ping_status":"open","template":"","meta":{"footnotes":""},"class_list":["post-2","page","type-page","status-publish","hentry"],"_links":{"self":[{"href":"https:\/\/www.burg-halle.de\/id-neuwerk\/lightning-over\/wp-json\/wp\/v2\/pages\/2","targetHints":{"allow":["GET"]}}],"collection":[{"href":"https:\/\/www.burg-halle.de\/id-neuwerk\/lightning-over\/wp-json\/wp\/v2\/pages"}],"about":[{"href":"https:\/\/www.burg-halle.de\/id-neuwerk\/lightning-over\/wp-json\/wp\/v2\/types\/page"}],"author":[{"embeddable":true,"href":"https:\/\/www.burg-halle.de\/id-neuwerk\/lightning-over\/wp-json\/wp\/v2\/users\/5"}],"replies":[{"embeddable":true,"href":"https:\/\/www.burg-halle.de\/id-neuwerk\/lightning-over\/wp-json\/wp\/v2\/comments?post=2"}],"version-history":[{"count":12,"href":"https:\/\/www.burg-halle.de\/id-neuwerk\/lightning-over\/wp-json\/wp\/v2\/pages\/2\/revisions"}],"predecessor-version":[{"id":371,"href":"https:\/\/www.burg-halle.de\/id-neuwerk\/lightning-over\/wp-json\/wp\/v2\/pages\/2\/revisions\/371"}],"wp:attachment":[{"href":"https:\/\/www.burg-halle.de\/id-neuwerk\/lightning-over\/wp-json\/wp\/v2\/media?parent=2"}],"curies":[{"name":"wp","href":"https:\/\/api.w.org\/{rel}","templated":true}]}}