{"id":366,"date":"2020-02-27T10:29:14","date_gmt":"2020-02-27T08:29:14","guid":{"rendered":"https:\/\/www.burg-halle.de\/id-neuwerk\/lightning-over\/?page_id=366"},"modified":"2020-02-27T10:29:14","modified_gmt":"2020-02-27T08:29:14","slug":"film","status":"publish","type":"page","link":"https:\/\/www.burg-halle.de\/id-neuwerk\/lightning-over\/film\/","title":{"rendered":"Film"},"content":{"rendered":"<p><iframe loading=\"lazy\" src=\"https:\/\/player.vimeo.com\/video\/157656674?color=ffffff&amp;title=0&amp;byline=0&amp;portrait=0\" width=\"600\" height=\"338\" frameborder=\"0\" allowfullscreen=\"allowfullscreen\"><\/iframe><\/p>\n<p>&nbsp;<\/p>\n<p><strong>Lightning over<\/strong><br \/>\n\u2026 der Film zum Projekt (2016)<\/p>\n<p>Der Film zeigt die verschiedenen Phasen des Projekts und ist als Gemeinschaftsarbeit aus dem integrierten Filmworkshop hervorgegangen.<\/p>\n<p>&nbsp;<\/p>\n<p><strong>Lightning over \u2026<\/strong><br \/>\nDesign-Strategien mit, f\u00fcr und durch Licht<\/p>\n<p>physikalisch betrachtet ist licht welle und teilchen zugleich, hat keinen k\u00f6rper und keine substanz und ist dennoch elementares ph\u00e4nomen f\u00fcr wahrnehmung und gestaltung.<\/p>\n<p>2015 \u2013 ist das unesco-jahr des lichts \u2013 und in der dunkler werdenden jahreszeit erkunden wir in drei experimentellen sessions verschiedene wirkungen von licht abseits von lampen und leuchten.<\/p>\n<p><strong>session 1: <\/strong><br \/>\nanlichten &#8211; ein licht aufgehen<br \/>\nblitz, flamme, edison, wolfram, gas, LED, lichtquelle, lichtmaschine \u2026<\/p>\n<p><strong>session 2: <\/strong><br \/>\nauflichten &#8211; lichtblicke<br \/>\nwelle, code, signal, schranke, absorption, photosynthese \u2026<\/p>\n<p><strong>session 3: <\/strong><br \/>\nauslichten &#8211; ins licht getaucht<br \/>\nlichtraum, schatten, lichtgestalt, lichtbild, lichtjahr, lichtstrom \u2026<\/p>\n<p>&nbsp;<\/p>\n<p>Teilnehmer_innen:<br \/>\nBenno Brucksch, Paulina Gellert, Leonard Helm, Anna Herbert, Hongki Keam, Luisa Krause, Marius M\u00fchleisen, Jakob M\u00fcller, Magdalene Neynaber, Hauke Odendahl, Ulrike Silz, Max Stalter, Ruben Strahl, Kevin Str\u00fcber, Anna Wanitschke, Marc Wejda, Leopold Zaumseil<\/p>\n<p>Moderation:<br \/>\nProf. Guido Englich, Fynn Freyschmidt<\/p>\n<p>&nbsp;<\/p>\n","protected":false},"excerpt":{"rendered":"<p>&nbsp; Lightning over \u2026 der Film zum Projekt (2016) Der Film zeigt die verschiedenen Phasen des Projekts und ist als Gemeinschaftsarbeit aus dem integrierten Filmworkshop hervorgegangen. &nbsp; Lightning over \u2026 Design-Strategien mit, f\u00fcr und durch Licht physikalisch betrachtet ist licht welle und teilchen zugleich, hat keinen k\u00f6rper und keine substanz und ist dennoch elementares ph\u00e4nomen [&hellip;]<\/p>\n","protected":false},"author":5,"featured_media":0,"parent":0,"menu_order":0,"comment_status":"closed","ping_status":"closed","template":"","meta":{"footnotes":""},"class_list":["post-366","page","type-page","status-publish","hentry"],"_links":{"self":[{"href":"https:\/\/www.burg-halle.de\/id-neuwerk\/lightning-over\/wp-json\/wp\/v2\/pages\/366","targetHints":{"allow":["GET"]}}],"collection":[{"href":"https:\/\/www.burg-halle.de\/id-neuwerk\/lightning-over\/wp-json\/wp\/v2\/pages"}],"about":[{"href":"https:\/\/www.burg-halle.de\/id-neuwerk\/lightning-over\/wp-json\/wp\/v2\/types\/page"}],"author":[{"embeddable":true,"href":"https:\/\/www.burg-halle.de\/id-neuwerk\/lightning-over\/wp-json\/wp\/v2\/users\/5"}],"replies":[{"embeddable":true,"href":"https:\/\/www.burg-halle.de\/id-neuwerk\/lightning-over\/wp-json\/wp\/v2\/comments?post=366"}],"version-history":[{"count":1,"href":"https:\/\/www.burg-halle.de\/id-neuwerk\/lightning-over\/wp-json\/wp\/v2\/pages\/366\/revisions"}],"predecessor-version":[{"id":367,"href":"https:\/\/www.burg-halle.de\/id-neuwerk\/lightning-over\/wp-json\/wp\/v2\/pages\/366\/revisions\/367"}],"wp:attachment":[{"href":"https:\/\/www.burg-halle.de\/id-neuwerk\/lightning-over\/wp-json\/wp\/v2\/media?parent=366"}],"curies":[{"name":"wp","href":"https:\/\/api.w.org\/{rel}","templated":true}]}}