{"id":495,"date":"2014-05-12T08:21:26","date_gmt":"2014-05-12T06:21:26","guid":{"rendered":"https:\/\/www.burg-halle.de\/id-neuwerk\/minimal-shelter\/?page_id=495"},"modified":"2020-03-08T17:55:41","modified_gmt":"2020-03-08T15:55:41","slug":"rucksackhaus-detail","status":"publish","type":"page","link":"https:\/\/www.burg-halle.de\/id-neuwerk\/minimal-shelter\/rucksackhaus-detail\/","title":{"rendered":"Rucksackhaus <br>von Stefan Eberstadt"},"content":{"rendered":"<p><img decoding=\"async\" src=\"https:\/\/inspiration.detail.de\/_uploads\/5\/a\/d\/5ad5e515b1acc\/DETAIL_2004_12_1463_01.jpg\" width=\"600\" \/><\/p>\n<p>&nbsp;<\/p>\n<p>Die Skulptur besteht aus einem vorgefertigten Kubuselement mit den Abmessungen 2,50 m Breite, 2,50 m H\u00f6he und 3,60 m Tiefe. Sie wird im 2.OG an ein bestehendes Geb\u00e4ude angebaut und ist von diesem aus durch ein Fenster mit den Abmessungen 2,07 cm x 1,34 cm begehbar. Die H\u00f6he des obersten Fu\u00dfbodens des Kubuselements liegt auf ca. 10,50 m.<\/p>\n<p>&nbsp;<\/p>\n<p><img decoding=\"async\" src=\"https:\/\/inspiration.detail.de\/_uploads\/5\/a\/d\/5ad5e5221c5d3\/DETAIL_2004_12_1463_05.jpg\" alt=\"Rucksackhaus\" width=\"400\" \/>\u00a0<a href=\"https:\/\/inspiration.detail.de\/_uploads\/5\/a\/d\/5ad5e5221c5d3\/DETAIL_2004_12_1463_05.jpg\" target=\"_blank\" rel=\"noopener noreferrer\"> [+]<\/a><\/p>\n<p><img decoding=\"async\" src=\"https:\/\/inhabitat.com\/wp-content\/blogs.dir\/1\/files\/2012\/07\/Rucksack-House-Stefan-Eberstadt-6.jpg\" alt=\"Rucksackhaus\" width=\"400\" \/>\u00a0<a href=\"https:\/\/inhabitat.com\/wp-content\/blogs.dir\/1\/files\/2012\/07\/Rucksack-House-Stefan-Eberstadt-6.jpg\" target=\"_blank\" rel=\"noopener noreferrer\"> [+]<\/a><\/p>\n<p><img decoding=\"async\" src=\"https:\/\/inspiration.detail.de\/_uploads\/5\/a\/d\/5ad5e51bdbb87\/DETAIL_2004_12_1463_03.jpg\" alt=\"Rucksackhaus\" width=\"400\" \/><a href=\"https:\/\/inspiration.detail.de\/_uploads\/5\/a\/d\/5ad5e51bdbb87\/DETAIL_2004_12_1463_03.jpg\" target=\"_blank\" rel=\"noopener noreferrer\"> [+]<\/a><\/p>\n<p>&nbsp;<\/p>\n<p>Das Tragwerk besteht aus einem Stahlrohrk\u00e4fig, der von aussen mit filmbeschichteten und von innen mit unbeschichteten Funierschichtholzplatten beplankt ist. In die Fl\u00e4chen der Skulptur sind Fenster\u00f6ffnungen eingebaut. Die sich im Boden befindlichen Fenster\u00f6ffnungen bestehen aus absturzsicherem GS-Plexiglas 25 mm. Das Gesamtgewicht der Skulptur betr\u00e4gt ca. 2,0 t. Die Verankerung am Bestand erfolgt \u00fcber direkte Auflagerung in Mauerwerks\u00f6ffnungen und \u00fcber eine zweifache Abh\u00e4ngung. Die Abh\u00e4ngung ist \u00fcber das Dach gef\u00fchrt und an der R\u00fcckseite des Bauwerks verankert.<\/p>\n<p>source \/ pdf<br \/>\n<a href=\"http:\/\/www.aka-ingenieure.de\/files\/uploads\/aka_rucksackhaus_2004.pdf\" target=\"_blank\" rel=\"noopener noreferrer\">aka-ingenieure.de\/rucksackhaus_2004.pdf<\/a><\/p>\n<p>&nbsp;<\/p>\n<p><img decoding=\"async\" src=\"https:\/\/inspiration.detail.de\/_uploads\/5\/a\/d\/5ad5e51f021d9\/DETAIL_2004_12_1463_04.jpg\" alt=\"Rucksackhaus\" width=\"400\" \/><a href=\"https:\/\/inspiration.detail.de\/_uploads\/5\/a\/d\/5ad5e51f021d9\/DETAIL_2004_12_1463_04.jpg\" target=\"_blank\" rel=\"noopener noreferrer\"> [+]<\/a><\/p>\n<p>&nbsp;<\/p>\n<p><a href=\"https:\/\/www.burg-halle.de\/id-neuwerk\/minimal-shelter\/category\/referenzen\/\">Zur\u00fcck zur \u00dcbersicht<\/a><\/p>\n","protected":false},"excerpt":{"rendered":"<p>&nbsp; Die Skulptur besteht aus einem vorgefertigten Kubuselement mit den Abmessungen 2,50 m Breite, 2,50 m H\u00f6he und 3,60 m Tiefe. Sie wird im 2.OG an ein bestehendes Geb\u00e4ude angebaut und ist von diesem aus durch ein Fenster mit den Abmessungen 2,07 cm x 1,34 cm begehbar. Die H\u00f6he des obersten Fu\u00dfbodens des Kubuselements liegt [&hellip;]<\/p>\n","protected":false},"author":5,"featured_media":0,"parent":0,"menu_order":0,"comment_status":"closed","ping_status":"closed","template":"","meta":{"footnotes":""},"class_list":["post-495","page","type-page","status-publish","hentry"],"_links":{"self":[{"href":"https:\/\/www.burg-halle.de\/id-neuwerk\/minimal-shelter\/wp-json\/wp\/v2\/pages\/495","targetHints":{"allow":["GET"]}}],"collection":[{"href":"https:\/\/www.burg-halle.de\/id-neuwerk\/minimal-shelter\/wp-json\/wp\/v2\/pages"}],"about":[{"href":"https:\/\/www.burg-halle.de\/id-neuwerk\/minimal-shelter\/wp-json\/wp\/v2\/types\/page"}],"author":[{"embeddable":true,"href":"https:\/\/www.burg-halle.de\/id-neuwerk\/minimal-shelter\/wp-json\/wp\/v2\/users\/5"}],"replies":[{"embeddable":true,"href":"https:\/\/www.burg-halle.de\/id-neuwerk\/minimal-shelter\/wp-json\/wp\/v2\/comments?post=495"}],"version-history":[{"count":12,"href":"https:\/\/www.burg-halle.de\/id-neuwerk\/minimal-shelter\/wp-json\/wp\/v2\/pages\/495\/revisions"}],"predecessor-version":[{"id":856,"href":"https:\/\/www.burg-halle.de\/id-neuwerk\/minimal-shelter\/wp-json\/wp\/v2\/pages\/495\/revisions\/856"}],"wp:attachment":[{"href":"https:\/\/www.burg-halle.de\/id-neuwerk\/minimal-shelter\/wp-json\/wp\/v2\/media?parent=495"}],"curies":[{"name":"wp","href":"https:\/\/api.w.org\/{rel}","templated":true}]}}