{"id":121,"date":"2024-09-18T00:25:23","date_gmt":"2024-09-17T22:25:23","guid":{"rendered":"https:\/\/www.burg-halle.de\/id-neuwerk\/mmm\/?page_id=121"},"modified":"2025-02-07T18:54:11","modified_gmt":"2025-02-07T17:54:11","slug":"neu","status":"publish","type":"page","link":"https:\/\/www.burg-halle.de\/id-neuwerk\/mmm\/neu\/","title":{"rendered":"Film"},"content":{"rendered":"<p><iframe loading=\"lazy\" src=\"\/\/player.vimeo.com\/video\/1054567181?title=0&amp;byline=0&amp;portrait=0\" width=\"600\" height=\"338\" frameborder=\"0\" allowfullscreen=\"allowfullscreen\"><\/iframe><\/p>\n<p><em>Film zum Projekt<\/em><\/p>\n<p>&nbsp;<\/p>\n<p><strong>Manifest, M\u00f6bel, Manufaktur<\/strong><br \/>\nDesign-Strategien f\u00fcr M\u00f6bel, aber anders<\/p>\n<p>&nbsp;<\/p>\n<p>Wie wollen wir leben? Wie werden wir wohnen? Mit der zunehmenden Verdichtung von St\u00e4dten wird der individuell verf\u00fcgbare Wohnraum zu einer kostbaren Ressource. Wieviel Raum werden wir noch haben? Wie werden wir uns einrichten? Werden wir noch M\u00f6bel haben \u2026 und welche \u2026 und wof\u00fcr?<\/p>\n<p>In diesem Projekt suchen wir am Beispiel der Gestaltung von M\u00f6beln nach zukunftsf\u00e4higen Strategien und Konzepten, um Ver\u00e4nderung und Wandel zu unterst\u00fctzen \u2013 durch die Gestaltung von Gegenst\u00e4nden bis zur Gestaltung von Prozessen, die sich hier sowohl auf die Verf\u00fcgbarmachung und Nutzung der Gegenst\u00e4nde beziehen, aber auch deren Nachnutzung oder R\u00fcckf\u00fchrung in wirtschaftliche Kreisl\u00e4ufe betreffen.<\/p>\n<p><strong>Manifest<\/strong><br \/>\nsteht f\u00fcr den Anspruch, angesichts notwendiger und w\u00fcnschenswerter Transformationen die Rahmenbedingungen und Forderungen an ein zukunftsf\u00e4higes Gestalten zu formulieren, aus denen sich hier konkretes Operieren und Entscheiden im Entwurfsprozess ableiten lassen.<\/p>\n<p><strong>M\u00f6bel<\/strong><br \/>\nstehen hier f\u00fcr einen allt\u00e4glichen Entwurfs-Kontext, in dem die formulierten Gestaltungs-Grunds\u00e4tze exemplarisch angewendet werden. M\u00f6bel erz\u00e4hlen Design- und Kulturgeschichte. Sie spiegeln die technischen und wirtschaftlichen M\u00f6glichkeiten, die kulturellen Bed\u00fcrfnisse und sozialen Utopien auf dem jeweiligen Stand ihrer Entstehungszeit. Als Gegenst\u00e4nde, die uns besonders nah sind, bieten M\u00f6bel ein hohes Potential f\u00fcr Identifikation. Die M\u00f6bel der Shaker, die Stahlrohrm\u00f6bel der beginnenden Moderne, der Ulmer Hocker, der Monoblock, Enzo Maris Autoprogettazione, das Billy Regal \u2013 um nur eine kleine Auswahl zu nennen \u2026 sie alle erz\u00e4hlen Geschichten von Hoffnung und Fortschritt ebenso wie von Grenzen des Wachstums, entt\u00e4uschten Erwartungen und vieles mehr. Welche (Design-)Geschichten werden Ihre M\u00f6bel erz\u00e4hlen?<\/p>\n<p><strong>Manufaktur<\/strong><br \/>\nsteht hier f\u00fcr Fragen nach zeitgem\u00e4\u00dfer, zukunftsf\u00e4higer Produktion und zirkul\u00e4ren Prozessen, nach Materialit\u00e4t, Rohstoffen und Ressourcen, nach Vertrieb und Zug\u00e4nglichkeit, nach Kriterien der Verortung und Dezentralit\u00e4t \u2013 Fragen, die sich aus den Forderungen der eingangs formulierten Manifeste entwickeln und in den Gestaltungskonzepten von Beginn an mitgedacht werden.<\/p>\n<p>&nbsp;<\/p>\n<p><em>Teilnehmer_innen:<\/em><br \/>\nCem Akbal, Fedor Bock, David B\u00fchler, Alfred Cyranka, Namju Kim, Max Koch, Jaehwan Lee, Henriette Meyer-Stork, Seong Heum Na, Gabriel Schroer, Paul Matteo Wesser, Se Hyeon Won<\/p>\n<p><em>Moderation:<\/em><br \/>\nProf. Guido Englich, Julius Abromeit<\/p>\n<p>&nbsp;<\/p>\n<p>Studiengang BA Industriedesign und MA Industrial Design<br \/>\nWintersemester 2024\/25<\/p>\n<p>Burg Giebichenstein Kunsthochschule Halle<\/p>\n<p>&nbsp;<\/p>\n","protected":false},"excerpt":{"rendered":"<p>Film zum Projekt &nbsp; Manifest, M\u00f6bel, Manufaktur Design-Strategien f\u00fcr M\u00f6bel, aber anders &nbsp; Wie wollen wir leben? Wie werden wir wohnen? Mit der zunehmenden Verdichtung von St\u00e4dten wird der individuell verf\u00fcgbare Wohnraum zu einer kostbaren Ressource. Wieviel Raum werden wir noch haben? Wie werden wir uns einrichten? Werden wir noch M\u00f6bel haben \u2026 und welche [&hellip;]<\/p>\n","protected":false},"author":5,"featured_media":0,"parent":0,"menu_order":0,"comment_status":"closed","ping_status":"closed","template":"","meta":{"footnotes":""},"class_list":["post-121","page","type-page","status-publish","hentry"],"_links":{"self":[{"href":"https:\/\/www.burg-halle.de\/id-neuwerk\/mmm\/wp-json\/wp\/v2\/pages\/121","targetHints":{"allow":["GET"]}}],"collection":[{"href":"https:\/\/www.burg-halle.de\/id-neuwerk\/mmm\/wp-json\/wp\/v2\/pages"}],"about":[{"href":"https:\/\/www.burg-halle.de\/id-neuwerk\/mmm\/wp-json\/wp\/v2\/types\/page"}],"author":[{"embeddable":true,"href":"https:\/\/www.burg-halle.de\/id-neuwerk\/mmm\/wp-json\/wp\/v2\/users\/5"}],"replies":[{"embeddable":true,"href":"https:\/\/www.burg-halle.de\/id-neuwerk\/mmm\/wp-json\/wp\/v2\/comments?post=121"}],"version-history":[{"count":4,"href":"https:\/\/www.burg-halle.de\/id-neuwerk\/mmm\/wp-json\/wp\/v2\/pages\/121\/revisions"}],"predecessor-version":[{"id":661,"href":"https:\/\/www.burg-halle.de\/id-neuwerk\/mmm\/wp-json\/wp\/v2\/pages\/121\/revisions\/661"}],"wp:attachment":[{"href":"https:\/\/www.burg-halle.de\/id-neuwerk\/mmm\/wp-json\/wp\/v2\/media?parent=121"}],"curies":[{"name":"wp","href":"https:\/\/api.w.org\/{rel}","templated":true}]}}