{"id":554,"date":"2025-01-01T22:21:04","date_gmt":"2025-01-01T21:21:04","guid":{"rendered":"https:\/\/www.burg-halle.de\/id-neuwerk\/mmm\/?page_id=554"},"modified":"2025-03-04T13:30:51","modified_gmt":"2025-03-04T12:30:51","slug":"recherche-filme","status":"publish","type":"page","link":"https:\/\/www.burg-halle.de\/id-neuwerk\/mmm\/recherche-filme\/","title":{"rendered":"Recherchen als kurze Filme"},"content":{"rendered":"<div class=\"_df_thumb \" id=\"df_523\"  wpoptions=\"true\" thumb=\"https:\/\/www.burg-halle.de\/id-neuwerk\/mmm\/wp-content\/uploads\/sites\/72\/2024\/11\/MMM_rec_titel.jpg\" thumbtype=\"img\" >MMM_rech<\/div><script data-cfasync=\"false\">var option_df_523 = {\"outline\":[],\"forceFit\":\"true\",\"autoEnableOutline\":\"false\",\"autoEnableThumbnail\":\"false\",\"overwritePDFOutline\":\"false\",\"direction\":\"1\",\"pageMode\":\"0\",\"source\":\"https:\\\/\\\/www.burg-halle.de\\\/id-neuwerk\\\/mmm\\\/wp-content\\\/uploads\\\/sites\\\/72\\\/2024\\\/11\\\/MMM_rec.pdf\",\"wpOptions\":\"true\"}; if(window.DFLIP && DFLIP.parseBooks){DFLIP.parseBooks();}<\/script>\n<p>&nbsp;<\/p>\n<p><em>Quellenmaterial und Dokumentation der Recherche-Filme<br \/>\nZum Bl\u00e4ttern anklicken \u2026<\/em><\/p>\n<p>&nbsp;<br \/>\n&nbsp;<\/p>\n<p><strong>Ein filmischer Streifzug durch 100 Jahre M\u00f6beldesign<br \/>\nund Strategien f\u00fcr \u201eanders machen als davor\u201d<\/strong><\/p>\n<p>1<br \/>\n<strong>Von den Stuhl-Entw\u00fcrfen Gerrit Rietveld<br \/>\nzu den Topologien des modernen Sitzm\u00f6bels<\/strong><\/p>\n<p>2<br \/>\n<strong>Von Kunststoffschalen bis Schichtholzfl\u00e4chen \u2026<br \/>\nvon Eames bis Aalto, von Bertoia bis Noguchi<\/strong><\/p>\n<p>3<br \/>\n<strong>Hans Gugelot (West) meets Rudolf Horn (Ost)<\/strong><\/p>\n<p>4<br \/>\n<strong>Disegno Radicale<\/strong><\/p>\n<p>5<br \/>\n<strong>Die futuristischen M\u00f6bel-Entw\u00fcrfe von Joe Colombo:<br \/>\nVom Multichair bis zur Total Furnishing Unit,<br \/>\nvom Boby Trolley bis zum Additional Living System<\/strong><\/p>\n<p>6<br \/>\n<strong>Vom Atelier zur Manufaktur:<br \/>\nJean Prouv\u00e9 und die Revolution des M\u00f6belbaus<\/strong><\/p>\n<p>7<br \/>\n<strong>Modularit\u00e4t im Design: Die Evolution der Systemm\u00f6bel<\/strong><\/p>\n<p>8<br \/>\n<strong>Wie die Mail\u00e4nder Designgruppe Memphis zu ihrem Namen kam<br \/>\nund warum die M\u00f6bel-Entw\u00fcrfe sich wie Manifeste lesen<\/strong><\/p>\n<p>9<br \/>\n<strong>Die M\u00f6bel und die Manufaktur von Nils Holger Moormann<br \/>\nund das FNP von Axel Kufus<\/strong><\/p>\n<p>10<br \/>\n<strong>Donald Judd und die Manufaktur Lehni<\/strong><\/p>\n<p>11<br \/>\n<strong>Open source und DIY im M\u00f6beldesign und in der Produktion<\/strong><\/p>\n<p>12<br \/>\n<strong>Alles Pappe? Oder lieber Kork \u2026<\/strong><\/p>\n<p>13<br \/>\n<strong>Alles andere als dr\u00f6ge: droog design<\/strong><\/p>\n<p>14<br \/>\n<strong>Circular Visions: Von der Gegenwart in die Zukunft des M\u00f6beldesigns<\/strong><\/p>\n<p>&nbsp;<\/p>\n<p><iframe loading=\"lazy\" src=\"https:\/\/player.vimeo.com\/video\/1027328165?h=5c04fb6007&amp;title=0&amp;byline=0&amp;portrait=0\" width=\"600\" height=\"338\" frameborder=\"0\" allow=\"autoplay; fullscreen; picture-in-picture\" allowfullscreen=\"\"><\/iframe><\/p>\n<p>&nbsp;<\/p>\n<p>1 \u2013 Cem Akbal<br \/>\n<strong>Von den Stuhl-Entw\u00fcrfen Gerrit Rietveld<br \/>\nzu den Topologien des modernen Sitzm\u00f6bels<\/strong><\/p>\n<p>Gerrit Rietveld, einer der wichtigsten Vertreter der De Stijl-Bewegung, hat mit seinen radikalen, geometrischen Entw\u00fcrfen die Entwicklung des modernen M\u00f6beldesigns entscheidend beeinflusst. Einige seiner M\u00f6belst\u00fccke gelten als revolution\u00e4r und als Vorl\u00e4ufer der modernen Sitzm\u00f6bel-Topologien. Sie sind nicht nur funktionale Objekte, sondern auch Manifestationen seiner Designphilosophie.<\/p>\n<p>Insbesondere das Schr\u00f6der Haus (entworfen 1924), bei dem Rietveld die Gestaltung des gesamten Hauses verantwortet, ist ein Manifest der modernen Architektur und des Designs. Die M\u00f6bel sind integraler Bestandteil des Hauses und wirken in einem flexiblen, modularen System zusammen, das Raum und Funktion neu denkt \u2013 als Synergie zwischen Architektur und M\u00f6beln, die zusammen eine radikal neue Lebensweise erm\u00f6glichen.<\/p>\n<p>&nbsp;<\/p>\n<p><iframe loading=\"lazy\" src=\"https:\/\/player.vimeo.com\/video\/1027327088?h=14ebc0ee57&amp;title=0&amp;byline=0&amp;portrait=0\" width=\"600\" height=\"338\" frameborder=\"0\" allow=\"autoplay; fullscreen; picture-in-picture\" allowfullscreen=\"\"><\/iframe><\/p>\n<p>&nbsp;<\/p>\n<p>2 \u2013 Gabriel Schroer<br \/>\n<strong>Von Kunststoffschalen bis Schichtholzfl\u00e4chen \u2026<br \/>\nvon Eames bis Aalto, von Bertoia bis Noguchi<\/strong><\/p>\n<p>Die 1950er Jahre markierten den \u00dcbergang zu einem modernen, funktionalen und oft minimalistischen M\u00f6beldesign, das durch den Einsatz neuer Materialien \u2013 wie Kunststoff, Fiberglas, Schichtholz, Draht, Aluminium \u2013 und neue Fertigungstechniken revolutioniert wurde. Designer der Nachkriegszeit suchten nach Innovationen, die gleichzeitig erschwinglich, langlebig und \u00e4sthetisch ansprechend waren. Die M\u00f6bel dieser \u00c4ra setzten Standards, die bis heute g\u00fcltig sind und stehen f\u00fcr den \u00dcbergang zu ergonomischem Denken und einer \u00c4sthetik, die stark von der Nachkriegsmoderne, dem Bauhaus und der skandinavischen Designtradition beeinflusst wurde.<\/p>\n<p>Charles &amp; Ray Eames, Arne Jacobsen, Harry Bertoia, Hans J. Wegner, Charlotte Perriand, Florence Knoll, Lina Bo Bardi, Poul Kj\u00e6rholm, Isamu Noguchi, Eero Saarinen, Gio Ponti, Alvar Aalto u.a.<\/p>\n<p>&nbsp;<\/p>\n<p><iframe loading=\"lazy\" src=\"https:\/\/player.vimeo.com\/video\/1027325830?h=36d51cb1a8&amp;title=0&amp;byline=0&amp;portrait=0\" width=\"600\" height=\"338\" frameborder=\"0\" allow=\"autoplay; fullscreen; picture-in-picture\" allowfullscreen=\"\"><\/iframe><\/p>\n<p>&nbsp;<\/p>\n<p>3 \u2013 Hans Vogel<br \/>\n<strong>Hans Gugelot (West) meets Rudolf Horn (Ost)<\/strong><\/p>\n<p>Gugelot (1920\u20131965) und Horn (*1929) sind sich wahrscheinlich nie begegnet (Gugelot starb schon mit 45 Jahren, Horn ist inzwischen 95) \u2026 als fiktive Begegnung kann eine Gegen\u00fcberstellung ihrer Entw\u00fcrfe insbesondere im Bereich des M\u00f6beldesigns und des Systemdesign interessante Fragen aufwerfen, die sich aus den unterschiedlichen kulturellen, politischen und \u00e4sthetischen Kontexten ergeben, in denen diese beiden Designer t\u00e4tig waren: Der eine in der BRD und Lehrer an der Hochschule f\u00fcr Gestaltung in Ulm, der andere in der DDR und Lehrer an der Burg Giebichenstein.<\/p>\n<p>&nbsp;<\/p>\n<p><iframe loading=\"lazy\" src=\"https:\/\/player.vimeo.com\/video\/1027324623?h=59d253edc9&amp;title=0&amp;byline=0&amp;portrait=0\" width=\"600\" height=\"338\" frameborder=\"0\" allow=\"autoplay; fullscreen; picture-in-picture\" allowfullscreen=\"\"><\/iframe><\/p>\n<p>&nbsp;<\/p>\n<p>4 \u2013 Alfred Cyranka<br \/>\n<strong>Disegno Radicale<\/strong><\/p>\n<p>Die Zeit des \u201edisegno radicale\u201d in Italien, die in den 1960er und 1970er Jahren aufkam, war gepr\u00e4gt von einer revolution\u00e4ren Herangehensweise an Design. Diese Bewegung stellte traditionelle Designnormen in Frage und verschmolz Architektur, Kunst und gesellschaftspolitische Konzepte. Viele M\u00f6bel-Entw\u00fcrfe aus dieser Zeit waren provokative, skulpturale und oft auch humorvolle Statements gegen den Konformismus und die etablierten \u00c4sthetiken der Moderne.<\/p>\n<p>&nbsp;<\/p>\n<p><iframe loading=\"lazy\" src=\"https:\/\/player.vimeo.com\/video\/1027323381?h=9286e0c810&amp;title=0&amp;byline=0&amp;portrait=0\" width=\"600\" height=\"338\" frameborder=\"0\" allow=\"autoplay; fullscreen; picture-in-picture\" allowfullscreen=\"\"><\/iframe><\/p>\n<p>&nbsp;<\/p>\n<p>5 \u2013 David Buehler<br \/>\n<strong>Die futuristischen M\u00f6bel-Entw\u00fcrfe von Joe Colombo:<br \/>\nVom Multichair bis zur Total Furnishing Unit,<br \/>\nvom Boby Trolley bis zum Additional Living System<\/strong><\/p>\n<p>Joe Colombo, ein italienischer Designer, gilt als Vision\u00e4r des 20. Jahrhunderts, der durch seine wegweisenden, funktionalen und innovativen M\u00f6belentw\u00fcrfe bekannt wurde und der das Wohnen der Zukunft bereits in den 1960er und 1970er Jahren vorwegnahm. Seine M\u00f6belentw\u00fcrfe, wie der Elda Chair, der Tube Chair oder das Additional Living System stehen f\u00fcr Modularit\u00e4t, Mobilit\u00e4t, Flexibilit\u00e4t und die Verwendung neuer Materialien und viele seiner Ideen sind im modernen Wohn- und Arbeitsbereich weiterhin relevant.<\/p>\n<p>&nbsp;<\/p>\n<p><iframe loading=\"lazy\" src=\"https:\/\/player.vimeo.com\/video\/1027322408?h=9e4b6be720&amp;title=0&amp;byline=0&amp;portrait=0\" width=\"600\" height=\"338\" frameborder=\"0\" allow=\"autoplay; fullscreen; picture-in-picture\" allowfullscreen=\"\"><\/iframe><\/p>\n<p>&nbsp;<\/p>\n<p>6 \u2013 Paul Matteo Wesser<br \/>\n<strong>Vom Atelier zur Manufaktur:<br \/>\nJean Prouv\u00e9 und die Revolution des M\u00f6belbaus<\/strong><\/p>\n<p>Jean Prouv\u00e9 war ein franz\u00f6sischer Designer, Architekt und Ingenieur, der sich durch seine innovative Herangehensweise an das M\u00f6beldesign und seine bahnbrechende Nutzung von Materialien wie Metall und Holz auszeichnete. Prouv\u00e9 verband in seinen Entw\u00fcrfen Funktionalit\u00e4t mit \u00c4sthetik und gilt als Pionier des industriellen M\u00f6beldesigns. Viele seiner M\u00f6belentw\u00fcrfe haben ikonischen Status erreicht.<\/p>\n<p>&nbsp;<\/p>\n<p><iframe loading=\"lazy\" src=\"https:\/\/player.vimeo.com\/video\/1027318988?h=76bc786af2&amp;title=0&amp;byline=0&amp;portrait=0\" width=\"600\" height=\"338\" frameborder=\"0\" allow=\"autoplay; fullscreen; picture-in-picture\" allowfullscreen=\"\"><\/iframe><\/p>\n<p>&nbsp;<\/p>\n<p>7 \u2013 Felix Hobein<br \/>\n<strong>Modularit\u00e4t im Design:<br \/>\nDie Evolution der Systemm\u00f6bel<\/strong><\/p>\n<p>Systemm\u00f6bel stehen f\u00fcr den Wunsch nach Anpassung des M\u00f6beldesigns an die sich ver\u00e4ndernden Bed\u00fcrfnisse von Menschen in verschiedenen Epochen. Systemm\u00f6bel haben die Art und Weise, wie wir R\u00e4ume gestalten, nachhaltig ver\u00e4ndert.<\/p>\n<p>Vom String von Nils Strinning zum 606 von Dieter Rams,<br \/>\nvon USM Haller bis Pier System,<br \/>\nvom Mah Jong Sofa von Hans Hopfer bis zum bikini island von Werner Aislinger,<br \/>\nvom Pantonova Seating System bis zum Living Tower,<br \/>\nund viele weitere<\/p>\n<p>&nbsp;<\/p>\n<p><iframe loading=\"lazy\" src=\"https:\/\/player.vimeo.com\/video\/1027317471?h=390da3a3c9&amp;title=0&amp;byline=0&amp;portrait=0\" width=\"600\" height=\"338\" frameborder=\"0\" allow=\"autoplay; fullscreen; picture-in-picture\" allowfullscreen=\"\"><\/iframe><\/p>\n<p>&nbsp;<\/p>\n<p>8 \u2013 Jaehwan Lee<br \/>\n<strong>Wie die Mail\u00e4nder Designgruppe Memphis zu ihrem Namen kam \u2026<br \/>\nund warum die M\u00f6bel-Entw\u00fcrfe sich wie Manifeste lesen<\/strong><\/p>\n<p>Die Memphis-Gruppe revolutionierte die Designgeschichte, indem sie sich radikal von den minimalistischen und funktionalen Designkonventionen der 1950er und 1960er Jahre abwandte und eine k\u00fchne, farbenfrohe \u00c4sthetik einf\u00fchrte. Ihr Ansatz, der Elemente der Pop-Art und des Historismus mischte, stellte Design als Ausdrucksmittel und Kunstwerk in den Vordergrund. Memphis  ist zu einem Manifest der Designgeschichte geworden. Die M\u00f6bel sind nicht nur funktionale Objekte, sondern auch kulturelle Kommentare und Artefakte, die eine wesentliche Reaktion auf die Designkonventionen ihrer Zeit darstellen.<\/p>\n<p>&nbsp;<\/p>\n<p><iframe loading=\"lazy\" src=\"https:\/\/player.vimeo.com\/video\/1027316476?h=77cadd4e50&amp;title=0&amp;byline=0&amp;portrait=0\" width=\"600\" height=\"338\" frameborder=\"0\" allow=\"autoplay; fullscreen; picture-in-picture\" allowfullscreen=\"\"><\/iframe><\/p>\n<p>&nbsp;<\/p>\n<p>9 \u2013 Seong Heum Na<br \/>\n<strong>Die M\u00f6bel und die Manufaktur von Nils Holger Moormann<br \/>\nund das FNP von Axel Kufus<\/strong><\/p>\n<p>Nils Holger Moormann ist Designer und M\u00f6belproduzent in Personalunion. Moormanns M\u00f6bel sind durchdacht, minimalistisch und voller funktionaler \u00dcberraschungen mit Fokus auf nachhaltigen Materialien und intelligenter Konstruktion, oft mit subtilen humorvollen oder poetischen Elementen, die den Alltag bereichern und \u00fcberraschen. Viele der M\u00f6belst\u00fccke aus der Manufaktur Moormann sind modular und bieten anpassbare L\u00f6sungen f\u00fcr moderne Wohnr\u00e4ume \u2013 wie das FNP Regal von Axel Kufus.<\/p>\n<p>&nbsp;<\/p>\n<p><iframe loading=\"lazy\" src=\"https:\/\/player.vimeo.com\/video\/1027315184?h=8d4d9bb0dd&amp;title=0&amp;byline=0&amp;portrait=0\" width=\"600\" height=\"338\" frameborder=\"0\" allow=\"autoplay; fullscreen; picture-in-picture\" allowfullscreen=\"\"><\/iframe><\/p>\n<p>&nbsp;<\/p>\n<p>10 \u2013 Henriette Meyer-Stork<br \/>\n<strong>Donald Judd und die Manufaktur Lehni<\/strong><\/p>\n<p>Donald Judd, bekannt als einflussreicher Vertreter des Minimalismus, spielte auch eine bedeutende Rolle im M\u00f6beldesign. Sein Ansatz, der auf radikaler Reduktion und struktureller Klarheit basiert, beeinflusste die moderne Design\u00e4sthetik nachhaltig. Einige seiner M\u00f6belentw\u00fcrfe sind ikonisch und wegweisend. Judd war stark an industriellen Materialien interessiert, da sie eine Pr\u00e4zision und Konsistenz erm\u00f6glichten, die im handwerklichen Prozess oft schwer zu erreichen war. Die manufakturielle Expertise von Lehni in  Metallverarbeitung unterst\u00fctzt Judds Ansatz. Die Zusammenarbeit zeigt den \u00dcbergang von handwerklicher zu industrieller Produktion und den k\u00fcnstlerischen Wert von Massenproduktion.<\/p>\n<p>&nbsp;<\/p>\n<p><iframe loading=\"lazy\" src=\"https:\/\/player.vimeo.com\/video\/1027314164?h=76c5fba0f7&amp;title=0&amp;byline=0&amp;portrait=0\" width=\"600\" height=\"338\" frameborder=\"0\" allow=\"autoplay; fullscreen; picture-in-picture\" allowfullscreen=\"\"><\/iframe><\/p>\n<p>&nbsp;<\/p>\n<p>11 \u2013 Fedor Bock<br \/>\n<strong>Open source und DIY im M\u00f6beldesign und in der Produktion<\/strong><\/p>\n<p>Open-Source-Strategien im M\u00f6beldesign und in der M\u00f6belproduktion bieten neue, demokratische Ans\u00e4tze f\u00fcr das Schaffen und Teilen von M\u00f6belentw\u00fcrfen. Diese Konzepte erm\u00f6glichen es Designern, ihre Ideen mit der \u00d6ffentlichkeit zu teilen, sodass jeder die M\u00f6bel selbst herstellen oder weiterentwickeln kann und es m\u00f6glich ist, die M\u00f6bel lokal und unabh\u00e4ngig zu produzieren. Design liegt nicht mehr in den H\u00e4nden weniger, sondern kann von einer globalen Gemeinschaft geteilt und genutzt werden.<\/p>\n<p>Von Enzo Mari bis Nomadic Furniture, von OpenDesk (UK) bis WikiHouse,<br \/>\nvon AtFAB (USA) bis OpenStructures (Belgien), von Jerzy Seymore zu Studio Mama,<br \/>\nvon Hartz 4 M\u00f6bel zu Ikea Hackers und weitere<\/p>\n<p>&nbsp;<\/p>\n<p><iframe loading=\"lazy\" src=\"https:\/\/player.vimeo.com\/video\/1027313069?h=a49aaeaac3&amp;title=0&amp;byline=0&amp;portrait=0\" width=\"600\" height=\"338\" frameborder=\"0\" allow=\"autoplay; fullscreen; picture-in-picture\" allowfullscreen=\"\"><\/iframe><\/p>\n<p>&nbsp;<\/p>\n<p>12 \u2013 Namju Kim<br \/>\n<strong>Alles Pappe? Oder lieber Kork \u2026<\/strong><\/p>\n<p>M\u00f6bel aus Wellpappe, Karton und Papier vereinen Aspekte wie Nachhaltigkeit, Leichtigkeit, Innovation, DIY-Kultur und die Demokratisierung von Design. Diese Materialien sind leicht zug\u00e4nglich, oft recycelbar (oder recycelt) und bieten vielseitige M\u00f6glichkeiten \u2013 von innovativer Architektur bis zu experimentellen M\u00f6bel-Entw\u00fcrfen:<\/p>\n<p>Pappe als Material bei den Kinderm\u00f6beln und dem Sessel Otto von Peter Raacke bis zu den M\u00f6beln von Hans-Peter Stange, von den easy edges von Frank Gehry zum Cabbage Chair von Nendo, vom Paper Softseating von Molo Design bis zum Flexible Love Chair von Chishen Chiu, der Carta Collection von Shigeru Ban zum Re-Ply Chair by Dan Goldstein und andere \u2026<\/p>\n<p>Kork als Material f\u00fcr M\u00f6bel bei Jasper Morrisson oder Daniel Michalik,<br \/>\nDomingos T\u00f3tora oder Antoine Phelouzat und weitere \u2026<\/p>\n<p>&nbsp;<\/p>\n<p><iframe loading=\"lazy\" src=\"https:\/\/player.vimeo.com\/video\/1027311569?h=3c3358bc0f&amp;title=0&amp;byline=0&amp;portrait=0\" width=\"600\" height=\"338\" frameborder=\"0\" allow=\"autoplay; fullscreen; picture-in-picture\" allowfullscreen=\"\"><\/iframe><\/p>\n<p>&nbsp;<\/p>\n<p>13 \u2013 Max Koch<br \/>\n<strong>Alles andere als dr\u00f6ge: droog design<\/strong><\/p>\n<p>1993 gegr\u00fcndet in den Niederlanden, ist bekannt f\u00fcr seine innovativen, oft konzeptionellen M\u00f6belentw\u00fcrfe, die allt\u00e4gliche Objekte auf ungew\u00f6hnliche und \u00fcberraschende Weise neu interpretieren. Der Einfluss von Droog Design auf die Designentwicklung der 1990er Jahre war tiefgreifend und weitreichend. Die Gruppe zeigte, dass Design mehr sein kann als nur \u00e4sthetisch ansprechend oder funktional \u2013 es kann auch intellektuell stimulierend, kritisch und \u00fcberraschend sein. Insgesamt trug Droog Design entscheidend dazu bei, das Designverst\u00e4ndnis der 90er Jahre zu erweitern, indem es die Grenzen des M\u00f6glichen neu definierte und Designer weltweit dazu ermutigte, gewohnte Pfade zu verlassen und neue, innovative Wege zu beschreiten.<\/p>\n<p>&nbsp;<\/p>\n<p><iframe loading=\"lazy\" src=\"https:\/\/player.vimeo.com\/video\/1027310201?h=d197f9f205&amp;title=0&amp;byline=0&amp;portrait=0\" width=\"600\" height=\"338\" frameborder=\"0\" allow=\"autoplay; fullscreen; picture-in-picture\" allowfullscreen=\"\"><\/iframe><\/p>\n<p>&nbsp;<\/p>\n<p>14 \u2013 Se Hyeon Won<br \/>\n<strong>Circular Visions: Von der Gegenwart in die Zukunft des M\u00f6beldesigns<\/strong><\/p>\n<p>2013 ver\u00f6ffentlicht Studio Swine den Film Sea Chair und zeigt auf poetische Weise die Transformation von Plastikm\u00fcll in einen neuen Gebrauchsgegenstand. Seit den 2000er Jahren haben Nachhaltigkeit, Recyclingf\u00e4higkeit, Upcycling, nachwachsende Rohstoffe, Kreislaufwirtschaft, R\u00fccknahme und R\u00fcckf\u00fchrung, Abonnementmodelle und Sharing und andere alternative Ans\u00e4tze im M\u00f6beldesign, der M\u00f6belproduktion und Vermarktung eine stetig wachsende Bedeutung. Wer sind die f\u00fchrenden Protagonisten in Design und Produktion, welches sind herausragende Beispiele f\u00fcr zukunftsf\u00e4higes M\u00f6beldesign und innovative Prozesse?<\/p>\n<p>&nbsp;<\/p>\n","protected":false},"excerpt":{"rendered":"<p>&nbsp; Quellenmaterial und Dokumentation der Recherche-Filme Zum Bl\u00e4ttern anklicken \u2026 &nbsp; &nbsp; Ein filmischer Streifzug durch 100 Jahre M\u00f6beldesign und Strategien f\u00fcr \u201eanders machen als davor\u201d 1 Von den Stuhl-Entw\u00fcrfen Gerrit Rietveld zu den Topologien des modernen Sitzm\u00f6bels 2 Von Kunststoffschalen bis Schichtholzfl\u00e4chen \u2026 von Eames bis Aalto, von Bertoia bis Noguchi 3 Hans Gugelot [&hellip;]<\/p>\n","protected":false},"author":5,"featured_media":0,"parent":0,"menu_order":0,"comment_status":"closed","ping_status":"closed","template":"","meta":{"footnotes":""},"class_list":["post-554","page","type-page","status-publish","hentry"],"_links":{"self":[{"href":"https:\/\/www.burg-halle.de\/id-neuwerk\/mmm\/wp-json\/wp\/v2\/pages\/554","targetHints":{"allow":["GET"]}}],"collection":[{"href":"https:\/\/www.burg-halle.de\/id-neuwerk\/mmm\/wp-json\/wp\/v2\/pages"}],"about":[{"href":"https:\/\/www.burg-halle.de\/id-neuwerk\/mmm\/wp-json\/wp\/v2\/types\/page"}],"author":[{"embeddable":true,"href":"https:\/\/www.burg-halle.de\/id-neuwerk\/mmm\/wp-json\/wp\/v2\/users\/5"}],"replies":[{"embeddable":true,"href":"https:\/\/www.burg-halle.de\/id-neuwerk\/mmm\/wp-json\/wp\/v2\/comments?post=554"}],"version-history":[{"count":27,"href":"https:\/\/www.burg-halle.de\/id-neuwerk\/mmm\/wp-json\/wp\/v2\/pages\/554\/revisions"}],"predecessor-version":[{"id":799,"href":"https:\/\/www.burg-halle.de\/id-neuwerk\/mmm\/wp-json\/wp\/v2\/pages\/554\/revisions\/799"}],"wp:attachment":[{"href":"https:\/\/www.burg-halle.de\/id-neuwerk\/mmm\/wp-json\/wp\/v2\/media?parent=554"}],"curies":[{"name":"wp","href":"https:\/\/api.w.org\/{rel}","templated":true}]}}