{"id":11,"date":"2015-07-28T10:36:54","date_gmt":"2015-07-28T08:36:54","guid":{"rendered":"https:\/\/www.burg-halle.de\/id-neuwerk\/on-off-3d-kinetics\/?page_id=11"},"modified":"2016-10-14T12:26:29","modified_gmt":"2016-10-14T10:26:29","slug":"3d-drucker-selbstbau-workshop","status":"publish","type":"page","link":"https:\/\/www.burg-halle.de\/id-neuwerk\/on-off-3d-kinetics\/3d-drucker-selbstbau-workshop\/","title":{"rendered":"3D Drucker Selbstbau Workshop"},"content":{"rendered":"<p><iframe loading=\"lazy\" src=\"https:\/\/player.vimeo.com\/video\/133686214?color=ff9933&amp;title=0&amp;byline=0&amp;portrait=0\" height=\"336\" width=\"600\" allowfullscreen=\"\" frameborder=\"0\"><\/iframe><\/p>\n<p>&nbsp;<\/p>\n<p><strong>Ann\u00e4herung an die Technologie des 3D Druckens<br \/>\n\u00fcber das Selbstbauen der Apparatur<\/strong><\/p>\n<p>Im Auftaktworkshop f\u00fcr das Projekt on\/off \u2013 3D kinetics bauen die Studierenden einen 3D Deltadrucker. S\u00e4mtliche Teile sind \u00fcber ebay oder MakerLabs problemlos k\u00e4uflich; diverse Bauanleitungen kursieren im Internet. Nie zuvor war HighTech so niederschwellig wie heute. Wer h\u00e4tte vor 25 Jahren einen Laserdrucker selbst bauen k\u00f6nnen?<\/p>\n<p>&nbsp;<\/p>\n<p>Moderation des Workshops:<br \/>\nSu Gao, Carolin Schulze, Malte Westphalen<\/p>\n<p>&nbsp;<\/p>\n","protected":false},"excerpt":{"rendered":"<p>&nbsp; Ann\u00e4herung an die Technologie des 3D Druckens \u00fcber das Selbstbauen der Apparatur Im Auftaktworkshop f\u00fcr das Projekt on\/off \u2013 3D kinetics bauen die Studierenden einen 3D Deltadrucker. S\u00e4mtliche Teile sind \u00fcber ebay oder MakerLabs problemlos k\u00e4uflich; diverse Bauanleitungen kursieren im Internet. Nie zuvor war HighTech so niederschwellig wie heute. Wer h\u00e4tte vor 25 Jahren [&hellip;]<\/p>\n","protected":false},"author":5,"featured_media":0,"parent":0,"menu_order":0,"comment_status":"closed","ping_status":"closed","template":"","meta":{"footnotes":""},"class_list":["post-11","page","type-page","status-publish","hentry"],"_links":{"self":[{"href":"https:\/\/www.burg-halle.de\/id-neuwerk\/on-off-3d-kinetics\/wp-json\/wp\/v2\/pages\/11","targetHints":{"allow":["GET"]}}],"collection":[{"href":"https:\/\/www.burg-halle.de\/id-neuwerk\/on-off-3d-kinetics\/wp-json\/wp\/v2\/pages"}],"about":[{"href":"https:\/\/www.burg-halle.de\/id-neuwerk\/on-off-3d-kinetics\/wp-json\/wp\/v2\/types\/page"}],"author":[{"embeddable":true,"href":"https:\/\/www.burg-halle.de\/id-neuwerk\/on-off-3d-kinetics\/wp-json\/wp\/v2\/users\/5"}],"replies":[{"embeddable":true,"href":"https:\/\/www.burg-halle.de\/id-neuwerk\/on-off-3d-kinetics\/wp-json\/wp\/v2\/comments?post=11"}],"version-history":[{"count":6,"href":"https:\/\/www.burg-halle.de\/id-neuwerk\/on-off-3d-kinetics\/wp-json\/wp\/v2\/pages\/11\/revisions"}],"predecessor-version":[{"id":304,"href":"https:\/\/www.burg-halle.de\/id-neuwerk\/on-off-3d-kinetics\/wp-json\/wp\/v2\/pages\/11\/revisions\/304"}],"wp:attachment":[{"href":"https:\/\/www.burg-halle.de\/id-neuwerk\/on-off-3d-kinetics\/wp-json\/wp\/v2\/media?parent=11"}],"curies":[{"name":"wp","href":"https:\/\/api.w.org\/{rel}","templated":true}]}}