{"id":19,"date":"2015-07-28T10:44:28","date_gmt":"2015-07-28T08:44:28","guid":{"rendered":"https:\/\/www.burg-halle.de\/id-neuwerk\/on-off-3d-kinetics\/?page_id=19"},"modified":"2015-09-14T12:36:01","modified_gmt":"2015-09-14T10:36:01","slug":"praesentation","status":"publish","type":"page","link":"https:\/\/www.burg-halle.de\/id-neuwerk\/on-off-3d-kinetics\/praesentation\/","title":{"rendered":"Pr\u00e4sentation"},"content":{"rendered":"<p><iframe loading=\"lazy\" src=\"https:\/\/player.vimeo.com\/video\/133759664?color=ff9933&amp;title=0&amp;byline=0&amp;portrait=0\" height=\"338\" width=\"600\" allowfullscreen=\"\" frameborder=\"0\"><\/iframe><\/p>\n<p>&nbsp;<\/p>\n<p><strong>Pr\u00e4sentation<\/strong><br \/>\nMontag, 13.7.2015,<br \/>\num 16.00 uhr auf derTerrasse<\/p>\n<p>Die Entw\u00fcrfe aus der Session 3 \u00a0werden als Funktions-Prototypen\u00a0pr\u00e4sentiert, indem das Objekt pantomimisch vom Entwerfer_in demonstriert wird und ein\/e Kommiliton_in dazu einen kurzen Text vorliest.<\/p>\n<p>&nbsp;<\/p>\n<p><strong>Planung der Pr\u00e4sentation<\/strong><\/p>\n<p>1<br \/>\n<strong>entw\u00fcrfe aus session 1<\/strong><\/p>\n<p>&nbsp;<\/p>\n<p><img decoding=\"async\" class=\" wp-image-347 alignnone\" alt=\"pr\u00e4s6\" src=\"https:\/\/www.burg-halle.de\/id-neuwerk\/on-off-3d-kinetics\/wp-content\/uploads\/sites\/43\/2015\/09\/pr\u00e4s6-1024x573.jpg\" width=\"600\" height=\"auto\" data-id=\"347\" srcset=\"https:\/\/www.burg-halle.de\/id-neuwerk\/on-off-3d-kinetics\/wp-content\/uploads\/sites\/43\/2015\/09\/pr\u00e4s6-1024x573.jpg 1024w, https:\/\/www.burg-halle.de\/id-neuwerk\/on-off-3d-kinetics\/wp-content\/uploads\/sites\/43\/2015\/09\/pr\u00e4s6-300x168.jpg 300w\" sizes=\"(max-width: 1024px) 100vw, 1024px\" \/><\/p>\n<p>&nbsp;<\/p>\n<p>s\u00e4mtliche objekte der session 1 werden auf bedruckten \u201etischdecken\u201d pr\u00e4sentiert.<br \/>\ndie anzahl der tische und die verteilung der objekte und dazugeh\u00f6rigen<br \/>\ngedruckten informationen muss am montag ermittelt werden.<\/p>\n<p>hierf\u00fcr vorbereiten:<br \/>\n&#8211; von jeder\/jedem auswahl von 1-2 technischen zeichnungen zum objekt<br \/>\n&#8211; titel + kurzer text zum objekt max. 600 zeichen!<\/p>\n<p>email der zeichnungsdaten und textdatei<br \/>\nauf stick oder festplatte parat haben<\/p>\n<p>damit diese ausgedruckt werden k\u00f6nnen und die layouts in 1:1 auf den tischen probiert,<br \/>\ngeschoben, gelegt werden k\u00f6nnen \u2026 um dann in druckdatei \u00fcberf\u00fchrt zu werden<\/p>\n<p>&nbsp;<\/p>\n<p>2<br \/>\n<strong>entw\u00fcrfe aus session 2<\/strong><\/p>\n<p>hier wird nur ein teil der objekte auf tischen mit bedruckten decken pr\u00e4sentiert,<br \/>\ndie anderen objekte an der wand oder im raum.<\/p>\n<p>auch hierf\u00fcr vorbereiten \u2013 entsprechend meinen angaben weiter unten \u2013<br \/>\nfotos (ggfs. zeichnungen) + titel + text max. 600 zeichen<\/p>\n<p>daten auf stick oder festplatte parat haben<\/p>\n<p>damit diese ausgedruckt werden k\u00f6nnen und die layouts in 1:1 auf den tischen probiert,<br \/>\ngeschoben, gelegt werden k\u00f6nnen \u2026 um dann in druckdatei \u00fcberf\u00fchrt zu werden<\/p>\n<p>&nbsp;<\/p>\n<p><img decoding=\"async\" class=\" wp-image-350 alignleft\" alt=\"pr\u00e4s1\" src=\"https:\/\/www.burg-halle.de\/id-neuwerk\/on-off-3d-kinetics\/wp-content\/uploads\/sites\/43\/2015\/09\/pr\u00e4s1-1024x574.jpg\" width=\"400\" height=\"auto\" data-id=\"350\" srcset=\"https:\/\/www.burg-halle.de\/id-neuwerk\/on-off-3d-kinetics\/wp-content\/uploads\/sites\/43\/2015\/09\/pr\u00e4s1-1024x574.jpg 1024w, https:\/\/www.burg-halle.de\/id-neuwerk\/on-off-3d-kinetics\/wp-content\/uploads\/sites\/43\/2015\/09\/pr\u00e4s1-300x168.jpg 300w\" sizes=\"(max-width: 1024px) 100vw, 1024px\" \/><\/p>\n<p>&nbsp;<\/p>\n<p><img decoding=\"async\" class=\"size-medium wp-image-349 alignnone\" alt=\"pr\u00e4s3\" src=\"https:\/\/www.burg-halle.de\/id-neuwerk\/on-off-3d-kinetics\/wp-content\/uploads\/sites\/43\/2015\/09\/pr\u00e4s3-300x168.jpg\" width=\"400\" height=\"auto\" data-id=\"349\" srcset=\"https:\/\/www.burg-halle.de\/id-neuwerk\/on-off-3d-kinetics\/wp-content\/uploads\/sites\/43\/2015\/09\/pr\u00e4s3-300x168.jpg 300w, https:\/\/www.burg-halle.de\/id-neuwerk\/on-off-3d-kinetics\/wp-content\/uploads\/sites\/43\/2015\/09\/pr\u00e4s3-1024x576.jpg 1024w\" sizes=\"(max-width: 300px) 100vw, 300px\" \/><\/p>\n<p>&nbsp;<\/p>\n<p><img decoding=\"async\" data-id=\"348\"  src=\"https:\/\/www.burg-halle.de\/id-neuwerk\/on-off-3d-kinetics\/wp-content\/uploads\/sites\/43\/2015\/09\/pr\u00e4s4-300x168.jpg\" alt=\"pr\u00e4s4\" width=\"400\" height=\"auto\" class=\"alignleft size-medium wp-image-348\" srcset=\"https:\/\/www.burg-halle.de\/id-neuwerk\/on-off-3d-kinetics\/wp-content\/uploads\/sites\/43\/2015\/09\/pr\u00e4s4-300x168.jpg 300w, https:\/\/www.burg-halle.de\/id-neuwerk\/on-off-3d-kinetics\/wp-content\/uploads\/sites\/43\/2015\/09\/pr\u00e4s4-1024x576.jpg 1024w\" sizes=\"(max-width: 300px) 100vw, 300px\" \/><\/p>\n<p>&nbsp;<\/p>\n<p><strong>objekte auf tischen:<\/strong><\/p>\n<p>tisch 1<br \/>\n&#8211; jan-arne: 3 fotos + text<br \/>\n&#8211; sebastian: modelle klein + 3-4 fotos vom aufbau + text<br \/>\n&#8211; helene: modelle + 2-3 fotos von der nutzung + text<\/p>\n<p>tisch 2<br \/>\n&#8211; tom: objekt(e) + foto(s) zur nutzung + text<br \/>\n&#8211; ria: objekt(e) + text<\/p>\n<p>tisch 3<br \/>\n&#8211; ida: objekte + 4-5 fotos von zust\u00e4nden + text<br \/>\n&#8211; mathis: objekte + 3-4 fotos zu kombinationen + text<br \/>\nobjekte wandmontiert oder im raum<br \/>\n(hier kommen texttafeln auf 21 x 21 daneben):<\/p>\n<p>&#8211; richard: objekt + text<br \/>\n&#8211; justus: objekt 1 an wand + objekt 2 auf podest + text<br \/>\n&#8211; tim: objekt + text<br \/>\n&#8211; sebastian: 1:1 objekt auf boden + text (an wand daneben)<\/p>\n<p>&nbsp;<\/p>\n<p>3<br \/>\n<strong>dokumentation<\/strong><\/p>\n<p>zusammenstellung der daten am montag, 13.7. fr\u00fch\/vormittags,<br \/>\nausdruck erfolgt am montag, 13.7. um 12.00 uhr<\/p>\n<p>&nbsp;<\/p>\n<p>4<br \/>\n<strong>weitere teile bis zur pr\u00e4sentation vorbereiten \u2026<\/strong><\/p>\n<p>4.1<br \/>\ncollapsible seats modell\/prototyp<\/p>\n<p>4.2<br \/>\nindividueller film + titel + kurzer text &#8211; max 800 zeichen zum entwurf session 3<\/p>\n<p>4.3<br \/>\nfilm 3d drucker workshop<\/p>\n<p>&nbsp;<\/p>\n<p><img decoding=\"async\" data-id=\"249\"  src=\"https:\/\/www.burg-halle.de\/id-neuwerk\/on-off-3d-kinetics\/wp-content\/uploads\/sites\/43\/2015\/09\/pr\u00e4s7-1024x680.jpg\" alt=\"pr\u00e4s7\" width=\"600\" height=\"auto\" class=\"alignleft size-large wp-image-249\" srcset=\"https:\/\/www.burg-halle.de\/id-neuwerk\/on-off-3d-kinetics\/wp-content\/uploads\/sites\/43\/2015\/09\/pr\u00e4s7-1024x680.jpg 1024w, https:\/\/www.burg-halle.de\/id-neuwerk\/on-off-3d-kinetics\/wp-content\/uploads\/sites\/43\/2015\/09\/pr\u00e4s7-300x199.jpg 300w, https:\/\/www.burg-halle.de\/id-neuwerk\/on-off-3d-kinetics\/wp-content\/uploads\/sites\/43\/2015\/09\/pr\u00e4s7.jpg 1200w\" sizes=\"(max-width: 1024px) 100vw, 1024px\" \/><\/p>\n<p>&nbsp;<\/p>\n<p>5<br \/>\n<strong>pr\u00e4sentation<\/strong><br \/>\nmontag, 13.7. um 16.00 auf der terasse<\/p>\n<p>jede\/r stellt ihren\/seinen entwurf der 3. session pantomimisch vor,<br \/>\nein\/e andere\/r teilnehmer\/teilnehmerin liest dazu den titel und den kurzen text.<\/p>\n<p>dress-code &#8211; schwarz oder weiss &#8211; on oder off.<\/p>\n<p>&nbsp;<\/p>\n","protected":false},"excerpt":{"rendered":"<p>&nbsp; Pr\u00e4sentation Montag, 13.7.2015, um 16.00 uhr auf derTerrasse Die Entw\u00fcrfe aus der Session 3 \u00a0werden als Funktions-Prototypen\u00a0pr\u00e4sentiert, indem das Objekt pantomimisch vom Entwerfer_in demonstriert wird und ein\/e Kommiliton_in dazu einen kurzen Text vorliest. &nbsp; Planung der Pr\u00e4sentation 1 entw\u00fcrfe aus session 1 &nbsp; &nbsp; s\u00e4mtliche objekte der session 1 werden auf bedruckten \u201etischdecken\u201d pr\u00e4sentiert. [&hellip;]<\/p>\n","protected":false},"author":5,"featured_media":0,"parent":0,"menu_order":0,"comment_status":"closed","ping_status":"closed","template":"","meta":{"footnotes":""},"class_list":["post-19","page","type-page","status-publish","hentry"],"_links":{"self":[{"href":"https:\/\/www.burg-halle.de\/id-neuwerk\/on-off-3d-kinetics\/wp-json\/wp\/v2\/pages\/19","targetHints":{"allow":["GET"]}}],"collection":[{"href":"https:\/\/www.burg-halle.de\/id-neuwerk\/on-off-3d-kinetics\/wp-json\/wp\/v2\/pages"}],"about":[{"href":"https:\/\/www.burg-halle.de\/id-neuwerk\/on-off-3d-kinetics\/wp-json\/wp\/v2\/types\/page"}],"author":[{"embeddable":true,"href":"https:\/\/www.burg-halle.de\/id-neuwerk\/on-off-3d-kinetics\/wp-json\/wp\/v2\/users\/5"}],"replies":[{"embeddable":true,"href":"https:\/\/www.burg-halle.de\/id-neuwerk\/on-off-3d-kinetics\/wp-json\/wp\/v2\/comments?post=19"}],"version-history":[{"count":8,"href":"https:\/\/www.burg-halle.de\/id-neuwerk\/on-off-3d-kinetics\/wp-json\/wp\/v2\/pages\/19\/revisions"}],"predecessor-version":[{"id":355,"href":"https:\/\/www.burg-halle.de\/id-neuwerk\/on-off-3d-kinetics\/wp-json\/wp\/v2\/pages\/19\/revisions\/355"}],"wp:attachment":[{"href":"https:\/\/www.burg-halle.de\/id-neuwerk\/on-off-3d-kinetics\/wp-json\/wp\/v2\/media?parent=19"}],"curies":[{"name":"wp","href":"https:\/\/api.w.org\/{rel}","templated":true}]}}