{"id":2,"date":"2015-07-28T08:12:06","date_gmt":"2015-07-28T08:12:06","guid":{"rendered":"https:\/\/www.burg-halle.de\/id-neuwerk\/on-off-3d-kinetics\/?page_id=2"},"modified":"2026-04-28T07:12:05","modified_gmt":"2026-04-28T05:12:05","slug":"thema","status":"publish","type":"page","link":"https:\/\/www.burg-halle.de\/id-neuwerk\/on-off-3d-kinetics\/","title":{"rendered":"Thema"},"content":{"rendered":"<p><img srcset=\"https:\/\/www.burg-halle.de\/id-neuwerk\/on-off-3d-kinetics\/wp-content\/uploads\/sites\/43\/2015\/07\/on_off_teaser.jpg 2379w, https:\/\/www.burg-halle.de\/id-neuwerk\/on-off-3d-kinetics\/wp-content\/uploads\/sites\/43\/2015\/07\/on_off_teaser-300x249.jpg 300w, https:\/\/www.burg-halle.de\/id-neuwerk\/on-off-3d-kinetics\/wp-content\/uploads\/sites\/43\/2015\/07\/on_off_teaser-1024x853.jpg 1024w\" sizes=\"(max-width: 600px) 100vw, 600px\" decoding=\"async\" class=\"alignnone size-full wp-image-7\" alt=\"on_off_teaser\" src=\"https:\/\/www.burg-halle.de\/id-neuwerk\/on-off-3d-kinetics\/wp-content\/uploads\/sites\/43\/2015\/07\/on_off_teaser-1024x853.jpg\" width=\"550\" height=\"auto\" data-id=\"7\"   \/><\/p>\n<p>&nbsp;<\/p>\n<p>Methodische Gestaltungs\u00fcbungen im 2. Studienjahr<br \/>\nBachelor-Studiengang Industriedesign<\/p>\n<p>&nbsp;<\/p>\n<p><strong>on\/off \u2013 3d kinetics<\/strong><br \/>\nObjekte mit kalkuliertem Formwandel<\/p>\n<p>objekte mit form\u00e4nderungen begegnen uns im alltag h\u00e4ufig und in allen gr\u00f6ssen: von klammern, spangen, schnallen, die \u00fcber form\u00e4nderung ihre funktion aus\u00fcben; \u00fcber klappst\u00fchle und -tische, die sich unbenutzt klein machen; regenschirme, zelte \u2026 bis hin zu ausfaltbaren oder aufblasbaren r\u00e4umen und architekturen.<\/p>\n<p>so vielf\u00e4ltig wie die anl\u00e4sse f\u00fcr die ver\u00e4nderbarkeit von objekten, so vielf\u00e4ltig sind auch die technischen prinzipien, mit denen dieser geometrische, physische form- und zustandswechsel bewerkstelligt wird.<\/p>\n<p>in drei sessions\/\u00fcbungen werden analogien und vorbilder in technik und natur erforscht und verschiedene geometrische und kinetische prinzipien entdeckt. die erkenntnisse sollen auf sinnf\u00e4llige konstruktionen und funktionen \u00fcbertragen und in verschiedene modellreihen zu objekten\/produkten niedriger bis mittlerer komplexit\u00e4t realisiert werden, die im verlauf eine wachsende matrix von m\u00f6glichkeiten kalkulierter form\u00e4nderung in gegenst\u00e4nden visualisieren und demonstrieren.<\/p>\n<p>jede session endet mit einer pr\u00e4sentation.<\/p>\n<p>&nbsp;<\/p>\n<p><strong>session 1:<\/strong><br \/>\nscharniere und gelenke (fokus auf kinetik)<\/p>\n<p><strong>session 2:<\/strong><br \/>\nstapeln, staffeln, stecken (fokus auf formschluss)<\/p>\n<p><strong>session 3:<\/strong><br \/>\npneumatik und blow ups (fokus auf volumen und oberfl\u00e4chen)<\/p>\n<p>&nbsp;<\/p>\n<p>Teilnehmer_innen:<br \/>\nTom Bade, Richard von Fircks, Ida Flik, Jan Arne Gruner, Mathis Hosemann, Justus Pfeifer, Sebastian Quiroz, Helene Schmidt, Ria Stadler, Tim Thiemicke<\/p>\n<p>Moderation:<br \/>\nProf. Guido Englich, Gast-Prof. Frank Spenling (session 1)<\/p>\n<p>SolidWorks Workshop:<br \/>\nMarco Merkel<\/p>\n<p>3D Drucker DIY Workshop:<br \/>\nCarolin Schulze, Su Gao, Malte Westphalen<\/p>\n<p>Film- und Doku-Workshop:<br \/>\nAmelie Goldfu\u00df<\/p>\n<p>&nbsp;<\/p>\n<p>Studiengang BA Industriedesign<br \/>\nSommersemester 2015<\/p>\n<p>Burg Giebichenstein Kunsthochschule Halle<\/p>\n<p>&nbsp;<\/p>\n","protected":false},"excerpt":{"rendered":"<p>&nbsp; Methodische Gestaltungs\u00fcbungen im 2. Studienjahr Bachelor-Studiengang Industriedesign &nbsp; on\/off \u2013 3d kinetics Objekte mit kalkuliertem Formwandel objekte mit form\u00e4nderungen begegnen uns im alltag h\u00e4ufig und in allen gr\u00f6ssen: von klammern, spangen, schnallen, die \u00fcber form\u00e4nderung ihre funktion aus\u00fcben; \u00fcber klappst\u00fchle und -tische, die sich unbenutzt klein machen; regenschirme, zelte \u2026 bis hin zu ausfaltbaren [&hellip;]<\/p>\n","protected":false},"author":5,"featured_media":0,"parent":0,"menu_order":0,"comment_status":"closed","ping_status":"closed","template":"","meta":{"footnotes":""},"class_list":["post-2","page","type-page","status-publish","hentry"],"_links":{"self":[{"href":"https:\/\/www.burg-halle.de\/id-neuwerk\/on-off-3d-kinetics\/wp-json\/wp\/v2\/pages\/2","targetHints":{"allow":["GET"]}}],"collection":[{"href":"https:\/\/www.burg-halle.de\/id-neuwerk\/on-off-3d-kinetics\/wp-json\/wp\/v2\/pages"}],"about":[{"href":"https:\/\/www.burg-halle.de\/id-neuwerk\/on-off-3d-kinetics\/wp-json\/wp\/v2\/types\/page"}],"author":[{"embeddable":true,"href":"https:\/\/www.burg-halle.de\/id-neuwerk\/on-off-3d-kinetics\/wp-json\/wp\/v2\/users\/5"}],"replies":[{"embeddable":true,"href":"https:\/\/www.burg-halle.de\/id-neuwerk\/on-off-3d-kinetics\/wp-json\/wp\/v2\/comments?post=2"}],"version-history":[{"count":10,"href":"https:\/\/www.burg-halle.de\/id-neuwerk\/on-off-3d-kinetics\/wp-json\/wp\/v2\/pages\/2\/revisions"}],"predecessor-version":[{"id":537,"href":"https:\/\/www.burg-halle.de\/id-neuwerk\/on-off-3d-kinetics\/wp-json\/wp\/v2\/pages\/2\/revisions\/537"}],"wp:attachment":[{"href":"https:\/\/www.burg-halle.de\/id-neuwerk\/on-off-3d-kinetics\/wp-json\/wp\/v2\/media?parent=2"}],"curies":[{"name":"wp","href":"https:\/\/api.w.org\/{rel}","templated":true}]}}