{"id":21,"date":"2015-07-28T10:44:41","date_gmt":"2015-07-28T08:44:41","guid":{"rendered":"https:\/\/www.burg-halle.de\/id-neuwerk\/on-off-3d-kinetics\/?page_id=21"},"modified":"2020-03-09T20:02:24","modified_gmt":"2020-03-09T18:02:24","slug":"dokumentation","status":"publish","type":"page","link":"https:\/\/www.burg-halle.de\/id-neuwerk\/on-off-3d-kinetics\/dokumentation\/","title":{"rendered":"Dokumentation"},"content":{"rendered":"<div class=\"_df_thumb \" id=\"df_436\"  wpoptions=\"true\" thumb=\"https:\/\/www.burg-halle.de\/id-neuwerk\/on-off-3d-kinetics\/wp-content\/uploads\/sites\/43\/2020\/03\/On-Off-3d-kinetics_dokutitel-2.jpg\" thumbtype=\"img\" >on\/off Dokumentation<\/div><script data-cfasync=\"false\">var option_df_436 = {\"outline\":[],\"forceFit\":\"true\",\"autoEnableOutline\":\"false\",\"autoEnableThumbnail\":\"false\",\"overwritePDFOutline\":\"false\",\"direction\":\"1\",\"pageMode\":\"0\",\"source\":\"https:\\\/\\\/www.burg-halle.de\\\/id-neuwerk\\\/on-off-3d-kinetics\\\/wp-content\\\/uploads\\\/sites\\\/43\\\/2020\\\/03\\\/On-Off-3d-kinetics_Dokumentation.pdf\",\"wpOptions\":\"true\"}; if(window.DFLIP && DFLIP.parseBooks){DFLIP.parseBooks();}<\/script>\n<p>&nbsp;<\/p>\n<p><strong>Inhalt<\/strong><\/p>\n<p>Objekte mit kalkuliertem Formwandel<\/p>\n<p>Einf\u00fchrung<\/p>\n<p>Workshop 3D Drucker selbst bauen<\/p>\n<p>Session 1: Formwandel durch Kinetik<\/p>\n<p>Session 2: Stecken, Stapeln, Staffeln<\/p>\n<p>Session 3: Collapsible Seats &amp; Blow-ups<\/p>\n<p>&nbsp;<\/p>\n<p><strong>on\/off <\/strong><br \/>\n<strong>Objekte mit kalkuliertem Formwandel <\/strong><\/p>\n<p>objekte mit form\u00e4nderungen begegnen uns im alltag h\u00e4ufig und in allen gr\u00f6ssen: von klammern, spangen, schnallen, die \u00fcber form\u00e4nderung ihre funktion aus\u00fcben; \u00fcber klappst\u00fchle und -tische, die sich unbenutzt klein machen; regenschirme, zelte \u2026 bis hin zu ausfaltbaren oder aufblasbaren r\u00e4umen und architekturen.<\/p>\n<p>so vielf\u00e4ltig wie die anl\u00e4sse f\u00fcr die ver\u00e4nderbarkeit von objekten, so vielf\u00e4ltig sind auch die technischen prinzipien, mit denen dieser geometrische, physische form- und zustandswechsel bewerkstelligt wird.<\/p>\n<p>in drei sessions\/\u00fcbungen werden analogien und vorbilder in technik und natur untersucht und verschiedene geometrische und kinetische prinzipien entdeckt. die erkenntnisse werden auf sinnf\u00e4llige konstruktionen und funktionen \u00fcbertragen und modellreihen zu objekten\/produkten niedriger bis mittlerer komplexit\u00e4t entwickelt, die im verlauf eine wachsende matrix von m\u00f6glichkeiten kalkulierter form\u00e4nderung in gegenst\u00e4nden visualisieren und demonstrieren.<\/p>\n<p>&nbsp;<\/p>\n<p><em>Organisation und Supervision bei der Erstellung der Dokumentation:<\/em><br \/>\nAmelie Goldfu\u00df<\/p>\n<p>Beitragsseiten gestaltet durch die Teilnehmer_innen.<\/p>\n<p>&nbsp;<\/p>\n","protected":false},"excerpt":{"rendered":"<p>&nbsp; Inhalt Objekte mit kalkuliertem Formwandel Einf\u00fchrung Workshop 3D Drucker selbst bauen Session 1: Formwandel durch Kinetik Session 2: Stecken, Stapeln, Staffeln Session 3: Collapsible Seats &amp; Blow-ups &nbsp; on\/off Objekte mit kalkuliertem Formwandel objekte mit form\u00e4nderungen begegnen uns im alltag h\u00e4ufig und in allen gr\u00f6ssen: von klammern, spangen, schnallen, die \u00fcber form\u00e4nderung ihre funktion [&hellip;]<\/p>\n","protected":false},"author":5,"featured_media":0,"parent":0,"menu_order":0,"comment_status":"closed","ping_status":"closed","template":"","meta":{"footnotes":""},"class_list":["post-21","page","type-page","status-publish","hentry"],"_links":{"self":[{"href":"https:\/\/www.burg-halle.de\/id-neuwerk\/on-off-3d-kinetics\/wp-json\/wp\/v2\/pages\/21","targetHints":{"allow":["GET"]}}],"collection":[{"href":"https:\/\/www.burg-halle.de\/id-neuwerk\/on-off-3d-kinetics\/wp-json\/wp\/v2\/pages"}],"about":[{"href":"https:\/\/www.burg-halle.de\/id-neuwerk\/on-off-3d-kinetics\/wp-json\/wp\/v2\/types\/page"}],"author":[{"embeddable":true,"href":"https:\/\/www.burg-halle.de\/id-neuwerk\/on-off-3d-kinetics\/wp-json\/wp\/v2\/users\/5"}],"replies":[{"embeddable":true,"href":"https:\/\/www.burg-halle.de\/id-neuwerk\/on-off-3d-kinetics\/wp-json\/wp\/v2\/comments?post=21"}],"version-history":[{"count":9,"href":"https:\/\/www.burg-halle.de\/id-neuwerk\/on-off-3d-kinetics\/wp-json\/wp\/v2\/pages\/21\/revisions"}],"predecessor-version":[{"id":443,"href":"https:\/\/www.burg-halle.de\/id-neuwerk\/on-off-3d-kinetics\/wp-json\/wp\/v2\/pages\/21\/revisions\/443"}],"wp:attachment":[{"href":"https:\/\/www.burg-halle.de\/id-neuwerk\/on-off-3d-kinetics\/wp-json\/wp\/v2\/media?parent=21"}],"curies":[{"name":"wp","href":"https:\/\/api.w.org\/{rel}","templated":true}]}}