{"id":297,"date":"2015-09-14T00:55:05","date_gmt":"2015-09-13T22:55:05","guid":{"rendered":"https:\/\/www.burg-halle.de\/id-neuwerk\/on-off-3d-kinetics\/?page_id=297"},"modified":"2015-09-14T12:03:52","modified_gmt":"2015-09-14T10:03:52","slug":"solid-works-workshop","status":"publish","type":"page","link":"https:\/\/www.burg-halle.de\/id-neuwerk\/on-off-3d-kinetics\/solid-works-workshop\/","title":{"rendered":"SolidWorks Workshop"},"content":{"rendered":"<p><iframe loading=\"lazy\" style=\"line-height: 1.5em;\" src=\"https:\/\/player.vimeo.com\/video\/139144159?title=0&amp;byline=0&amp;portrait=0\" height=\"338\" width=\"600\" allowfullscreen=\"\" frameborder=\"0\"><\/iframe><\/p>\n<p>Konstruktion und Animation: Justus Pfeiffer<\/p>\n<p>&nbsp;<\/p>\n<p><iframe loading=\"lazy\" src=\"https:\/\/player.vimeo.com\/video\/139144145?title=0&amp;byline=0&amp;portrait=0\" height=\"338\" width=\"600\" allowfullscreen=\"\" frameborder=\"0\"><\/iframe><\/p>\n<p>Konstruktion und Animation: Ida Flik<\/p>\n<p>&nbsp;<\/p>\n<p>13.\u201317.4.2015<\/p>\n<p><strong>Workshop <\/strong><br \/>\n<strong>Konstruktion + Prototyping<\/strong><\/p>\n<p>In der dritten Woche (Kompaktwoche) vermittelt Marco Merkel, Designer aus Berlin, eine Einf\u00fchrung in das konstruktionsorientierte 3d-Programm Solid Works.<\/p>\n<p>&nbsp;<\/p>\n<p>SolidWorks Workshop<br \/>\n<strong>Kurs-Programm und Themen<\/strong><\/p>\n<p>&nbsp;<\/p>\n<p><strong>Tag 1<\/strong><\/p>\n<p>Was ist MCAD und wozu brauche ich das?<br \/>\nWo stehen wir mit SW auf der Landkarte der 3D-Werkzeuge?<\/p>\n<p>&#8211; SolidWorks, Inventor, Pro\/E, Onshape verfolgen alle den gleichen Ansatz.<br \/>\n&#8211; Denkweise ist immer produktionsbezogen und mechanisch, daher MCAD<br \/>\n&#8211; Differenzierung zu DCC, Surface modelling, &#8230;<\/p>\n<p>SW-Pflichtprogramm:<br \/>\nBenutzeroberfl\u00e4che<br \/>\n&#8211; FeatureTree, Toolbars, Modi, Sucheingabezeile, Shortcuts, Lehrb\u00fccher<\/p>\n<p>Teile<br \/>\n&#8211; Skizzen, Skizzenbeziehungen, Bema\u00dfungen<br \/>\n&#8211; 3D-Navigation, Display modes<br \/>\n&#8211; Features<\/p>\n<p>&nbsp;<\/p>\n<p><strong>Tag 2<\/strong><\/p>\n<p>Baugruppen<br \/>\n&#8211; Verkn\u00fcpfungen: Standard, Mechanische<br \/>\n&#8211; Explosions-\/ Schnittdarstellungen<\/p>\n<p>Zeichnungen<br \/>\n&#8211;<br \/>\n&#8211;<\/p>\n<p>&nbsp;<\/p>\n<p><strong>Tag 3\u20135<\/strong><\/p>\n<p>The Fun Part (Anwenden und Erforschen):<br \/>\nExportieren von Daten f\u00fcr den 3D-Drucker, Drucken der ersten Teile<\/p>\n<p>Kinetisches Experimentieren:<br \/>\nSimulation einer Kinematik in SolidWorks und anschlie\u00dfende \u00dcberpr\u00fcfung mit 3D-gedruckter Baugruppe.<\/p>\n<p>Vorschl\u00e4ge:<br \/>\n1. Mechanik einer Gripzange<br \/>\n2. Geneva Mechanismus<br \/>\n3. Theo Jansen Strandbeesten<br \/>\n4. Delta Mechnik (wie im Delta 3D-Drucker)<br \/>\n5. Katapul Challenge: Individuelle Entw\u00fcrfe mit definierten Constraints.<br \/>\nGewonnen hat das 3D-gedruckte Katapult, das am weitesten schie\u00dft.<\/p>\n<p>&nbsp;<\/p>\n<p>&nbsp;<\/p>\n<p><strong>Beispiele aus dem Workshop\u00a0<\/strong><\/p>\n<p><strong>Konstruktion Bolzenschneider <\/strong><\/p>\n<p><a href=\"https:\/\/www.burg-halle.de\/id-neuwerk\/on-off-3d-kinetics\/wp-content\/uploads\/sites\/43\/2015\/09\/bolzenschneider_auswahl.pdf\" target=\"_blank\"><img decoding=\"async\" class=\" wp-image-326 alignnone\" alt=\"Bolzenschneider\" src=\"https:\/\/www.burg-halle.de\/id-neuwerk\/on-off-3d-kinetics\/wp-content\/uploads\/sites\/43\/2015\/09\/tom_bade_bolzen-sw-1024x724.jpg\" width=\"600\" height=\"auto\" data-id=\"326\" srcset=\"https:\/\/www.burg-halle.de\/id-neuwerk\/on-off-3d-kinetics\/wp-content\/uploads\/sites\/43\/2015\/09\/tom_bade_bolzen-sw-1024x724.jpg 1024w, https:\/\/www.burg-halle.de\/id-neuwerk\/on-off-3d-kinetics\/wp-content\/uploads\/sites\/43\/2015\/09\/tom_bade_bolzen-sw-300x212.jpg 300w, https:\/\/www.burg-halle.de\/id-neuwerk\/on-off-3d-kinetics\/wp-content\/uploads\/sites\/43\/2015\/09\/tom_bade_bolzen-sw.jpg 1200w\" sizes=\"(max-width: 1024px) 100vw, 1024px\" \/><\/a><\/p>\n<p>Konstruktion: Tom Bade<br \/>\n<a href=\"https:\/\/www.burg-halle.de\/id-neuwerk\/on-off-3d-kinetics\/wp-content\/uploads\/sites\/43\/2015\/09\/bolzenschneider_auswahl.pdf\" target=\"_blank\">open pdf Datei Auswahl Zeichnungen \u2026<\/a><\/p>\n<p>&nbsp;<\/p>\n<p>&nbsp;<\/p>\n<p><strong>Konstruktion Trebuchet \/ Tribok<\/strong><\/p>\n<p><a href=\"https:\/\/www.burg-halle.de\/id-neuwerk\/on-off-3d-kinetics\/wp-content\/uploads\/sites\/43\/2015\/09\/ida_flik_trebuchet.pdf\" target=\"_blank\"><img decoding=\"async\" class=\" wp-image-314 alignnone\" alt=\"trebuchet ida\" src=\"https:\/\/www.burg-halle.de\/id-neuwerk\/on-off-3d-kinetics\/wp-content\/uploads\/sites\/43\/2015\/09\/ida_flik_trebuchet-sw-1024x724.jpg\" width=\"600\" height=\"auto\" data-id=\"314\" srcset=\"https:\/\/www.burg-halle.de\/id-neuwerk\/on-off-3d-kinetics\/wp-content\/uploads\/sites\/43\/2015\/09\/ida_flik_trebuchet-sw-1024x724.jpg 1024w, https:\/\/www.burg-halle.de\/id-neuwerk\/on-off-3d-kinetics\/wp-content\/uploads\/sites\/43\/2015\/09\/ida_flik_trebuchet-sw-300x212.jpg 300w, https:\/\/www.burg-halle.de\/id-neuwerk\/on-off-3d-kinetics\/wp-content\/uploads\/sites\/43\/2015\/09\/ida_flik_trebuchet-sw.jpg 1200w\" sizes=\"(max-width: 1024px) 100vw, 1024px\" \/><br \/>\n<\/a><\/p>\n<p>Konstruktion: Ida Flik<br \/>\n<a href=\"https:\/\/www.burg-halle.de\/id-neuwerk\/on-off-3d-kinetics\/wp-content\/uploads\/sites\/43\/2015\/09\/ida_flik_trebuchet.pdf\" target=\"_blank\">open pdf Datei \u2026<\/a><\/p>\n<p>&nbsp;<\/p>\n<p><a href=\"https:\/\/www.burg-halle.de\/id-neuwerk\/on-off-3d-kinetics\/wp-content\/uploads\/sites\/43\/2015\/09\/justus_pfeifer_Tribokzeichnung.pdf\" target=\"_blank\"><img decoding=\"async\" class=\" wp-image-317 alignnone\" alt=\"Tribokzeichnung\" src=\"https:\/\/www.burg-halle.de\/id-neuwerk\/on-off-3d-kinetics\/wp-content\/uploads\/sites\/43\/2015\/09\/justus_pfeifer_Tribok-sw-1024x724.jpg\" width=\"600\" height=\"auto\" data-id=\"317\" srcset=\"https:\/\/www.burg-halle.de\/id-neuwerk\/on-off-3d-kinetics\/wp-content\/uploads\/sites\/43\/2015\/09\/justus_pfeifer_Tribok-sw-1024x724.jpg 1024w, https:\/\/www.burg-halle.de\/id-neuwerk\/on-off-3d-kinetics\/wp-content\/uploads\/sites\/43\/2015\/09\/justus_pfeifer_Tribok-sw-300x212.jpg 300w, https:\/\/www.burg-halle.de\/id-neuwerk\/on-off-3d-kinetics\/wp-content\/uploads\/sites\/43\/2015\/09\/justus_pfeifer_Tribok-sw.jpg 1200w\" sizes=\"(max-width: 1024px) 100vw, 1024px\" \/><br \/>\n<\/a><\/p>\n<p>Konstruktion: Justus Pfeiffer<br \/>\n<a href=\"https:\/\/www.burg-halle.de\/id-neuwerk\/on-off-3d-kinetics\/wp-content\/uploads\/sites\/43\/2015\/09\/justus_pfeifer_Tribokzeichnung.pdf\" target=\"_blank\">open pdf Datei \u2026<\/a><\/p>\n<p>&nbsp;<\/p>\n<p><a href=\"https:\/\/www.burg-halle.de\/id-neuwerk\/on-off-3d-kinetics\/wp-content\/uploads\/sites\/43\/2015\/09\/jan_gruner_katapult.pdf\" target=\"_blank\"><img decoding=\"async\" class=\" wp-image-317 alignnone\" alt=\"katapult\" src=\"https:\/\/www.burg-halle.de\/id-neuwerk\/on-off-3d-kinetics\/wp-content\/uploads\/sites\/43\/2015\/09\/jan_gruner_katapult-sw.jpg\" width=\"600\" height=\"auto\" data-id=\"317\" \/><\/a><\/p>\n<p>Konstruktion: Jan-Arne Gruner<br \/>\n<a href=\"https:\/\/www.burg-halle.de\/id-neuwerk\/on-off-3d-kinetics\/wp-content\/uploads\/sites\/43\/2015\/09\/jan_gruner_katapult.pdf\" target=\"_blank\">open pdf Datei \u2026<\/a><\/p>\n<p>&nbsp;<\/p>\n","protected":false},"excerpt":{"rendered":"<p>Konstruktion und Animation: Justus Pfeiffer &nbsp; Konstruktion und Animation: Ida Flik &nbsp; 13.\u201317.4.2015 Workshop Konstruktion + Prototyping In der dritten Woche (Kompaktwoche) vermittelt Marco Merkel, Designer aus Berlin, eine Einf\u00fchrung in das konstruktionsorientierte 3d-Programm Solid Works. &nbsp; SolidWorks Workshop Kurs-Programm und Themen &nbsp; Tag 1 Was ist MCAD und wozu brauche ich das? Wo stehen [&hellip;]<\/p>\n","protected":false},"author":5,"featured_media":0,"parent":0,"menu_order":0,"comment_status":"open","ping_status":"open","template":"","meta":{"footnotes":""},"class_list":["post-297","page","type-page","status-publish","hentry"],"_links":{"self":[{"href":"https:\/\/www.burg-halle.de\/id-neuwerk\/on-off-3d-kinetics\/wp-json\/wp\/v2\/pages\/297","targetHints":{"allow":["GET"]}}],"collection":[{"href":"https:\/\/www.burg-halle.de\/id-neuwerk\/on-off-3d-kinetics\/wp-json\/wp\/v2\/pages"}],"about":[{"href":"https:\/\/www.burg-halle.de\/id-neuwerk\/on-off-3d-kinetics\/wp-json\/wp\/v2\/types\/page"}],"author":[{"embeddable":true,"href":"https:\/\/www.burg-halle.de\/id-neuwerk\/on-off-3d-kinetics\/wp-json\/wp\/v2\/users\/5"}],"replies":[{"embeddable":true,"href":"https:\/\/www.burg-halle.de\/id-neuwerk\/on-off-3d-kinetics\/wp-json\/wp\/v2\/comments?post=297"}],"version-history":[{"count":21,"href":"https:\/\/www.burg-halle.de\/id-neuwerk\/on-off-3d-kinetics\/wp-json\/wp\/v2\/pages\/297\/revisions"}],"predecessor-version":[{"id":345,"href":"https:\/\/www.burg-halle.de\/id-neuwerk\/on-off-3d-kinetics\/wp-json\/wp\/v2\/pages\/297\/revisions\/345"}],"wp:attachment":[{"href":"https:\/\/www.burg-halle.de\/id-neuwerk\/on-off-3d-kinetics\/wp-json\/wp\/v2\/media?parent=297"}],"curies":[{"name":"wp","href":"https:\/\/api.w.org\/{rel}","templated":true}]}}