{"id":2,"date":"2014-03-26T14:52:13","date_gmt":"2014-03-26T14:52:13","guid":{"rendered":"https:\/\/www.burg-halle.de\/id-neuwerk\/open-design\/?page_id=2"},"modified":"2021-01-09T18:44:55","modified_gmt":"2021-01-09T16:44:55","slug":"beispiel-seite","status":"publish","type":"page","link":"https:\/\/www.burg-halle.de\/id-neuwerk\/open-design\/","title":{"rendered":"Thema"},"content":{"rendered":"<p><iframe loading=\"lazy\" src=\"\/\/player.vimeo.com\/video\/69573966?title=0&amp;byline=0&amp;portrait=0&amp;color=ff9933\" width=\"600\" height=\"338\" frameborder=\"0\" allowfullscreen=\"allowfullscreen\"><\/iframe><\/p>\n<p>&nbsp;<\/p>\n<p>Entwurfsprojekt \/ Komplexes Gestalten<br \/>\nStudiengang BA Industriedesign \/ MA Industrial Design<\/p>\n<p>&nbsp;<\/p>\n<p><strong>open \u2026 design ?!\u00a0<\/strong><br \/>\n<strong>open source Strategien und ihre Wirkungen im Design<\/strong><\/p>\n<p>Im Projekt dieses Semesters untersuchen die teilnehmenden Studierenden Chancen und (Aus)wirkungen von open source Strategien auf Handlungsfelder im Design.<\/p>\n<p>Von open source \u2026 zu open design, zu offenen Entwurfsprozessen, zu autonomer Produktion, zu neuen \u00d6konomien \u2013 letztlich, aber nicht zuletzt auch die Suche nach neuen Methoden und Anwendungsbereichen f\u00fcr DesignerInnen.<\/p>\n<p>Zu Projektbeginn werden drei Themenfelder aufgemacht, in denen jeweils ein eingeladener Gast als Experte moderiert im Hinblick auf:<\/p>\n<p>-&gt; <em>Methoden des Entwerfens und Designprozesse<\/em>\u00a0(kollaboratives Entwickeln, open innovation \u2026)<br \/>\n-&gt; <em>Ver\u00f6ffentlichen, Produzieren und Verteilen<\/em><br \/>\n-&gt; <em>soziale und urbane Interventionen<\/em><\/p>\n<p><span style=\"line-height: 1.5em;\">In diesen drei (oder noch weiteren) Feldern sollen zu Projektbeginn Themen abgesteckt werden, die dann im weiteren Projektverlauf einzeln oder in Teams bis zu jeweiligen Simulations-\/Demonstrations-\/Pr\u00e4sentationsstadien entwickelt werden.<\/span><\/p>\n<p>&nbsp;<\/p>\n<p><strong>Input:<\/strong><\/p>\n<p>-&gt; Recherchen \/ Referate \/ Gastvortr\u00e4ge<br \/>\n-&gt; Startworkshop zur Themenentwicklung<br \/>\n-&gt; Exkursion<\/p>\n<p><strong>Output:<\/strong><\/p>\n<p>-&gt; so divers und vielf\u00e4ltig wie es die Thematik hergibt: Produktkonzepte, Interventionen, Publikationen, Handlungsprogramme etc.<br \/>\n-&gt; Dokumentation \/ Film<\/p>\n<p>&nbsp;<\/p>\n<p><span style=\"line-height: 1.5em;\">TeilnehmerInnen:<\/span><\/p>\n<p>Juber Attia, Anna B\u00f6hnke, Maika Butter, Sophie D\u00f6hler, Felix Fleischer, Jonathan Geffen, Amelie Goldfu\u00df, Julian Gottschalk, Sascha Henken, Konstantin Hinkel, MK, Melanie Kuth, Larissa Meyer, Moritz Petersdorff, Karl Russell, Johanna Seelemann, Felix Seltmann, Carolin Thieme, Christoph Unbescheidt, Rudolf Wei\u00df, Malte Westphalen<\/p>\n<p>Moderation:<br \/>\nProf. Guido Englich, David Oelschl\u00e4gel<\/p>\n<p>Workshops:<br \/>\nSebastian M\u00fcllauer, Till Wolfer,\u00a0Lars Zimmermann<br \/>\n(Johanna Padge und Malte Westphalen als Co-Piloten)<\/p>\n<p>&nbsp;<\/p>\n<p>Studiengang BA Industriedesign \/ MA Industrial Design<br \/>\nWintersemester 2013\/14<\/p>\n<p>Burg Giebichenstein Kunsthochschule Halle<\/p>\n","protected":false},"excerpt":{"rendered":"<p>&nbsp; Entwurfsprojekt \/ Komplexes Gestalten Studiengang BA Industriedesign \/ MA Industrial Design &nbsp; open \u2026 design ?!\u00a0 open source Strategien und ihre Wirkungen im Design Im Projekt dieses Semesters untersuchen die teilnehmenden Studierenden Chancen und (Aus)wirkungen von open source Strategien auf Handlungsfelder im Design. Von open source \u2026 zu open design, zu offenen Entwurfsprozessen, zu [&hellip;]<\/p>\n","protected":false},"author":5,"featured_media":0,"parent":0,"menu_order":0,"comment_status":"open","ping_status":"open","template":"","meta":{"footnotes":""},"class_list":["post-2","page","type-page","status-publish","hentry"],"_links":{"self":[{"href":"https:\/\/www.burg-halle.de\/id-neuwerk\/open-design\/wp-json\/wp\/v2\/pages\/2","targetHints":{"allow":["GET"]}}],"collection":[{"href":"https:\/\/www.burg-halle.de\/id-neuwerk\/open-design\/wp-json\/wp\/v2\/pages"}],"about":[{"href":"https:\/\/www.burg-halle.de\/id-neuwerk\/open-design\/wp-json\/wp\/v2\/types\/page"}],"author":[{"embeddable":true,"href":"https:\/\/www.burg-halle.de\/id-neuwerk\/open-design\/wp-json\/wp\/v2\/users\/5"}],"replies":[{"embeddable":true,"href":"https:\/\/www.burg-halle.de\/id-neuwerk\/open-design\/wp-json\/wp\/v2\/comments?post=2"}],"version-history":[{"count":14,"href":"https:\/\/www.burg-halle.de\/id-neuwerk\/open-design\/wp-json\/wp\/v2\/pages\/2\/revisions"}],"predecessor-version":[{"id":827,"href":"https:\/\/www.burg-halle.de\/id-neuwerk\/open-design\/wp-json\/wp\/v2\/pages\/2\/revisions\/827"}],"wp:attachment":[{"href":"https:\/\/www.burg-halle.de\/id-neuwerk\/open-design\/wp-json\/wp\/v2\/media?parent=2"}],"curies":[{"name":"wp","href":"https:\/\/api.w.org\/{rel}","templated":true}]}}