{"id":38,"date":"2014-03-28T10:27:22","date_gmt":"2014-03-28T08:27:22","guid":{"rendered":"https:\/\/www.burg-halle.de\/id-neuwerk\/open-design\/?page_id=38"},"modified":"2018-04-12T14:07:08","modified_gmt":"2018-04-12T12:07:08","slug":"praesentation","status":"publish","type":"page","link":"https:\/\/www.burg-halle.de\/id-neuwerk\/open-design\/praesentation\/","title":{"rendered":"Pr\u00e4sentation <br>und Katalog"},"content":{"rendered":"<p><iframe loading=\"lazy\" src=\"https:\/\/player.vimeo.com\/video\/89295806?title=0&amp;byline=0&amp;portrait=0\" width=\"600\" height=\"338\" frameborder=\"0\" allowfullscreen=\"allowfullscreen\"><\/iframe><\/p>\n<p>&nbsp;<\/p>\n<p><em>Die Pr\u00e4sentation des Semesterprojekts<br \/>\nals ein Parcours mit verschiedenen Veranstaltungsformaten<br \/>\n\u2013 von Pr\u00e4sentation \u00fcber Workshop bis Performance\u00a0<\/em><em style=\"line-height: 1.5em;\">\u2013<br \/>\nfand \u00fcber zwei Tage statt am 3. und 4. Februar 2014.\u00a0<\/em><\/p>\n<p>&nbsp;<\/p>\n<div class=\"_df_thumb \" id=\"df_668\"  wpoptions=\"true\" thumb=\"https:\/\/www.burg-halle.de\/id-neuwerk\/open-design\/wp-content\/uploads\/sites\/36\/2018\/03\/titel-katalog_parcours.jpg\" thumbtype=\"img\" >Open Design_Dokumentation<\/div><script data-cfasync=\"false\">var option_df_668 = {\"outline\":[],\"forceFit\":\"true\",\"autoEnableOutline\":\"false\",\"autoEnableThumbnail\":\"false\",\"overwritePDFOutline\":\"false\",\"direction\":\"1\",\"pageMode\":\"0\",\"source\":\"https:\\\/\\\/www.burg-halle.de\\\/id-neuwerk\\\/open-design\\\/wp-content\\\/uploads\\\/sites\\\/36\\\/2018\\\/03\\\/2013-14_KG_OpenDes_1_Doku-Gesamt_Katalog_Parcours.pdf\",\"wpOptions\":\"true\"}; if(window.DFLIP && DFLIP.parseBooks){DFLIP.parseBooks();}<\/script>\n<p>&nbsp;<\/p>\n<p><em>Die Besucher des Parcours konnten sich<br \/>\naus den unterschiedlichen Beitr\u00e4gen der Ausstellung<br \/>\neinen individuellen offenen Katalog zusammenstellen.<\/em><\/p>\n<p>&nbsp;<\/p>\n<p><strong>open design \u2026 Parcours <\/strong><\/p>\n<p><span style=\"line-height: 1.5em;\">Im Projekt des Wintersemester 2013\/14 untersuchten die teilnehmenden Studierenden Chancen und (Aus)wirkungen von open source Strategien auf Handlungsfelder im Design.<\/span><\/p>\n<p><span style=\"line-height: 1.5em;\">Von open source \u2026 zu open design, zu offenen Entwurfsprozessen, zu autonomer Produktion, zu neuen \u00d6konomien \u2013 letztlich, aber nicht zuletzt auch die Suche nach neuen Methoden und Anwendungsbereichen f\u00fcr DesignerInnen.<\/span><\/p>\n<p>Zu Projektbeginn werden drei Themenfelder aufgemacht, in denen jeweils ein eingeladener Gast als Experte moderiert:<br \/>\n(a) offene \u00d6konomien und Sharing-Konzepte \u2026 (b)\u00a0kooperative Produktion, Maker-Kulturen und neue Formen der Verteilung \u2026 (c)\u00a0Methoden des Entwerfens und kollaborative Designprozesse.<\/p>\n<p>Im Workshop erfolgen erste Ann\u00e4herungen an die Begriffe open \/ kollaborativ \/ partizipativ \u2026 und ein Aufschl\u00fcsseln ihrer Bedeutungen und Wirkungen in Bezug auf Professionen in Design, Planung und Gestaltung \u2026 im Versuch von Definitionen \/ Interpretationen \/ Spekulationen \u2026 im Versuch von Darstellungen und Visualisierungen etc.<\/p>\n<p>Lassen sich Spielregeln und Methoden finden und benennen?<br \/>\nLassen sich diese \u2026 auf herk\u00f6mmliche Handlungsmuster von Design\/Planung \u2026 Produktion etc. \u2026 \u00fcbertragen?<br \/>\nWas passiert da, was \u00e4ndert sich, was w\u00e4re wenn \u2026 ?<\/p>\n<p>Der Workshop m\u00fcndet in einer Sammlung von Projektideen,<br \/>\nderen\u00a0<span style=\"line-height: 1.5em;\">Themenvielfalt die folgenden Bereichen umfasst:\u00a0<\/span><\/p>\n<p><em>stadtraum + stadtnutzung<br \/>\n<\/em><em>energie<\/em><br \/>\n<em>materielle ressourcen<\/em><br \/>\n<em>produktion<\/em><br \/>\n<em>information + wissen<\/em><br \/>\n<em>kollaborative design prozesse<\/em><br \/>\n<em>netzwerke + community<\/em><br \/>\n<em>sharing + open economy<\/em><\/p>\n<p>Die Themen werden im \u201eBasar\u201d vorgestellt und dann im weiteren Projektverlauf einzeln oder in Teams bis zu jeweiligen Simulations-, Demonstrations- und Pr\u00e4sentationsstadien weiterentwickelt.<\/p>\n<p>Die Ergebnisse des Projekts sind so divers und vielf\u00e4ltig wie es die Thematik hergibt: Interventionen, Handlungsprogramme, Produktkonzepte, Bauanleitungen, Demonstrations- und Versuchsaufbauten, Events und Performances.<\/p>\n<p>Die Ver\u00f6ffentlichung der Ergebnisse erfolgt am 3. und 4. Februar 2014 \u2013 nicht als Pr\u00e4sentation im \u00fcblichen Rahmen, sondern als offener Parcour, mit Zeit und Raum f\u00fcr ungew\u00f6hnliche Darstellungsformate, f\u00fcr Diskussion und Interaktion.<\/p>\n<p>&nbsp;<\/p>\n","protected":false},"excerpt":{"rendered":"<p>&nbsp; Die Pr\u00e4sentation des Semesterprojekts als ein Parcours mit verschiedenen Veranstaltungsformaten \u2013 von Pr\u00e4sentation \u00fcber Workshop bis Performance\u00a0\u2013 fand \u00fcber zwei Tage statt am 3. und 4. Februar 2014.\u00a0 &nbsp; &nbsp; Die Besucher des Parcours konnten sich aus den unterschiedlichen Beitr\u00e4gen der Ausstellung einen individuellen offenen Katalog zusammenstellen. &nbsp; open design \u2026 Parcours Im Projekt [&hellip;]<\/p>\n","protected":false},"author":5,"featured_media":0,"parent":0,"menu_order":0,"comment_status":"open","ping_status":"open","template":"","meta":{"footnotes":""},"class_list":["post-38","page","type-page","status-publish","hentry"],"_links":{"self":[{"href":"https:\/\/www.burg-halle.de\/id-neuwerk\/open-design\/wp-json\/wp\/v2\/pages\/38","targetHints":{"allow":["GET"]}}],"collection":[{"href":"https:\/\/www.burg-halle.de\/id-neuwerk\/open-design\/wp-json\/wp\/v2\/pages"}],"about":[{"href":"https:\/\/www.burg-halle.de\/id-neuwerk\/open-design\/wp-json\/wp\/v2\/types\/page"}],"author":[{"embeddable":true,"href":"https:\/\/www.burg-halle.de\/id-neuwerk\/open-design\/wp-json\/wp\/v2\/users\/5"}],"replies":[{"embeddable":true,"href":"https:\/\/www.burg-halle.de\/id-neuwerk\/open-design\/wp-json\/wp\/v2\/comments?post=38"}],"version-history":[{"count":26,"href":"https:\/\/www.burg-halle.de\/id-neuwerk\/open-design\/wp-json\/wp\/v2\/pages\/38\/revisions"}],"predecessor-version":[{"id":791,"href":"https:\/\/www.burg-halle.de\/id-neuwerk\/open-design\/wp-json\/wp\/v2\/pages\/38\/revisions\/791"}],"wp:attachment":[{"href":"https:\/\/www.burg-halle.de\/id-neuwerk\/open-design\/wp-json\/wp\/v2\/media?parent=38"}],"curies":[{"name":"wp","href":"https:\/\/api.w.org\/{rel}","templated":true}]}}