{"id":655,"date":"2020-11-10T17:36:51","date_gmt":"2020-11-10T16:36:51","guid":{"rendered":"https:\/\/www.burg-halle.de\/id-neuwerk\/personal-factory\/?page_id=655"},"modified":"2020-11-10T17:49:48","modified_gmt":"2020-11-10T16:49:48","slug":"recherchen","status":"publish","type":"page","link":"https:\/\/www.burg-halle.de\/id-neuwerk\/personal-factory\/recherchen\/","title":{"rendered":"Recherchen"},"content":{"rendered":"<div class=\"_df_thumb \" id=\"df_601\"  wpoptions=\"true\" thumb=\"https:\/\/www.burg-halle.de\/id-neuwerk\/personal-factory\/wp-content\/uploads\/sites\/48\/2018\/04\/2016_KG_Pers-Factory_1_Recherche-Kompendium_komp.jpeg\" thumbtype=\"img\" >Recherche Kompendium<\/div><script data-cfasync=\"false\">var option_df_601 = {\"outline\":[],\"forceFit\":\"true\",\"autoEnableOutline\":\"false\",\"autoEnableThumbnail\":\"false\",\"overwritePDFOutline\":\"false\",\"direction\":\"1\",\"pageMode\":\"0\",\"source\":\"https:\\\/\\\/www.burg-halle.de\\\/id-neuwerk\\\/personal-factory\\\/wp-content\\\/uploads\\\/sites\\\/48\\\/2018\\\/03\\\/2016_KG_Pers-Factory_1_Recherche-Kompendium_komp.pdf\",\"wpOptions\":\"true\"}; if(window.DFLIP && DFLIP.parseBooks){DFLIP.parseBooks();}<\/script>\n<p>&nbsp;<\/p>\n<p><em>Script der Recherchen<\/em><\/p>\n<p>Das vorliegende Script\u00a0versammelt die Recherchen der Studierenden zu Entwerfenden, die zu Produzierenden werden; zu post-industrieller Produktion zwischen Handwerk und Kybernetik; zu Designenden, die Prozesse und Apparate gestalten; zu open source und Vernetzungen, zu Kooperationen und open knowledge; zu neuen Technologien und Produktionstechniken; Kommunikationsstrategien und Vertriebswegen \u2026<\/p>\n<p>&nbsp;<\/p>\n<p><strong>Vom Entwerfer zum Produzenten<\/strong><\/p>\n<p>1<br \/>\n<strong>Ingo Maurer<\/strong><br \/>\nErz\u00e4hlen und bebildern Sie uns die Geschichte von Ingo Maurer,<br \/>\ndem Grandseigneur der Autoren-Designer-Produzenten \u2026<\/p>\n<p>2<br \/>\n<strong>Oskar Zieta und die FiDu-Technologie<\/strong><br \/>\nBekannt wurde er mit dem Blechhocker Plopp, das war Ende 2007.<br \/>\nRecherchieren Sie zur FiDu-Technologie und was Oskar Zieta bis heut damit<br \/>\nund daraus gemacht hat.<\/p>\n<p>&nbsp;<\/p>\n<p><strong>Postindustrielle Produktion zwischen Handwerk<\/strong><br \/>\n<strong> und Kybernetik, Designer gestalten Prozesse + Apparate<\/strong><\/p>\n<p>Recherchieren Sie Gestalter, die Prozesse entwerfen, die ihrerseits Produkte generieren und stellen Sie die Besonderheiten der jeweiligen Projekte vor \u2026 suchen Sie nach weiteren Beispielen<\/p>\n<p>3<br \/>\n<strong>Formwerdungsprozesse und Narration<\/strong><br \/>\nStellen Sie und die interaktiven Projekte von mischer\u2018traxler vor \/ geben Sie einen Einblick in das Forschungsfeld \u201eDesign und Improvisation\u201d von Annika Frye \u2026 und finden ggbfs. noch weitere passende Projekte?<\/p>\n<p>4<br \/>\n<strong>Apparate und Produktionsprozesse<\/strong><br \/>\nZeigen Sie uns: Faceture project von Phil Cuttance \/ Projekte von Anton Alvarez \/ Woven von AndreyAndShay<\/p>\n<p>5<br \/>\n<strong>Algaemy \u2026 oder Experiment, Ritual, Visualisierung<\/strong><br \/>\nVermitteln Sie uns die Strategien des Berliner Designerduos \u201eBlond und Bieber\u201d \u2026 which would always choose for a narrative approach to design over a purely practical understanding of production \u2026 versuchen Sie weitere Beispiele zu recherchieren<\/p>\n<p>&nbsp;<\/p>\n<p><strong>Open Source<\/strong><br \/>\n<strong> Vernetzungen, Kooperationen, open Knowledge<\/strong><\/p>\n<p>6<br \/>\n<strong>N55<\/strong><br \/>\nDie K\u00fcnstler- und Gestaltergruppe N55 entwickelt und produziert kooperativ Gegenst\u00e4nde f\u00fcr eine globalisierende und nomadisierende Gesellschaft und implantiert sie in verschiedene Situationen und geht dabei eigene Wege der Produktion und des Vertriebs im Sinne von open source. Stellen Sie uns die Gruppe, Initiativen und Projekte vor.<\/p>\n<p>7<br \/>\n<strong>Thomas Lomm\u00e9e \/ open structures<\/strong><br \/>\nStellen Sie uns das open structures projekt und den Entwickler\/Designer Thomas Lomm\u00e9e vor (openstructures.net + intrastructures.net).<\/p>\n<p>8<br \/>\n<strong>Dave Hakkens + preciousplastic project \u2026<\/strong><br \/>\nStellen Sie uns den \u00fcberaus umtriebigen jungen niederl\u00e4ndischen Designer Dave Hakkens vor \u2026 und einige seiner spannenden Projekte.<\/p>\n<p>&nbsp;<\/p>\n<p><strong>Information + Kampagnen + PR<\/strong><\/p>\n<p>10<br \/>\n<strong>Marketing und co \u2026<\/strong><br \/>\nStellen Sie die informativsten Design-Blogs vor, die wichtigsten Design-Messen \u2026 und suchen Sie nach Beispielen f\u00fcr gelungene Marketing-Strategien \u2026 beispielsweise virales Marketing \u2026 untersuchen Sie die Verbreitung von Mitteilungen\/Texten am Beispiel irgend einer beliebigen Projektdarstellung durch die Weiten des Internets.<\/p>\n<p>&nbsp;<\/p>\n<p><strong>Neue Fabrikation + Produktion + Services + Serie + Individualisierung<\/strong><\/p>\n<p>11<br \/>\n<strong>FabLabs + co<\/strong><br \/>\nStellen Sie uns die Idee und Arbeitsweise von FabLabs vor. Besuchen Sie ein FabLab und machen eine kleine Reportage. Interviewen Sie Christian Z\u00f6llner von \u201eThe Constitute\u201d zur Idee mobiler FabLabs.<\/p>\n<p>12<br \/>\n<strong>shapeways + co<\/strong><br \/>\nRecherchieren Sie Online-Anbieter f\u00fcr 3d Druck und andere Rapid Prototyping Technologien, die aus Daten Dinge machen \u2026 testen Sie ein oder zwei Anbieter, indem Sie eigene Daten umsetzen lassen.<\/p>\n<p>13<br \/>\n<strong>Metaformtools<\/strong><br \/>\nRecherchieren Sie zu diesem Produktkonzept und suchen und finden Sie weitere Projekte oder Konzepte, die an der Schnittstelle zwischen Serie und individueller Adaption unter Einsatz von FabLabs und 3D Printing agieren.<\/p>\n<p>&nbsp;<\/p>\n<p><strong>Tools + Technology<\/strong><\/p>\n<p>14<br \/>\n<strong>Evolution der RepRap Drucker<\/strong><br \/>\nGeben Sie uns einen \u00dcberblick \u00fcber Geschichte, Entwicklung und Ausblick der RepRap open source Drucker \u2026 und zeigen Sie an einigen Beispielen den wechselseitigen Einfluss von Verf\u00fcgbarkeit von Technologien und Entwicklungen in Design- und Entwurfsprozessen, Produktionen und Produkten<\/p>\n<p>15<br \/>\n<strong>Neue Anwendungen in 3D Print \/ Robotik \/ digitaler Produktion<\/strong><br \/>\nRecherchieren Sie zu neuen Anwendungen in 3D Printing und Robotik mit besonderer Ber\u00fccksichtigung von open source Entwicklungen \u2026 starten Sie bei \u201eFarmBot\u201d und \u201eopen surgery\u201d und suchen Sie weitere Beispiele<\/p>\n<p>&nbsp;<\/p>\n<p><strong>Vertriebswege, Marktpl\u00e4tze, Netzwerke<\/strong><\/p>\n<p>16<br \/>\n<strong>Das Internet als Werkstatt, Forum und Marktplatz<\/strong><br \/>\nWelche Optionen von online-Marktpl\u00e4tzen, dezentralen Produktionsservices, Kundenrezensionen, Mitgliederbewertungen \u2026 etc. k\u00f6nnen \u00fcber den Produktherstellungsprozess hinaus in die Produkt\u00fcbergabe, Produktpflegen, Nachsorge etc. \u2026 ber\u00fccksichtigt, gestaltet und als Teile des Designprozesses verstanden werden. Recherchieren Sie nach solcherart Vertriebsstrategien, stellen sie uns vor \u2026 und spekulieren Sie \u00fcber Optionen.<\/p>\n<p>&nbsp;<\/p>\n","protected":false},"excerpt":{"rendered":"<p>&nbsp; Script der Recherchen Das vorliegende Script\u00a0versammelt die Recherchen der Studierenden zu Entwerfenden, die zu Produzierenden werden; zu post-industrieller Produktion zwischen Handwerk und Kybernetik; zu Designenden, die Prozesse und Apparate gestalten; zu open source und Vernetzungen, zu Kooperationen und open knowledge; zu neuen Technologien und Produktionstechniken; Kommunikationsstrategien und Vertriebswegen \u2026 &nbsp; Vom Entwerfer zum Produzenten [&hellip;]<\/p>\n","protected":false},"author":5,"featured_media":0,"parent":0,"menu_order":0,"comment_status":"closed","ping_status":"closed","template":"","meta":{"footnotes":""},"class_list":["post-655","page","type-page","status-publish","hentry"],"_links":{"self":[{"href":"https:\/\/www.burg-halle.de\/id-neuwerk\/personal-factory\/wp-json\/wp\/v2\/pages\/655","targetHints":{"allow":["GET"]}}],"collection":[{"href":"https:\/\/www.burg-halle.de\/id-neuwerk\/personal-factory\/wp-json\/wp\/v2\/pages"}],"about":[{"href":"https:\/\/www.burg-halle.de\/id-neuwerk\/personal-factory\/wp-json\/wp\/v2\/types\/page"}],"author":[{"embeddable":true,"href":"https:\/\/www.burg-halle.de\/id-neuwerk\/personal-factory\/wp-json\/wp\/v2\/users\/5"}],"replies":[{"embeddable":true,"href":"https:\/\/www.burg-halle.de\/id-neuwerk\/personal-factory\/wp-json\/wp\/v2\/comments?post=655"}],"version-history":[{"count":2,"href":"https:\/\/www.burg-halle.de\/id-neuwerk\/personal-factory\/wp-json\/wp\/v2\/pages\/655\/revisions"}],"predecessor-version":[{"id":660,"href":"https:\/\/www.burg-halle.de\/id-neuwerk\/personal-factory\/wp-json\/wp\/v2\/pages\/655\/revisions\/660"}],"wp:attachment":[{"href":"https:\/\/www.burg-halle.de\/id-neuwerk\/personal-factory\/wp-json\/wp\/v2\/media?parent=655"}],"curies":[{"name":"wp","href":"https:\/\/api.w.org\/{rel}","templated":true}]}}