{"id":7,"date":"2017-02-17T11:05:33","date_gmt":"2017-02-17T10:05:33","guid":{"rendered":"https:\/\/www.burg-halle.de\/id-neuwerk\/personal-factory\/?page_id=7"},"modified":"2017-03-20T11:41:50","modified_gmt":"2017-03-20T10:41:50","slug":"thema","status":"publish","type":"page","link":"https:\/\/www.burg-halle.de\/id-neuwerk\/personal-factory\/","title":{"rendered":"Thema"},"content":{"rendered":"<p><iframe loading=\"lazy\" src=\"https:\/\/player.vimeo.com\/video\/204517669?title=0&amp;byline=0&amp;portrait=0\" width=\"600\" height=\"338\" frameborder=\"0\" allowfullscreen=\"allowfullscreen\"><\/iframe><\/p>\n<p><em>Trailer zum Start des Projekts<\/em><\/p>\n<p>&nbsp;<\/p>\n<p>Entwurfsprojekt \/ Komplexes Gestalten<br \/>\nStudiengang BA Industriedesign \/ MA Industrial Design<\/p>\n<p>&nbsp;<\/p>\n<p><strong>My personal factory<\/strong><br \/>\nDesigner-Strategien zur Um- und Durchsetzung<\/p>\n<p>&nbsp;<\/p>\n<pre><em>We now can build our own micro-factory: <\/em>\r\n<em>We can be our own brand (instagram.com), <\/em>\r\n<em>produce our own news (twitter.com), <\/em>\r\n<em>find investors through our own bank (kickstarter.com), <\/em>\r\n<em>manufacture our own goods (makerbot.com) <\/em>\r\n<em>and have our own stores (etsy.com) \u2026<\/em><\/pre>\n<pre>(thomas lom\u00e9e\/intrastructures.net)<\/pre>\n<p>&nbsp;<\/p>\n<p>\u2026 nie zuvor in der dynamischen entwicklung des berufbildes von designerinnen und designern war eine vergleichbare vielfalt von optionen zur vernetzung von wissen, von techniken und ressourcen zur durch- und umsetzung von gestaltungskonzepten so zug\u00e4nglich und niederschwellig erreichbar, um entw\u00fcrfe vom modell bis zum realen produkt zu entwickeln.<\/p>\n<p>das sind ideale bedingungen f\u00fcr ein selbstbestimmtes autoren-design, das vom produktkonzept \u00fcber das erstellen von versuchsanordnungen und funktionsf\u00e4higen prototypen bis zum gestalten von produktionsprozessen, bis zum realisieren von produkten und deren vertrieb reicht.<\/p>\n<p>die bandbreite der beg\u00fcnstigenden optionen werden in diesem semesterprojekt ermittelt und erprobt und mit einer reihe von entw\u00fcrfen, produktkonzepten und umsetzungsstrategien demonstriert.<\/p>\n<p>zum einstieg st\u00f6bern wir in der geschichte des autorendesigns und probieren in workshops verschiedene methoden und strategien der vernetzungen und verkn\u00fcpfungen von produktionsprozessen, des rapid toolings und raffinierten formen der veredelung von halbzeugen \u2013 auf der suche nach ad\u00e4quaten post-industriellen produkt- und produktions-strategien, die den neuen m\u00f6glichkeiten der realisierung ebenso gerecht werden wie einem klugen management von ressourcen und rohstoffen.<\/p>\n<p>&nbsp;<\/p>\n<p><em>Teilnehmer_innen: <\/em><br \/>\nBenno Brucksch, Ezra Dilger, Birgit Hengstebeck, Timm Hergert, Stephan Hildebrandt, Katerina Kagioglidis, Lukas Keller, Alexander Naumann, Hauke Odendahl, Lukas R\u00f6\u00dfler, Larissa Siemon, Leonarda Spassova, Johannes Voelchert, Christoph Walter<\/p>\n<p><em>Moderation:<\/em><br \/>\nProf. Guido Englich<\/p>\n<p><em>Workshops:<\/em><br \/>\nMorris Winkler, Steffen Herm<\/p>\n<p>&nbsp;<\/p>\n<p>Studiengang BA Industriedesign \/ MA Industrial Design<br \/>\nWintersemester 2016\/17<\/p>\n<p>Burg Giebichenstein Kunsthochschule Halle<\/p>\n","protected":false},"excerpt":{"rendered":"<p>Trailer zum Start des Projekts &nbsp; Entwurfsprojekt \/ Komplexes Gestalten Studiengang BA Industriedesign \/ MA Industrial Design &nbsp; My personal factory Designer-Strategien zur Um- und Durchsetzung &nbsp; We now can build our own micro-factory: We can be our own brand (instagram.com), produce our own news (twitter.com), find investors through our own bank (kickstarter.com), manufacture our [&hellip;]<\/p>\n","protected":false},"author":5,"featured_media":0,"parent":0,"menu_order":0,"comment_status":"closed","ping_status":"closed","template":"","meta":{"footnotes":""},"class_list":["post-7","page","type-page","status-publish","hentry"],"_links":{"self":[{"href":"https:\/\/www.burg-halle.de\/id-neuwerk\/personal-factory\/wp-json\/wp\/v2\/pages\/7","targetHints":{"allow":["GET"]}}],"collection":[{"href":"https:\/\/www.burg-halle.de\/id-neuwerk\/personal-factory\/wp-json\/wp\/v2\/pages"}],"about":[{"href":"https:\/\/www.burg-halle.de\/id-neuwerk\/personal-factory\/wp-json\/wp\/v2\/types\/page"}],"author":[{"embeddable":true,"href":"https:\/\/www.burg-halle.de\/id-neuwerk\/personal-factory\/wp-json\/wp\/v2\/users\/5"}],"replies":[{"embeddable":true,"href":"https:\/\/www.burg-halle.de\/id-neuwerk\/personal-factory\/wp-json\/wp\/v2\/comments?post=7"}],"version-history":[{"count":14,"href":"https:\/\/www.burg-halle.de\/id-neuwerk\/personal-factory\/wp-json\/wp\/v2\/pages\/7\/revisions"}],"predecessor-version":[{"id":540,"href":"https:\/\/www.burg-halle.de\/id-neuwerk\/personal-factory\/wp-json\/wp\/v2\/pages\/7\/revisions\/540"}],"wp:attachment":[{"href":"https:\/\/www.burg-halle.de\/id-neuwerk\/personal-factory\/wp-json\/wp\/v2\/media?parent=7"}],"curies":[{"name":"wp","href":"https:\/\/api.w.org\/{rel}","templated":true}]}}