{"id":9,"date":"2017-02-17T11:05:50","date_gmt":"2017-02-17T10:05:50","guid":{"rendered":"https:\/\/www.burg-halle.de\/id-neuwerk\/personal-factory\/?page_id=9"},"modified":"2021-11-28T19:40:40","modified_gmt":"2021-11-28T18:40:40","slug":"praesentation","status":"publish","type":"page","link":"https:\/\/www.burg-halle.de\/id-neuwerk\/personal-factory\/praesentation\/","title":{"rendered":"Pr\u00e4sentation"},"content":{"rendered":"<p><iframe loading=\"lazy\" src=\"https:\/\/player.vimeo.com\/video\/202515841?title=0&amp;byline=0&amp;portrait=0\" width=\"600\" height=\"338\" frameborder=\"0\" allowfullscreen=\"allowfullscreen\"><\/iframe><\/p>\n<p><em>Film zur Projekt-Pr\u00e4sentation am 30. Januar 2017<\/em><\/p>\n<p>&nbsp;<\/p>\n<p>1:32 3D Workshop Bau 3D Drucker<br \/>\n2:02 Solid Works Workshop<br \/>\n2:16 Do-It-Yourself Design Ausstellung<br \/>\n2:38 Studio Mark Braun<br \/>\n3:13 +ultra. gestaltung schafft wissen<br \/>\n3:40 material paradise. Modulor<br \/>\n3:48 Recherchen<br \/>\n4:10 Workshop \u201eThe missing link\u201d<br \/>\n4:58 Themenbasar<br \/>\n5:34 Zwischen-Pr\u00e4sentation<br \/>\n6:36 M1 \/ Timm Hergert, Ezra Dilger, Lukas R\u00f6\u00dfler<br \/>\n8:54 2K \/ Johannes Voelchert<br \/>\n10:21 Hautsache \/ Larissa Siemon<br \/>\n12:00 Mono \/ Leonarda Spassova<br \/>\n13:17 Erde Wachs Stift \/ Benno Bruksch<br \/>\n14:43 Elan \/ Hauke Odendahl<br \/>\n17:04 TannTann \/ Birgit Hengstebeck<br \/>\n20:51 Ureamat \/ Katerina Kagioglidis, Alexander Naumann<br \/>\n23:10 E-Suite \/ Stephan Hildebrandt<br \/>\n25:04 Albert \/ Lukas Keller, Chris Walter<br \/>\n28:10 Ausstellung<\/p>\n<p>&nbsp;<\/p>\n<p><iframe loading=\"lazy\" src=\"https:\/\/player.vimeo.com\/video\/202541551?title=0&amp;byline=0&amp;portrait=0\" width=\"600\" height=\"338\" frameborder=\"0\" allowfullscreen=\"allowfullscreen\"><\/iframe><\/p>\n<p><em>Mono \/ Bachelor-Pr\u00e4sentation Leonarda Spassova<\/em><\/p>\n<p>MONO ist ein Kleidungsst\u00fcck, das aus einem rechteckigen St\u00fcck Stoff besteht, bei dem durch wenige Einschnitte ein an den K\u00f6rper angepasstes Kleid entsteht. Von einer 1 Meter breiten Stoffbahn wird je nach gew\u00fcnschter Kleiderl\u00e4nge ein St\u00fcck abgeschnitten. Den K\u00f6rperma\u00dfen entsprechend wird das Material beschnitten und umgelegt. Die Anordnung der Schnitte bedingt das Erscheinungsbild. Mit einem auf Vorder- und R\u00fcckseite verschiedenfarbigen Stoff kann das Kleid je nach gew\u00fcnschter Farbkombination gewendet werden.<\/p>\n<p>&nbsp;<\/p>\n<p><iframe loading=\"lazy\" src=\"https:\/\/player.vimeo.com\/video\/202540202?title=0&amp;byline=0&amp;portrait=0\" width=\"600\" height=\"338\" frameborder=\"0\" allowfullscreen=\"allowfullscreen\"><\/iframe><\/p>\n<p><em>e-Suite \/ Bachelor-Pr\u00e4sentation Stephan Hildebrandt<\/em><\/p>\n<p>Eine Kombination aus Oberteil und Unterw\u00e4sche, die Energie gewinnen kann ohne den Tr\u00e4ger einzuschr\u00e4nken, diese Energie in Strom umwandelt und elektronischen Ger\u00e4ten per kabeloser \u00dcbertragung zur Verf\u00fcgung stellt.<\/p>\n<p>&nbsp;<\/p>\n","protected":false},"excerpt":{"rendered":"<p>Film zur Projekt-Pr\u00e4sentation am 30. Januar 2017 &nbsp; 1:32 3D Workshop Bau 3D Drucker 2:02 Solid Works Workshop 2:16 Do-It-Yourself Design Ausstellung 2:38 Studio Mark Braun 3:13 +ultra. gestaltung schafft wissen 3:40 material paradise. Modulor 3:48 Recherchen 4:10 Workshop \u201eThe missing link\u201d 4:58 Themenbasar 5:34 Zwischen-Pr\u00e4sentation 6:36 M1 \/ Timm Hergert, Ezra Dilger, Lukas R\u00f6\u00dfler [&hellip;]<\/p>\n","protected":false},"author":5,"featured_media":0,"parent":0,"menu_order":0,"comment_status":"closed","ping_status":"closed","template":"","meta":{"footnotes":""},"class_list":["post-9","page","type-page","status-publish","hentry"],"_links":{"self":[{"href":"https:\/\/www.burg-halle.de\/id-neuwerk\/personal-factory\/wp-json\/wp\/v2\/pages\/9","targetHints":{"allow":["GET"]}}],"collection":[{"href":"https:\/\/www.burg-halle.de\/id-neuwerk\/personal-factory\/wp-json\/wp\/v2\/pages"}],"about":[{"href":"https:\/\/www.burg-halle.de\/id-neuwerk\/personal-factory\/wp-json\/wp\/v2\/types\/page"}],"author":[{"embeddable":true,"href":"https:\/\/www.burg-halle.de\/id-neuwerk\/personal-factory\/wp-json\/wp\/v2\/users\/5"}],"replies":[{"embeddable":true,"href":"https:\/\/www.burg-halle.de\/id-neuwerk\/personal-factory\/wp-json\/wp\/v2\/comments?post=9"}],"version-history":[{"count":11,"href":"https:\/\/www.burg-halle.de\/id-neuwerk\/personal-factory\/wp-json\/wp\/v2\/pages\/9\/revisions"}],"predecessor-version":[{"id":664,"href":"https:\/\/www.burg-halle.de\/id-neuwerk\/personal-factory\/wp-json\/wp\/v2\/pages\/9\/revisions\/664"}],"wp:attachment":[{"href":"https:\/\/www.burg-halle.de\/id-neuwerk\/personal-factory\/wp-json\/wp\/v2\/media?parent=9"}],"curies":[{"name":"wp","href":"https:\/\/api.w.org\/{rel}","templated":true}]}}